{"id":126463,"date":"2025-01-13T13:03:56","date_gmt":"2025-01-13T13:03:56","guid":{"rendered":"https:\/\/electromenagerexpress.com\/product\/ecran-pc-gamermsipro-mp273qp\/"},"modified":"2025-01-13T13:04:00","modified_gmt":"2025-01-13T13:04:00","slug":"ecran-pc-gamermsipro-mp273qp","status":"publish","type":"product","link":"https:\/\/electromenagerexpress.com\/en\/product\/ecran-pc-gamermsipro-mp273qp\/","title":{"rendered":"Ecran PC Gamer\t\t\t\t\t\t\tMSI\t\t\t\tPRO MP273QP"},"content":{"rendered":"<div class=\"product-features__content\">\n<ul role=\"list\">\n<li class=\"product-features__item\" role=\"listitem\">\n<h3 class=\"product-features__label\">Ecran<\/h3>\n<ul role=\"list\">\n<li class=\"product-features__item-list__item\" role=\"listitem\"><span class=\"is--medium\">Taille :<\/span> 27,5&Prime; (69,85 cm)\t\t\t\t\t\t<\/li>\n<li class=\"product-features__item-list__item\" role=\"listitem\"><span class=\"is--medium\">Design :<\/span> \u00e9cran plat\t\t\t\t\t\t<\/li>\n<li class=\"product-features__item-list__item\" role=\"listitem\"><span class=\"is--medium\">R\u00e9solution :<\/span> 1920 x 1080 pixels\t\t\t\t\t\t<\/li>\n<li class=\"product-features__item-list__item\" role=\"listitem\"><span class=\"is--medium\">Le saviez vous ? :<\/span> Les pixels conditionnent la qualit\u00e9 d&rsquo;image. Plus il y a de pixels, plus l&rsquo;image est riche en d\u00e9tails et r\u00e9alisme\t\t\t\t\t\t<\/li>\n<li class=\"product-features__item-list__item\" role=\"listitem\"><span class=\"is--medium\">D\u00e9finition :<\/span> Full HD\t\t\t\t\t\t<\/li>\n<li class=\"product-features__item-list__item\" role=\"listitem\"><span class=\"is--medium\">Type de dalle :<\/span> IPS : Id\u00e9al pour : Ceux pour qui la fid\u00e9lit\u00e9 des couleurs est primordiale. \u00c9galement la meilleure dalle pour ses angles de vision larges\t\t\t\t\t\t<\/li>\n<li class=\"product-features__item-list__item\" role=\"listitem\"><span class=\"is--medium\">Format :<\/span> 16\/9, le plus courant et convient \u00e0 toutes les situations\t\t\t\t\t\t<\/li>\n<li class=\"product-features__item-list__item\" role=\"listitem\"><span class=\"is--medium\">Webcam int\u00e9gr\u00e9e :<\/span> Non\t\t\t\t\t\t<\/li>\n<\/ul>\n<\/li>\n<li class=\"product-features__item\" role=\"listitem\">\n<h3 class=\"product-features__label\">Performance<\/h3>\n<ul role=\"list\">\n<li class=\"product-features__item-list__item\" role=\"listitem\"><span class=\"is--medium\">Temps de r\u00e9ponse :<\/span> 1 ms\t\t\t\t\t\t<\/li>\n<li class=\"product-features__item-list__item\" role=\"listitem\"><span class=\"is--medium\">Le saviez vous ? :<\/span> Plus le temps de r\u00e9ponse est bas, plus votre \u00e9cran passera d&rsquo;une image \u00e0 une autre rapidement\t\t\t\t\t\t<\/li>\n<li class=\"product-features__item-list__item\" role=\"listitem\"><span class=\"is--medium\">Fr\u00e9quence de balayage :<\/span> 75 Hz\t\t\t\t\t\t<\/li>\n<li class=\"product-features__item-list__item\" role=\"listitem\"><span class=\"is--medium\">L&rsquo;int\u00earet de la fr\u00e9quence de balayage :<\/span> permet d&rsquo;obtenir un meilleur confort visuel. Plus cette valeur est \u00e9lev\u00e9e, meilleure l&rsquo;image sera car elle sera moins saccad\u00e9e.\t\t\t\t\t\t<\/li>\n<li class=\"product-features__item-list__item\" role=\"listitem\"><span class=\"is--medium\">Luminosit\u00e9 :<\/span> 350 cd\/m\u00b2\t\t\t\t\t\t<\/li>\n<li class=\"product-features__item-list__item\" role=\"listitem\"><span class=\"is--medium\">Information sur la luminosit\u00e9 :<\/span> exprim\u00e9e en candela par m\u00e8tre carr\u00e9 (cd\/m2), plus cette valeur est \u00e9lev\u00e9e, plus l&rsquo;affichage est lumineux et visible\t\t\t\t\t\t<\/li>\n<li class=\"product-features__item-list__item\" role=\"listitem\"><span class=\"is--medium\">Contraste :<\/span> 1000:1\t\t\t\t\t\t<\/li>\n<\/ul>\n<\/li>\n<li class=\"product-features__item\" role=\"listitem\">\n<h3 class=\"product-features__label\">Confort d&rsquo;utilisation et ergonomie<\/h3>\n<ul role=\"list\">\n<li class=\"product-features__item-list__item\" role=\"listitem\"><span class=\"is--medium\">Anti reflets :<\/span> Oui\t\t\t\t\t\t<\/li>\n<li class=\"product-features__item-list__item\" role=\"listitem\"><span class=\"is--medium\">Filtre lumi\u00e8re bleue :<\/span> non\t\t\t\t\t\t<\/li>\n<li class=\"product-features__item-list__item\" role=\"listitem\"><span class=\"is--medium\">Haut-parleurs int\u00e9gr\u00e9s :<\/span> non communiqu\u00e9\t\t\t\t\t\t<\/li>\n<li class=\"product-features__item-list__item\" role=\"listitem\"><span class=\"is--medium\">Ecran inclinable :<\/span> Oui\t\t\t\t\t\t<\/li>\n<li class=\"product-features__item-list__item\" role=\"listitem\"><span class=\"is--medium\">Ecran pivotable en mode portrait :<\/span> Non\t\t\t\t\t\t<\/li>\n<li class=\"product-features__item-list__item\" role=\"listitem\"><span class=\"is--medium\">Pied(s) ajustable(s) :<\/span> oui permet de r\u00e9gler la hauteur de l&rsquo;\u00e9cran\t\t\t\t\t\t<\/li>\n<li class=\"product-features__item-list__item\" role=\"listitem\"><span class=\"is--medium\">Pied ajustable :<\/span> Oui\t\t\t\t\t\t<\/li>\n<\/ul>\n<\/li>\n<li class=\"product-features__item\" role=\"listitem\">\n<h3 class=\"product-features__label\">Consommation<\/h3>\n<ul role=\"list\">\n<li class=\"product-features__item-list__item\" role=\"listitem\"><span class=\"is--medium\">Le saviez vous :<\/span> Boulanger se base sur une moyenne du co\u00fbt unitaire de 0,2062 \u20ac\/ KWh pour l&rsquo;\u00e9lectricit\u00e9 au tarif bleu EDF d&rsquo;un contrat de 6kVa ( tarifs au 1 mars 2023)\t\t\t\t\t\t<\/li>\n<li class=\"product-features__item-list__item\" role=\"listitem\"><span class=\"is--medium\">Energie label :<\/span> E\t\t\t\t\t\t<\/li>\n<li class=\"product-features__item-list__item\" role=\"listitem\"><span class=\"is--medium\">Consommation en fonctionnement :<\/span> 21 kWh\t\t\t\t\t\t<\/li>\n<li class=\"product-features__item-list__item\" role=\"listitem\"><span class=\"is--medium\">Consommation en veille :<\/span> 3 kWh\t\t\t\t\t\t<\/li>\n<li class=\"product-features__item-list__item\" role=\"listitem\"><span class=\"is--medium\">Consommation en fonctionnement HDR x 1000h :<\/span> 21\t\t\t\t\t\t<\/li>\n<\/ul>\n<\/li>\n<li class=\"product-features__item\" role=\"listitem\">\n<h3 class=\"product-features__label\">Dimensions<\/h3>\n<ul role=\"list\">\n<li class=\"product-features__item-list__item\" role=\"listitem\"><span class=\"is--medium\">Dimensions avec pied L x h x p :<\/span> NC x 41 x 20 cm\t\t\t\t\t\t<\/li>\n<li class=\"product-features__item-list__item\" role=\"listitem\"><span class=\"is--medium\">Poids avec pied :<\/span> 5,60 Kg\t\t\t\t\t\t<\/li>\n<\/ul>\n<\/li>\n<li class=\"product-features__item\" role=\"listitem\">\n<h3 class=\"product-features__label\">Informations compl\u00e9mentaires<\/h3>\n<ul role=\"list\">\n<li class=\"product-features__item-list__item\" role=\"listitem\"><span class=\"is--medium\">Fabriqu\u00e9 en :<\/span> Chine\t\t\t\t\t\t<\/li>\n<li class=\"product-features__item-list__item\" role=\"listitem\"><span class=\"is--medium\">Disponibilit\u00e9 des pi\u00e8ces d\u00e9tach\u00e9es (donn\u00e9es fournisseur) :<\/span> Non communiqu\u00e9e\t\t\t\t\t\t<\/li>\n<li class=\"product-features__item-list__item\" role=\"listitem\"><span class=\"is--medium\">R\u00e9f\u00e9rence constructeur :<\/span> PRO MP273QP\t\t\t\t\t\t<\/li>\n<li class=\"product-features__item-list__item\" role=\"listitem\"><span class=\"is--medium\">Marque :<\/span> MSI\t\t\t\t\t\t<\/li>\n<\/ul>\n<\/li>\n<\/ul>\n<\/div>","protected":false},"excerpt":{"rendered":"<div class=\"keypoints\">\n<h3 class=\"keypoints__title\">Les points cl\u00e9s<\/h3>\n<ul role=\"list\">\n<li class=\"keypoints__item\" role=\"listitem\">                          Taille : 27,5&Prime; (69,85 cm) &#8211;                                                      D\u00e9finition : Full HD                      <\/li>\n<li class=\"keypoints__item\" role=\"listitem\">                          1920 x 1080 pixels &#8211;                                                      Type de dalle : IPS                      <\/li>\n<li class=\"keypoints__item\" role=\"listitem\">                          Fr\u00e9quence : 75 Hz &#8211;                                                      Temps de r\u00e9ponse : 1 ms                      <\/li>\n<li class=\"keypoints__item\" role=\"listitem\">                          Pied ajustable &#8211;                                                      Ecran inclinable                      <\/li>\n<\/ul>","protected":false},"featured_media":110149,"template":"","meta":{"_glsr_average":0,"_glsr_ranking":0,"_glsr_reviews":0},"product_cat":[659],"product_tag":[660,521],"class_list":{"0":"post-126463","1":"product","2":"type-product","3":"status-publish","4":"has-post-thumbnail","6":"product_cat-ecran-pc","7":"product_tag-ecran-pc","8":"product_tag-informatique-tablette","10":"first","11":"instock","12":"sale","13":"shipping-taxable","14":"purchasable","15":"product-type-simple"},"_links":{"self":[{"href":"https:\/\/electromenagerexpress.com\/en\/wp-json\/wp\/v2\/product\/126463","targetHints":{"allow":["GET"]}}],"collection":[{"href":"https:\/\/electromenagerexpress.com\/en\/wp-json\/wp\/v2\/product"}],"about":[{"href":"https:\/\/electromenagerexpress.com\/en\/wp-json\/wp\/v2\/types\/product"}],"wp:featuredmedia":[{"embeddable":true,"href":"https:\/\/electromenagerexpress.com\/en\/wp-json\/wp\/v2\/media\/110149"}],"wp:attachment":[{"href":"https:\/\/electromenagerexpress.com\/en\/wp-json\/wp\/v2\/media?parent=126463"}],"wp:term":[{"taxonomy":"product_cat","embeddable":true,"href":"https:\/\/electromenagerexpress.com\/en\/wp-json\/wp\/v2\/product_cat?post=126463"},{"taxonomy":"product_tag","embeddable":true,"href":"https:\/\/electromenagerexpress.com\/en\/wp-json\/wp\/v2\/product_tag?post=126463"}],"curies":[{"name":"wp","href":"https:\/\/api.w.org\/{rel}","templated":true}]}}