{"id":125906,"date":"2025-01-13T12:18:19","date_gmt":"2025-01-13T12:18:19","guid":{"rendered":"https:\/\/electromenagerexpress.com\/product\/ecran-pc-gamerdells3222dgm-210-azzh\/"},"modified":"2025-01-13T12:18:25","modified_gmt":"2025-01-13T12:18:25","slug":"ecran-pc-gamerdells3222dgm-210-azzh","status":"publish","type":"product","link":"https:\/\/electromenagerexpress.com\/en\/product\/ecran-pc-gamerdells3222dgm-210-azzh\/","title":{"rendered":"Ecran PC Gamer\t\t\t\t\t\t\tDELL\t\t\t\tS3222DGM 210-AZZH"},"content":{"rendered":"<div class=\"product-features__content\">\n<ul role=\"list\">\n<li class=\"product-features__item\" role=\"listitem\">\n<h3 class=\"product-features__label\">Ecran<\/h3>\n<ul role=\"list\">\n<li class=\"product-features__item-list__item\" role=\"listitem\"><span class=\"is--medium\">Taille :<\/span> 32&Prime; (80 cm)\t\t\t\t\t\t<\/li>\n<li class=\"product-features__item-list__item\" role=\"listitem\"><span class=\"is--medium\">Design :<\/span> \u00e9cran incurv\u00e9, offre un confort pour les yeux et g\u00e9n\u00e8re un effet immersif\t\t\t\t\t\t<\/li>\n<li class=\"product-features__item-list__item\" role=\"listitem\"><span class=\"is--medium\">R\u00e9solution :<\/span> 2560 x 1440 pixels\t\t\t\t\t\t<\/li>\n<li class=\"product-features__item-list__item\" role=\"listitem\"><span class=\"is--medium\">Le saviez vous ? :<\/span> Les pixels conditionnent la qualit\u00e9 d&rsquo;image. Plus il y a de pixels, plus l&rsquo;image est riche en d\u00e9tails et r\u00e9alisme\t\t\t\t\t\t<\/li>\n<li class=\"product-features__item-list__item\" role=\"listitem\"><span class=\"is--medium\">D\u00e9finition :<\/span> WQHD\t\t\t\t\t\t<\/li>\n<li class=\"product-features__item-list__item\" role=\"listitem\"><span class=\"is--medium\">Type de dalle :<\/span> VA : Id\u00e9al pour : Les touche-\u00e0-tout qui regardent \u00e9galement des films ou la TV sur l&rsquo;\u00e9cran. Offre \u00e9galement un bon rapport vitesse \/ couleurs \/ contraste pour les jeux\t\t\t\t\t\t<\/li>\n<li class=\"product-features__item-list__item\" role=\"listitem\"><span class=\"is--medium\">Format :<\/span> 16\/9, le plus courant et convient \u00e0 toutes les situations\t\t\t\t\t\t<\/li>\n<li class=\"product-features__item-list__item\" role=\"listitem\"><span class=\"is--medium\">Tactile :<\/span> Non\t\t\t\t\t\t<\/li>\n<li class=\"product-features__item-list__item\" role=\"listitem\"><span class=\"is--medium\">Webcam int\u00e9gr\u00e9e :<\/span> Non\t\t\t\t\t\t<\/li>\n<\/ul>\n<\/li>\n<li class=\"product-features__item\" role=\"listitem\">\n<h3 class=\"product-features__label\">Performance<\/h3>\n<ul role=\"list\">\n<li class=\"product-features__item-list__item\" role=\"listitem\"><span class=\"is--medium\">Temps de r\u00e9ponse :<\/span> 1 ms\t\t\t\t\t\t<\/li>\n<li class=\"product-features__item-list__item\" role=\"listitem\"><span class=\"is--medium\">Le saviez vous ? :<\/span> Plus le temps de r\u00e9ponse est bas, plus votre \u00e9cran passera d&rsquo;une image \u00e0 une autre rapidement\t\t\t\t\t\t<\/li>\n<li class=\"product-features__item-list__item\" role=\"listitem\"><span class=\"is--medium\">Fr\u00e9quence de balayage :<\/span> 165 Hz\t\t\t\t\t\t<\/li>\n<li class=\"product-features__item-list__item\" role=\"listitem\"><span class=\"is--medium\">L&rsquo;int\u00earet de la fr\u00e9quence de balayage :<\/span> permet d&rsquo;obtenir un meilleur confort visuel. Plus cette valeur est \u00e9lev\u00e9e, meilleure l&rsquo;image sera car elle sera moins saccad\u00e9e.\t\t\t\t\t\t<\/li>\n<li class=\"product-features__item-list__item\" role=\"listitem\"><span class=\"is--medium\">Luminosit\u00e9 :<\/span> 350 cd\/m\u00b2\t\t\t\t\t\t<\/li>\n<li class=\"product-features__item-list__item\" role=\"listitem\"><span class=\"is--medium\">Information sur la luminosit\u00e9 :<\/span> exprim\u00e9e en candela par m\u00e8tre carr\u00e9 (cd\/m2), plus cette valeur est \u00e9lev\u00e9e, plus l&rsquo;affichage est lumineux et visible\t\t\t\t\t\t<\/li>\n<li class=\"product-features__item-list__item\" role=\"listitem\"><span class=\"is--medium\">Contraste :<\/span> 3000:1\t\t\t\t\t\t<\/li>\n<li class=\"product-features__item-list__item\" role=\"listitem\"><span class=\"is--medium\">Angle de vue (en degr\u00e9) :<\/span> 178 \u00b0\t\t\t\t\t\t<\/li>\n<\/ul>\n<\/li>\n<li class=\"product-features__item\" role=\"listitem\">\n<h3 class=\"product-features__label\">Connectiques<\/h3>\n<ul role=\"list\">\n<li class=\"product-features__item-list__item\" role=\"listitem\"><span class=\"is--medium\">HDMI 2.0 :<\/span> 2\t\t\t\t\t\t<\/li>\n<li class=\"product-features__item-list__item\" role=\"listitem\"><span class=\"is--medium\">DisplayPort :<\/span> 1\t\t\t\t\t\t<\/li>\n<li class=\"product-features__item-list__item\" role=\"listitem\"><span class=\"is--medium\">VGA :<\/span> 0\t\t\t\t\t\t<\/li>\n<li class=\"product-features__item-list__item\" role=\"listitem\"><span class=\"is--medium\">USB-A :<\/span> Non\t\t\t\t\t\t<\/li>\n<li class=\"product-features__item-list__item\" role=\"listitem\"><span class=\"is--medium\">Sortie casque :<\/span> Non\t\t\t\t\t\t<\/li>\n<\/ul>\n<\/li>\n<li class=\"product-features__item\" role=\"listitem\">\n<h3 class=\"product-features__label\">Confort d&rsquo;utilisation et ergonomie<\/h3>\n<ul role=\"list\">\n<li class=\"product-features__item-list__item\" role=\"listitem\"><span class=\"is--medium\">Anti reflets :<\/span> Oui\t\t\t\t\t\t<\/li>\n<li class=\"product-features__item-list__item\" role=\"listitem\"><span class=\"is--medium\">Filtre lumi\u00e8re bleue :<\/span> non\t\t\t\t\t\t<\/li>\n<li class=\"product-features__item-list__item\" role=\"listitem\"><span class=\"is--medium\">Haut-parleurs int\u00e9gr\u00e9s :<\/span> pas de haut-parleur int\u00e9gr\u00e9\t\t\t\t\t\t<\/li>\n<li class=\"product-features__item-list__item\" role=\"listitem\"><span class=\"is--medium\">D\u00e9couvrez nos enceintes :<\/span> <a href=\"https:\/\/www.boulanger.com\/c\/enceinte-pc\">cliquez ici\u00a0<\/a><\/li>\n<li class=\"product-features__item-list__item\" role=\"listitem\"><span class=\"is--medium\">Ecran inclinable :<\/span> Non\t\t\t\t\t\t<\/li>\n<li class=\"product-features__item-list__item\" role=\"listitem\"><span class=\"is--medium\">Ecran pivotable en mode portrait :<\/span> Oui\t\t\t\t\t\t<\/li>\n<li class=\"product-features__item-list__item\" role=\"listitem\"><span class=\"is--medium\">Pied(s) ajustable(s) :<\/span> non\t\t\t\t\t\t<\/li>\n<li class=\"product-features__item-list__item\" role=\"listitem\"><span class=\"is--medium\">Norme VESA :<\/span> 100 x 100 mm\t\t\t\t\t\t<\/li>\n<li class=\"product-features__item-list__item\" role=\"listitem\"><span class=\"is--medium\">Le saviez-vous ? :<\/span> La norme d&rsquo;interface VESA est la distance entre les 4 trous de fixation \u00e0 l&rsquo;arri\u00e8re du moniteur (distance horizontale x distance verticale). Cette norme est utilis\u00e9e pour la fixation de t\u00e9l\u00e9viseurs et d&rsquo;autres \u00e9crans sur un support mural ou un pied.\t\t\t\t\t\t<\/li>\n<\/ul>\n<\/li>\n<li class=\"product-features__item\" role=\"listitem\">\n<h3 class=\"product-features__label\">Consommation<\/h3>\n<ul role=\"list\">\n<li class=\"product-features__item-list__item\" role=\"listitem\"><span class=\"is--medium\">Le saviez vous :<\/span> Boulanger se base sur une moyenne du co\u00fbt unitaire de 0,2062 \u20ac\/ KWh pour l&rsquo;\u00e9lectricit\u00e9 au tarif bleu EDF d&rsquo;un contrat de 6kVa ( tarifs au 1 mars 2023)\t\t\t\t\t\t<\/li>\n<li class=\"product-features__item-list__item\" role=\"listitem\"><span class=\"is--medium\">Energie label :<\/span> E\t\t\t\t\t\t<\/li>\n<li class=\"product-features__item-list__item\" role=\"listitem\"><span class=\"is--medium\">Consommation en fonctionnement :<\/span> 26 kWh\t\t\t\t\t\t<\/li>\n<li class=\"product-features__item-list__item\" role=\"listitem\"><span class=\"is--medium\">Consommation en veille :<\/span> 0 kWh\t\t\t\t\t\t<\/li>\n<\/ul>\n<\/li>\n<li class=\"product-features__item\" role=\"listitem\">\n<h3 class=\"product-features__label\">Dimensions<\/h3>\n<ul role=\"list\">\n<li class=\"product-features__item-list__item\" role=\"listitem\"><span class=\"is--medium\">Dimensions sans pied L x h x p :<\/span> 70.8 x 42.4 x 8.23 cm\t\t\t\t\t\t<\/li>\n<li class=\"product-features__item-list__item\" role=\"listitem\"><span class=\"is--medium\">Dimensions avec pied L x h x p :<\/span> NC x 45.59 x 23.76 cm\t\t\t\t\t\t<\/li>\n<li class=\"product-features__item-list__item\" role=\"listitem\"><span class=\"is--medium\">Poids avec pied :<\/span> 10,16 Kg\t\t\t\t\t\t<\/li>\n<li class=\"product-features__item-list__item\" role=\"listitem\"><span class=\"is--medium\">Poids sans pied :<\/span> 7,44 Kg\t\t\t\t\t\t<\/li>\n<\/ul>\n<\/li>\n<li class=\"product-features__item\" role=\"listitem\">\n<h3 class=\"product-features__label\">Informations compl\u00e9mentaires<\/h3>\n<ul role=\"list\">\n<li class=\"product-features__item-list__item\" role=\"listitem\"><span class=\"is--medium\">Fabriqu\u00e9 en :<\/span> Pologne\t\t\t\t\t\t<\/li>\n<li class=\"product-features__item-list__item\" role=\"listitem\"><span class=\"is--medium\">Garantie :<\/span> 2 ans\t\t\t\t\t\t<\/li>\n<li class=\"product-features__item-list__item\" role=\"listitem\"><span class=\"is--medium\">Disponibilit\u00e9 des pi\u00e8ces d\u00e9tach\u00e9es (donn\u00e9es fournisseur) :<\/span> Pas de pi\u00e8ce disponible\t\t\t\t\t\t<\/li>\n<li class=\"product-features__item-list__item\" role=\"listitem\"><span class=\"is--medium\">R\u00e9f\u00e9rence constructeur :<\/span> S3222DGM 210-AZZH\t\t\t\t\t\t<\/li>\n<li class=\"product-features__item-list__item\" role=\"listitem\"><span class=\"is--medium\">Marque :<\/span> DELL\t\t\t\t\t\t<\/li>\n<\/ul>\n<\/li>\n<\/ul>\n<\/div>","protected":false},"excerpt":{"rendered":"<div class=\"keypoints\">\n<h3 class=\"keypoints__title\">Les points cl\u00e9s<\/h3>\n<ul role=\"list\">\n<li class=\"keypoints__item\" role=\"listitem\">                          Taille : 32&Prime; (80 cm) &#8211;                                                      D\u00e9finition : WQHD                      <\/li>\n<li class=\"keypoints__item\" role=\"listitem\">                          2560 x 1440 pixels &#8211;                                                      Type de dalle : VA                      <\/li>\n<li class=\"keypoints__item\" role=\"listitem\">                          Fr\u00e9quence : 165 Hz &#8211;                                                      Temps de r\u00e9ponse : 1 ms                      <\/li>\n<li class=\"keypoints__item keypoints__item--advantage\" role=\"listitem\"><strong>Le + :<\/strong> Une vitesse ultra rapide et une immersion maximales gr\u00e2ce \u00e0 l&rsquo;ecran QHD incurv\u00e9 de 165 Hz      <\/li>\n<\/ul>","protected":false},"featured_media":105935,"template":"","meta":{"_glsr_average":0,"_glsr_ranking":0,"_glsr_reviews":0},"product_cat":[659],"product_tag":[660,521],"class_list":{"0":"post-125906","1":"product","2":"type-product","3":"status-publish","4":"has-post-thumbnail","6":"product_cat-ecran-pc","7":"product_tag-ecran-pc","8":"product_tag-informatique-tablette","10":"first","11":"instock","12":"sale","13":"shipping-taxable","14":"purchasable","15":"product-type-simple"},"_links":{"self":[{"href":"https:\/\/electromenagerexpress.com\/en\/wp-json\/wp\/v2\/product\/125906","targetHints":{"allow":["GET"]}}],"collection":[{"href":"https:\/\/electromenagerexpress.com\/en\/wp-json\/wp\/v2\/product"}],"about":[{"href":"https:\/\/electromenagerexpress.com\/en\/wp-json\/wp\/v2\/types\/product"}],"wp:featuredmedia":[{"embeddable":true,"href":"https:\/\/electromenagerexpress.com\/en\/wp-json\/wp\/v2\/media\/105935"}],"wp:attachment":[{"href":"https:\/\/electromenagerexpress.com\/en\/wp-json\/wp\/v2\/media?parent=125906"}],"wp:term":[{"taxonomy":"product_cat","embeddable":true,"href":"https:\/\/electromenagerexpress.com\/en\/wp-json\/wp\/v2\/product_cat?post=125906"},{"taxonomy":"product_tag","embeddable":true,"href":"https:\/\/electromenagerexpress.com\/en\/wp-json\/wp\/v2\/product_tag?post=125906"}],"curies":[{"name":"wp","href":"https:\/\/api.w.org\/{rel}","templated":true}]}}