{"id":125518,"date":"2025-01-13T11:46:21","date_gmt":"2025-01-13T11:46:21","guid":{"rendered":"https:\/\/electromenagerexpress.com\/product\/pc-gamermredgeforce-rtx-4060-r7-16go-1to\/"},"modified":"2025-01-13T11:46:25","modified_gmt":"2025-01-13T11:46:25","slug":"pc-gamermredgeforce-rtx-4060-r7-16go-1to","status":"publish","type":"product","link":"https:\/\/electromenagerexpress.com\/en\/product\/pc-gamermredgeforce-rtx-4060-r7-16go-1to\/","title":{"rendered":"PC Gamer\t\t\t\t\t\t\tMRED\t\t\t\tGeForce RTX 4060 R7 16Go 1To"},"content":{"rendered":"<div class=\"product-features__content\">\n<ul role=\"list\">\n<li class=\"product-features__item\" role=\"listitem\">\n<h3 class=\"product-features__label\">Performance graphique<\/h3>\n<ul role=\"list\">\n<li class=\"product-features__item-list__item\" role=\"listitem\"><span class=\"is--medium\">Type de carte graphique :<\/span> d\u00e9di\u00e9e\t\t\t\t\t\t<\/li>\n<li class=\"product-features__item-list__item\" role=\"listitem\"><span class=\"is--medium\">Avantage de la carte graphique d\u00e9di\u00e9e :<\/span> Une carte graphique d\u00e9di\u00e9e est indispensable pour faire du traitement photo ou vid\u00e9o, ainsi que pour jouer \u00e0 des jeux vid\u00e9os exigeants en terme de ressources.\t\t\t\t\t\t<\/li>\n<li class=\"product-features__item-list__item\" role=\"listitem\"><span class=\"is--medium\">Type de carte :<\/span> Nvidia GeForce RTX\t\t\t\t\t\t<\/li>\n<li class=\"product-features__item-list__item\" role=\"listitem\"><span class=\"is--medium\">Mod\u00e8le :<\/span> Nvidia GeForce RTX 4060\t\t\t\t\t\t<\/li>\n<li class=\"product-features__item-list__item\" role=\"listitem\"><span class=\"is--medium\">M\u00e9moire :<\/span> 8 Go\t\t\t\t\t\t<\/li>\n<li class=\"product-features__item-list__item\" role=\"listitem\"><span class=\"is--medium\">Type de m\u00e9moire :<\/span> GDDR6\t\t\t\t\t\t<\/li>\n<li class=\"product-features__item-list__item\" role=\"listitem\"><span class=\"is--medium\">Fabriquant du processeur graphique :<\/span> Nvidia\t\t\t\t\t\t<\/li>\n<li class=\"product-features__item-list__item\" role=\"listitem\"><span class=\"is--medium\">Compatible r\u00e9alit\u00e9 virtuelle :<\/span> Oui\t\t\t\t\t\t<\/li>\n<li class=\"product-features__item-list__item\" role=\"listitem\"><span class=\"is--medium\">Technologie de super-\u00e9chantillonnage :<\/span> Nvidia DLSS3 (Deep Learning Super Sampling)\t\t\t\t\t\t<\/li>\n<li class=\"product-features__item-list__item\" role=\"listitem\"><span class=\"is--medium\">A quoi sert le super-\u00e9chantillonnage :<\/span> Le DLSS 3 est une technologie de g\u00e9n\u00e9ration d&rsquo;images uniquement disponible sur les RTX 40XX. Elle utilise l&rsquo;IA pour cr\u00e9er une frame \u00ab\u00a0fictive\u00a0\u00bb entre deux g\u00e9n\u00e9r\u00e9es par la carte graphique\t\t\t\t\t\t<\/li>\n<li class=\"product-features__item-list__item\" role=\"listitem\"><span class=\"is--medium\">Technologie Nvidia Reflex :<\/span> Oui\t\t\t\t\t\t<\/li>\n<li class=\"product-features__item-list__item\" role=\"listitem\"><span class=\"is--medium\">A quoi sert la technologie Nvidia Reflex ? :<\/span> Jouez avec un minimum de latence : donnez une meilleure r\u00e9activit\u00e9 en r\u00e9duisant au maximum la file d&rsquo;attente li\u00e9e au rendu\t\t\t\t\t\t<\/li>\n<\/ul>\n<\/li>\n<li class=\"product-features__item\" role=\"listitem\">\n<h3 class=\"product-features__label\">Performance<\/h3>\n<ul role=\"list\">\n<li class=\"product-features__item-list__item\" role=\"listitem\"><span class=\"is--medium\">Mod\u00e8le :<\/span> AMD Ryzen 7\t\t\t\t\t\t<\/li>\n<li class=\"product-features__item-list__item\" role=\"listitem\"><span class=\"is--medium\">Processeur :<\/span> AMD Ryzen 7 5700X\t\t\t\t\t\t<\/li>\n<li class=\"product-features__item-list__item\" role=\"listitem\"><span class=\"is--medium\">Fr\u00e9quence du processeur (en GHz) :<\/span> 3.4\t\t\t\t\t\t<\/li>\n<li class=\"product-features__item-list__item\" role=\"listitem\"><span class=\"is--medium\">Fr\u00e9quence Turboboost (en GHz) :<\/span> 4.6\t\t\t\t\t\t<\/li>\n<li class=\"product-features__item-list__item\" role=\"listitem\"><span class=\"is--medium\">Le + du Turboboost :<\/span> donne automatiquement \u00e0 votre processeur plus de vitesse en cas de besoin\t\t\t\t\t\t<\/li>\n<li class=\"product-features__item-list__item\" role=\"listitem\"><span class=\"is--medium\">Nombre de coeurs du processeur :<\/span> 8\t\t\t\t\t\t<\/li>\n<li class=\"product-features__item-list__item\" role=\"listitem\"><span class=\"is--medium\">Int\u00e9r\u00eat du nombre de coeurs :<\/span> un nombre de coeur important vous permettra d&rsquo;effectuer plus de t\u00e2ches en simultann\u00e9\t\t\t\t\t\t<\/li>\n<li class=\"product-features__item-list__item\" role=\"listitem\"><span class=\"is--medium\">M\u00e9moire cache du processeur :<\/span> 32 Mo\t\t\t\t\t\t<\/li>\n<li class=\"product-features__item-list__item\" role=\"listitem\"><span class=\"is--medium\">M\u00e9moire vive :<\/span> 16 Go\t\t\t\t\t\t<\/li>\n<li class=\"product-features__item-list__item\" role=\"listitem\"><span class=\"is--medium\">Format de m\u00e9moire vive :<\/span> DDR4\t\t\t\t\t\t<\/li>\n<li class=\"product-features__item-list__item\" role=\"listitem\"><span class=\"is--medium\">Fr\u00e9quence (en MHz) :<\/span> 3200\t\t\t\t\t\t<\/li>\n<li class=\"product-features__item-list__item\" role=\"listitem\"><span class=\"is--medium\">Nombre de barettes :<\/span> 2\t\t\t\t\t\t<\/li>\n<li class=\"product-features__item-list__item\" role=\"listitem\"><span class=\"is--medium\">Possiblit\u00e9 d&rsquo;ajouter :<\/span> 2 barettes\t\t\t\t\t\t<\/li>\n<li class=\"product-features__item-list__item\" role=\"listitem\"><span class=\"is--medium\">Capacit\u00e9 de m\u00e9moire maximale :<\/span> 128 Go\t\t\t\t\t\t<\/li>\n<li class=\"product-features__item-list__item\" role=\"listitem\"><span class=\"is--medium\">R\u00e9tro-\u00e9clairage de la m\u00e9moire vive (RAM) :<\/span> non\t\t\t\t\t\t<\/li>\n<li class=\"product-features__item-list__item\" role=\"listitem\"><span class=\"is--medium\">R\u00e9tro-\u00e9clairage du processeur :<\/span> non communiqu\u00e9\t\t\t\t\t\t<\/li>\n<li class=\"product-features__item-list__item\" role=\"listitem\"><span class=\"is--medium\">Capacit\u00e9 d&rsquo;une barette :<\/span> 8Go\t\t\t\t\t\t<\/li>\n<\/ul>\n<\/li>\n<li class=\"product-features__item\" role=\"listitem\">\n<h3 class=\"product-features__label\">Carte m\u00e8re<\/h3>\n<ul role=\"list\">\n<li class=\"product-features__item-list__item\" role=\"listitem\"><span class=\"is--medium\">Mod\u00e8le :<\/span> B550\t\t\t\t\t\t<\/li>\n<li class=\"product-features__item-list__item\" role=\"listitem\"><span class=\"is--medium\">Format de carte m\u00e8re :<\/span> Micro ATX\t\t\t\t\t\t<\/li>\n<li class=\"product-features__item-list__item\" role=\"listitem\"><span class=\"is--medium\">Socket :<\/span> AM4\t\t\t\t\t\t<\/li>\n<li class=\"product-features__item-list__item\" role=\"listitem\"><span class=\"is--medium\">Chipset :<\/span> AMD B550\t\t\t\t\t\t<\/li>\n<li class=\"product-features__item-list__item\" role=\"listitem\"><span class=\"is--medium\">Fr\u00e9quence m\u00e9moire :<\/span> DDR4 4733 MHzDDR4 4600 MHzDDR4 4400 MHzDDR4 2133 MHzDDR4 2400 MHzDDR4 2666 MHzDDR4 2933 MHzDDR4 3200 MHzDDR4 3333 MHzDDR4 4000 MHzDDR4 3600 MHz\t\t\t\t\t\t<\/li>\n<li class=\"product-features__item-list__item\" role=\"listitem\"><span class=\"is--medium\">Type de m\u00e9moire :<\/span> DDR 4\t\t\t\t\t\t<\/li>\n<li class=\"product-features__item-list__item\" role=\"listitem\"><span class=\"is--medium\">Technologie m\u00e9moire :<\/span> Dual Channel\t\t\t\t\t\t<\/li>\n<li class=\"product-features__item-list__item\" role=\"listitem\"><span class=\"is--medium\">Connecteurs disques :<\/span> 4 x SATA 6Gb\/s\t\t\t\t\t\t<\/li>\n<li class=\"product-features__item-list__item\" role=\"listitem\"><span class=\"is--medium\">Nombre d&#8217;emplacement(s) M.2 :<\/span> 2\t\t\t\t\t\t<\/li>\n<\/ul>\n<\/li>\n<li class=\"product-features__item\" role=\"listitem\">\n<h3 class=\"product-features__label\">Stocker vos donn\u00e9es<\/h3>\n<ul role=\"list\">\n<li class=\"product-features__item-list__item\" role=\"listitem\"><span class=\"is--medium\">Capacit\u00e9 totale de stockage :<\/span> SSD 1 To\t\t\t\t\t\t<\/li>\n<li class=\"product-features__item-list__item\" role=\"listitem\"><span class=\"is--medium\">Type :<\/span> SSD pour plus de rapidit\u00e9\t\t\t\t\t\t<\/li>\n<li class=\"product-features__item-list__item\" role=\"listitem\"><span class=\"is--medium\">Branchement :<\/span> NVMe, 4x plus rapide que SATA\t\t\t\t\t\t<\/li>\n<li class=\"product-features__item-list__item\" role=\"listitem\"><span class=\"is--medium\">Lecteur de carte m\u00e9moire :<\/span> Non\t\t\t\t\t\t<\/li>\n<\/ul>\n<\/li>\n<li class=\"product-features__item\" role=\"listitem\">\n<h3 class=\"product-features__label\">Connectivit\u00e9<\/h3>\n<ul role=\"list\">\n<li class=\"product-features__item-list__item\" role=\"listitem\"><span class=\"is--medium\">Norme Wifi :<\/span> Wifi 4 (N)\t\t\t\t\t\t<\/li>\n<li class=\"product-features__item-list__item\" role=\"listitem\"><span class=\"is--medium\">Bluetooth :<\/span> Non\t\t\t\t\t\t<\/li>\n<\/ul>\n<\/li>\n<li class=\"product-features__item\" role=\"listitem\">\n<h3 class=\"product-features__label\">Connectiques<\/h3>\n<ul role=\"list\">\n<li class=\"product-features__item-list__item\" role=\"listitem\"><span class=\"is--medium\">USB 2.0 :<\/span> 4\t\t\t\t\t\t<\/li>\n<li class=\"product-features__item-list__item\" role=\"listitem\"><span class=\"is--medium\">USB 3.0 :<\/span> 4\t\t\t\t\t\t<\/li>\n<li class=\"product-features__item-list__item\" role=\"listitem\"><span class=\"is--medium\">DVI :<\/span> 1\t\t\t\t\t\t<\/li>\n<li class=\"product-features__item-list__item\" role=\"listitem\"><span class=\"is--medium\">HDMI :<\/span> 1\t\t\t\t\t\t<\/li>\n<li class=\"product-features__item-list__item\" role=\"listitem\"><span class=\"is--medium\">Display port :<\/span> 1\t\t\t\t\t\t<\/li>\n<li class=\"product-features__item-list__item\" role=\"listitem\"><span class=\"is--medium\">Ethernet (RJ45) :<\/span> 1\t\t\t\t\t\t<\/li>\n<\/ul>\n<\/li>\n<li class=\"product-features__item\" role=\"listitem\">\n<h3 class=\"product-features__label\">Alimentation et refroidissement<\/h3>\n<ul role=\"list\">\n<li class=\"product-features__item-list__item\" role=\"listitem\"><span class=\"is--medium\">Alimentation :<\/span> 550 W\t\t\t\t\t\t<\/li>\n<li class=\"product-features__item-list__item\" role=\"listitem\"><span class=\"is--medium\">Norme :<\/span> 80 Plus Bronze\t\t\t\t\t\t<\/li>\n<li class=\"product-features__item-list__item\" role=\"listitem\"><span class=\"is--medium\">Alimentation modulaire :<\/span> non\t\t\t\t\t\t<\/li>\n<li class=\"product-features__item-list__item\" role=\"listitem\"><span class=\"is--medium\">Format d&rsquo;alimentation :<\/span> ATX\t\t\t\t\t\t<\/li>\n<li class=\"product-features__item-list__item\" role=\"listitem\"><span class=\"is--medium\">Refroidissement :<\/span> watercooling\t\t\t\t\t\t<\/li>\n<li class=\"product-features__item-list__item\" role=\"listitem\"><span class=\"is--medium\">Marque de l&rsquo;alimentation :<\/span> MRed\t\t\t\t\t\t<\/li>\n<\/ul>\n<\/li>\n<li class=\"product-features__item\" role=\"listitem\">\n<h3 class=\"product-features__label\">Syst\u00e8me d&rsquo;exploitation et logiciels<\/h3>\n<ul role=\"list\">\n<li class=\"product-features__item-list__item\" role=\"listitem\"><span class=\"is--medium\">Syst\u00e8me d&rsquo;exploitation :<\/span> Windows 11\t\t\t\t\t\t<\/li>\n<li class=\"product-features__item-list__item\" role=\"listitem\"><span class=\"is--medium\">Anti virus pr\u00e9 install\u00e9 :<\/span> non fourni\t\t\t\t\t\t<\/li>\n<li class=\"product-features__item-list__item\" role=\"listitem\"><span class=\"is--medium\">Pack Microsoft Office pr\u00e9 install\u00e9 :<\/span> non fourni\t\t\t\t\t\t<\/li>\n<\/ul>\n<\/li>\n<li class=\"product-features__item\" role=\"listitem\">\n<h3 class=\"product-features__label\">Dimensions<\/h3>\n<ul role=\"list\">\n<li class=\"product-features__item-list__item\" role=\"listitem\"><span class=\"is--medium\">Dimensions l x h x p :<\/span> 22 x 41 x 41 cm\t\t\t\t\t\t<\/li>\n<li class=\"product-features__item-list__item\" role=\"listitem\"><span class=\"is--medium\">Poids Net :<\/span> 10,0 kg\t\t\t\t\t\t<\/li>\n<\/ul>\n<\/li>\n<li class=\"product-features__item\" role=\"listitem\">\n<h3 class=\"product-features__label\">Informations compl\u00e9mentaires<\/h3>\n<ul role=\"list\">\n<li class=\"product-features__item-list__item\" role=\"listitem\"><span class=\"is--medium\">Fabriqu\u00e9 en :<\/span> Chine\t\t\t\t\t\t<\/li>\n<li class=\"product-features__item-list__item\" role=\"listitem\"><span class=\"is--medium\">Assembl\u00e9 en :<\/span> France\t\t\t\t\t\t<\/li>\n<li class=\"product-features__item-list__item\" role=\"listitem\"><span class=\"is--medium\">Disponibilit\u00e9 des pi\u00e8ces d\u00e9tach\u00e9es (donn\u00e9es fournisseur) :<\/span> Pendant 5 ans, \u00e0 compter de la date fin de commercialisation\t\t\t\t\t\t<\/li>\n<li class=\"product-features__item-list__item\" role=\"listitem\"><span class=\"is--medium\">R\u00e9f\u00e9rence constructeur :<\/span> GeForce RTX 4060 R7 16Go 1To\t\t\t\t\t\t<\/li>\n<li class=\"product-features__item-list__item\" role=\"listitem\"><span class=\"is--medium\">Marque :<\/span> MRED\t\t\t\t\t\t<\/li>\n<\/ul>\n<\/li>\n<\/ul>\n<\/div>","protected":false},"excerpt":{"rendered":"<div class=\"keypoints\">\n<h3 class=\"keypoints__title\">Les points cl\u00e9s<\/h3>\n<ul role=\"list\">\n<li class=\"keypoints__item\" role=\"listitem\">                                        Processeur : AMD Ryzen 7 5700X                      <\/li>\n<li class=\"keypoints__item\" role=\"listitem\">                          Nvidia GeForce RTX 4060 &#8211;                                                      8 Go                      <\/li>\n<li class=\"keypoints__item\" role=\"listitem\">                          M\u00e9moire vive : 16 Go &#8211;                                                      DDR4                      <\/li>\n<li class=\"keypoints__item\" role=\"listitem\">                                        Capacit\u00e9 totale de stockage : SSD 1 To                      <\/li>\n<li class=\"keypoints__item keypoints__item--advantage\" role=\"listitem\"><strong>Le + :<\/strong> Evolutif et performant, refroidi par un syst\u00e8me watercooling AIO 240mm      <\/li>\n<\/ul>","protected":false},"featured_media":102965,"template":"","meta":{"_glsr_average":0,"_glsr_ranking":0,"_glsr_reviews":0},"product_cat":[669],"product_tag":[521,671,670],"class_list":{"0":"post-125518","1":"product","2":"type-product","3":"status-publish","4":"has-post-thumbnail","6":"product_cat-pc-fixe-gamer","7":"product_tag-informatique-tablette","8":"product_tag-pc-fixe-gamer","9":"product_tag-pc-gamer","11":"first","12":"instock","13":"sale","14":"shipping-taxable","15":"purchasable","16":"product-type-simple"},"_links":{"self":[{"href":"https:\/\/electromenagerexpress.com\/en\/wp-json\/wp\/v2\/product\/125518","targetHints":{"allow":["GET"]}}],"collection":[{"href":"https:\/\/electromenagerexpress.com\/en\/wp-json\/wp\/v2\/product"}],"about":[{"href":"https:\/\/electromenagerexpress.com\/en\/wp-json\/wp\/v2\/types\/product"}],"wp:featuredmedia":[{"embeddable":true,"href":"https:\/\/electromenagerexpress.com\/en\/wp-json\/wp\/v2\/media\/102965"}],"wp:attachment":[{"href":"https:\/\/electromenagerexpress.com\/en\/wp-json\/wp\/v2\/media?parent=125518"}],"wp:term":[{"taxonomy":"product_cat","embeddable":true,"href":"https:\/\/electromenagerexpress.com\/en\/wp-json\/wp\/v2\/product_cat?post=125518"},{"taxonomy":"product_tag","embeddable":true,"href":"https:\/\/electromenagerexpress.com\/en\/wp-json\/wp\/v2\/product_tag?post=125518"}],"curies":[{"name":"wp","href":"https:\/\/api.w.org\/{rel}","templated":true}]}}