{"id":125356,"date":"2025-01-13T11:32:06","date_gmt":"2025-01-13T11:32:06","guid":{"rendered":"https:\/\/electromenagerexpress.com\/product\/ecran-pc-gamerlgultragear-45gs95qe-b-incurve-45-oled\/"},"modified":"2025-01-13T11:32:16","modified_gmt":"2025-01-13T11:32:16","slug":"ecran-pc-gamerlgultragear-45gs95qe-b-incurve-45-oled","status":"publish","type":"product","link":"https:\/\/electromenagerexpress.com\/en\/product\/ecran-pc-gamerlgultragear-45gs95qe-b-incurve-45-oled\/","title":{"rendered":"Ecran PC Gamer\t\t\t\t\t\t\tLG\t\t\t\tUltraGear 45GS95QE-B Incurve 45\u00a0\u00bb OLED"},"content":{"rendered":"<div class=\"product-features__content\">\n<ul role=\"list\">\n<li class=\"product-features__item\" role=\"listitem\">\n<h3 class=\"product-features__label\">Ecran<\/h3>\n<ul role=\"list\">\n<li class=\"product-features__item-list__item\" role=\"listitem\"><span class=\"is--medium\">Taille :<\/span> 45&Prime; (113 cm)\t\t\t\t\t\t<\/li>\n<li class=\"product-features__item-list__item\" role=\"listitem\"><span class=\"is--medium\">Design :<\/span> \u00e9cran incurv\u00e9, offre un confort pour les yeux et g\u00e9n\u00e8re un effet immersif\t\t\t\t\t\t<\/li>\n<li class=\"product-features__item-list__item\" role=\"listitem\"><span class=\"is--medium\">R\u00e9solution :<\/span> 3440 x 1440 pixels\t\t\t\t\t\t<\/li>\n<li class=\"product-features__item-list__item\" role=\"listitem\"><span class=\"is--medium\">Le saviez vous ? :<\/span> Les pixels conditionnent la qualit\u00e9 d&rsquo;image. Plus il y a de pixels, plus l&rsquo;image est riche en d\u00e9tails et r\u00e9alisme\t\t\t\t\t\t<\/li>\n<li class=\"product-features__item-list__item\" role=\"listitem\"><span class=\"is--medium\">D\u00e9finition :<\/span> UWQHD\t\t\t\t\t\t<\/li>\n<li class=\"product-features__item-list__item\" role=\"listitem\"><span class=\"is--medium\">Type de dalle :<\/span> OLED : Id\u00e9al pour : Son contraste \u00e9lev\u00e9, Ses couleurs r\u00e9alistes et un noir profond. L&rsquo;OLED permet des temps de r\u00e9ponse tr\u00e8s faible avec un haut taux de rafra\u00eechissement\t\t\t\t\t\t<\/li>\n<li class=\"product-features__item-list__item\" role=\"listitem\"><span class=\"is--medium\">Format :<\/span> 21\/9, offre 1\/3 d&rsquo;espace suppl\u00e9mentaire \u00e0 l&rsquo;\u00e9cran, et permet d&rsquo;afficher plusieurs fen\u00eatres\t\t\t\t\t\t<\/li>\n<li class=\"product-features__item-list__item\" role=\"listitem\"><span class=\"is--medium\">Webcam int\u00e9gr\u00e9e :<\/span> Non\t\t\t\t\t\t<\/li>\n<li class=\"product-features__item-list__item\" role=\"listitem\"><span class=\"is--medium\">Angle de courbure :<\/span> 800R\t\t\t\t\t\t<\/li>\n<li class=\"product-features__item-list__item\" role=\"listitem\"><span class=\"is--medium\">Courbure :<\/span> Un \u00e9cran incurv\u00e9 peut proposer une courbure accentu\u00e9e ou large et le chiffre termin\u00e9 par la lettre R correspond \u00e0 son angle de courbure, mesur\u00e9 en millim\u00e8tres\t\t\t\t\t\t<\/li>\n<\/ul>\n<\/li>\n<li class=\"product-features__item\" role=\"listitem\">\n<h3 class=\"product-features__label\">Performance<\/h3>\n<ul role=\"list\">\n<li class=\"product-features__item-list__item\" role=\"listitem\"><span class=\"is--medium\">Temps de r\u00e9ponse :<\/span> 0,03 ms\t\t\t\t\t\t<\/li>\n<li class=\"product-features__item-list__item\" role=\"listitem\"><span class=\"is--medium\">Le saviez vous ? :<\/span> Plus le temps de r\u00e9ponse est bas, plus votre \u00e9cran passera d&rsquo;une image \u00e0 une autre rapidement\t\t\t\t\t\t<\/li>\n<li class=\"product-features__item-list__item\" role=\"listitem\"><span class=\"is--medium\">Fr\u00e9quence de balayage :<\/span> 240 Hz\t\t\t\t\t\t<\/li>\n<li class=\"product-features__item-list__item\" role=\"listitem\"><span class=\"is--medium\">L&rsquo;int\u00earet de la fr\u00e9quence de balayage :<\/span> permet d&rsquo;obtenir un meilleur confort visuel. Plus cette valeur est \u00e9lev\u00e9e, meilleure l&rsquo;image sera car elle sera moins saccad\u00e9e.\t\t\t\t\t\t<\/li>\n<li class=\"product-features__item-list__item\" role=\"listitem\"><span class=\"is--medium\">Luminosit\u00e9 :<\/span> 275 cd\/m\u00b2\t\t\t\t\t\t<\/li>\n<li class=\"product-features__item-list__item\" role=\"listitem\"><span class=\"is--medium\">Information sur la luminosit\u00e9 :<\/span> exprim\u00e9e en candela par m\u00e8tre carr\u00e9 (cd\/m2), plus cette valeur est \u00e9lev\u00e9e, plus l&rsquo;affichage est lumineux et visible\t\t\t\t\t\t<\/li>\n<li class=\"product-features__item-list__item\" role=\"listitem\"><span class=\"is--medium\">Contraste :<\/span> 1 500 000 :1\t\t\t\t\t\t<\/li>\n<li class=\"product-features__item-list__item\" role=\"listitem\"><span class=\"is--medium\">Angle de vue (en degr\u00e9) :<\/span> 178 \u00b0\t\t\t\t\t\t<\/li>\n<li class=\"product-features__item-list__item\" role=\"listitem\"><span class=\"is--medium\">Technologie :<\/span> AMD FreeSync\t\t\t\t\t\t<\/li>\n<li class=\"product-features__item-list__item\" role=\"listitem\"><span class=\"is--medium\">Le + de la technologie :<\/span> permet \u00e0 l&rsquo;\u00e9cran et \u00e0 la carte graphique de l&rsquo;ordinateur de se synchroniser\t\t\t\t\t\t<\/li>\n<li class=\"product-features__item-list__item\" role=\"listitem\"><span class=\"is--medium\">HDR :<\/span> oui, la technologie HDR permet \u00e0 un \u00e9cran d&rsquo;afficher plus de couleurs et de contrastes.\t\t\t\t\t\t<\/li>\n<\/ul>\n<\/li>\n<li class=\"product-features__item\" role=\"listitem\">\n<h3 class=\"product-features__label\">Connectiques<\/h3>\n<ul role=\"list\">\n<li class=\"product-features__item-list__item\" role=\"listitem\"><span class=\"is--medium\">HDMI 2.1 :<\/span> 2\t\t\t\t\t\t<\/li>\n<li class=\"product-features__item-list__item\" role=\"listitem\"><span class=\"is--medium\">DisplayPort :<\/span> 1\t\t\t\t\t\t<\/li>\n<\/ul>\n<\/li>\n<li class=\"product-features__item\" role=\"listitem\">\n<h3 class=\"product-features__label\">Confort d&rsquo;utilisation et ergonomie<\/h3>\n<ul role=\"list\">\n<li class=\"product-features__item-list__item\" role=\"listitem\"><span class=\"is--medium\">Anti reflets :<\/span> Oui\t\t\t\t\t\t<\/li>\n<li class=\"product-features__item-list__item\" role=\"listitem\"><span class=\"is--medium\">Filtre lumi\u00e8re bleue :<\/span> oui, permet de r\u00e9duire la lumi\u00e8re n\u00e9faste pour les yeux sur le long terme et \u00eatre moins fatigu\u00e9\t\t\t\t\t\t<\/li>\n<li class=\"product-features__item-list__item\" role=\"listitem\"><span class=\"is--medium\">Haut-parleurs int\u00e9gr\u00e9s :<\/span> pas de haut-parleur int\u00e9gr\u00e9\t\t\t\t\t\t<\/li>\n<li class=\"product-features__item-list__item\" role=\"listitem\"><span class=\"is--medium\">D\u00e9couvrez nos enceintes :<\/span> <a href=\"https:\/\/www.boulanger.com\/c\/enceinte-pc\">cliquez ici\u00a0<\/a><\/li>\n<li class=\"product-features__item-list__item\" role=\"listitem\"><span class=\"is--medium\">Ecran inclinable :<\/span> Oui\t\t\t\t\t\t<\/li>\n<li class=\"product-features__item-list__item\" role=\"listitem\"><span class=\"is--medium\">Ecran pivotable en mode portrait :<\/span> Non\t\t\t\t\t\t<\/li>\n<li class=\"product-features__item-list__item\" role=\"listitem\"><span class=\"is--medium\">Pied(s) ajustable(s) :<\/span> oui permet de r\u00e9gler la hauteur de l&rsquo;\u00e9cran\t\t\t\t\t\t<\/li>\n<li class=\"product-features__item-list__item\" role=\"listitem\"><span class=\"is--medium\">Norme VESA :<\/span> 100 x 100 mm\t\t\t\t\t\t<\/li>\n<li class=\"product-features__item-list__item\" role=\"listitem\"><span class=\"is--medium\">Le saviez-vous ? :<\/span> La norme d&rsquo;interface VESA est la distance entre les 4 trous de fixation \u00e0 l&rsquo;arri\u00e8re du moniteur (distance horizontale x distance verticale). Cette norme est utilis\u00e9e pour la fixation de t\u00e9l\u00e9viseurs et d&rsquo;autres \u00e9crans sur un support mural ou un pied.\t\t\t\t\t\t<\/li>\n<li class=\"product-features__item-list__item\" role=\"listitem\"><span class=\"is--medium\">Pied ajustable :<\/span> Oui\t\t\t\t\t\t<\/li>\n<\/ul>\n<\/li>\n<li class=\"product-features__item\" role=\"listitem\">\n<h3 class=\"product-features__label\">Consommation<\/h3>\n<ul role=\"list\">\n<li class=\"product-features__item-list__item\" role=\"listitem\"><span class=\"is--medium\">Le saviez vous :<\/span> Boulanger se base sur une moyenne du co\u00fbt unitaire de 0,2062 \u20ac\/ KWh pour l&rsquo;\u00e9lectricit\u00e9 au tarif bleu EDF d&rsquo;un contrat de 6kVa ( tarifs au 1 mars 2023)\t\t\t\t\t\t<\/li>\n<li class=\"product-features__item-list__item\" role=\"listitem\"><span class=\"is--medium\">Energie label :<\/span> F\t\t\t\t\t\t<\/li>\n<li class=\"product-features__item-list__item\" role=\"listitem\"><span class=\"is--medium\">Consommation en fonctionnement :<\/span> 46 kWh\t\t\t\t\t\t<\/li>\n<li class=\"product-features__item-list__item\" role=\"listitem\"><span class=\"is--medium\">Consommation en fonctionnement HDR x 1000h :<\/span> 39\t\t\t\t\t\t<\/li>\n<\/ul>\n<\/li>\n<li class=\"product-features__item\" role=\"listitem\">\n<h3 class=\"product-features__label\">Dimensions<\/h3>\n<ul role=\"list\">\n<li class=\"product-features__item-list__item\" role=\"listitem\"><span class=\"is--medium\">Dimensions sans pied L x h x p :<\/span> 99.3 x 21.8 x 45.7 cm\t\t\t\t\t\t<\/li>\n<li class=\"product-features__item-list__item\" role=\"listitem\"><span class=\"is--medium\">Dimensions avec pied L x h x p :<\/span> NC x 33.5 x 65.8 cm\t\t\t\t\t\t<\/li>\n<li class=\"product-features__item-list__item\" role=\"listitem\"><span class=\"is--medium\">Poids avec pied :<\/span> 12,30 Kg\t\t\t\t\t\t<\/li>\n<li class=\"product-features__item-list__item\" role=\"listitem\"><span class=\"is--medium\">Poids sans pied :<\/span> 8,90 Kg\t\t\t\t\t\t<\/li>\n<\/ul>\n<\/li>\n<li class=\"product-features__item\" role=\"listitem\">\n<h3 class=\"product-features__label\">Informations compl\u00e9mentaires<\/h3>\n<ul role=\"list\">\n<li class=\"product-features__item-list__item\" role=\"listitem\"><span class=\"is--medium\">Fabriqu\u00e9 en :<\/span> Chine\t\t\t\t\t\t<\/li>\n<li class=\"product-features__item-list__item\" role=\"listitem\"><span class=\"is--medium\">Garantie :<\/span> 2 ans\t\t\t\t\t\t<\/li>\n<li class=\"product-features__item-list__item\" role=\"listitem\"><span class=\"is--medium\">Disponibilit\u00e9 des pi\u00e8ces d\u00e9tach\u00e9es (donn\u00e9es fournisseur) :<\/span> Non concern\u00e9\t\t\t\t\t\t<\/li>\n<li class=\"product-features__item-list__item\" role=\"listitem\"><span class=\"is--medium\">R\u00e9f\u00e9rence constructeur :<\/span> UltraGear 45GS95QE-B Incurve 45\u00a0\u00bb OLED\t\t\t\t\t\t<\/li>\n<li class=\"product-features__item-list__item\" role=\"listitem\"><span class=\"is--medium\">Marque :<\/span> LG\t\t\t\t\t\t<\/li>\n<\/ul>\n<\/li>\n<\/ul>\n<\/div>","protected":false},"excerpt":{"rendered":"<div class=\"keypoints\">\n<h3 class=\"keypoints__title\">Les points cl\u00e9s<\/h3>\n<ul role=\"list\">\n<li class=\"keypoints__item\" role=\"listitem\">                          Taille : 45&Prime; (113 cm) &#8211;                                                      D\u00e9finition : UWQHD                      <\/li>\n<li class=\"keypoints__item\" role=\"listitem\">                          3440 x 1440 pixels &#8211;                                                      Type de dalle : OLED                      <\/li>\n<li class=\"keypoints__item\" role=\"listitem\">                          Fr\u00e9quence : 240 Hz &#8211;                                                      Temps de r\u00e9ponse : 0,03 ms                      <\/li>\n<li class=\"keypoints__item\" role=\"listitem\">                          Pied ajustable &#8211;                                                      Ecran inclinable                      <\/li>\n<li class=\"keypoints__item keypoints__item--advantage\" role=\"listitem\"><strong>Le + :<\/strong> Dalle OLED 45 pouces avec une r\u00e9solution de 3440 x 1440 pixels      <\/li>\n<\/ul>","protected":false},"featured_media":101609,"template":"","meta":{"_glsr_average":0,"_glsr_ranking":0,"_glsr_reviews":0},"product_cat":[659],"product_tag":[660,521],"class_list":{"0":"post-125356","1":"product","2":"type-product","3":"status-publish","4":"has-post-thumbnail","6":"product_cat-ecran-pc","7":"product_tag-ecran-pc","8":"product_tag-informatique-tablette","10":"first","11":"instock","12":"sale","13":"shipping-taxable","14":"purchasable","15":"product-type-simple"},"_links":{"self":[{"href":"https:\/\/electromenagerexpress.com\/en\/wp-json\/wp\/v2\/product\/125356","targetHints":{"allow":["GET"]}}],"collection":[{"href":"https:\/\/electromenagerexpress.com\/en\/wp-json\/wp\/v2\/product"}],"about":[{"href":"https:\/\/electromenagerexpress.com\/en\/wp-json\/wp\/v2\/types\/product"}],"wp:featuredmedia":[{"embeddable":true,"href":"https:\/\/electromenagerexpress.com\/en\/wp-json\/wp\/v2\/media\/101609"}],"wp:attachment":[{"href":"https:\/\/electromenagerexpress.com\/en\/wp-json\/wp\/v2\/media?parent=125356"}],"wp:term":[{"taxonomy":"product_cat","embeddable":true,"href":"https:\/\/electromenagerexpress.com\/en\/wp-json\/wp\/v2\/product_cat?post=125356"},{"taxonomy":"product_tag","embeddable":true,"href":"https:\/\/electromenagerexpress.com\/en\/wp-json\/wp\/v2\/product_tag?post=125356"}],"curies":[{"name":"wp","href":"https:\/\/api.w.org\/{rel}","templated":true}]}}