{"id":100085,"date":"2024-11-28T18:37:19","date_gmt":"2024-11-28T18:37:19","guid":{"rendered":"https:\/\/electromenagerexpress.com\/product\/friteuse-sans-huileninjadouble-stack-xl-95-l-sl400eu\/"},"modified":"2024-12-30T06:55:49","modified_gmt":"2024-12-30T06:55:49","slug":"friteuse-sans-huileninjadouble-stack-xl-95-l-sl400eu","status":"publish","type":"product","link":"https:\/\/electromenagerexpress.com\/en\/product\/friteuse-sans-huileninjadouble-stack-xl-95-l-sl400eu\/","title":{"rendered":"Friteuse sans huile NINJA Double Stack XL 9,5 L SL400EU"},"content":{"rendered":"<div class=\"product-features__content\">\n<ul role=\"list\">\n<li class=\"product-features__item\" role=\"listitem\">\n<h3 class=\"product-features__label\">Choisir ce produit pour quels usages<\/h3>\n<ul role=\"list\">\n<li class=\"product-features__item-list__item\" role=\"listitem\"><span class=\"is--medium\">Cuisson :<\/span> avec une cuill\u00e8re d&rsquo;huile ou sans huile<\/li>\n<\/ul>\n<\/li>\n<li class=\"product-features__item\" role=\"listitem\">\n<h3 class=\"product-features__label\">Volume et capacit\u00e9<\/h3>\n<ul role=\"list\">\n<li class=\"product-features__item-list__item\" role=\"listitem\"><span class=\"is--medium\">Capacit\u00e9 de frites fra\u00eeches :<\/span> 2,8 kg<\/li>\n<li class=\"product-features__item-list__item\" role=\"listitem\"><span class=\"is--medium\">Capacit\u00e9 de frites surgel\u00e9es :<\/span> 2,8 kg<\/li>\n<li class=\"product-features__item-list__item\" role=\"listitem\"><span class=\"is--medium\">Le saviez vous :<\/span> pour 3-4 personnes pr\u00e9voyez 1kg de frites fraiches ou 1,250 kg de frites surgel\u00e9es<\/li>\n<li class=\"product-features__item-list__item\" role=\"listitem\"><span class=\"is--medium\">Type de friture :<\/span> air chaud<\/li>\n<li class=\"product-features__item-list__item\" role=\"listitem\"><span class=\"is--medium\">Capacit\u00e9 pour un poulet :<\/span> 1,6 kg<\/li>\n<li class=\"product-features__item-list__item\" role=\"listitem\"><span class=\"is--medium\">Nombre de bacs et paniers :<\/span> 2 bacs<\/li>\n<li class=\"product-features__item-list__item\" role=\"listitem\"><span class=\"is--medium\">Nombre de cuves :<\/span> 2<\/li>\n<li class=\"product-features__item-list__item\" role=\"listitem\"><span class=\"is--medium\">Volume de la cuve :<\/span> 9,5 L<\/li>\n<\/ul>\n<\/li>\n<li class=\"product-features__item\" role=\"listitem\">\n<h3 class=\"product-features__label\">Fonctionnalit\u00e9s<\/h3>\n<ul role=\"list\">\n<li class=\"product-features__item-list__item\" role=\"listitem\"><span class=\"is--medium\">Fonction copie :<\/span> oui, permet de dupliquer la temp\u00e9rature et le temps sur les 2 zones de cuisson<\/li>\n<li class=\"product-features__item-list__item\" role=\"listitem\"><span class=\"is--medium\">Synchronisation :<\/span> oui, pour pr\u00e9parer 2 recettes diff\u00e9rentes et qu&rsquo;elles soient pr\u00eates en m\u00eame temps<\/li>\n<\/ul>\n<\/li>\n<li class=\"product-features__item\" role=\"listitem\">\n<h3 class=\"product-features__label\">Confort d&rsquo;utilisation<\/h3>\n<ul role=\"list\">\n<li class=\"product-features__item-list__item\" role=\"listitem\"><span class=\"is--medium\">Puissance :<\/span> 2.470 W<\/li>\n<li class=\"product-features__item-list__item\" role=\"listitem\"><span class=\"is--medium\">Le saviez vous :<\/span> plus la puissance est \u00e9lev\u00e9e, plus le temps de chauffe est rapide<\/li>\n<li class=\"product-features__item-list__item\" role=\"listitem\"><span class=\"is--medium\">Chaleur puls\u00e9e :<\/span> oui, l&rsquo;air chaud circule dans la cuve et permet une uniformit\u00e9 de la cuisson comme dans un four<\/li>\n<li class=\"product-features__item-list__item\" role=\"listitem\"><span class=\"is--medium\">Voyant de temp\u00e9rature :<\/span> Oui<\/li>\n<li class=\"product-features__item-list__item\" role=\"listitem\"><span class=\"is--medium\">Thermostat r\u00e9glable :<\/span> de 40\u00b0C \u00e0 240\u00b0C<\/li>\n<li class=\"product-features__item-list__item\" role=\"listitem\"><span class=\"is--medium\">Minuterie :<\/span> oui, permet d&rsquo;avoir le signal de la fin du temps programm\u00e9<\/li>\n<li class=\"product-features__item-list__item\" role=\"listitem\"><span class=\"is--medium\">Mode de cuisson :<\/span> automatique et manuel<\/li>\n<li class=\"product-features__item-list__item\" role=\"listitem\"><span class=\"is--medium\">Maintien au chaud :<\/span> Oui<\/li>\n<li class=\"product-features__item-list__item\" role=\"listitem\"><span class=\"is--medium\">Ecran :<\/span> sans<\/li>\n<li class=\"product-features__item-list__item\" role=\"listitem\"><span class=\"is--medium\">D\u00e9part diff\u00e9r\u00e9 :<\/span> oui, permet de lancer la cuisson \u00e0 l&rsquo;heure souhait\u00e9e<\/li>\n<li class=\"product-features__item-list__item\" role=\"listitem\"><span class=\"is--medium\">Fonction pause :<\/span> oui, permet d&rsquo;\u00eatre activ\u00e9e pour remuer ou retourner les aliments si besoin<\/li>\n<li class=\"product-features__item-list__item\" role=\"listitem\"><span class=\"is--medium\">Arr\u00eat automatique :<\/span> oui, suite au programme choisi, la friteuse s&rsquo;arr\u00eate pour avoir une recette r\u00e9ussie<\/li>\n<\/ul>\n<\/li>\n<li class=\"product-features__item\" role=\"listitem\">\n<h3 class=\"product-features__label\">Entretien<\/h3>\n<ul role=\"list\">\n<li class=\"product-features__item-list__item\" role=\"listitem\"><span class=\"is--medium\">R\u00e9sistance : :<\/span> cach\u00e9e<\/li>\n<li class=\"product-features__item-list__item\" role=\"listitem\"><span class=\"is--medium\">Cuve amovible :<\/span> Oui<\/li>\n<li class=\"product-features__item-list__item\" role=\"listitem\"><span class=\"is--medium\">Compatible lave vaisselle :<\/span> cuve<\/li>\n<\/ul>\n<\/li>\n<li class=\"product-features__item\" role=\"listitem\">\n<h3 class=\"product-features__label\">Dimensions<\/h3>\n<ul role=\"list\">\n<li class=\"product-features__item-list__item\" role=\"listitem\"><span class=\"is--medium\">Dimensions l x h x p :<\/span> 18 x 38.5 x 21.5 cm<\/li>\n<li class=\"product-features__item-list__item\" role=\"listitem\"><span class=\"is--medium\">Poids net :<\/span> 12,20 Kg<\/li>\n<\/ul>\n<\/li>\n<li class=\"product-features__item\" role=\"listitem\">\n<h3 class=\"product-features__label\">Informations et services<\/h3>\n<ul role=\"list\">\n<li class=\"product-features__item-list__item\" role=\"listitem\"><span class=\"is--medium\">Fabriqu\u00e9 en :<\/span> Chine<\/li>\n<li class=\"product-features__item-list__item\" role=\"listitem\"><span class=\"is--medium\">Garantie :<\/span> 2 ans<\/li>\n<li class=\"product-features__item-list__item\" role=\"listitem\"><span class=\"is--medium\">Disponibilit\u00e9 des pi\u00e8ces d\u00e9tach\u00e9es (donn\u00e9es fournisseur) :<\/span> Pendant 7 ans, \u00e0 compter de la date d&rsquo;achat<\/li>\n<li class=\"product-features__item-list__item\" role=\"listitem\"><span class=\"is--medium\">R\u00e9f\u00e9rence constructeur :<\/span> Double Stack 9.5L SL400EU<\/li>\n<li class=\"product-features__item-list__item\" role=\"listitem\"><span class=\"is--medium\">Marque :<\/span> NINJA<\/li>\n<li class=\"product-features__item-list__item\" role=\"listitem\"><span class=\"is--medium\">Coloris :<\/span> Gris<\/li>\n<\/ul>\n<\/li>\n<\/ul>\n<\/div>\n<div class=\"product__disclosure-content\">\n<div class=\"js-read-more product-description__content read-more read-more--truncated\" style=\"max-height: 500px;overflow: hidden\" data-read-more-name=\"description\">\n<div class=\"product__description-content read-more\">\n<p>Friteuse sans huile NINJA Double Stack XL 9,5 L SL400EU : Innovation et performance au service de la cuisine<\/p>\n<h3>Capacit\u00e9 et polyvalence accrues<\/h3>\n<p>La Friteuse sans huile NINJA Double Stack XL 9,5 L SL400EU r\u00e9volutionne la cuisine quotidienne avec sa capacit\u00e9 exceptionnelle de 9,5 litres, r\u00e9partie en deux tiroirs de 4,75 litres chacun. Gr\u00e2ce \u00e0 son syst\u00e8me de grilles superposables, elle permet de cuire jusqu&rsquo;\u00e0 quatre couches d&rsquo;aliments simultan\u00e9ment, offrant ainsi une solution id\u00e9ale pour les familles nombreuses ou les repas entre amis. Sa conception verticale et compacte permet de regagner jusqu&rsquo;\u00e0 30% d&rsquo;espace sur le plan de travail, un atout consid\u00e9rable pour les cuisines aux dimensions restreintes. La technologie DualZone synchronise les fins de cuisson des deux tiroirs, assurant que tous les plats soient servis chauds et en m\u00eame temps.<\/p>\n<h3><strong>Cuisson rapide et saine<\/strong><\/h3>\n<p>Dot\u00e9e d&rsquo;une puissance de 2470W, la Friteuse NINJA Double Stack XL promet une cuisson jusqu&rsquo;\u00e0 75% plus rapide qu&rsquo;un four \u00e0 chaleur tournante, sans compromettre la qualit\u00e9 ni la texture des aliments. Avec ses six modes de cuisson programmables, elle s&rsquo;adapte \u00e0 une multitude de recettes, du croustillant Max Crisp \u00e0 la d\u00e9shydratation en passant par la cuisson au four. Elle est \u00e9galement capable de cuire des aliments congel\u00e9s, garantissant une pr\u00e9paration efficace et sans attente. En outre, cette friteuse r\u00e9duit la teneur en mati\u00e8res grasses de 75% par rapport \u00e0 une friture traditionnelle, offrant une alternative plus saine sans sacrifier le go\u00fbt. Les accessoires inclus, tels que les plaques et grilles de cuisson, sont con\u00e7us avec un rev\u00eatement antiadh\u00e9rent et sont compatibles avec le lave-vaisselle, simplifiant le nettoyage apr\u00e8s utilisation.<\/p>\n<\/div>\n<\/div>\n<\/div>","protected":false},"excerpt":{"rendered":"<div class=\"keypoints\">\n<h3 class=\"keypoints__title\">Les points cl\u00e9s<\/h3>\n<ul role=\"list\">\n<li class=\"keypoints__item\" role=\"listitem\">Volume de la cuve : 9,5 L &#8211; Capacit\u00e9 de frites fra\u00eeches : 2,8 kg &#8211; Cuisson : avec une cuill\u00e8re d&rsquo;huile ou sans huile<\/li>\n<li class=\"keypoints__item\" role=\"listitem\">2.470 W &#8211; Thermostat r\u00e9glable : de 40\u00b0C \u00e0 240\u00b0C<\/li>\n<li class=\"keypoints__item\" role=\"listitem\">Cuve amovible<\/li>\n<li class=\"keypoints__item\" role=\"listitem\">2 bacs<\/li>\n<li class=\"keypoints__item keypoints__item--advantage\" role=\"listitem\"><strong>Le + :<\/strong> Id\u00e9ale pour les familles, elle permet de pr\u00e9parer des repas complets en cuisant 4 aliments \u00e0 la foi<\/li>\n<\/ul>\n<\/div>","protected":false},"featured_media":53958,"template":"","meta":{"_glsr_average":0,"_glsr_ranking":0,"_glsr_reviews":0},"product_cat":[229],"product_tag":[230,231],"class_list":{"0":"post-100085","1":"product","2":"type-product","3":"status-publish","4":"has-post-thumbnail","6":"product_cat-friteuse","7":"product_tag-cuisine-et-cuisson","8":"product_tag-friteuse","10":"first","11":"instock","12":"sale","13":"shipping-taxable","14":"purchasable","15":"product-type-simple"},"_links":{"self":[{"href":"https:\/\/electromenagerexpress.com\/en\/wp-json\/wp\/v2\/product\/100085","targetHints":{"allow":["GET"]}}],"collection":[{"href":"https:\/\/electromenagerexpress.com\/en\/wp-json\/wp\/v2\/product"}],"about":[{"href":"https:\/\/electromenagerexpress.com\/en\/wp-json\/wp\/v2\/types\/product"}],"wp:featuredmedia":[{"embeddable":true,"href":"https:\/\/electromenagerexpress.com\/en\/wp-json\/wp\/v2\/media\/53958"}],"wp:attachment":[{"href":"https:\/\/electromenagerexpress.com\/en\/wp-json\/wp\/v2\/media?parent=100085"}],"wp:term":[{"taxonomy":"product_cat","embeddable":true,"href":"https:\/\/electromenagerexpress.com\/en\/wp-json\/wp\/v2\/product_cat?post=100085"},{"taxonomy":"product_tag","embeddable":true,"href":"https:\/\/electromenagerexpress.com\/en\/wp-json\/wp\/v2\/product_tag?post=100085"}],"curies":[{"name":"wp","href":"https:\/\/api.w.org\/{rel}","templated":true}]}}