{"id":100084,"date":"2024-11-28T18:37:10","date_gmt":"2024-11-28T18:37:10","guid":{"rendered":"https:\/\/electromenagerexpress.com\/product\/friteuse-sans-huileninjafoodi-flex-104l-af500eu\/"},"modified":"2024-11-28T18:37:18","modified_gmt":"2024-11-28T18:37:18","slug":"friteuse-sans-huileninjafoodi-flex-104l-af500eu","status":"publish","type":"product","link":"https:\/\/electromenagerexpress.com\/en\/product\/friteuse-sans-huileninjafoodi-flex-104l-af500eu\/","title":{"rendered":"Friteuse sans huile\t\t\t\t\t\t\tNINJA\t\t\t\tFoodi Flex 10,4L AF500EU"},"content":{"rendered":"<div class=\"product-features__content\">\n<ul role=\"list\">\n<li class=\"product-features__item\" role=\"listitem\">\n<h3 class=\"product-features__label\">Choisir ce produit pour quels usages<\/h3>\n<ul role=\"list\">\n<li class=\"product-features__item-list__item\" role=\"listitem\"><span class=\"is--medium\">Cuisson :<\/span> avec une cuill\u00e8re d&rsquo;huile ou sans huile\t\t\t\t\t<\/li>\n<\/ul>\n<\/li>\n<li class=\"product-features__item\" role=\"listitem\">\n<h3 class=\"product-features__label\">Volume et capacit\u00e9<\/h3>\n<ul role=\"list\">\n<li class=\"product-features__item-list__item\" role=\"listitem\"><span class=\"is--medium\">Le saviez vous :<\/span> pour 3-4 personnes pr\u00e9voyez 1kg de frites fraiches ou 1,250 kg de frites surgel\u00e9es\t\t\t\t\t<\/li>\n<li class=\"product-features__item-list__item\" role=\"listitem\"><span class=\"is--medium\">Type de friture :<\/span> air chaud\t\t\t\t\t<\/li>\n<li class=\"product-features__item-list__item\" role=\"listitem\"><span class=\"is--medium\">Nombre de bacs et paniers :<\/span> 1 bac et 2 paniers\t\t\t\t\t<\/li>\n<li class=\"product-features__item-list__item\" role=\"listitem\"><span class=\"is--medium\">Volume de la cuve :<\/span> 10,4 L\t\t\t\t\t<\/li>\n<\/ul>\n<\/li>\n<li class=\"product-features__item\" role=\"listitem\">\n<h3 class=\"product-features__label\">Fonctionnalit\u00e9s<\/h3>\n<ul role=\"list\">\n<li class=\"product-features__item-list__item\" role=\"listitem\"><span class=\"is--medium\">Fonction copie :<\/span> oui, permet de dupliquer la temp\u00e9rature et le temps sur les 2 zones de cuisson\t\t\t\t\t<\/li>\n<li class=\"product-features__item-list__item\" role=\"listitem\"><span class=\"is--medium\">Synchronisation :<\/span> oui, pour pr\u00e9parer 2 recettes diff\u00e9rentes et qu&rsquo;elles soient pr\u00eates en m\u00eame temps\t\t\t\t\t<\/li>\n<li class=\"product-features__item-list__item\" role=\"listitem\"><span class=\"is--medium\">S\u00e9parateur :<\/span> oui, zone de cuisson ajustable gr\u00e2ce \u00e0 son s\u00e9pareur amovile , id\u00e9al pour pr\u00e9parer de grandes capacit\u00e9s ou une grosse pi\u00e8ce de viande\t\t\t\t\t<\/li>\n<\/ul>\n<\/li>\n<li class=\"product-features__item\" role=\"listitem\">\n<h3 class=\"product-features__label\">Confort d&rsquo;utilisation<\/h3>\n<ul role=\"list\">\n<li class=\"product-features__item-list__item\" role=\"listitem\"><span class=\"is--medium\">Puissance :<\/span> 2.470 W\t\t\t\t\t<\/li>\n<li class=\"product-features__item-list__item\" role=\"listitem\"><span class=\"is--medium\">Le saviez vous :<\/span> plus la puissance est \u00e9lev\u00e9e, plus le temps de chauffe est rapide\t\t\t\t\t<\/li>\n<li class=\"product-features__item-list__item\" role=\"listitem\"><span class=\"is--medium\">Voyant de temp\u00e9rature :<\/span> Oui\t\t\t\t\t<\/li>\n<li class=\"product-features__item-list__item\" role=\"listitem\"><span class=\"is--medium\">Thermostat r\u00e9glable :<\/span> de 40\u00b0C \u00e0 240\u00b0C\t\t\t\t\t<\/li>\n<li class=\"product-features__item-list__item\" role=\"listitem\"><span class=\"is--medium\">Minuterie :<\/span> oui, permet d&rsquo;avoir le signal de la fin du temps programm\u00e9\t\t\t\t\t<\/li>\n<li class=\"product-features__item-list__item\" role=\"listitem\"><span class=\"is--medium\">Mode de cuisson :<\/span> automatique\t\t\t\t\t<\/li>\n<li class=\"product-features__item-list__item\" role=\"listitem\"><span class=\"is--medium\">Nombre de programmes pr\u00e9d\u00e9finis :<\/span> 7\t\t\t\t\t<\/li>\n<li class=\"product-features__item-list__item\" role=\"listitem\"><span class=\"is--medium\">Maintien au chaud :<\/span> Non\t\t\t\t\t<\/li>\n<li class=\"product-features__item-list__item\" role=\"listitem\"><span class=\"is--medium\">S\u00e9curit\u00e9 :<\/span> parois froides\t\t\t\t\t<\/li>\n<li class=\"product-features__item-list__item\" role=\"listitem\"><span class=\"is--medium\">Ecran :<\/span> digital\t\t\t\t\t<\/li>\n<li class=\"product-features__item-list__item\" role=\"listitem\"><span class=\"is--medium\">Arr\u00eat automatique :<\/span> oui, suite au programme choisi, la friteuse s&rsquo;arr\u00eate pour avoir une recette r\u00e9ussie\t\t\t\t\t<\/li>\n<\/ul>\n<\/li>\n<li class=\"product-features__item\" role=\"listitem\">\n<h3 class=\"product-features__label\">Entretien<\/h3>\n<ul role=\"list\">\n<li class=\"product-features__item-list__item\" role=\"listitem\"><span class=\"is--medium\">R\u00e9sistance : :<\/span> cach\u00e9e\t\t\t\t\t<\/li>\n<li class=\"product-features__item-list__item\" role=\"listitem\"><span class=\"is--medium\">Cuve amovible :<\/span> Oui\t\t\t\t\t<\/li>\n<li class=\"product-features__item-list__item\" role=\"listitem\"><span class=\"is--medium\">Compatible lave vaisselle :<\/span> Panier, plaque grill\t\t\t\t\t<\/li>\n<\/ul>\n<\/li>\n<li class=\"product-features__item\" role=\"listitem\">\n<h3 class=\"product-features__label\">Dimensions<\/h3>\n<ul role=\"list\">\n<li class=\"product-features__item-list__item\" role=\"listitem\"><span class=\"is--medium\">Dimensions l x h x p :<\/span> 32.7 x 31.6 x 49.3 cm\t\t\t\t\t<\/li>\n<li class=\"product-features__item-list__item\" role=\"listitem\"><span class=\"is--medium\">Poids net :<\/span> 9,40 Kg\t\t\t\t\t<\/li>\n<\/ul>\n<\/li>\n<li class=\"product-features__item\" role=\"listitem\">\n<h3 class=\"product-features__label\">Informations et services<\/h3>\n<ul role=\"list\">\n<li class=\"product-features__item-list__item\" role=\"listitem\"><span class=\"is--medium\">Fabriqu\u00e9 en :<\/span> Chine\t\t\t\t\t<\/li>\n<li class=\"product-features__item-list__item\" role=\"listitem\"><span class=\"is--medium\">Garantie :<\/span> 2 ans\t\t\t\t\t<\/li>\n<li class=\"product-features__item-list__item\" role=\"listitem\"><span class=\"is--medium\">Disponibilit\u00e9 des pi\u00e8ces d\u00e9tach\u00e9es (donn\u00e9es fournisseur) :<\/span> Pendant 7 ans, \u00e0 compter de la date d&rsquo;achat\t\t\t\t\t<\/li>\n<li class=\"product-features__item-list__item\" role=\"listitem\"><span class=\"is--medium\">Garantie constructeur :<\/span> 2 ANS\t\t\t\t\t<\/li>\n<li class=\"product-features__item-list__item\" role=\"listitem\"><span class=\"is--medium\">R\u00e9f\u00e9rence constructeur :<\/span> Foodi Flex AF500EU\t\t\t\t\t<\/li>\n<li class=\"product-features__item-list__item\" role=\"listitem\"><span class=\"is--medium\">Marque :<\/span> NINJA\t\t\t\t\t<\/li>\n<li class=\"product-features__item-list__item\" role=\"listitem\"><span class=\"is--medium\">Coloris :<\/span> Noir\t\t\t\t\t<\/li>\n<\/ul>\n<\/li>\n<\/ul>\n<\/div>\n<div class=\"product__disclosure-content\">\n<div class=\"js-read-more product-description__content read-more read-more--truncated\" data-read-more-name=\"description\" style=\"max-height: 500px; overflow: hidden;\">\n<p>Gr\u00e2ce \u00e0 la friteuse NINJA Foodi Flex AF500EU, vous pourrez faire cuire un grand plat avec tr\u00e8s peu d&rsquo;huile, ou bien 2 petits plats en m\u00eame temps. <\/p>\n<h3><img fetchpriority=\"high\" decoding=\"async\" ,=\"\" alt=\"Friteuse NINJA Foodi Flex AF500EU\" class=\"wy_tableau_gauche\" height=\"270\" src=\"https:\/\/boulanger.scene7.com\/is\/image\/Boulanger\/0622356270373_h_f_l_0?wid=400&amp;hei=270\" width=\"400\"\/>La friteuse sans huile avec 2 compartiments qui peuvent se combiner<\/h3>\n<p>Craquez sans culpabiliser et r\u00e9alisez de grands repas en famille avec la friteuse NINJA Foodi Flex AF500EU. Avec le tiroir de cuisson FlexDrawer, passez de <b>2 zones de cuisson ind\u00e9pendantes \u00e0 une seule MegaZone de cuisson gr\u00e2ce au s\u00e9parateur amovible<\/b>. Quand vous avez \u00e0 servir de nombreux convives, retirez le s\u00e9parateur pour cr\u00e9er une MegaZone de cuisson de 10,4 L, pour pr\u00e9parer une plus grosse quantit\u00e9. De cette fa\u00e7on, vous pouvez aussi cuire une grande pi\u00e8ce de viande ou un poulet r\u00f4ti entier.<\/p>\n<p>Gr\u00e2ce \u00e0 la s\u00e9paration entre 2 compartiments, vous avez aussi la possibilit\u00e9 de pr\u00e9parer <b>2 types d&rsquo;aliments de 2 fa\u00e7ons diff\u00e9rentes<\/b> en simultan\u00e9, avec des fins de cuisson automatiquement synchronis\u00e9es. Avec ce syst\u00e8me bien pratique, la friteuse NINJA Foodi Flex AF500EU vous permettra de servir \u00e0 table vos 2 plats chauds en m\u00eame temps. Plus besoin de rester en cuisine pendant que vos invit\u00e9s se r\u00e9galent.<\/p>\n<h3><img decoding=\"async\" ,=\"\" alt=\"Friteuse NINJA Foodi Flex AF500EU\" class=\"wy_tableau_right\" height=\"270\" src=\"https:\/\/boulanger.scene7.com\/is\/image\/Boulanger\/0622356270373_h_f_l_1?wid=400&amp;hei=270\" width=\"400\"\/>Une cuisine saine et gourmande avec jusqu&rsquo;\u00e0 75 % de mati\u00e8res grasses en moins<\/h3>\n<p>La cuisson sans huile Air Fry pr\u00e9sente de nombreux avantages. Tout d&rsquo;abord, elle vous fait gagner du temps, <b>jusqu&rsquo;\u00e0 65 % plus rapide que les fours \u00e0 chaleur tournante<\/b>. Ensuite, elle permet de cuisiner avec moins de mati\u00e8res grasses, <b>jusqu&rsquo;\u00e0 75 % de moins que les m\u00e9thodes de friture traditionnelles<\/b>. Avec la friteuse NINJA Foodi Flex AF500EU, vous mangerez plus sain, tout en profitant de l&rsquo;aspect croustillant des fritures, mais sans les odeurs d\u00e9sagr\u00e9ables, la surconsommation d&rsquo;huile et les phases de pr\u00e9chauffage.<\/p>\n<p>C\u00f4t\u00e9 fonctions, la friteuse NINJA Foodi Flex AF500EU propose plusieurs modes de cuisson : Max Crisp (faire croustiller \u00e0 240 \u00b0C, m\u00eame les aliments surgel\u00e9s), Air Fry (frire sans huile \u00e0 200 \u00b0C), Roast (r\u00f4tir), Bake (cuire au four), Reheat (r\u00e9chauffer en pr\u00e9servant le croustillant), Dehydrate (d\u00e9shydrater) et Prove (faire lever, fermenter). Tous ces modes vous permettront de r\u00e9ussir plusieurs types de cuisson, <b>de 40 \u00e0 240 \u00b0C, gr\u00e2ce \u00e0 une puissance de 2470 W<\/b>.<\/p>\n<\/p>\n<\/div>\n<p><bl-button a11yexpanded=\"false\" arialabel=\"Afficher toute la description\" class=\"read-more__btn\" full=\"false\" link=\"true\">Voir plus<\/bl-button><\/div>","protected":false},"excerpt":{"rendered":"<div class=\"keypoints\">\n<h3 class=\"keypoints__title\">Les points cl\u00e9s<\/h3>\n<ul role=\"list\">\n<li class=\"keypoints__item\" role=\"listitem\">                          Volume de la cuve : 10,4 L &#8211;                                                      Cuisson : avec une cuill\u00e8re d&rsquo;huile ou sans huile                      <\/li>\n<li class=\"keypoints__item\" role=\"listitem\">                          2.470 W &#8211;                                                      Thermostat r\u00e9glable : de 40\u00b0C \u00e0 240\u00b0C                      <\/li>\n<li class=\"keypoints__item\" role=\"listitem\">                                        Cuve amovible                      <\/li>\n<li class=\"keypoints__item\" role=\"listitem\">                          7 programmes pr\u00e9d\u00e9finis &#8211;                                                      1 bac et 2 paniers                      <\/li>\n<li class=\"keypoints__item keypoints__item--advantage\" role=\"listitem\"><strong>Le + :<\/strong> gr\u00e2ce au s\u00e9parateur amovible,  passez de 2 zones de cuisson ind\u00e9pendantes \u00e0 une seule MegaZone      <\/li>\n<\/ul>","protected":false},"featured_media":53940,"template":"","meta":{"_glsr_average":0,"_glsr_ranking":0,"_glsr_reviews":0},"product_cat":[229],"product_tag":[230,231],"class_list":{"0":"post-100084","1":"product","2":"type-product","3":"status-publish","4":"has-post-thumbnail","6":"product_cat-friteuse","7":"product_tag-cuisine-et-cuisson","8":"product_tag-friteuse","10":"first","11":"instock","12":"sale","13":"shipping-taxable","14":"purchasable","15":"product-type-simple"},"_links":{"self":[{"href":"https:\/\/electromenagerexpress.com\/en\/wp-json\/wp\/v2\/product\/100084","targetHints":{"allow":["GET"]}}],"collection":[{"href":"https:\/\/electromenagerexpress.com\/en\/wp-json\/wp\/v2\/product"}],"about":[{"href":"https:\/\/electromenagerexpress.com\/en\/wp-json\/wp\/v2\/types\/product"}],"wp:featuredmedia":[{"embeddable":true,"href":"https:\/\/electromenagerexpress.com\/en\/wp-json\/wp\/v2\/media\/53940"}],"wp:attachment":[{"href":"https:\/\/electromenagerexpress.com\/en\/wp-json\/wp\/v2\/media?parent=100084"}],"wp:term":[{"taxonomy":"product_cat","embeddable":true,"href":"https:\/\/electromenagerexpress.com\/en\/wp-json\/wp\/v2\/product_cat?post=100084"},{"taxonomy":"product_tag","embeddable":true,"href":"https:\/\/electromenagerexpress.com\/en\/wp-json\/wp\/v2\/product_tag?post=100084"}],"curies":[{"name":"wp","href":"https:\/\/api.w.org\/{rel}","templated":true}]}}