{"id":100081,"date":"2024-11-28T18:37:04","date_gmt":"2024-11-28T18:37:04","guid":{"rendered":"https:\/\/electromenagerexpress.com\/product\/cocottefiskars1026567-norden\/"},"modified":"2024-12-30T07:06:13","modified_gmt":"2024-12-30T07:06:13","slug":"cocottefiskars1026567-norden","status":"publish","type":"product","link":"https:\/\/electromenagerexpress.com\/en\/product\/cocottefiskars1026567-norden\/","title":{"rendered":"Cocotte FISKARS 1026567 &#8211; norden"},"content":{"rendered":"<div class=\"product-features__content\">\n<ul role=\"list\">\n<li class=\"product-features__item\" role=\"listitem\">\n<h3 class=\"product-features__label\">Caract\u00e9ristiques g\u00e9n\u00e9rales<\/h3>\n<ul role=\"list\">\n<li class=\"product-features__item-list__item\" role=\"listitem\"><span class=\"is--medium\">Rev\u00eatement int\u00e9rieur :<\/span> Antiadh\u00e9sif<\/li>\n<li class=\"product-features__item-list__item\" role=\"listitem\"><span class=\"is--medium\">Compatibilit\u00e9 :<\/span> Tous feux dont induction + four<\/li>\n<\/ul>\n<\/li>\n<li class=\"product-features__item\" role=\"listitem\">\n<h3 class=\"product-features__label\">Dimensions<\/h3>\n<ul role=\"list\">\n<li class=\"product-features__item-list__item\" role=\"listitem\"><span class=\"is--medium\">Diam\u00e8tre :<\/span> 0,00 cm<\/li>\n<li class=\"product-features__item-list__item\" role=\"listitem\"><span class=\"is--medium\">Poids Net :<\/span> 5,50 Kg<\/li>\n<\/ul>\n<\/li>\n<li class=\"product-features__item\" role=\"listitem\">\n<h3 class=\"product-features__label\">Informations compl\u00e9mentaires<\/h3>\n<ul role=\"list\">\n<li class=\"product-features__item-list__item\" role=\"listitem\"><span class=\"is--medium\">R\u00e9f\u00e9rence constructeur :<\/span> 1026567 &#8211; norden<\/li>\n<li class=\"product-features__item-list__item\" role=\"listitem\"><span class=\"is--medium\">Marque :<\/span> FISKARS<\/li>\n<li class=\"product-features__item-list__item\" role=\"listitem\"><span class=\"is--medium\">Disponibilit\u00e9 des pi\u00e8ces d\u00e9tach\u00e9es (donn\u00e9es fournisseur) :<\/span> Non communiqu\u00e9e<\/li>\n<\/ul>\n<\/li>\n<\/ul>\n<\/div>\n<div class=\"product__disclosure-content\">\n<div class=\"js-read-more product-description__content\" style=\"max-height: 500px;overflow: hidden\" data-read-more-name=\"description\">\n<p>Cocotte Fiskars 1026567. Inspir\u00e9 de la nature et des traditions nordiques. Fait-tout en fonte permettant de conserver la chaleur et id\u00e9al pour les plats mijot\u00e9s.Traitement min\u00e9ral unique Thermium conf\u00e9rant des propri\u00e9t\u00e9s antiadh\u00e9sives sup\u00e9rieures, m\u00eame \u00e0 des temp\u00e9ratures tr\u00e8s \u00e9lev\u00e9es.Ne rouille pas. Facile \u00e0 entretenir. Cercle du couvercle en bouleau de Finlande qui peut servir de dessous de plat (non compatible four).<br \/>\nType : Cocotte.<br \/>\nCapacit\u00e9 : 5 L.<br \/>\nForme : Ovale.<br \/>\nDimensions : 37,8 x 20,5 x 15,2 cm.<br \/>\nTous feux dont induction.<br \/>\nFour jusqu&rsquo;\u00e0 280\u00b0C.<br \/>\nCouleur : Noir.<\/p>\n<\/div>\n<\/div>","protected":false},"excerpt":{"rendered":"<div class=\"keypoints\">\n<h3 class=\"keypoints__title\">Les points cl\u00e9s<\/h3>\n<ul role=\"list\">\n<li class=\"keypoints__item\" role=\"listitem\">Compatibilit\u00e9 : Tous feux dont induction + four<\/li>\n<li class=\"keypoints__item\" role=\"listitem\">Rev\u00eatement int\u00e9rieur : Antiadh\u00e9sif<\/li>\n<li class=\"keypoints__item\" role=\"listitem\">Diam\u00e8tre : 0,00 cm<\/li>\n<\/ul>\n<\/div>","protected":false},"featured_media":53934,"template":"","meta":{"_glsr_average":0,"_glsr_ranking":0,"_glsr_reviews":0},"product_cat":[401],"product_tag":[395,230,402],"class_list":{"0":"post-100081","1":"product","2":"type-product","3":"status-publish","4":"has-post-thumbnail","6":"product_cat-mijoteur-cocotte","7":"product_tag-cuiseur-mijoteur-cookeo","8":"product_tag-cuisine-et-cuisson","9":"product_tag-mijoteur-cocotte","11":"first","12":"instock","13":"sale","14":"shipping-taxable","15":"purchasable","16":"product-type-simple"},"_links":{"self":[{"href":"https:\/\/electromenagerexpress.com\/en\/wp-json\/wp\/v2\/product\/100081","targetHints":{"allow":["GET"]}}],"collection":[{"href":"https:\/\/electromenagerexpress.com\/en\/wp-json\/wp\/v2\/product"}],"about":[{"href":"https:\/\/electromenagerexpress.com\/en\/wp-json\/wp\/v2\/types\/product"}],"wp:featuredmedia":[{"embeddable":true,"href":"https:\/\/electromenagerexpress.com\/en\/wp-json\/wp\/v2\/media\/53934"}],"wp:attachment":[{"href":"https:\/\/electromenagerexpress.com\/en\/wp-json\/wp\/v2\/media?parent=100081"}],"wp:term":[{"taxonomy":"product_cat","embeddable":true,"href":"https:\/\/electromenagerexpress.com\/en\/wp-json\/wp\/v2\/product_cat?post=100081"},{"taxonomy":"product_tag","embeddable":true,"href":"https:\/\/electromenagerexpress.com\/en\/wp-json\/wp\/v2\/product_tag?post=100081"}],"curies":[{"name":"wp","href":"https:\/\/api.w.org\/{rel}","templated":true}]}}