{"id":100071,"date":"2024-11-28T18:36:10","date_gmt":"2024-11-28T18:36:10","guid":{"rendered":"https:\/\/electromenagerexpress.com\/product\/cocottele-creuset28-cm-azur\/"},"modified":"2024-12-30T07:30:00","modified_gmt":"2024-12-30T07:30:00","slug":"cocottele-creuset28-cm-azur","status":"publish","type":"product","link":"https:\/\/electromenagerexpress.com\/en\/product\/cocottele-creuset28-cm-azur\/","title":{"rendered":"Cocotte LE CREUSET 28 cm Azur"},"content":{"rendered":"<div class=\"product-features__content\">\n<ul role=\"list\">\n<li class=\"product-features__item\" role=\"listitem\">\n<h3 class=\"product-features__label\">Caract\u00e9ristiques g\u00e9n\u00e9rales<\/h3>\n<ul role=\"list\">\n<li class=\"product-features__item-list__item\" role=\"listitem\"><span class=\"is--medium\">Nombre de pi\u00e8ces :<\/span> 1 pi\u00e8ce<\/li>\n<li class=\"product-features__item-list__item\" role=\"listitem\"><span class=\"is--medium\">Mati\u00e8re :<\/span> Fonte \u00e9maill\u00e9e<\/li>\n<li class=\"product-features__item-list__item\" role=\"listitem\"><span class=\"is--medium\">Rev\u00eatement int\u00e9rieur :<\/span> Fonte \u00e9maill\u00e9e<\/li>\n<li class=\"product-features__item-list__item\" role=\"listitem\"><span class=\"is--medium\">Compatibilit\u00e9 :<\/span> Tous feux dont induction<\/li>\n<li class=\"product-features__item-list__item\" role=\"listitem\"><span class=\"is--medium\">Couvercle :<\/span> Oui<\/li>\n<li class=\"product-features__item-list__item\" role=\"listitem\"><span class=\"is--medium\">Poign\u00e9e :<\/span> Fixe<\/li>\n<li class=\"product-features__item-list__item\" role=\"listitem\"><span class=\"is--medium\">Couleur :<\/span> Bleu<\/li>\n<\/ul>\n<\/li>\n<li class=\"product-features__item\" role=\"listitem\">\n<h3 class=\"product-features__label\">Dimensions<\/h3>\n<ul role=\"list\">\n<li class=\"product-features__item-list__item\" role=\"listitem\"><span class=\"is--medium\">Diam\u00e8tre :<\/span> 28,00 cm<\/li>\n<\/ul>\n<\/li>\n<li class=\"product-features__item\" role=\"listitem\">\n<h3 class=\"product-features__label\">Informations compl\u00e9mentaires<\/h3>\n<ul role=\"list\">\n<li class=\"product-features__item-list__item\" role=\"listitem\"><span class=\"is--medium\">R\u00e9f\u00e9rence constructeur :<\/span> 28 cm Azur<\/li>\n<li class=\"product-features__item-list__item\" role=\"listitem\"><span class=\"is--medium\">Marque :<\/span> LE CREUSET<\/li>\n<li class=\"product-features__item-list__item\" role=\"listitem\"><span class=\"is--medium\">Disponibilit\u00e9 des pi\u00e8ces d\u00e9tach\u00e9es (donn\u00e9es fournisseur) :<\/span> Pas de pi\u00e8ce disponible<\/li>\n<li class=\"product-features__item-list__item\" role=\"listitem\"><span class=\"is--medium\">Fabriqu\u00e9 en :<\/span> France<\/li>\n<\/ul>\n<\/li>\n<\/ul>\n<\/div>\n<div class=\"product__disclosure-content\">\n<div class=\"js-read-more product-description__content read-more read-more--truncated\" style=\"max-height: 500px;overflow: hidden\" data-read-more-name=\"description\">\n<div class=\"product__description-content read-more\">\n<p>Cocotte LE CREUSET 28 cm Azur : L&rsquo;\u00e9l\u00e9gance rencontre la performance<\/p>\n<h3><img fetchpriority=\"high\" decoding=\"async\" class=\"wy_tableau_gauche\" src=\"https:\/\/boulanger.scene7.com\/is\/image\/Boulanger\/0024147321842_h_f_l_0?wid=400&amp;hei=270\" alt=\"Cocotte LE CREUSET 28 cm Azur\" width=\"400\" height=\"270\" \/>Un design intemporel pour une cuisine raffin\u00e9e<\/h3>\n<p>La Cocotte LE CREUSET allie esth\u00e9tique et fonctionnalit\u00e9 pour garantir une cuisson parfaite et sublimer l&rsquo;art de la table. Sa couleur bleu azur apportera une touche de fra\u00eecheur et d&rsquo;\u00e9l\u00e9gance \u00e0 votre cuisine. Fabriqu\u00e9e en France, cette pi\u00e8ce unique en fonte \u00e9maill\u00e9e assure une r\u00e9partition homog\u00e8ne de la chaleur, id\u00e9ale pour mijoter vos plats \u00e0 la perfection. Avec son diam\u00e8tre g\u00e9n\u00e9reux de 28 cm, elle est parfaite pour pr\u00e9parer des repas conviviaux pour 6 \u00e0 8 personnes. Son rev\u00eatement int\u00e9rieur en fonte \u00e9maill\u00e9e facilite le nettoyage tout en r\u00e9sistant aux rayures.<\/p>\n<h3><img decoding=\"async\" class=\"wy_tableau_right\" src=\"https:\/\/boulanger.scene7.com\/is\/image\/Boulanger\/0024147321842_h_f_l_1?wid=400&amp;hei=270\" alt=\"Cocotte LE CREUSET 28 cm Azur\" width=\"400\" height=\"270\" \/>Compatibilit\u00e9 et praticit\u00e9 au coeur de la conception<\/h3>\n<p>Con\u00e7ue pour s&rsquo;adapter \u00e0 tous les types de feux, y compris l&rsquo;induction, la Cocotte LE CREUSET 28 cm Azur est un ustensile de cuisine polyvalent pour une utilisation pratique. Les poign\u00e9es fixes assurent une prise en main s\u00fbre et confortable, tandis que le couvercle herm\u00e9tique pr\u00e9serve les ar\u00f4mes et les saveurs de vos pr\u00e9parations. Cette cocotte est un choix durable et parfait pour tous les passionn\u00e9s de cuisine, offrant une exp\u00e9rience culinaire exceptionnelle \u00e0 chaque utilisation.<\/p>\n<\/div>\n<\/div>\n<p>&nbsp;<\/p>\n<\/div>","protected":false},"excerpt":{"rendered":"<div class=\"keypoints\">\n<h3 class=\"keypoints__title\">Les points cl\u00e9s<\/h3>\n<ul role=\"list\">\n<li class=\"keypoints__item\" role=\"listitem\">Compatibilit\u00e9 : Tous feux dont induction<\/li>\n<li class=\"keypoints__item\" role=\"listitem\">Poign\u00e9e : Fixe<\/li>\n<li class=\"keypoints__item\" role=\"listitem\">Rev\u00eatement int\u00e9rieur : Fonte \u00e9maill\u00e9e<\/li>\n<li class=\"keypoints__item\" role=\"listitem\">Diam\u00e8tre : 28,00 cm &#8211; Nombre de pi\u00e8ces : 1 pi\u00e8ce &#8211; Couleur : Bleu<\/li>\n<li class=\"keypoints__item keypoints__item--advantage\" role=\"listitem\"><strong>Le + :<\/strong> id\u00e9al pour mijoter des plats pour 6 \u00e0 8 personnes ; compatible cuisson au four.<\/li>\n<\/ul>\n<\/div>","protected":false},"featured_media":53840,"template":"","meta":{"_glsr_average":0,"_glsr_ranking":0,"_glsr_reviews":0},"product_cat":[401],"product_tag":[395,230,402],"class_list":{"0":"post-100071","1":"product","2":"type-product","3":"status-publish","4":"has-post-thumbnail","6":"product_cat-mijoteur-cocotte","7":"product_tag-cuiseur-mijoteur-cookeo","8":"product_tag-cuisine-et-cuisson","9":"product_tag-mijoteur-cocotte","11":"first","12":"instock","13":"sale","14":"shipping-taxable","15":"purchasable","16":"product-type-simple"},"_links":{"self":[{"href":"https:\/\/electromenagerexpress.com\/en\/wp-json\/wp\/v2\/product\/100071","targetHints":{"allow":["GET"]}}],"collection":[{"href":"https:\/\/electromenagerexpress.com\/en\/wp-json\/wp\/v2\/product"}],"about":[{"href":"https:\/\/electromenagerexpress.com\/en\/wp-json\/wp\/v2\/types\/product"}],"wp:featuredmedia":[{"embeddable":true,"href":"https:\/\/electromenagerexpress.com\/en\/wp-json\/wp\/v2\/media\/53840"}],"wp:attachment":[{"href":"https:\/\/electromenagerexpress.com\/en\/wp-json\/wp\/v2\/media?parent=100071"}],"wp:term":[{"taxonomy":"product_cat","embeddable":true,"href":"https:\/\/electromenagerexpress.com\/en\/wp-json\/wp\/v2\/product_cat?post=100071"},{"taxonomy":"product_tag","embeddable":true,"href":"https:\/\/electromenagerexpress.com\/en\/wp-json\/wp\/v2\/product_tag?post=100071"}],"curies":[{"name":"wp","href":"https:\/\/api.w.org\/{rel}","templated":true}]}}