{"id":100070,"date":"2024-11-28T18:36:09","date_gmt":"2024-11-28T18:36:09","guid":{"rendered":"https:\/\/electromenagerexpress.com\/product\/cocottestaubronde-noir-diam-24cm-en-fonte\/"},"modified":"2024-12-30T07:34:00","modified_gmt":"2024-12-30T07:34:00","slug":"cocottestaubronde-noir-diam-24cm-en-fonte","status":"publish","type":"product","link":"https:\/\/electromenagerexpress.com\/en\/product\/cocottestaubronde-noir-diam-24cm-en-fonte\/","title":{"rendered":"Cocotte STAUB ronde noir diam 24cm en fonte"},"content":{"rendered":"<div class=\"product-features__content\">\n<ul role=\"list\">\n<li class=\"product-features__item\" role=\"listitem\">\n<h3 class=\"product-features__label\">Caract\u00e9ristiques g\u00e9n\u00e9rales<\/h3>\n<ul role=\"list\">\n<li class=\"product-features__item-list__item\" role=\"listitem\"><span class=\"is--medium\">Nombre de pi\u00e8ces :<\/span> 1 pi\u00e8ce<\/li>\n<li class=\"product-features__item-list__item\" role=\"listitem\"><span class=\"is--medium\">Mati\u00e8re :<\/span> <b>Fonte<\/b><i> : Retient et redistribue la chaleur sur une longue dur\u00e9e. Entretien facile et ind\u00e9modable gr\u00e2ce \u00e0 son design, cette mati\u00e8re est tr\u00e8s appr\u00e9ci\u00e9e des cuisiniers en herbes ainsi que des Grands Chefs. C&rsquo;est enti\u00e8rement recyclable.<\/i><\/li>\n<li class=\"product-features__item-list__item\" role=\"listitem\"><span class=\"is--medium\">Nombre de personnes :<\/span> 3 \u00e0 4 personnes<\/li>\n<li class=\"product-features__item-list__item\" role=\"listitem\"><span class=\"is--medium\">Rev\u00eatement int\u00e9rieur :<\/span> Fonte \u00e9maill\u00e9e<\/li>\n<li class=\"product-features__item-list__item\" role=\"listitem\"><span class=\"is--medium\">Compatibilit\u00e9 :<\/span> Tous feux dont induction<\/li>\n<li class=\"product-features__item-list__item\" role=\"listitem\"><span class=\"is--medium\">Poign\u00e9e :<\/span> Fixe<\/li>\n<li class=\"product-features__item-list__item\" role=\"listitem\"><span class=\"is--medium\">Forme :<\/span> Rond<\/li>\n<li class=\"product-features__item-list__item\" role=\"listitem\"><span class=\"is--medium\">Couleur :<\/span> Noir<\/li>\n<\/ul>\n<\/li>\n<li class=\"product-features__item\" role=\"listitem\">\n<h3 class=\"product-features__label\">Dimensions<\/h3>\n<ul role=\"list\">\n<li class=\"product-features__item-list__item\" role=\"listitem\"><span class=\"is--medium\">Diam\u00e8tre :<\/span> 24,00 cm<\/li>\n<\/ul>\n<\/li>\n<li class=\"product-features__item\" role=\"listitem\">\n<h3 class=\"product-features__label\">Informations compl\u00e9mentaires<\/h3>\n<ul role=\"list\">\n<li class=\"product-features__item-list__item\" role=\"listitem\"><span class=\"is--medium\">R\u00e9f\u00e9rence constructeur :<\/span> ronde noir diam 24cm en fonte<\/li>\n<li class=\"product-features__item-list__item\" role=\"listitem\"><span class=\"is--medium\">Marque :<\/span> STAUB<\/li>\n<li class=\"product-features__item-list__item\" role=\"listitem\"><span class=\"is--medium\">Garantie :<\/span> 2 ans<\/li>\n<li class=\"product-features__item-list__item\" role=\"listitem\"><span class=\"is--medium\">Disponibilit\u00e9 des pi\u00e8ces d\u00e9tach\u00e9es (donn\u00e9es fournisseur) :<\/span> Pas de pi\u00e8ce disponible<\/li>\n<li class=\"product-features__item-list__item\" role=\"listitem\"><span class=\"is--medium\">Fabriqu\u00e9 en :<\/span> France<\/li>\n<\/ul>\n<\/li>\n<\/ul>\n<\/div>","protected":false},"excerpt":{"rendered":"<div class=\"keypoints\">\n<h3 class=\"keypoints__title\">Les points cl\u00e9s<\/h3>\n<ul role=\"list\">\n<li class=\"keypoints__item\" role=\"listitem\">Compatibilit\u00e9 : Tous feux dont induction<\/li>\n<li class=\"keypoints__item\" role=\"listitem\">Poign\u00e9e : Fixe<\/li>\n<li class=\"keypoints__item\" role=\"listitem\">Rev\u00eatement int\u00e9rieur : Fonte \u00e9maill\u00e9e<\/li>\n<li class=\"keypoints__item\" role=\"listitem\">Diam\u00e8tre : 24,00 cm &#8211; Nombre de pi\u00e8ces : 1 pi\u00e8ce &#8211; Couleur : Noir<\/li>\n<li class=\"keypoints__item keypoints__item--advantage\" role=\"listitem\"><strong>Le + :<\/strong> avec une r\u00e9sistance aux rayures et aux acides.<\/li>\n<\/ul>\n<\/div>","protected":false},"featured_media":53839,"template":"","meta":{"_glsr_average":0,"_glsr_ranking":0,"_glsr_reviews":0},"product_cat":[401],"product_tag":[395,230,402],"class_list":{"0":"post-100070","1":"product","2":"type-product","3":"status-publish","4":"has-post-thumbnail","6":"product_cat-mijoteur-cocotte","7":"product_tag-cuiseur-mijoteur-cookeo","8":"product_tag-cuisine-et-cuisson","9":"product_tag-mijoteur-cocotte","11":"first","12":"instock","13":"sale","14":"shipping-taxable","15":"purchasable","16":"product-type-simple"},"_links":{"self":[{"href":"https:\/\/electromenagerexpress.com\/en\/wp-json\/wp\/v2\/product\/100070","targetHints":{"allow":["GET"]}}],"collection":[{"href":"https:\/\/electromenagerexpress.com\/en\/wp-json\/wp\/v2\/product"}],"about":[{"href":"https:\/\/electromenagerexpress.com\/en\/wp-json\/wp\/v2\/types\/product"}],"wp:featuredmedia":[{"embeddable":true,"href":"https:\/\/electromenagerexpress.com\/en\/wp-json\/wp\/v2\/media\/53839"}],"wp:attachment":[{"href":"https:\/\/electromenagerexpress.com\/en\/wp-json\/wp\/v2\/media?parent=100070"}],"wp:term":[{"taxonomy":"product_cat","embeddable":true,"href":"https:\/\/electromenagerexpress.com\/en\/wp-json\/wp\/v2\/product_cat?post=100070"},{"taxonomy":"product_tag","embeddable":true,"href":"https:\/\/electromenagerexpress.com\/en\/wp-json\/wp\/v2\/product_tag?post=100070"}],"curies":[{"name":"wp","href":"https:\/\/api.w.org\/{rel}","templated":true}]}}