{"id":100069,"date":"2024-11-28T18:35:59","date_gmt":"2024-11-28T18:35:59","guid":{"rendered":"https:\/\/electromenagerexpress.com\/product\/cookeomoulinextouch-mini-wifi-ce922110-blanc\/"},"modified":"2024-12-30T07:36:21","modified_gmt":"2024-12-30T07:36:21","slug":"cookeomoulinextouch-mini-wifi-ce922110-blanc","status":"publish","type":"product","link":"https:\/\/electromenagerexpress.com\/en\/product\/cookeomoulinextouch-mini-wifi-ce922110-blanc\/","title":{"rendered":"Cookeo MOULINEX\t Touch Mini Wifi CE922110 blanc"},"content":{"rendered":"<div class=\"product-features__content\">\n<ul role=\"list\">\n<li class=\"product-features__item\" role=\"listitem\">\n<h3 class=\"product-features__label\">Choisir ce produit pour quels usages ?<\/h3>\n<ul role=\"list\">\n<li class=\"product-features__item-list__item\" role=\"listitem\"><span class=\"is--medium\">Capacit\u00e9 totale :<\/span> 3L, jusqu&rsquo;\u00e0 3 personnes<\/li>\n<li class=\"product-features__item-list__item\" role=\"listitem\"><span class=\"is--medium\">Cuisiner, mijoter rapidement sans surveillance :<\/span> permet de pr\u00e9parer une grande vari\u00e9t\u00e9 de plats rapidement et facilement gr\u00e2ce \u00e0 la cuisson sous pression<\/li>\n<li class=\"product-features__item-list__item\" role=\"listitem\"><span class=\"is--medium\">Id\u00e9al pour cuisiner :<\/span> des pommes de terre en 15mn, un coucous en 30 mn, un risotto en 20 mn<\/li>\n<\/ul>\n<\/li>\n<li class=\"product-features__item\" role=\"listitem\">\n<h3 class=\"product-features__label\">Mode(s) de cuisson<\/h3>\n<ul role=\"list\">\n<li class=\"product-features__item-list__item\" role=\"listitem\"><span class=\"is--medium\">Nombre de recettes pr\u00e9-programm\u00e9es :<\/span> 250 recettes pr\u00e9programm\u00e9es, pour une grande diversit\u00e9 de plats faits main (sains, simples, pr\u00e9cis et rapides)<\/li>\n<li class=\"product-features__item-list__item\" role=\"listitem\"><span class=\"is--medium\">Recettes illimit\u00e9es :<\/span> oui, permet d&rsquo;acc\u00e9der \u00e0 des milliers de recettes \u00e9labor\u00e9es par la marque ou par la communaut\u00e9<\/li>\n<li class=\"product-features__item-list__item\" role=\"listitem\"><span class=\"is--medium\">Mode manuel :<\/span> oui, permet d&rsquo;ajuster les r\u00e9glages de cuisson selon vos besoins<\/li>\n<li class=\"product-features__item-list__item\" role=\"listitem\"><span class=\"is--medium\">Personnalisation :<\/span> oui, permet de m\u00e9moriser vos recettes pr\u00e9f\u00e9r\u00e9es et d&rsquo;y acc\u00e9der en un seul clic<\/li>\n<li class=\"product-features__item-list__item\" role=\"listitem\"><span class=\"is--medium\">Mijoter :<\/span> oui, permet de cuire \u00e0 temp\u00e9rature basse et constante les aliments pendant une p\u00e9riode prolong\u00e9e, id\u00e9al pour les plats mijot\u00e9s et les sauces<\/li>\n<li class=\"product-features__item-list__item\" role=\"listitem\"><span class=\"is--medium\">Rissoler :<\/span> oui, permet de dorer et rendre croustillants pommes de terres, viandes ou l\u00e9gumes<\/li>\n<li class=\"product-features__item-list__item\" role=\"listitem\"><span class=\"is--medium\">Vapeur :<\/span> oui, en utilisant de la vapeur pour cuire doucement les aliments , ce mode de cuisson permet de pr\u00e9server les nutriments et les saveurs des aliments sans mati\u00e8res grasses<\/li>\n<li class=\"product-features__item-list__item\" role=\"listitem\"><span class=\"is--medium\">R\u00e9chauffer :<\/span> Oui<\/li>\n<li class=\"product-features__item-list__item\" role=\"listitem\"><span class=\"is--medium\">Cuire au four et r\u00f4tir: :<\/span> Non<\/li>\n<li class=\"product-features__item-list__item\" role=\"listitem\"><span class=\"is--medium\">Maintien au chaud :<\/span> Oui<\/li>\n<li class=\"product-features__item-list__item\" role=\"listitem\"><span class=\"is--medium\">Cuisson sous pression :<\/span> Oui<\/li>\n<\/ul>\n<\/li>\n<li class=\"product-features__item\" role=\"listitem\">\n<h3 class=\"product-features__label\">Confort d&rsquo;utilisation<\/h3>\n<ul role=\"list\">\n<li class=\"product-features__item-list__item\" role=\"listitem\"><span class=\"is--medium\">Connect\u00e9 :<\/span> wifi<\/li>\n<li class=\"product-features__item-list__item\" role=\"listitem\"><span class=\"is--medium\">Le saviez-vous ? :<\/span> les multicuiseurs connect\u00e9s permettent d&rsquo;acc\u00e9der \u00e0 un catalogue d&rsquo;id\u00e9e recettes, des mises \u00e0 jour automatiques mais aussi un contr\u00f4le pr\u00e9cis des param\u00e8tres de cuisson, des recettes aliment\u00e9es en permanence via l&rsquo;appli et la communaut\u00e9<\/li>\n<li class=\"product-features__item-list__item\" role=\"listitem\"><span class=\"is--medium\">Recette pas \u00e0 pas :<\/span> sur \u00e9cran tactile<\/li>\n<li class=\"product-features__item-list__item\" role=\"listitem\"><span class=\"is--medium\">Ecran tactile :<\/span> Oui<\/li>\n<li class=\"product-features__item-list__item\" role=\"listitem\"><span class=\"is--medium\">Ecran inclinable :<\/span> Oui<\/li>\n<li class=\"product-features__item-list__item\" role=\"listitem\"><span class=\"is--medium\">D\u00e9part diff\u00e9r\u00e9 :<\/span> Oui<\/li>\n<li class=\"product-features__item-list__item\" role=\"listitem\"><span class=\"is--medium\">Minuterie :<\/span> Oui<\/li>\n<li class=\"product-features__item-list__item\" role=\"listitem\"><span class=\"is--medium\">Signal sonore de fin de cuisson :<\/span> Oui<\/li>\n<li class=\"product-features__item-list__item\" role=\"listitem\"><span class=\"is--medium\">Nettoyage de la cuve amovible au lave vaisselle :<\/span> Oui<\/li>\n<li class=\"product-features__item-list__item\" role=\"listitem\"><span class=\"is--medium\">Couleur :<\/span> Blanc<\/li>\n<\/ul>\n<\/li>\n<li class=\"product-features__item\" role=\"listitem\">\n<h3 class=\"product-features__label\">Accessoires fournis<\/h3>\n<ul role=\"list\">\n<li class=\"product-features__item-list__item\" role=\"listitem\"><span class=\"is--medium\">Panier vapeur :<\/span> oui, permet de cuire sans ajout de mati\u00e8res grasses et de conserver tous les nutriments et les saveurs naturelles<\/li>\n<li class=\"product-features__item-list__item\" role=\"listitem\"><span class=\"is--medium\">Balance :<\/span> Non<\/li>\n<li class=\"product-features__item-list__item\" role=\"listitem\"><span class=\"is--medium\">Pots de yaourt :<\/span> Non<\/li>\n<\/ul>\n<\/li>\n<li class=\"product-features__item\" role=\"listitem\">\n<h3 class=\"product-features__label\">Caract\u00e9ristiques de la cuve<\/h3>\n<ul role=\"list\">\n<li class=\"product-features__item-list__item\" role=\"listitem\"><span class=\"is--medium\">Capacit\u00e9 :<\/span> 3,00 L<\/li>\n<li class=\"product-features__item-list__item\" role=\"listitem\"><span class=\"is--medium\">Capacit\u00e9 utile :<\/span> 3,00 L<\/li>\n<li class=\"product-features__item-list__item\" role=\"listitem\"><span class=\"is--medium\">Mati\u00e8re :<\/span> En c\u00e9ramique<\/li>\n<li class=\"product-features__item-list__item\" role=\"listitem\"><span class=\"is--medium\">Graduation :<\/span> Non<\/li>\n<li class=\"product-features__item-list__item\" role=\"listitem\"><span class=\"is--medium\">Cuve amovible :<\/span> Oui<\/li>\n<li class=\"product-features__item-list__item\" role=\"listitem\"><span class=\"is--medium\">Cuve anti-adh\u00e9sive :<\/span> Oui<\/li>\n<\/ul>\n<\/li>\n<li class=\"product-features__item\" role=\"listitem\">\n<h3 class=\"product-features__label\">S\u00e9curit\u00e9<\/h3>\n<ul role=\"list\">\n<li class=\"product-features__item-list__item\" role=\"listitem\"><span class=\"is--medium\">Pieds anti-d\u00e9rapants :<\/span> Oui<\/li>\n<li class=\"product-features__item-list__item\" role=\"listitem\"><span class=\"is--medium\">Parois froides :<\/span> Oui<\/li>\n<li class=\"product-features__item-list__item\" role=\"listitem\"><span class=\"is--medium\">Poign\u00e9es froides :<\/span> Oui<\/li>\n<li class=\"product-features__item-list__item\" role=\"listitem\"><span class=\"is--medium\">Arr\u00eat automatique en cas de fonctionnement \u00e0 sec :<\/span> Oui<\/li>\n<li class=\"product-features__item-list__item\" role=\"listitem\"><span class=\"is--medium\">Dispositif en cas de surpression :<\/span> Oui<\/li>\n<li class=\"product-features__item-list__item\" role=\"listitem\"><span class=\"is--medium\">Arr\u00eat automatique :<\/span> Oui<\/li>\n<li class=\"product-features__item-list__item\" role=\"listitem\"><span class=\"is--medium\">Verrouillage enfant :<\/span> Oui<\/li>\n<\/ul>\n<\/li>\n<li class=\"product-features__item\" role=\"listitem\">\n<h3 class=\"product-features__label\">Dimensions<\/h3>\n<ul role=\"list\">\n<li class=\"product-features__item-list__item\" role=\"listitem\"><span class=\"is--medium\">Dimensions l x h x p :<\/span> 20 x 30 x 30 cm<\/li>\n<li class=\"product-features__item-list__item\" role=\"listitem\"><span class=\"is--medium\">Poids Net :<\/span> 2,00 Kg<\/li>\n<li class=\"product-features__item-list__item\" role=\"listitem\"><span class=\"is--medium\">Poids Brut :<\/span> 7,60 Kg<\/li>\n<li class=\"product-features__item-list__item\" role=\"listitem\"><span class=\"is--medium\">Volume (l) :<\/span> 3<\/li>\n<\/ul>\n<\/li>\n<li class=\"product-features__item\" role=\"listitem\">\n<h3 class=\"product-features__label\">Informations compl\u00e9mentaires<\/h3>\n<ul role=\"list\">\n<li class=\"product-features__item-list__item\" role=\"listitem\"><span class=\"is--medium\">Fabriqu\u00e9 en :<\/span> Chine<\/li>\n<li class=\"product-features__item-list__item\" role=\"listitem\"><span class=\"is--medium\">Garantie :<\/span> 2 ans<\/li>\n<li class=\"product-features__item-list__item\" role=\"listitem\"><span class=\"is--medium\">Disponibilit\u00e9 des pi\u00e8ces d\u00e9tach\u00e9es (donn\u00e9es fournisseur) :<\/span> Pendant 15 ans, \u00e0 compter de la date d&rsquo;achat<\/li>\n<li class=\"product-features__item-list__item\" role=\"listitem\"><span class=\"is--medium\">Garantie constructeur :<\/span> 2<\/li>\n<li class=\"product-features__item-list__item\" role=\"listitem\"><span class=\"is--medium\">Marque :<\/span> MOULINEX<\/li>\n<\/ul>\n<\/li>\n<\/ul>\n<\/div>\n<div class=\"product__disclosure-content\">\n<div class=\"js-read-more product-description__content read-more read-more--truncated\" style=\"max-height: 500px;overflow: hidden\" data-read-more-name=\"description\">\n<p><a href=\"https:\/\/www.boulanger.com\/evenement\/la-boutique-culinaire-seb\/cookeo\"><img fetchpriority=\"high\" decoding=\"async\" src=\"https:\/\/boulanger.scene7.com\/is\/image\/Boulanger\/boutiquesebcookeoo_d?wid=1260\" alt=\"\" width=\"1260\" height=\"190\" \/><\/a>Fini le casse-t\u00eate des id\u00e9es repas gr\u00e2ce au multicuiseur Cookeo Touch Mini Wifi de Moulinex. Intelligent et dot\u00e9 d&rsquo;une connexion Wifi et d&rsquo;un \u00e9cran tactile, il apportera toute l&rsquo;inspiration dont vous avez besoin dans l&rsquo;\u00e9laboration de vos repas, et s&rsquo;occupera de la cuisson en toute facilit\u00e9 : cuisson sous pression, vapeur, dorage, mijotage, cuisson lente, express&#8230; Il sait presque tout faire, vous n&rsquo;avez qu&rsquo;\u00e0 vous laisser guider !<\/p>\n<h3><img decoding=\"async\" class=\"wy_tableau_gauche\" src=\"https:\/\/boulanger.scene7.com\/is\/image\/Boulanger\/3045387243753_h_f_l_0?wid=400&amp;hei=270\" alt=\"Expresso SAGE APPLIANCES Oracle Touch\" width=\"400\" height=\"270\" \/>UNE INSPIRATION SANS LIMITE<\/h3>\n<p>Cuisiner devient enfin facile, rapide et inspirant avec le Cookeo Touch Mini Wifi\u00a0de Moulinex. Ce <b>multicuiseur intelligent<\/b> vous propose des recettes selon vos envies&#8230; ou selon ce que vous avez dans votre frigo, fini le gaspillage ! Il vous fait gagner du temps avec ses <b>100 recettes \u00e0 pr\u00e9parer en moins de 10 minutes<\/b>, de l&rsquo;entr\u00e9e au dessert, et son <b>mode de cuisson express<\/b> pr\u00e9pare des plats comme une blanquette de saumon en seulement 3 minutes ! <b>Gr\u00e2ce \u00e0 sa connexion WiFi<\/b>, il t\u00e9l\u00e9charge automatiquement les derni\u00e8res recettes Moulinex et celles de la communaut\u00e9. Quant \u00e0 elle, <b>l&rsquo;application Moulinex exclusive<\/b> vous permet de s\u00e9lectionner vos recettes selon des crit\u00e8res que vous choisissez ; de plus, vous pouvez \u00e9galement partager vos propres recettes avec la communaut\u00e9 Cookeo.<\/p>\n<h3><img decoding=\"async\" class=\"wy_tableau_right\" src=\"https:\/\/boulanger.scene7.com\/is\/image\/Boulanger\/3045387243753_h_f_l_3?wid=400&amp;hei=270\" alt=\"Expresso SAGE APPLIANCES Oracle Touch\" width=\"400\" height=\"270\" \/>GAGNEZ DU TEMPS EN CUISINE<\/h3>\n<p>Avec sa <b>capacit\u00e9 de 3 L<\/b>, le Cookeo Touch Mini Wifi est id\u00e9al <b>pour 2 personnes<\/b>. Son <b>grand \u00e9cran tactile inclinable<\/b> vous guide pas \u00e0 pas dans la r\u00e9alisation de votre recette, avec des photos et des vid\u00e9os. Avec ses <b>13 modes de cuisson<\/b>, vous r\u00e9ussirez vos recettes \u00e0 tous les coups et vous <b>gagnerez un temps pr\u00e9cieux<\/b> : il g\u00e8re \u00e0 votre place et sans surveillance la cuisson selon la recette choisie, maintient les aliments au chaud, rel\u00e2che automatiquement la pression en fin de cuisson et peut \u00eatre programm\u00e9 \u00e0 l&rsquo;avance. Avec l&rsquo;application Moulinex, vous pouvez m\u00eame contr\u00f4ler le temps de cuisson \u00e0 distance. Enfin, son c\u00f4t\u00e9 pratique vous facilitera aussi la vie : sa cuve antiadh\u00e9sive r\u00e9sistante munie de deux poign\u00e9es est compatible avec le lave-vaisselle, tout comme son panier vapeur ; et son couvercle facile \u00e0 ouvrir et fermer d&rsquo;une seule main.<\/p>\n<h3><img loading=\"lazy\" decoding=\"async\" class=\"wy_tableau_gauche\" src=\"https:\/\/boulanger.scene7.com\/is\/image\/Boulanger\/3045387243753_h_z_l_0?wid=400&amp;hei=270\" alt=\"LA QUALITE ET LA GARANTIE WMF\" width=\"400\" height=\"270\" \/>UN APPAREIL S\u00dbR<\/h3>\n<p>Le Cookeo Touch Mini Wifi b\u00e9n\u00e9ficie <b>d&rsquo;une garantie de 2 ans<\/b>, et d&rsquo;une &lt;b&lt;r\u00e9parabilit\u00e9 15=\u00a0\u00bb\u00a0\u00bb ans&lt;=\u00a0\u00bb\u00a0\u00bb b=\u00a0\u00bb\u00a0\u00bb de=\u00a0\u00bb\u00a0\u00bb&gt; : livraison rapide et \u00e9conomique des pi\u00e8ces depuis 6 200 centres de r\u00e9paration dans le monde entier, dans le cadre de notre engagement visant \u00e0 prot\u00e9ger l&rsquo;environnement et \u00e0 r\u00e9duire les d\u00e9chets.&lt;&lt;\/b&lt;r\u00e9parabilit\u00e9&gt;<\/p>\n<p><video class=\"s7Video\" src=\"https:\/\/boulanger.scene7.com\/is\/content\/Boulanger\/3045387243753_v_0\" poster=\"https:\/\/boulanger.scene7.com\/is\/image\/Boulanger\/3045387243753_v_0?scl=1\" preload=\"metadata\" controls=\"controls\" width=\"100%\" height=\"150\"><\/video><\/p>\n<\/div>\n<p>&nbsp;<\/p>\n<\/div>","protected":false},"excerpt":{"rendered":"<div class=\"keypoints\">\n<h3 class=\"keypoints__title\">Les points cl\u00e9s<\/h3>\n<ul role=\"list\">\n<li class=\"keypoints__item\" role=\"listitem\">Cuisson rapide sous pression<\/li>\n<li class=\"keypoints__item\" role=\"listitem\">3L, jusqu&rsquo;\u00e0 4 personnes<\/li>\n<li class=\"keypoints__item\" role=\"listitem\">13 modes de cuisson<\/li>\n<li class=\"keypoints__item\" role=\"listitem\">250 recettes pas \u00e0 pas &#8211; Ecran tactile &#8211; Connect\u00e9<\/li>\n<li class=\"keypoints__item keypoints__item--advantage\" role=\"listitem\"><strong>Le + :<\/strong> sp\u00e9cial petits espaces, id\u00e9al pour 2 : wifi et \u00e9cran tactile pour un nombre de recettes illimit\u00e9es.<\/li>\n<\/ul>\n<\/div>","protected":false},"featured_media":53821,"template":"","meta":{"_glsr_average":0,"_glsr_ranking":0,"_glsr_reviews":0},"product_cat":[394],"product_tag":[396,395,230],"class_list":{"0":"post-100069","1":"product","2":"type-product","3":"status-publish","4":"has-post-thumbnail","6":"product_cat-cookeo","7":"product_tag-cookeo","8":"product_tag-cuiseur-mijoteur-cookeo","9":"product_tag-cuisine-et-cuisson","11":"first","12":"instock","13":"sale","14":"shipping-taxable","15":"purchasable","16":"product-type-simple"},"_links":{"self":[{"href":"https:\/\/electromenagerexpress.com\/en\/wp-json\/wp\/v2\/product\/100069","targetHints":{"allow":["GET"]}}],"collection":[{"href":"https:\/\/electromenagerexpress.com\/en\/wp-json\/wp\/v2\/product"}],"about":[{"href":"https:\/\/electromenagerexpress.com\/en\/wp-json\/wp\/v2\/types\/product"}],"wp:featuredmedia":[{"embeddable":true,"href":"https:\/\/electromenagerexpress.com\/en\/wp-json\/wp\/v2\/media\/53821"}],"wp:attachment":[{"href":"https:\/\/electromenagerexpress.com\/en\/wp-json\/wp\/v2\/media?parent=100069"}],"wp:term":[{"taxonomy":"product_cat","embeddable":true,"href":"https:\/\/electromenagerexpress.com\/en\/wp-json\/wp\/v2\/product_cat?post=100069"},{"taxonomy":"product_tag","embeddable":true,"href":"https:\/\/electromenagerexpress.com\/en\/wp-json\/wp\/v2\/product_tag?post=100069"}],"curies":[{"name":"wp","href":"https:\/\/api.w.org\/{rel}","templated":true}]}}