{"id":100066,"date":"2024-11-28T18:35:53","date_gmt":"2024-11-28T18:35:53","guid":{"rendered":"https:\/\/electromenagerexpress.com\/product\/cocottele-creuset28cm-garnet-bouton-dore\/"},"modified":"2024-11-28T18:35:56","modified_gmt":"2024-11-28T18:35:56","slug":"cocottele-creuset28cm-garnet-bouton-dore","status":"publish","type":"product","link":"https:\/\/electromenagerexpress.com\/en\/product\/cocottele-creuset28cm-garnet-bouton-dore\/","title":{"rendered":"Cocotte\t\t\t\t\t\t\tLE CREUSET\t\t\t\t28cm GARNET Bouton Dor\u00e9"},"content":{"rendered":"<div class=\"product-features__content\">\n<ul role=\"list\">\n<li class=\"product-features__item\" role=\"listitem\">\n<h3 class=\"product-features__label\">Caract\u00e9ristiques g\u00e9n\u00e9rales<\/h3>\n<ul role=\"list\">\n<li class=\"product-features__item-list__item\" role=\"listitem\"><span class=\"is--medium\">Nombre de pi\u00e8ces :<\/span> 1 pi\u00e8ce\t\t\t\t\t<\/li>\n<li class=\"product-features__item-list__item\" role=\"listitem\"><span class=\"is--medium\">Mati\u00e8re :<\/span> Fonte \u00e9maill\u00e9e\t\t\t\t\t<\/li>\n<li class=\"product-features__item-list__item\" role=\"listitem\"><span class=\"is--medium\">Rev\u00eatement int\u00e9rieur :<\/span> Fonte \u00e9maill\u00e9e\t\t\t\t\t<\/li>\n<li class=\"product-features__item-list__item\" role=\"listitem\"><span class=\"is--medium\">Compatibilit\u00e9 :<\/span> Tous feux dont induction\t\t\t\t\t<\/li>\n<li class=\"product-features__item-list__item\" role=\"listitem\"><span class=\"is--medium\">Couvercle :<\/span> Oui\t\t\t\t\t<\/li>\n<li class=\"product-features__item-list__item\" role=\"listitem\"><span class=\"is--medium\">Poign\u00e9e :<\/span> Fixe\t\t\t\t\t<\/li>\n<li class=\"product-features__item-list__item\" role=\"listitem\"><span class=\"is--medium\">Couleur :<\/span> Noir\/Bordeaux\/Beige\t\t\t\t\t<\/li>\n<\/ul>\n<\/li>\n<li class=\"product-features__item\" role=\"listitem\">\n<h3 class=\"product-features__label\">Dimensions<\/h3>\n<ul role=\"list\">\n<li class=\"product-features__item-list__item\" role=\"listitem\"><span class=\"is--medium\">Diam\u00e8tre :<\/span> 28,00 cm\t\t\t\t\t<\/li>\n<\/ul>\n<\/li>\n<li class=\"product-features__item\" role=\"listitem\">\n<h3 class=\"product-features__label\">Informations compl\u00e9mentaires<\/h3>\n<ul role=\"list\">\n<li class=\"product-features__item-list__item\" role=\"listitem\"><span class=\"is--medium\">R\u00e9f\u00e9rence constructeur :<\/span> 28 cm Rh\u00f4ne Bouton Dor\u00e9\t\t\t\t\t<\/li>\n<li class=\"product-features__item-list__item\" role=\"listitem\"><span class=\"is--medium\">Marque :<\/span> LE CREUSET\t\t\t\t\t<\/li>\n<li class=\"product-features__item-list__item\" role=\"listitem\"><span class=\"is--medium\">Disponibilit\u00e9 des pi\u00e8ces d\u00e9tach\u00e9es (donn\u00e9es fournisseur) :<\/span> Pas de pi\u00e8ce disponible\t\t\t\t\t<\/li>\n<li class=\"product-features__item-list__item\" role=\"listitem\"><span class=\"is--medium\">Fabriqu\u00e9 en :<\/span> France\t\t\t\t\t<\/li>\n<\/ul>\n<\/li>\n<\/ul>\n<\/div>\n<div class=\"product__disclosure-content\">\n<div class=\"js-read-more product-description__content read-more read-more--truncated\" data-read-more-name=\"description\" style=\"max-height: 500px; overflow: hidden;\">\n<div class=\"product__description-content read-more\">\n<p>Cocotte LE CREUSET 28 cm GARNET Bouton Dor\u00e9 : L&rsquo;\u00e9l\u00e9gance rencontre la performance<\/p>\n<h3><img fetchpriority=\"high\" decoding=\"async\" alt=\"Cocotte LE CREUSET 28 cm GARNET Bouton Dor\u00e9\" class=\"wy_tableau_gauche\" height=\"270\" src=\"https:\/\/boulanger.scene7.com\/is\/image\/Boulanger\/0024147329572_h_f_l_0?wid=400&amp;hei=270\" width=\"400\"\/>Un design intemporel pour une cuisine raffin\u00e9e<\/h3>\n<p>La Cocotte LE CREUSET 28 cm GARNET Bouton Dor\u00e9 se distingue par son esth\u00e9tique soign\u00e9e et ses finitions haut de gamme. Avec son coloris Noir\/Bordeaux\/Beige et son bouton dor\u00e9, elle apporte une touche d&rsquo;\u00e9l\u00e9gance \u00e0 toute cuisine. Fabriqu\u00e9e en France, cette pi\u00e8ce unique allie tradition et modernit\u00e9, faisant d&rsquo;elle un v\u00e9ritable objet de d\u00e9coration fonctionnel. Sa mati\u00e8re en fonte \u00e9maill\u00e9e garantit une r\u00e9partition homog\u00e8ne de la chaleur et une excellente conservation des saveurs. Sa capacit\u00e9 \u00e0 s&rsquo;adapter \u00e0 tous les types de feux, y compris l&rsquo;induction, en fait un choix polyvalent pour les cuisiniers amateurs comme professionnels.<\/p>\n<\/p>\n<h3><img decoding=\"async\" alt=\"Cocotte LE CREUSET 28 cm GARNET Bouton Dor\u00e9\" class=\"wy_tableau_right\" height=\"270\" src=\"https:\/\/boulanger.scene7.com\/is\/image\/Boulanger\/0024147329572_h_f_l_1?wid=400&amp;hei=270\" width=\"400\"\/>Con\u00e7ue pour simplifier la cuisine au quotidien et durer<\/h3>\n<p>La robustesse de la fonte \u00e9maill\u00e9e et la qualit\u00e9 de fabrication LE CREUSET conf\u00e8rent \u00e0 cette cocotte une durabilit\u00e9 exceptionnelle. Son diam\u00e8tre de 28 cm est id\u00e9al pour pr\u00e9parer des plats g\u00e9n\u00e9reux pour 6 \u00e0 8 personnes, et sa poign\u00e9e fixe assure une prise en main s\u00fbre et confortable. Le couvercle inclus permet de mijoter vos recettes \u00e0 la perfection. La facilit\u00e9 d&rsquo;entretien de la fonte \u00e9maill\u00e9e, associ\u00e9e \u00e0 la compatibilit\u00e9 avec tous les feux, dont l&rsquo;induction, rend cette cocotte indispensable pour une cuisine quotidienne pratique et sans tracas. Que ce soit pour des rago\u00fbts, des soupes ou des p\u00e2tisseries, la Cocotte LE CREUSET est votre alli\u00e9e pour r\u00e9ussir toutes vos pr\u00e9parations avec brio.<\/p>\n<\/div>\n<\/div>\n<p><bl-button a11yexpanded=\"false\" arialabel=\"Afficher toute la description\" class=\"read-more__btn\" full=\"false\" link=\"true\"><\/bl-button><\/div>","protected":false},"excerpt":{"rendered":"<div class=\"keypoints\">\n<h3 class=\"keypoints__title\">Les points cl\u00e9s<\/h3>\n<ul role=\"list\">\n<li class=\"keypoints__item\" role=\"listitem\">                                        Compatibilit\u00e9 : Tous feux dont induction                      <\/li>\n<li class=\"keypoints__item\" role=\"listitem\">                                        Poign\u00e9e : Fixe                      <\/li>\n<li class=\"keypoints__item\" role=\"listitem\">                                        Rev\u00eatement int\u00e9rieur : Fonte \u00e9maill\u00e9e                      <\/li>\n<li class=\"keypoints__item\" role=\"listitem\">                          Diam\u00e8tre : 28,00 cm &#8211;                                        Nombre de pi\u00e8ces : 1 pi\u00e8ce &#8211;                                                      Couleur : Noir\/Bordeaux\/Beige                      <\/li>\n<li class=\"keypoints__item keypoints__item--advantage\" role=\"listitem\"><strong>Le + :<\/strong> id\u00e9al pour mijoter des plats pour 6 \u00e0 8 personnes ; compatible cuisson au four.      <\/li>\n<\/ul>","protected":false},"featured_media":53812,"template":"","meta":{"_glsr_average":0,"_glsr_ranking":0,"_glsr_reviews":0},"product_cat":[401],"product_tag":[395,230,402],"class_list":{"0":"post-100066","1":"product","2":"type-product","3":"status-publish","4":"has-post-thumbnail","6":"product_cat-mijoteur-cocotte","7":"product_tag-cuiseur-mijoteur-cookeo","8":"product_tag-cuisine-et-cuisson","9":"product_tag-mijoteur-cocotte","11":"first","12":"instock","13":"sale","14":"shipping-taxable","15":"purchasable","16":"product-type-simple"},"_links":{"self":[{"href":"https:\/\/electromenagerexpress.com\/en\/wp-json\/wp\/v2\/product\/100066","targetHints":{"allow":["GET"]}}],"collection":[{"href":"https:\/\/electromenagerexpress.com\/en\/wp-json\/wp\/v2\/product"}],"about":[{"href":"https:\/\/electromenagerexpress.com\/en\/wp-json\/wp\/v2\/types\/product"}],"wp:featuredmedia":[{"embeddable":true,"href":"https:\/\/electromenagerexpress.com\/en\/wp-json\/wp\/v2\/media\/53812"}],"wp:attachment":[{"href":"https:\/\/electromenagerexpress.com\/en\/wp-json\/wp\/v2\/media?parent=100066"}],"wp:term":[{"taxonomy":"product_cat","embeddable":true,"href":"https:\/\/electromenagerexpress.com\/en\/wp-json\/wp\/v2\/product_cat?post=100066"},{"taxonomy":"product_tag","embeddable":true,"href":"https:\/\/electromenagerexpress.com\/en\/wp-json\/wp\/v2\/product_tag?post=100066"}],"curies":[{"name":"wp","href":"https:\/\/api.w.org\/{rel}","templated":true}]}}