{"id":100064,"date":"2024-11-28T18:35:46","date_gmt":"2024-11-28T18:35:46","guid":{"rendered":"https:\/\/electromenagerexpress.com\/product\/cocottetefalfonte-lov-faitout-34cm-beige\/"},"modified":"2024-11-28T18:35:50","modified_gmt":"2024-11-28T18:35:50","slug":"cocottetefalfonte-lov-faitout-34cm-beige","status":"publish","type":"product","link":"https:\/\/electromenagerexpress.com\/en\/product\/cocottetefalfonte-lov-faitout-34cm-beige\/","title":{"rendered":"Cocotte\t\t\t\t\t\t\tTEFAL\t\t\t\tFonte LOV faitout 34cm beige"},"content":{"rendered":"<div class=\"product-features__content\">\n<ul role=\"list\">\n<li class=\"product-features__item\" role=\"listitem\">\n<h3 class=\"product-features__label\">Caract\u00e9ristiques g\u00e9n\u00e9rales<\/h3>\n<ul role=\"list\">\n<li class=\"product-features__item-list__item\" role=\"listitem\"><span class=\"is--medium\">Nombre de pi\u00e8ces :<\/span> 1 pi\u00e8ce\t\t\t\t\t<\/li>\n<li class=\"product-features__item-list__item\" role=\"listitem\"><span class=\"is--medium\">Gamme :<\/span> LOV\t\t\t\t\t<\/li>\n<li class=\"product-features__item-list__item\" role=\"listitem\"><span class=\"is--medium\">Lave-vaisselle :<\/span> Non\t\t\t\t\t<\/li>\n<li class=\"product-features__item-list__item\" role=\"listitem\"><span class=\"is--medium\">Mati\u00e8re :<\/span> Fonte\t\t\t\t\t<\/li>\n<li class=\"product-features__item-list__item\" role=\"listitem\"><span class=\"is--medium\">Nombre de personnes :<\/span> Jusqu&rsquo;\u00e0 12 personnes\t\t\t\t\t<\/li>\n<li class=\"product-features__item-list__item\" role=\"listitem\"><span class=\"is--medium\">Rev\u00eatement int\u00e9rieur :<\/span> Emaill\u00e9\t\t\t\t\t<\/li>\n<li class=\"product-features__item-list__item\" role=\"listitem\"><span class=\"is--medium\">Compatibilit\u00e9 :<\/span> Tous feux dont induction\t\t\t\t\t<\/li>\n<li class=\"product-features__item-list__item\" role=\"listitem\"><span class=\"is--medium\">Type de fond :<\/span> Induction\t\t\t\t\t<\/li>\n<li class=\"product-features__item-list__item\" role=\"listitem\"><span class=\"is--medium\">Couvercle :<\/span> Oui\t\t\t\t\t<\/li>\n<li class=\"product-features__item-list__item\" role=\"listitem\"><span class=\"is--medium\">Contenu du set :<\/span> Faitout ovale 34 cm BeigeFabriqu\u00e9e \u00e0 partir de 97 % d&rsquo;acier de r\u00e9cup\u00e9ration, la cocotte LOV est garantie pendant 20 ans et est livr\u00e9e avec un emballage \u00e9cologique et recycl\u00e9.\t\t\t\t\t<\/li>\n<li class=\"product-features__item-list__item\" role=\"listitem\"><span class=\"is--medium\">Poign\u00e9e :<\/span> Fixe\t\t\t\t\t<\/li>\n<li class=\"product-features__item-list__item\" role=\"listitem\"><span class=\"is--medium\">Forme :<\/span> Ovale\t\t\t\t\t<\/li>\n<li class=\"product-features__item-list__item\" role=\"listitem\"><span class=\"is--medium\">Couleur :<\/span> Beige\t\t\t\t\t<\/li>\n<li class=\"product-features__item-list__item\" role=\"listitem\"><span class=\"is--medium\">Particularit\u00e9 :<\/span> Fabriqu\u00e9e \u00e0 partir de 97 % d&rsquo;acier de r\u00e9cup\u00e9ration, la cocotte LOV est garantie pendant 20 ans et est livr\u00e9e avec un emballage \u00e9cologique et recycl\u00e9.\t\t\t\t\t<\/li>\n<\/ul>\n<\/li>\n<li class=\"product-features__item\" role=\"listitem\">\n<h3 class=\"product-features__label\">Dimensions<\/h3>\n<ul role=\"list\">\n<li class=\"product-features__item-list__item\" role=\"listitem\"><span class=\"is--medium\">Capacit\u00e9 :<\/span> 7,2 L\t\t\t\t\t<\/li>\n<li class=\"product-features__item-list__item\" role=\"listitem\"><span class=\"is--medium\">Diam\u00e8tre :<\/span> 34,00 cm\t\t\t\t\t<\/li>\n<li class=\"product-features__item-list__item\" role=\"listitem\"><span class=\"is--medium\">Dimensions l x h x p :<\/span> 26.88 x 17.41 x NC cm\t\t\t\t\t<\/li>\n<li class=\"product-features__item-list__item\" role=\"listitem\"><span class=\"is--medium\">Poids Net :<\/span> 7,81 Kg\t\t\t\t\t<\/li>\n<li class=\"product-features__item-list__item\" role=\"listitem\"><span class=\"is--medium\">Poids Brut :<\/span> 9,91 Kg\t\t\t\t\t<\/li>\n<\/ul>\n<\/li>\n<li class=\"product-features__item\" role=\"listitem\">\n<h3 class=\"product-features__label\">Informations compl\u00e9mentaires<\/h3>\n<ul role=\"list\">\n<li class=\"product-features__item-list__item\" role=\"listitem\"><span class=\"is--medium\">R\u00e9f\u00e9rence constructeur :<\/span> Lov faitout 34 cm beige\t\t\t\t\t<\/li>\n<li class=\"product-features__item-list__item\" role=\"listitem\"><span class=\"is--medium\">Marque :<\/span> TEFAL\t\t\t\t\t<\/li>\n<li class=\"product-features__item-list__item\" role=\"listitem\"><span class=\"is--medium\">Garantie constructeur :<\/span> 20 Ans\t\t\t\t\t<\/li>\n<li class=\"product-features__item-list__item\" role=\"listitem\"><span class=\"is--medium\">Garantie :<\/span> 2 ans\t\t\t\t\t<\/li>\n<li class=\"product-features__item-list__item\" role=\"listitem\"><span class=\"is--medium\">Disponibilit\u00e9 des pi\u00e8ces d\u00e9tach\u00e9es (donn\u00e9es fournisseur) :<\/span> Pas de pi\u00e8ce disponible\t\t\t\t\t<\/li>\n<li class=\"product-features__item-list__item\" role=\"listitem\"><span class=\"is--medium\">Fabriqu\u00e9 en :<\/span> Chine\t\t\t\t\t<\/li>\n<li class=\"product-features__item-list__item\" role=\"listitem\"><span class=\"is--medium\">Dur\u00e9e de la garantie Constructeur (poign\u00e9e) :<\/span> 20 ans\t\t\t\t\t<\/li>\n<\/ul>\n<\/li>\n<\/ul>\n<\/div>\n<div class=\"product__disclosure-content\">\n<div class=\"js-read-more product-description__content read-more read-more--truncated\" data-read-more-name=\"description\" style=\"max-height: 500px; overflow: hidden;\">\n<div class=\"product__description-content read-more\" style=\"\">\n<p>Cocotte TEFAL Fonte LOV faitout 34cm beige : l&rsquo;alliance parfaite entre robustesse et \u00e9co-conception<\/p>\n<h3> <img fetchpriority=\"high\" decoding=\"async\" ,=\"\" alt=\"Cocotte TEFAL Fonte LOV faitout 34cm beige\" class=\"wy_tableau_gauche\" height=\"270\" src=\"https:\/\/boulanger.scene7.com\/is\/image\/Boulanger\/3168430347205_h_f_l_0?wid=400&amp;hei=270\" width=\"400\"\/>Une cuisson saine et respectueuse de l&rsquo;environnement                    <\/h3>\n<p>                        La cocotte TEFAL Fonte LOV faitout 34cm beige est un choix id\u00e9al pour les amateurs de cuisine qui recherchent \u00e0 la fois qualit\u00e9 et respect de l&rsquo;environnement. Fabriqu\u00e9e avec 97 % d&rsquo;acier de r\u00e9cup\u00e9ration, elle offre une durabilit\u00e9 exemplaire, garantie pendant 20 ans. Son rev\u00eatement \u00e9maill\u00e9 int\u00e9rieur et ext\u00e9rieur, de couleur beige, est r\u00e9alis\u00e9 avec des pigments non toxiques, sans plomb ni cadmium, assurant ainsi une cuisson saine pour toute la famille. La technologie de condensation de ce faitout ovale permet de r\u00e9partir uniform\u00e9ment l&rsquo;humidit\u00e9, garantissant des plats mijot\u00e9s \u00e0 la perfection. De plus, son emballage \u00e9co-responsable, sans plastique ni polystyr\u00e8ne, confirme l&rsquo;engagement de TEFAL envers l&rsquo;environnement.                    <\/p>\n<\/p>\n<h3> <img decoding=\"async\" ,=\"\" alt=\"Cocotte TEFAL Fonte LOV faitout 34cm beige\" class=\"wy_tableau_right\" height=\"270\" src=\"https:\/\/boulanger.scene7.com\/is\/image\/Boulanger\/3168430347205_h_f_l_1?wid=400&amp;hei=270\" width=\"400\"\/>Polyvalence et design \u00e9l\u00e9gant pour votre cuisine                    <\/h3>\n<p>                        Le faitout LOV de TEFAL ne se contente pas d&rsquo;\u00eatre \u00e9cologique, il est aussi con\u00e7u pour s&rsquo;adapter \u00e0 toutes les sources de chaleur, y compris l&rsquo;induction, et peut \u00eatre utilis\u00e9 au four jusqu&rsquo;\u00e0 250 \u00b0C. Les poign\u00e9es fixes assurent une prise en main s\u00fbre et facile du plan de cuisson \u00e0 la table. Son design ovale \u00e9l\u00e9gant, aux tons naturels, fait de ce faitout un objet \u00e0 la fois pratique et esth\u00e9tique, parfait pour \u00eatre pr\u00e9sent\u00e9 directement sur votre table lors de repas conviviaux. Enfin, l&rsquo;ebook de recettes saines inclus vous permettra d&rsquo;explorer une multitude de plats d\u00e9licieux et de tirer le meilleur parti de votre cocotte TEFAL Fonte LOV.                    <\/p>\n<\/p><\/div>\n<\/p>\n<\/div>\n<p><bl-button a11yexpanded=\"false\" arialabel=\"Afficher toute la description\" class=\"read-more__btn\" full=\"false\" link=\"true\"><\/bl-button><\/div>","protected":false},"excerpt":{"rendered":"<div class=\"keypoints\">\n<h3 class=\"keypoints__title\">Les points cl\u00e9s<\/h3>\n<ul role=\"list\">\n<li class=\"keypoints__item\" role=\"listitem\">                                        Compatibilit\u00e9 : Tous feux dont induction                      <\/li>\n<li class=\"keypoints__item\" role=\"listitem\">                                        Poign\u00e9e : Fixe                      <\/li>\n<li class=\"keypoints__item\" role=\"listitem\">                                        Rev\u00eatement int\u00e9rieur : Emaill\u00e9                      <\/li>\n<li class=\"keypoints__item\" role=\"listitem\">                          Diam\u00e8tre : 34,00 cm &#8211;                                        Nombre de pi\u00e8ces : 1 pi\u00e8ce &#8211;                                                      Couleur : Beige                      <\/li>\n<li class=\"keypoints__item keypoints__item--advantage\" role=\"listitem\"><strong>Le + :<\/strong> Robuste et Eco Design : Fabriqu\u00e9e \u00e0 partir de 97 % d&rsquo;acier de r\u00e9cup\u00e9ration      <\/li>\n<\/ul>","protected":false},"featured_media":53801,"template":"","meta":{"_glsr_average":0,"_glsr_ranking":0,"_glsr_reviews":0},"product_cat":[401],"product_tag":[395,230,402],"class_list":{"0":"post-100064","1":"product","2":"type-product","3":"status-publish","4":"has-post-thumbnail","6":"product_cat-mijoteur-cocotte","7":"product_tag-cuiseur-mijoteur-cookeo","8":"product_tag-cuisine-et-cuisson","9":"product_tag-mijoteur-cocotte","11":"first","12":"instock","13":"sale","14":"shipping-taxable","15":"purchasable","16":"product-type-simple"},"_links":{"self":[{"href":"https:\/\/electromenagerexpress.com\/en\/wp-json\/wp\/v2\/product\/100064","targetHints":{"allow":["GET"]}}],"collection":[{"href":"https:\/\/electromenagerexpress.com\/en\/wp-json\/wp\/v2\/product"}],"about":[{"href":"https:\/\/electromenagerexpress.com\/en\/wp-json\/wp\/v2\/types\/product"}],"wp:featuredmedia":[{"embeddable":true,"href":"https:\/\/electromenagerexpress.com\/en\/wp-json\/wp\/v2\/media\/53801"}],"wp:attachment":[{"href":"https:\/\/electromenagerexpress.com\/en\/wp-json\/wp\/v2\/media?parent=100064"}],"wp:term":[{"taxonomy":"product_cat","embeddable":true,"href":"https:\/\/electromenagerexpress.com\/en\/wp-json\/wp\/v2\/product_cat?post=100064"},{"taxonomy":"product_tag","embeddable":true,"href":"https:\/\/electromenagerexpress.com\/en\/wp-json\/wp\/v2\/product_tag?post=100064"}],"curies":[{"name":"wp","href":"https:\/\/api.w.org\/{rel}","templated":true}]}}