{"id":100061,"date":"2024-11-28T18:35:40","date_gmt":"2024-11-28T18:35:40","guid":{"rendered":"https:\/\/electromenagerexpress.com\/product\/cocottele-creusetsignature-cerise-diam24cm\/"},"modified":"2024-11-28T18:35:40","modified_gmt":"2024-11-28T18:35:40","slug":"cocottele-creusetsignature-cerise-diam24cm","status":"publish","type":"product","link":"https:\/\/electromenagerexpress.com\/en\/product\/cocottele-creusetsignature-cerise-diam24cm\/","title":{"rendered":"Cocotte\t\t\t\t\t\t\tLE CREUSET\t\t\t\tSIGNATURE Cerise diam24cm"},"content":{"rendered":"<div class=\"product-features__content\">\n<ul role=\"list\">\n<li class=\"product-features__item\" role=\"listitem\">\n<h3 class=\"product-features__label\">Caract\u00e9ristiques g\u00e9n\u00e9rales<\/h3>\n<ul role=\"list\">\n<li class=\"product-features__item-list__item\" role=\"listitem\"><span class=\"is--medium\">Nombre de pi\u00e8ces :<\/span> 1 pi\u00e8ce\t\t\t\t\t<\/li>\n<li class=\"product-features__item-list__item\" role=\"listitem\"><span class=\"is--medium\">Lave-vaisselle :<\/span> Oui\t\t\t\t\t<\/li>\n<li class=\"product-features__item-list__item\" role=\"listitem\"><span class=\"is--medium\">Mati\u00e8re :<\/span> <b>Fonte \u00e9maill\u00e9e<\/b><i> : Le principal avantage est une r\u00e9partition optimale de la chaleur. Cette mati\u00e8re a la particularit\u00e9 de ne pas rouiller. R\u00e9siste aux hautes temp\u00e9ratures.<\/i><\/li>\n<li class=\"product-features__item-list__item\" role=\"listitem\"><span class=\"is--medium\">Nombre de personnes :<\/span> 3 \u00e0 4 personnes\t\t\t\t\t<\/li>\n<li class=\"product-features__item-list__item\" role=\"listitem\"><span class=\"is--medium\">Compatibilit\u00e9 :<\/span> Tous feux dont induction\t\t\t\t\t<\/li>\n<li class=\"product-features__item-list__item\" role=\"listitem\"><span class=\"is--medium\">Couvercle :<\/span> Oui\t\t\t\t\t<\/li>\n<li class=\"product-features__item-list__item\" role=\"listitem\"><span class=\"is--medium\">Poign\u00e9e :<\/span> Fixe\t\t\t\t\t<\/li>\n<li class=\"product-features__item-list__item\" role=\"listitem\"><span class=\"is--medium\">Forme :<\/span> Rond\t\t\t\t\t<\/li>\n<li class=\"product-features__item-list__item\" role=\"listitem\"><span class=\"is--medium\">Couleur :<\/span> Rouge\t\t\t\t\t<\/li>\n<li class=\"product-features__item-list__item\" role=\"listitem\"><span class=\"is--medium\">Particularit\u00e9 :<\/span> R\u00e9partition uniforme de la chaleur du fond de la cocotte jusqu&rsquo;au couvercle, Couvercle herm\u00e9tique pour conserver uniform\u00e9ment la chaleur.\t\t\t\t\t<\/li>\n<\/ul>\n<\/li>\n<li class=\"product-features__item\" role=\"listitem\">\n<h3 class=\"product-features__label\">Dimensions<\/h3>\n<ul role=\"list\">\n<li class=\"product-features__item-list__item\" role=\"listitem\"><span class=\"is--medium\">Diam\u00e8tre :<\/span> 24,00 cm\t\t\t\t\t<\/li>\n<\/ul>\n<\/li>\n<li class=\"product-features__item\" role=\"listitem\">\n<h3 class=\"product-features__label\">Informations compl\u00e9mentaires<\/h3>\n<ul role=\"list\">\n<li class=\"product-features__item-list__item\" role=\"listitem\"><span class=\"is--medium\">R\u00e9f\u00e9rence constructeur :<\/span> SIGNATURE Cerise diam24cm\t\t\t\t\t<\/li>\n<li class=\"product-features__item-list__item\" role=\"listitem\"><span class=\"is--medium\">Marque :<\/span> LE CREUSET\t\t\t\t\t<\/li>\n<li class=\"product-features__item-list__item\" role=\"listitem\"><span class=\"is--medium\">Garantie :<\/span> 2 ans\t\t\t\t\t<\/li>\n<li class=\"product-features__item-list__item\" role=\"listitem\"><span class=\"is--medium\">Disponibilit\u00e9 des pi\u00e8ces d\u00e9tach\u00e9es (donn\u00e9es fournisseur) :<\/span> Pas de pi\u00e8ce disponible\t\t\t\t\t<\/li>\n<li class=\"product-features__item-list__item\" role=\"listitem\"><span class=\"is--medium\">Fabriqu\u00e9 en :<\/span> France\t\t\t\t\t<\/li>\n<\/ul>\n<\/li>\n<\/ul>\n<\/div>\n<div class=\"product__disclosure-content\">\n<div class=\"js-read-more product-description__content read-more read-more--truncated\" data-read-more-name=\"description\" style=\"max-height: 500px; overflow: hidden;\">\n<p><b>Cuisson au Four<\/b> : La temp\u00e9rature maximale support\u00e9e par les produits dont les boutons de couvercle sont en ph\u00e9nolique noire est de 200\u00b0C \/ 392\u00b0F \/ thermostat 5 (en Europe thermostat 6 pour les fours \u00e0 gaz). Les produits comportant des poign\u00e9es en fonte ou en inox peuvent \u00eatre utilis\u00e9s \u00e0 toutes temp\u00e9ratures. Les ustensiles munis de poign\u00e9es ou de boutons en bois ne doivent pas \u00eatre utilis\u00e9s au four. Pour le bouton ph\u00e9nolique noir, la temp\u00e9rature maximale d&rsquo;utilisation au four est de 200\u00b0C\/390\u00b0F\/Thermostat 6. Les produits avec poign\u00e9es fonte et\/ou bouton m\u00e9tal inox, ci-apr\u00e8s, peuvent \u00eatre utilis\u00e9s au four sans limitation de temp\u00e9rature.<b>Fours \u00e0 rev\u00eatement en fonte<\/b> : Ne placez aucun article de cuisson sur la sole d&rsquo;un four habill\u00e9 de fonte. Cela augmenterait la temp\u00e9rature de l&rsquo;ustensil et acc\u00e9l\u00e9rait donc la vitesse de cuisson au d\u00e9triment de la qualit\u00e9. Pour de meilleurs r\u00e9sultats, posez-le toujours sur une grille ou sur une plaque. L&rsquo;\u00e9mail noir satin est principalement utilis\u00e9 sur des articles comme les grills, les skillets, les skillet grils, les po\u00eales, les sauteuses, les woks, les tajines plus sp\u00e9cifiquement \u00e9tudi\u00e9s pour griller, frire et faire sauter et certaines cocottes. L&rsquo;\u00e9mail noir satin a \u00e9t\u00e9 sp\u00e9cialement con\u00e7u pour cuire \u00e0 des temp\u00e9ratures relativement \u00e9lev\u00e9es mais avec un r\u00e9glage mod\u00e9r\u00e9 de la source de chaleur. La fonte a une telle capacit\u00e9 de r\u00e9tention de la chaleur qu&rsquo;elle chauffe le r\u00e9cipient uniform\u00e9ment \u00e0 feu moyen. Les temp\u00e9ratures \u00e9lev\u00e9es provoquent une surchauffe et une adh\u00e9rence des aliments. Vous obtiendrez de meilleurs r\u00e9sultats \u00e0 des temp\u00e9ratures moyennes et douces. L&rsquo;\u00e9mail noir satin \u00e0 l&rsquo;usage prendra une patine noir bruni. Celle-ci est li\u00e9e \u00e0 l&rsquo;action des huiles et des graisses des aliments sur la surface chaude. Elle accro\u00eet la performance de la cuisson et le glissement des aliments sur la surface. \u00c0 terme, elle permet d&rsquo;utiliser moins de mati\u00e8res grasses.<b>Griller<\/b> : Grils et skillet grils exigent un pr\u00e9chauffage \u00e0 vide qui permettra \u00e0 la surface de cuisson d&rsquo;atteindre la temp\u00e9rature \u00e9lev\u00e9e n\u00e9cessaire pour caram\u00e9liser ou dorer. Ce conseil ne s&rsquo;applique pas aux autres produits. Les marques typiques de grillade n&rsquo;appara\u00eetront pas si la surface de cuisson est trop froide ou si l&rsquo;aliment est trop humide. Utilisez le papier de cuisine pour \u00e9liminer l&rsquo;exc\u00e8s d&rsquo;humidit\u00e9 (y compris pour les aliments marin\u00e9s). Pour \u00e9viter surchauffe et fum\u00e9e \u00e9ventuelles, ne chauffez pas d&rsquo;huile dans une po\u00eale froide. Placez le gril vide sur feu moyen et laissez-le chauffer. Trempez vos doigts dans l&rsquo;eau et jetez-en quelques gouttes sur la surface chaude. Si elles gr\u00e9sillent et s&rsquo;\u00e9vaporent imm\u00e9diatement, votre po\u00eale est chaude et pr\u00eate \u00e0 \u00eatre utilis\u00e9e ; sinon, laissez la po\u00eale chauffer encore et r\u00e9p\u00e9tez le test de l&rsquo;eau. Lorsque la surface est chaude, huilez-la l\u00e9g\u00e8rement \u00e0 l&rsquo;aide d&rsquo;un vaporisateur d&rsquo;huile ou d&rsquo;un pinceau de cuisine en silicone Le Creuset. Pour que les marques de grillade soient bien nettes, laissez l&rsquo;aliment suffisamment longtemps sur la surface de cuisson avant de le retourner, les aliments doivent se d\u00e9tacher tous seuls, sinon continuer la cuisson.<b>Frire et faire sauter<\/b> : Frire et faire sauter un aliment exige de faire chauffer le r\u00e9cipient et la mati\u00e8re grasse en m\u00eame temps. Le corps gras est assez chaud lorsque vous observez sur sa surface, pour l&rsquo;huile une l\u00e9g\u00e8re ondulation ou, pour le beurre et les autres graisses, une formation de bulles ou de mousse.<\/p>\n<\/div>\n<p><bl-button a11yexpanded=\"false\" arialabel=\"Afficher toute la description\" class=\"read-more__btn\" full=\"false\" link=\"true\"><\/bl-button><\/div>","protected":false},"excerpt":{"rendered":"<div class=\"keypoints\">\n<h3 class=\"keypoints__title\">Les points cl\u00e9s<\/h3>\n<ul role=\"list\">\n<li class=\"keypoints__item\" role=\"listitem\">                                        Compatibilit\u00e9 : Tous feux dont induction                      <\/li>\n<li class=\"keypoints__item\" role=\"listitem\">                                        Poign\u00e9e : Fixe                      <\/li>\n<li class=\"keypoints__item\" role=\"listitem\">                          Diam\u00e8tre : 24,00 cm &#8211;                                        Nombre de pi\u00e8ces : 1 pi\u00e8ce &#8211;                                                      Couleur : Rouge                      <\/li>\n<li class=\"keypoints__item keypoints__item--advantage\" role=\"listitem\"><strong>Le + :<\/strong> Id\u00e9ale pour mijoter, pour 4 \u00e0 6 personnes      <\/li>\n<\/ul>","protected":false},"featured_media":53792,"template":"","meta":{"_glsr_average":0,"_glsr_ranking":0,"_glsr_reviews":0},"product_cat":[401],"product_tag":[395,230,402],"class_list":{"0":"post-100061","1":"product","2":"type-product","3":"status-publish","4":"has-post-thumbnail","6":"product_cat-mijoteur-cocotte","7":"product_tag-cuiseur-mijoteur-cookeo","8":"product_tag-cuisine-et-cuisson","9":"product_tag-mijoteur-cocotte","11":"first","12":"instock","13":"sale","14":"shipping-taxable","15":"purchasable","16":"product-type-simple"},"_links":{"self":[{"href":"https:\/\/electromenagerexpress.com\/en\/wp-json\/wp\/v2\/product\/100061","targetHints":{"allow":["GET"]}}],"collection":[{"href":"https:\/\/electromenagerexpress.com\/en\/wp-json\/wp\/v2\/product"}],"about":[{"href":"https:\/\/electromenagerexpress.com\/en\/wp-json\/wp\/v2\/types\/product"}],"wp:featuredmedia":[{"embeddable":true,"href":"https:\/\/electromenagerexpress.com\/en\/wp-json\/wp\/v2\/media\/53792"}],"wp:attachment":[{"href":"https:\/\/electromenagerexpress.com\/en\/wp-json\/wp\/v2\/media?parent=100061"}],"wp:term":[{"taxonomy":"product_cat","embeddable":true,"href":"https:\/\/electromenagerexpress.com\/en\/wp-json\/wp\/v2\/product_cat?post=100061"},{"taxonomy":"product_tag","embeddable":true,"href":"https:\/\/electromenagerexpress.com\/en\/wp-json\/wp\/v2\/product_tag?post=100061"}],"curies":[{"name":"wp","href":"https:\/\/api.w.org\/{rel}","templated":true}]}}