{"id":100060,"date":"2024-11-28T18:35:36","date_gmt":"2024-11-28T18:35:36","guid":{"rendered":"https:\/\/electromenagerexpress.com\/product\/cocottele-creuset20-cm-rhone-bouton-dore\/"},"modified":"2024-11-28T18:35:39","modified_gmt":"2024-11-28T18:35:39","slug":"cocottele-creuset20-cm-rhone-bouton-dore","status":"publish","type":"product","link":"https:\/\/electromenagerexpress.com\/en\/product\/cocottele-creuset20-cm-rhone-bouton-dore\/","title":{"rendered":"Cocotte\t\t\t\t\t\t\tLE CREUSET\t\t\t\t20 cm Rh\u00f4ne Bouton Dor\u00e9"},"content":{"rendered":"<div class=\"product-features__content\">\n<ul role=\"list\">\n<li class=\"product-features__item\" role=\"listitem\">\n<h3 class=\"product-features__label\">Caract\u00e9ristiques g\u00e9n\u00e9rales<\/h3>\n<ul role=\"list\">\n<li class=\"product-features__item-list__item\" role=\"listitem\"><span class=\"is--medium\">Nombre de pi\u00e8ces :<\/span> 1 pi\u00e8ce\t\t\t\t\t<\/li>\n<li class=\"product-features__item-list__item\" role=\"listitem\"><span class=\"is--medium\">Mati\u00e8re :<\/span> Fonte \u00e9maill\u00e9e\t\t\t\t\t<\/li>\n<li class=\"product-features__item-list__item\" role=\"listitem\"><span class=\"is--medium\">Rev\u00eatement int\u00e9rieur :<\/span> Fonte \u00e9maill\u00e9e\t\t\t\t\t<\/li>\n<li class=\"product-features__item-list__item\" role=\"listitem\"><span class=\"is--medium\">Compatibilit\u00e9 :<\/span> Tous feux dont induction\t\t\t\t\t<\/li>\n<li class=\"product-features__item-list__item\" role=\"listitem\"><span class=\"is--medium\">Couvercle :<\/span> Oui\t\t\t\t\t<\/li>\n<li class=\"product-features__item-list__item\" role=\"listitem\"><span class=\"is--medium\">Poign\u00e9e :<\/span> Fixe\t\t\t\t\t<\/li>\n<li class=\"product-features__item-list__item\" role=\"listitem\"><span class=\"is--medium\">Couleur :<\/span> Noir\/Bordeaux\/Beige\t\t\t\t\t<\/li>\n<\/ul>\n<\/li>\n<li class=\"product-features__item\" role=\"listitem\">\n<h3 class=\"product-features__label\">Dimensions<\/h3>\n<ul role=\"list\">\n<li class=\"product-features__item-list__item\" role=\"listitem\"><span class=\"is--medium\">Diam\u00e8tre :<\/span> 20,00 cm\t\t\t\t\t<\/li>\n<\/ul>\n<\/li>\n<li class=\"product-features__item\" role=\"listitem\">\n<h3 class=\"product-features__label\">Informations compl\u00e9mentaires<\/h3>\n<ul role=\"list\">\n<li class=\"product-features__item-list__item\" role=\"listitem\"><span class=\"is--medium\">R\u00e9f\u00e9rence constructeur :<\/span> 20 cm Rh\u00f4ne Bouton Dor\u00e9\t\t\t\t\t<\/li>\n<li class=\"product-features__item-list__item\" role=\"listitem\"><span class=\"is--medium\">Marque :<\/span> LE CREUSET\t\t\t\t\t<\/li>\n<li class=\"product-features__item-list__item\" role=\"listitem\"><span class=\"is--medium\">Disponibilit\u00e9 des pi\u00e8ces d\u00e9tach\u00e9es (donn\u00e9es fournisseur) :<\/span> Pas de pi\u00e8ce disponible\t\t\t\t\t<\/li>\n<li class=\"product-features__item-list__item\" role=\"listitem\"><span class=\"is--medium\">Fabriqu\u00e9 en :<\/span> France\t\t\t\t\t<\/li>\n<\/ul>\n<\/li>\n<\/ul>\n<\/div>\n<div class=\"product__disclosure-content\">\n<div class=\"js-read-more product-description__content read-more read-more--truncated\" data-read-more-name=\"description\" style=\"max-height: 500px; overflow: hidden;\">\n<div class=\"product__description-content read-more\">\n<p>Cocotte LE CREUSET 20 cm Rh\u00f4ne Bouton Dor\u00e9 : L&rsquo;alliance de l&rsquo;\u00e9l\u00e9gance et de la performance<\/p>\n<h3><img fetchpriority=\"high\" decoding=\"async\" alt=\"Cocotte LE CREUSET 20 cm Rh\u00f4ne Bouton Dor\u00e9\" class=\"wy_tableau_gauche\" height=\"270\" src=\"https:\/\/boulanger.scene7.com\/is\/image\/Boulanger\/0024147332510_h_f_l_0?wid=400&amp;hei=270\" width=\"400\"\/>Un design raffin\u00e9 et une qualit\u00e9 in\u00e9gal\u00e9e<\/h3>\n<p>La Cocotte LE CREUSET 20 cm Rh\u00f4ne Bouton Dor\u00e9 est une pi\u00e8ce d&rsquo;exception qui allie esth\u00e9tique et fonctionnalit\u00e9. Fabriqu\u00e9e en France, cette cocotte en fonte \u00e9maill\u00e9e affiche un design multicolore noir, bordeaux et beige, qui apporte une touche d&rsquo;\u00e9l\u00e9gance \u00e0 votre table. Le diam\u00e8tre de 20 cm est id\u00e9al pour pr\u00e9parer des repas savoureux pour 4 \u00e0 6 personnes. La qualit\u00e9 de la fonte \u00e9maill\u00e9e assure une r\u00e9partition homog\u00e8ne de la chaleur pour des plats mijot\u00e9s \u00e0 la perfection.<\/p>\n<\/p>\n<\/p>\n<h3><img decoding=\"async\" alt=\"Cocotte LE CREUSET 20 cm Rh\u00f4ne Bouton Dor\u00e9\" class=\"wy_tableau_right\" height=\"270\" src=\"https:\/\/boulanger.scene7.com\/is\/image\/Boulanger\/0024147332510_h_f_l_1?wid=400&amp;hei=270\" width=\"400\"\/><\/h3>\n<h3> <\/h3>\n<h3> <\/h3>\n<h3>Compatibilit\u00e9 et praticit\u00e9 au quotidien<\/h3>\n<p>Con\u00e7ue pour s&rsquo;adapter \u00e0 tous les types de feux, y compris l&rsquo;induction, la Cocotte LE CREUSET garantit une utilisation polyvalente et pratique. Les poign\u00e9es fixes offrent une prise en main s\u00fbre et confortable, tandis que le couvercle inclus permet de conserver l&rsquo;humidit\u00e9 et les ar\u00f4mes des aliments durant la cuisson. Cette cocotte compacte est facile \u00e0 manipuler et \u00e0 ranger. Elle repr\u00e9sente un investissement durable pour tous les amateurs de cuisine qui recherchent un ustensile de qualit\u00e9 professionnelle pour leur cuisine.<\/p>\n<\/div>\n<\/div>\n<p><bl-button a11yexpanded=\"false\" arialabel=\"Afficher toute la description\" class=\"read-more__btn\" full=\"false\" link=\"true\"><\/bl-button><\/div>","protected":false},"excerpt":{"rendered":"<div class=\"keypoints\">\n<h3 class=\"keypoints__title\">Les points cl\u00e9s<\/h3>\n<ul role=\"list\">\n<li class=\"keypoints__item\" role=\"listitem\">                                        Compatibilit\u00e9 : Tous feux dont induction                      <\/li>\n<li class=\"keypoints__item\" role=\"listitem\">                                        Poign\u00e9e : Fixe                      <\/li>\n<li class=\"keypoints__item\" role=\"listitem\">                                        Rev\u00eatement int\u00e9rieur : Fonte \u00e9maill\u00e9e                      <\/li>\n<li class=\"keypoints__item\" role=\"listitem\">                          Diam\u00e8tre : 20,00 cm &#8211;                                        Nombre de pi\u00e8ces : 1 pi\u00e8ce &#8211;                                                      Couleur : Noir\/Bordeaux\/Beige                      <\/li>\n<li class=\"keypoints__item keypoints__item--advantage\" role=\"listitem\"><strong>Le + :<\/strong> id\u00e9al pour mijoter des plats pour 2 \u00e0 4 personnes.      <\/li>\n<\/ul>","protected":false},"featured_media":53786,"template":"","meta":{"_glsr_average":0,"_glsr_ranking":0,"_glsr_reviews":0},"product_cat":[401],"product_tag":[395,230,402],"class_list":{"0":"post-100060","1":"product","2":"type-product","3":"status-publish","4":"has-post-thumbnail","6":"product_cat-mijoteur-cocotte","7":"product_tag-cuiseur-mijoteur-cookeo","8":"product_tag-cuisine-et-cuisson","9":"product_tag-mijoteur-cocotte","11":"first","12":"instock","13":"sale","14":"shipping-taxable","15":"purchasable","16":"product-type-simple"},"_links":{"self":[{"href":"https:\/\/electromenagerexpress.com\/en\/wp-json\/wp\/v2\/product\/100060","targetHints":{"allow":["GET"]}}],"collection":[{"href":"https:\/\/electromenagerexpress.com\/en\/wp-json\/wp\/v2\/product"}],"about":[{"href":"https:\/\/electromenagerexpress.com\/en\/wp-json\/wp\/v2\/types\/product"}],"wp:featuredmedia":[{"embeddable":true,"href":"https:\/\/electromenagerexpress.com\/en\/wp-json\/wp\/v2\/media\/53786"}],"wp:attachment":[{"href":"https:\/\/electromenagerexpress.com\/en\/wp-json\/wp\/v2\/media?parent=100060"}],"wp:term":[{"taxonomy":"product_cat","embeddable":true,"href":"https:\/\/electromenagerexpress.com\/en\/wp-json\/wp\/v2\/product_cat?post=100060"},{"taxonomy":"product_tag","embeddable":true,"href":"https:\/\/electromenagerexpress.com\/en\/wp-json\/wp\/v2\/product_tag?post=100060"}],"curies":[{"name":"wp","href":"https:\/\/api.w.org\/{rel}","templated":true}]}}