{"id":100055,"date":"2024-11-28T18:35:13","date_gmt":"2024-11-28T18:35:13","guid":{"rendered":"https:\/\/electromenagerexpress.com\/product\/cocottele-creuset24-cm-rhone-bouton-dore\/"},"modified":"2024-11-28T18:35:16","modified_gmt":"2024-11-28T18:35:16","slug":"cocottele-creuset24-cm-rhone-bouton-dore","status":"publish","type":"product","link":"https:\/\/electromenagerexpress.com\/en\/product\/cocottele-creuset24-cm-rhone-bouton-dore\/","title":{"rendered":"Cocotte\t\t\t\t\t\t\tLE CREUSET\t\t\t\t24 cm Rh\u00f4ne Bouton Dor\u00e9"},"content":{"rendered":"<div class=\"product-features__content\">\n<ul role=\"list\">\n<li class=\"product-features__item\" role=\"listitem\">\n<h3 class=\"product-features__label\">Caract\u00e9ristiques g\u00e9n\u00e9rales<\/h3>\n<ul role=\"list\">\n<li class=\"product-features__item-list__item\" role=\"listitem\"><span class=\"is--medium\">Nombre de pi\u00e8ces :<\/span> 1 pi\u00e8ce\t\t\t\t\t<\/li>\n<li class=\"product-features__item-list__item\" role=\"listitem\"><span class=\"is--medium\">Mati\u00e8re :<\/span> Fonte \u00e9maill\u00e9e\t\t\t\t\t<\/li>\n<li class=\"product-features__item-list__item\" role=\"listitem\"><span class=\"is--medium\">Rev\u00eatement int\u00e9rieur :<\/span> Fonte \u00e9maill\u00e9e\t\t\t\t\t<\/li>\n<li class=\"product-features__item-list__item\" role=\"listitem\"><span class=\"is--medium\">Compatibilit\u00e9 :<\/span> Tous feux dont induction\t\t\t\t\t<\/li>\n<li class=\"product-features__item-list__item\" role=\"listitem\"><span class=\"is--medium\">Couvercle :<\/span> Oui\t\t\t\t\t<\/li>\n<li class=\"product-features__item-list__item\" role=\"listitem\"><span class=\"is--medium\">Poign\u00e9e :<\/span> Fixe\t\t\t\t\t<\/li>\n<li class=\"product-features__item-list__item\" role=\"listitem\"><span class=\"is--medium\">Couleur :<\/span> Noir\/Bordeaux\/Beige\t\t\t\t\t<\/li>\n<\/ul>\n<\/li>\n<li class=\"product-features__item\" role=\"listitem\">\n<h3 class=\"product-features__label\">Dimensions<\/h3>\n<ul role=\"list\">\n<li class=\"product-features__item-list__item\" role=\"listitem\"><span class=\"is--medium\">Diam\u00e8tre :<\/span> 24,00 cm\t\t\t\t\t<\/li>\n<\/ul>\n<\/li>\n<li class=\"product-features__item\" role=\"listitem\">\n<h3 class=\"product-features__label\">Informations compl\u00e9mentaires<\/h3>\n<ul role=\"list\">\n<li class=\"product-features__item-list__item\" role=\"listitem\"><span class=\"is--medium\">R\u00e9f\u00e9rence constructeur :<\/span> 24 cm Rh\u00f4ne Bouton Dor\u00e9\t\t\t\t\t<\/li>\n<li class=\"product-features__item-list__item\" role=\"listitem\"><span class=\"is--medium\">Marque :<\/span> LE CREUSET\t\t\t\t\t<\/li>\n<li class=\"product-features__item-list__item\" role=\"listitem\"><span class=\"is--medium\">Disponibilit\u00e9 des pi\u00e8ces d\u00e9tach\u00e9es (donn\u00e9es fournisseur) :<\/span> Pas de pi\u00e8ce disponible\t\t\t\t\t<\/li>\n<li class=\"product-features__item-list__item\" role=\"listitem\"><span class=\"is--medium\">Fabriqu\u00e9 en :<\/span> France\t\t\t\t\t<\/li>\n<\/ul>\n<\/li>\n<\/ul>\n<\/div>","protected":false},"excerpt":{"rendered":"<div class=\"keypoints\">\n<h3 class=\"keypoints__title\">Les points cl\u00e9s<\/h3>\n<ul role=\"list\">\n<li class=\"keypoints__item\" role=\"listitem\">                                        Compatibilit\u00e9 : Tous feux dont induction                      <\/li>\n<li class=\"keypoints__item\" role=\"listitem\">                                        Poign\u00e9e : Fixe                      <\/li>\n<li class=\"keypoints__item\" role=\"listitem\">                                        Rev\u00eatement int\u00e9rieur : Fonte \u00e9maill\u00e9e                      <\/li>\n<li class=\"keypoints__item\" role=\"listitem\">                          Diam\u00e8tre : 24,00 cm &#8211;                                        Nombre de pi\u00e8ces : 1 pi\u00e8ce &#8211;                                                      Couleur : Noir\/Bordeaux\/Beige                      <\/li>\n<li class=\"keypoints__item keypoints__item--advantage\" role=\"listitem\"><strong>Le + :<\/strong> id\u00e9al pour mijoter des plats pour 4 \u00e0 6 personnes ; compatible cuisson au four.      <\/li>\n<\/ul>","protected":false},"featured_media":53747,"template":"","meta":{"_glsr_average":0,"_glsr_ranking":0,"_glsr_reviews":0},"product_cat":[401],"product_tag":[395,230,402],"class_list":{"0":"post-100055","1":"product","2":"type-product","3":"status-publish","4":"has-post-thumbnail","6":"product_cat-mijoteur-cocotte","7":"product_tag-cuiseur-mijoteur-cookeo","8":"product_tag-cuisine-et-cuisson","9":"product_tag-mijoteur-cocotte","11":"first","12":"instock","13":"sale","14":"shipping-taxable","15":"purchasable","16":"product-type-simple"},"_links":{"self":[{"href":"https:\/\/electromenagerexpress.com\/en\/wp-json\/wp\/v2\/product\/100055","targetHints":{"allow":["GET"]}}],"collection":[{"href":"https:\/\/electromenagerexpress.com\/en\/wp-json\/wp\/v2\/product"}],"about":[{"href":"https:\/\/electromenagerexpress.com\/en\/wp-json\/wp\/v2\/types\/product"}],"wp:featuredmedia":[{"embeddable":true,"href":"https:\/\/electromenagerexpress.com\/en\/wp-json\/wp\/v2\/media\/53747"}],"wp:attachment":[{"href":"https:\/\/electromenagerexpress.com\/en\/wp-json\/wp\/v2\/media?parent=100055"}],"wp:term":[{"taxonomy":"product_cat","embeddable":true,"href":"https:\/\/electromenagerexpress.com\/en\/wp-json\/wp\/v2\/product_cat?post=100055"},{"taxonomy":"product_tag","embeddable":true,"href":"https:\/\/electromenagerexpress.com\/en\/wp-json\/wp\/v2\/product_tag?post=100055"}],"curies":[{"name":"wp","href":"https:\/\/api.w.org\/{rel}","templated":true}]}}