{"id":100051,"date":"2024-11-28T18:35:03","date_gmt":"2024-11-28T18:35:03","guid":{"rendered":"https:\/\/electromenagerexpress.com\/product\/cocottele-creusetsignature-noire-diam-28-cm\/"},"modified":"2024-11-28T18:35:04","modified_gmt":"2024-11-28T18:35:04","slug":"cocottele-creusetsignature-noire-diam-28-cm","status":"publish","type":"product","link":"https:\/\/electromenagerexpress.com\/en\/product\/cocottele-creusetsignature-noire-diam-28-cm\/","title":{"rendered":"Cocotte\t\t\t\t\t\t\tLE CREUSET\t\t\t\tSignature noire diam 28 cm"},"content":{"rendered":"<div class=\"product-features__content\">\n<ul role=\"list\">\n<li class=\"product-features__item\" role=\"listitem\">\n<h3 class=\"product-features__label\">Caract\u00e9ristiques g\u00e9n\u00e9rales<\/h3>\n<ul role=\"list\">\n<li class=\"product-features__item-list__item\" role=\"listitem\"><span class=\"is--medium\">Nombre de pi\u00e8ces :<\/span> 1 pi\u00e8ce\t\t\t\t\t<\/li>\n<li class=\"product-features__item-list__item\" role=\"listitem\"><span class=\"is--medium\">Lave-vaisselle :<\/span> Oui\t\t\t\t\t<\/li>\n<li class=\"product-features__item-list__item\" role=\"listitem\"><span class=\"is--medium\">Mati\u00e8re :<\/span> <b>Fonte \u00e9maill\u00e9e<\/b><i> : Le principal avantage est une r\u00e9partition optimale de la chaleur. Cette mati\u00e8re a la particularit\u00e9 de ne pas rouiller. R\u00e9siste aux hautes temp\u00e9ratures.<\/i><\/li>\n<li class=\"product-features__item-list__item\" role=\"listitem\"><span class=\"is--medium\">Nombre de personnes :<\/span> Jusqu&rsquo;\u00e0 8 personnes\t\t\t\t\t<\/li>\n<li class=\"product-features__item-list__item\" role=\"listitem\"><span class=\"is--medium\">Graduation :<\/span> Non\t\t\t\t\t<\/li>\n<li class=\"product-features__item-list__item\" role=\"listitem\"><span class=\"is--medium\">Rev\u00eatement int\u00e9rieur :<\/span> Emaill\u00e9\t\t\t\t\t<\/li>\n<li class=\"product-features__item-list__item\" role=\"listitem\"><span class=\"is--medium\">Compatibilit\u00e9 :<\/span> Tous feux dont induction\t\t\t\t\t<\/li>\n<li class=\"product-features__item-list__item\" role=\"listitem\"><span class=\"is--medium\">Couvercle :<\/span> Oui\t\t\t\t\t<\/li>\n<li class=\"product-features__item-list__item\" role=\"listitem\"><span class=\"is--medium\">Poign\u00e9e :<\/span> Fixe\t\t\t\t\t<\/li>\n<li class=\"product-features__item-list__item\" role=\"listitem\"><span class=\"is--medium\">Forme :<\/span> Rond\t\t\t\t\t<\/li>\n<li class=\"product-features__item-list__item\" role=\"listitem\"><span class=\"is--medium\">Couleur :<\/span> Noir\t\t\t\t\t<\/li>\n<li class=\"product-features__item-list__item\" role=\"listitem\"><span class=\"is--medium\">Particularit\u00e9 :<\/span> Pour 6 \u00e0 8 personnes. Excellente r\u00e9partition de la chaleur pour une cuisson douce et homog\u00e8ne\t\t\t\t\t<\/li>\n<\/ul>\n<\/li>\n<li class=\"product-features__item\" role=\"listitem\">\n<h3 class=\"product-features__label\">Dimensions<\/h3>\n<ul role=\"list\">\n<li class=\"product-features__item-list__item\" role=\"listitem\"><span class=\"is--medium\">Capacit\u00e9 :<\/span> 6,7 L\t\t\t\t\t<\/li>\n<li class=\"product-features__item-list__item\" role=\"listitem\"><span class=\"is--medium\">Diam\u00e8tre :<\/span> 28,00 cm\t\t\t\t\t<\/li>\n<\/ul>\n<\/li>\n<li class=\"product-features__item\" role=\"listitem\">\n<h3 class=\"product-features__label\">Informations compl\u00e9mentaires<\/h3>\n<ul role=\"list\">\n<li class=\"product-features__item-list__item\" role=\"listitem\"><span class=\"is--medium\">R\u00e9f\u00e9rence constructeur :<\/span> Signature noire diam 28 cm\t\t\t\t\t<\/li>\n<li class=\"product-features__item-list__item\" role=\"listitem\"><span class=\"is--medium\">Marque :<\/span> LE CREUSET\t\t\t\t\t<\/li>\n<li class=\"product-features__item-list__item\" role=\"listitem\"><span class=\"is--medium\">Garantie :<\/span> 2 ans\t\t\t\t\t<\/li>\n<li class=\"product-features__item-list__item\" role=\"listitem\"><span class=\"is--medium\">Disponibilit\u00e9 des pi\u00e8ces d\u00e9tach\u00e9es (donn\u00e9es fournisseur) :<\/span> Pas de pi\u00e8ce disponible\t\t\t\t\t<\/li>\n<li class=\"product-features__item-list__item\" role=\"listitem\"><span class=\"is--medium\">Fabriqu\u00e9 en :<\/span> France\t\t\t\t\t<\/li>\n<\/ul>\n<\/li>\n<\/ul>\n<\/div>\n<div class=\"product__disclosure-content\">\n<div class=\"js-read-more product-description__content read-more read-more--truncated\" data-read-more-name=\"description\" style=\"max-height: 500px; overflow: hidden;\">\n<p>Pour retrouver le plaisir des saveurs d&rsquo;antan, l&rsquo;authentique Cocotte ronde LE CREUSET Signature est id\u00e9ale, d&rsquo;autant qu&rsquo;elle est fabriqu\u00e9e en France.<\/p>\n<h3><img fetchpriority=\"high\" decoding=\"async\" ,=\"\" alt=\"Cocotte ronde LE CREUSET Signature noire diam 28 cm\" class=\"wy_tableau_gauche\" height=\"270\" src=\"https:\/\/boulanger.scene7.com\/is\/image\/Boulanger\/0024147260981_h_f_l_0?wid=400&amp;hei=270\" width=\"400\"\/>Des plats traditionnels toujours r\u00e9ussis<\/h3>\n<p>Afin de r\u00e9galer votre entourage de recettes savoureuses, optez pour la Cocotte ronde LE CREUSET Signature. Gr\u00e2ce \u00e0 sa <b>conception en fonte<\/b>, elle assurera une <b>conduction optimale<\/b> de la chaleur et r\u00e9sistera aux \u00e9preuves du temps. Solidit\u00e9 et performance, telles sont les promesses de cette cocotte au <b>rev\u00eatement int\u00e9rieur \u00e9maill\u00e9<\/b> pour un nettoyage simplifi\u00e9.<\/p>\n<p>Plats en sauce, rago\u00fbts, daubes, r\u00f4tis et soupes n&rsquo;auront plus de secrets pour vous avec la Cocotte ronde LE CREUSET Signature. Polyvalente, elle est <b>compatible tous feux<\/b>. Elle pourra donc aussi bien s&rsquo;utiliser au four que sur une plaque de cuisson <b>\u00e0 gaz ou \u00e0 induction<\/b>. Elle pourra m\u00eame aller sous le gril, de quoi vous garantir des plats cuits de fa\u00e7on homog\u00e8ne.<\/p>\n<h3><img decoding=\"async\" ,=\"\" alt=\"Cocotte ronde LE CREUSET Signature noire diam 28 cm\" class=\"wy_tableau_right\" height=\"270\" src=\"https:\/\/boulanger.scene7.com\/is\/image\/Boulanger\/0024147260981_h_f_l_1?wid=400&amp;hei=270\" width=\"400\"\/>Ce qu&rsquo;il se fait de mieux en mati\u00e8re de qualit\u00e9<\/h3>\n<p>Le service sera \u00e9galement facilit\u00e9 avec la Cocotte ronde LE CREUSET Signature. En effet, son couvercle est pourvu d&rsquo;un <b>bouton thermor\u00e9sistant<\/b> qui ne craindra pas les fortes mont\u00e9es de chaleur, puisqu&rsquo;il tiendra <b>jusqu&rsquo;\u00e0 250\u00b0C<\/b>. Pratique, il vous permettra d&rsquo;ouvrir la cocotte d&rsquo;une seule main, m\u00eame avec un gant de cuisson. Vous n&rsquo;aurez pas non plus \u00e0 quitter vos gants au moment de passer \u00e0 table, puisque les <b>larges poign\u00e9es<\/b> ont \u00e9t\u00e9 pens\u00e9es pour vous garantir une prise en main simplifi\u00e9e.<\/p>\n<p>Quant au <b>couvercle herm\u00e9tique<\/b> de la Cocotte ronde LE CREUSET Signature, il assurera d&rsquo;excellentes cuissons en vase clos mais pourra aussi conserver la chaleur de vos plats lors des repas. Avec cette cocotte, vous aurez de quoi cuisiner <b>pour 6 \u00e0 8 personnes<\/b>. Notez qu&rsquo;elle est enti\u00e8rement <b>fabriqu\u00e9e en France<\/b>, un gage de qualit\u00e9 pour les utilisateurs en qu\u00eate de ce qu&rsquo;il y a de meilleur pour leur cuisine.<\/p>\n<\/p>\n<\/div>\n<p><bl-button a11yexpanded=\"false\" arialabel=\"Afficher toute la description\" class=\"read-more__btn\" full=\"false\" link=\"true\"><\/bl-button><\/div>","protected":false},"excerpt":{"rendered":"<div class=\"keypoints\">\n<h3 class=\"keypoints__title\">Les points cl\u00e9s<\/h3>\n<ul role=\"list\">\n<li class=\"keypoints__item\" role=\"listitem\">                                        Compatibilit\u00e9 : Tous feux dont induction                      <\/li>\n<li class=\"keypoints__item\" role=\"listitem\">                                        Poign\u00e9e : Fixe                      <\/li>\n<li class=\"keypoints__item\" role=\"listitem\">                                        Rev\u00eatement int\u00e9rieur : Emaill\u00e9                      <\/li>\n<li class=\"keypoints__item\" role=\"listitem\">                          Diam\u00e8tre : 28,00 cm &#8211;                                        Nombre de pi\u00e8ces : 1 pi\u00e8ce &#8211;                                                      Couleur : Noir                      <\/li>\n<li class=\"keypoints__item keypoints__item--advantage\" role=\"listitem\"><strong>Le + :<\/strong> Id\u00e9ale pour mijoter, pour 6 \u00e0 8 personnes      <\/li>\n<\/ul>","protected":false},"featured_media":53733,"template":"","meta":{"_glsr_average":0,"_glsr_ranking":0,"_glsr_reviews":0},"product_cat":[401],"product_tag":[395,230,402],"class_list":{"0":"post-100051","1":"product","2":"type-product","3":"status-publish","4":"has-post-thumbnail","6":"product_cat-mijoteur-cocotte","7":"product_tag-cuiseur-mijoteur-cookeo","8":"product_tag-cuisine-et-cuisson","9":"product_tag-mijoteur-cocotte","11":"first","12":"instock","13":"sale","14":"shipping-taxable","15":"purchasable","16":"product-type-simple"},"_links":{"self":[{"href":"https:\/\/electromenagerexpress.com\/en\/wp-json\/wp\/v2\/product\/100051","targetHints":{"allow":["GET"]}}],"collection":[{"href":"https:\/\/electromenagerexpress.com\/en\/wp-json\/wp\/v2\/product"}],"about":[{"href":"https:\/\/electromenagerexpress.com\/en\/wp-json\/wp\/v2\/types\/product"}],"wp:featuredmedia":[{"embeddable":true,"href":"https:\/\/electromenagerexpress.com\/en\/wp-json\/wp\/v2\/media\/53733"}],"wp:attachment":[{"href":"https:\/\/electromenagerexpress.com\/en\/wp-json\/wp\/v2\/media?parent=100051"}],"wp:term":[{"taxonomy":"product_cat","embeddable":true,"href":"https:\/\/electromenagerexpress.com\/en\/wp-json\/wp\/v2\/product_cat?post=100051"},{"taxonomy":"product_tag","embeddable":true,"href":"https:\/\/electromenagerexpress.com\/en\/wp-json\/wp\/v2\/product_tag?post=100051"}],"curies":[{"name":"wp","href":"https:\/\/api.w.org\/{rel}","templated":true}]}}