{"id":100048,"date":"2024-11-28T18:34:46","date_gmt":"2024-11-28T18:34:46","guid":{"rendered":"https:\/\/electromenagerexpress.com\/product\/cocottele-creuset31-cm-rhone-bouton-dore\/"},"modified":"2024-11-28T18:34:48","modified_gmt":"2024-11-28T18:34:48","slug":"cocottele-creuset31-cm-rhone-bouton-dore","status":"publish","type":"product","link":"https:\/\/electromenagerexpress.com\/en\/product\/cocottele-creuset31-cm-rhone-bouton-dore\/","title":{"rendered":"Cocotte\t\t\t\t\t\t\tLE CREUSET\t\t\t\t31 cm Rh\u00f4ne Bouton Dor\u00e9"},"content":{"rendered":"<div class=\"product-features__content\">\n<ul role=\"list\">\n<li class=\"product-features__item\" role=\"listitem\">\n<h3 class=\"product-features__label\">Caract\u00e9ristiques g\u00e9n\u00e9rales<\/h3>\n<ul role=\"list\">\n<li class=\"product-features__item-list__item\" role=\"listitem\"><span class=\"is--medium\">Nombre de pi\u00e8ces :<\/span> 1 pi\u00e8ce\t\t\t\t\t<\/li>\n<li class=\"product-features__item-list__item\" role=\"listitem\"><span class=\"is--medium\">Mati\u00e8re :<\/span> Fonte \u00e9maill\u00e9e\t\t\t\t\t<\/li>\n<li class=\"product-features__item-list__item\" role=\"listitem\"><span class=\"is--medium\">Rev\u00eatement int\u00e9rieur :<\/span> Fonte \u00e9maill\u00e9e\t\t\t\t\t<\/li>\n<li class=\"product-features__item-list__item\" role=\"listitem\"><span class=\"is--medium\">Compatibilit\u00e9 :<\/span> Tous feux dont induction\t\t\t\t\t<\/li>\n<li class=\"product-features__item-list__item\" role=\"listitem\"><span class=\"is--medium\">Couvercle :<\/span> Oui\t\t\t\t\t<\/li>\n<li class=\"product-features__item-list__item\" role=\"listitem\"><span class=\"is--medium\">Poign\u00e9e :<\/span> Fixe\t\t\t\t\t<\/li>\n<li class=\"product-features__item-list__item\" role=\"listitem\"><span class=\"is--medium\">Couleur :<\/span> Noir\/Bordeaux\/Beige\t\t\t\t\t<\/li>\n<\/ul>\n<\/li>\n<li class=\"product-features__item\" role=\"listitem\">\n<h3 class=\"product-features__label\">Dimensions<\/h3>\n<ul role=\"list\">\n<li class=\"product-features__item-list__item\" role=\"listitem\"><span class=\"is--medium\">Diam\u00e8tre :<\/span> 31,00 cm\t\t\t\t\t<\/li>\n<\/ul>\n<\/li>\n<li class=\"product-features__item\" role=\"listitem\">\n<h3 class=\"product-features__label\">Informations compl\u00e9mentaires<\/h3>\n<ul role=\"list\">\n<li class=\"product-features__item-list__item\" role=\"listitem\"><span class=\"is--medium\">R\u00e9f\u00e9rence constructeur :<\/span> 31 cm Rh\u00f4ne Bouton Dor\u00e9\t\t\t\t\t<\/li>\n<li class=\"product-features__item-list__item\" role=\"listitem\"><span class=\"is--medium\">Marque :<\/span> LE CREUSET\t\t\t\t\t<\/li>\n<li class=\"product-features__item-list__item\" role=\"listitem\"><span class=\"is--medium\">Disponibilit\u00e9 des pi\u00e8ces d\u00e9tach\u00e9es (donn\u00e9es fournisseur) :<\/span> Pas de pi\u00e8ce disponible\t\t\t\t\t<\/li>\n<li class=\"product-features__item-list__item\" role=\"listitem\"><span class=\"is--medium\">Fabriqu\u00e9 en :<\/span> France\t\t\t\t\t<\/li>\n<\/ul>\n<\/li>\n<\/ul>\n<\/div>\n<div class=\"product__disclosure-content\">\n<div class=\"js-read-more product-description__content read-more read-more--truncated\" data-read-more-name=\"description\" style=\"max-height: 500px; overflow: hidden;\">\n<div class=\"product__description-content read-more\">\n<p>Cocotte LE CREUSET 31 cm Rh\u00f4ne Bouton Dor\u00e9 : L&rsquo;alliance de l&rsquo;\u00e9l\u00e9gance et de la performance<\/p>\n<h3><img fetchpriority=\"high\" decoding=\"async\" alt=\"Cocotte LE CREUSET 31 cm Rh\u00f4ne Bouton Dor\u00e9\" class=\"wy_tableau_gauche\" height=\"270\" src=\"https:\/\/boulanger.scene7.com\/is\/image\/Boulanger\/0024147329510_h_f_l_0?wid=400&amp;hei=270\" width=\"400\"\/>Une conception en fonte \u00e9maill\u00e9e haut de gamme<\/h3>\n<p>La Cocotte LE CREUSET est un must-have pour les amateurs de cuisine qui recherchent \u00e0 la fois qualit\u00e9 et durabilit\u00e9. Fabriqu\u00e9e en fonte \u00e9maill\u00e9e, cette cocotte garantit une r\u00e9partition homog\u00e8ne de la chaleur, permettant ainsi une cuisson parfaite de vos plats. Avec son int\u00e9rieur \u00e9galement \u00e9maill\u00e9, elle assure une excellente r\u00e9sistance aux rayures et une facilit\u00e9 de nettoyage remarquable. De plus, sa conception monobloc avec poign\u00e9es fixes offre une prise en main s\u00e9curis\u00e9e et une grande facilit\u00e9 de transport du four \u00e0 la table.<\/p>\n<\/p>\n<h3><img decoding=\"async\" alt=\"Cocotte LE CREUSET 31 cm Rh\u00f4ne Bouton Dor\u00e9\" class=\"wy_tableau_right\" height=\"270\" src=\"https:\/\/boulanger.scene7.com\/is\/image\/Boulanger\/0024147329510_h_f_l_1?wid=400&amp;hei=270\" width=\"400\"\/>Compatibilit\u00e9 et design intemporel<\/h3>\n<p>Con\u00e7ue pour s&rsquo;adapter \u00e0 tous les types de feux, y compris l&rsquo;induction, la Cocotte LE CREUSET 31 cm Rh\u00f4ne Bouton Dor\u00e9 est un choix polyvalent pour toutes les cuisines. Son design bordeaux et dor\u00e9 apporte une touche d&rsquo;\u00e9l\u00e9gance \u00e0 votre int\u00e9rieur, tandis que son couvercle herm\u00e9tique conserve les ar\u00f4mes et saveurs de vos pr\u00e9parations. Avec un diam\u00e8tre g\u00e9n\u00e9reux de 31 cm, elle est id\u00e9ale pour les repas en famille ou entre amis. Enfin, cette pi\u00e8ce d&rsquo;exception est fabriqu\u00e9e en France, gage d&rsquo;un savoir-faire et d&rsquo;une qualit\u00e9 irr\u00e9prochables.<\/p>\n<\/div>\n<\/div>\n<p><bl-button a11yexpanded=\"false\" arialabel=\"Afficher toute la description\" class=\"read-more__btn\" full=\"false\" link=\"true\"><\/bl-button><\/div>","protected":false},"excerpt":{"rendered":"<div class=\"keypoints\">\n<h3 class=\"keypoints__title\">Les points cl\u00e9s<\/h3>\n<ul role=\"list\">\n<li class=\"keypoints__item\" role=\"listitem\">                                        Compatibilit\u00e9 : Tous feux dont induction                      <\/li>\n<li class=\"keypoints__item\" role=\"listitem\">                                        Poign\u00e9e : Fixe                      <\/li>\n<li class=\"keypoints__item\" role=\"listitem\">                                        Rev\u00eatement int\u00e9rieur : Fonte \u00e9maill\u00e9e                      <\/li>\n<li class=\"keypoints__item\" role=\"listitem\">                          Diam\u00e8tre : 31,00 cm &#8211;                                        Nombre de pi\u00e8ces : 1 pi\u00e8ce &#8211;                                                      Couleur : Noir\/Bordeaux\/Beige                      <\/li>\n<li class=\"keypoints__item keypoints__item--advantage\" role=\"listitem\"><strong>Le + :<\/strong> parfaite pour la cuisson d&rsquo;une volaille ou d&rsquo;un r\u00f4ti, pour 6 \u00e0 8 personnes      <\/li>\n<\/ul>","protected":false},"featured_media":53703,"template":"","meta":{"_glsr_average":0,"_glsr_ranking":0,"_glsr_reviews":0},"product_cat":[401],"product_tag":[395,230,402],"class_list":{"0":"post-100048","1":"product","2":"type-product","3":"status-publish","4":"has-post-thumbnail","6":"product_cat-mijoteur-cocotte","7":"product_tag-cuiseur-mijoteur-cookeo","8":"product_tag-cuisine-et-cuisson","9":"product_tag-mijoteur-cocotte","11":"first","12":"instock","13":"sale","14":"shipping-taxable","15":"purchasable","16":"product-type-simple"},"_links":{"self":[{"href":"https:\/\/electromenagerexpress.com\/en\/wp-json\/wp\/v2\/product\/100048","targetHints":{"allow":["GET"]}}],"collection":[{"href":"https:\/\/electromenagerexpress.com\/en\/wp-json\/wp\/v2\/product"}],"about":[{"href":"https:\/\/electromenagerexpress.com\/en\/wp-json\/wp\/v2\/types\/product"}],"wp:featuredmedia":[{"embeddable":true,"href":"https:\/\/electromenagerexpress.com\/en\/wp-json\/wp\/v2\/media\/53703"}],"wp:attachment":[{"href":"https:\/\/electromenagerexpress.com\/en\/wp-json\/wp\/v2\/media?parent=100048"}],"wp:term":[{"taxonomy":"product_cat","embeddable":true,"href":"https:\/\/electromenagerexpress.com\/en\/wp-json\/wp\/v2\/product_cat?post=100048"},{"taxonomy":"product_tag","embeddable":true,"href":"https:\/\/electromenagerexpress.com\/en\/wp-json\/wp\/v2\/product_tag?post=100048"}],"curies":[{"name":"wp","href":"https:\/\/api.w.org\/{rel}","templated":true}]}}