{"id":100046,"date":"2024-11-28T18:34:34","date_gmt":"2024-11-28T18:34:34","guid":{"rendered":"https:\/\/electromenagerexpress.com\/product\/cuiseur-vapeurmagimixmultifonction-11582\/"},"modified":"2024-11-28T18:34:40","modified_gmt":"2024-11-28T18:34:40","slug":"cuiseur-vapeurmagimixmultifonction-11582","status":"publish","type":"product","link":"https:\/\/electromenagerexpress.com\/en\/product\/cuiseur-vapeurmagimixmultifonction-11582\/","title":{"rendered":"Cuiseur vapeur\t\t\t\t\t\t\tMAGIMIX\t\t\t\tmultifonction 11582"},"content":{"rendered":"<div class=\"product-features__content\">\n<ul role=\"list\">\n<li class=\"product-features__item\" role=\"listitem\">\n<h3 class=\"product-features__label\">Caract\u00e9ristiques g\u00e9n\u00e9rales<\/h3>\n<ul role=\"list\">\n<li class=\"product-features__item-list__item\" role=\"listitem\"><span class=\"is--medium\">Coloris :<\/span> Inox \/ Noir\t\t\t\t\t<\/li>\n<li class=\"product-features__item-list__item\" role=\"listitem\"><span class=\"is--medium\">Fonction :<\/span> Cuiseur vapeur\t\t\t\t\t<\/li>\n<li class=\"product-features__item-list__item\" role=\"listitem\"><span class=\"is--medium\">Puissance :<\/span> 1.900 W\t\t\t\t\t<\/li>\n<li class=\"product-features__item-list__item\" role=\"listitem\"><span class=\"is--medium\">Capacit\u00e9 totale :<\/span> 12,20 L\t\t\t\t\t<\/li>\n<li class=\"product-features__item-list__item\" role=\"listitem\"><span class=\"is--medium\">Affichage :<\/span> Digital\t\t\t\t\t<\/li>\n<li class=\"product-features__item-list__item\" role=\"listitem\"><span class=\"is--medium\">Arr\u00eat automatique :<\/span> Oui\t\t\t\t\t<\/li>\n<li class=\"product-features__item-list__item\" role=\"listitem\"><span class=\"is--medium\">Signal sonore :<\/span> Oui\t\t\t\t\t<\/li>\n<li class=\"product-features__item-list__item\" role=\"listitem\"><span class=\"is--medium\">Maintien au chaud :<\/span> Oui\t\t\t\t\t<\/li>\n<li class=\"product-features__item-list__item\" role=\"listitem\"><span class=\"is--medium\">Garantie Magimix :<\/span> 2 ans main d&rsquo;oeuvre 3 ans pi\u00e8ces\t\t\t\t\t<\/li>\n<li class=\"product-features__item-list__item\" role=\"listitem\"><span class=\"is--medium\">Energie :<\/span> Electrique\t\t\t\t\t<\/li>\n<li class=\"product-features__item-list__item\" role=\"listitem\"><span class=\"is--medium\">Couleur :<\/span> Inox \/ Noir\t\t\t\t\t<\/li>\n<li class=\"product-features__item-list__item\" role=\"listitem\"><span class=\"is--medium\">Particularit\u00e9 :<\/span> 2 paniers vapeur en inox de 5,5 L\t\t\t\t\t<\/li>\n<\/ul>\n<\/li>\n<li class=\"product-features__item\" role=\"listitem\">\n<h3 class=\"product-features__label\">Bols et Supports<\/h3>\n<ul role=\"list\">\n<li class=\"product-features__item-list__item\" role=\"listitem\"><span class=\"is--medium\">Bol \u00e0 riz\/soupe :<\/span> 2 l\t\t\t\t\t<\/li>\n<li class=\"product-features__item-list__item\" role=\"listitem\"><span class=\"is--medium\">Bol sup\u00e9rieur avec fond amovible :<\/span> Oui\t\t\t\t\t<\/li>\n<li class=\"product-features__item-list__item\" role=\"listitem\"><span class=\"is--medium\">Nombre bols vapeurs :<\/span> 2\t\t\t\t\t<\/li>\n<\/ul>\n<\/li>\n<li class=\"product-features__item\" role=\"listitem\">\n<h3 class=\"product-features__label\">Fonctions sp\u00e9cifiques<\/h3>\n<ul role=\"list\">\n<li class=\"product-features__item-list__item\" role=\"listitem\"><span class=\"is--medium\">Cuisson poisson :<\/span> Oui\t\t\t\t\t<\/li>\n<li class=\"product-features__item-list__item\" role=\"listitem\"><span class=\"is--medium\">Fonction yaourti\u00e8re :<\/span> Oui\t\t\t\t\t<\/li>\n<\/ul>\n<\/li>\n<li class=\"product-features__item\" role=\"listitem\">\n<h3 class=\"product-features__label\">S\u00e9curit\u00e9<\/h3>\n<ul role=\"list\">\n<li class=\"product-features__item-list__item\" role=\"listitem\"><span class=\"is--medium\">Sans Bisph\u00e9nol A :<\/span> Oui\t\t\t\t\t<\/li>\n<\/ul>\n<\/li>\n<li class=\"product-features__item\" role=\"listitem\">\n<h3 class=\"product-features__label\">Informations compl\u00e9mentaires<\/h3>\n<ul role=\"list\">\n<li class=\"product-features__item-list__item\" role=\"listitem\"><span class=\"is--medium\">Fabriqu\u00e9 en :<\/span> Chine\t\t\t\t\t<\/li>\n<li class=\"product-features__item-list__item\" role=\"listitem\"><span class=\"is--medium\">Garantie :<\/span> 2 ans\t\t\t\t\t<\/li>\n<li class=\"product-features__item-list__item\" role=\"listitem\"><span class=\"is--medium\">Disponibilit\u00e9 des pi\u00e8ces d\u00e9tach\u00e9es (donn\u00e9es fournisseur) :<\/span> Pendant 10 ans\t\t\t\t\t<\/li>\n<li class=\"product-features__item-list__item\" role=\"listitem\"><span class=\"is--medium\">R\u00e9f\u00e9rence constructeur :<\/span> multifonction 11582\t\t\t\t\t<\/li>\n<li class=\"product-features__item-list__item\" role=\"listitem\"><span class=\"is--medium\">Marque :<\/span> MAGIMIX\t\t\t\t\t<\/li>\n<\/ul>\n<\/li>\n<li class=\"product-features__item\" role=\"listitem\">\n<h3 class=\"product-features__label\">Dimensions<\/h3>\n<ul role=\"list\">\n<li class=\"product-features__item-list__item\" role=\"listitem\"><span class=\"is--medium\">Dimensions l x h x p :<\/span> NC x 29.5 x 26.1 cm\t\t\t\t\t<\/li>\n<li class=\"product-features__item-list__item\" role=\"listitem\"><span class=\"is--medium\">Poids Net (kg) :<\/span> 4.25\t\t\t\t\t<\/li>\n<\/ul>\n<\/li>\n<\/ul>\n<\/div>\n<div class=\"product__disclosure-content\">\n<div class=\"js-read-more product-description__content read-more read-more--truncated\" data-read-more-name=\"description\" style=\"max-height: 500px; overflow: hidden;\">\n<p>Le cuiseur vapeur MAGIMIX multifonction 11582 vous permet de r\u00e9aliser une multitude de plats, de l&rsquo;entr\u00e9e au dessert en passant par le plat de r\u00e9sistance. Sa grande capacit\u00e9 et ses \u00e9quipements ing\u00e9nieux seront parfaits pour la pr\u00e9paration d&rsquo;aliments sains et savoureux. Fourni avec un livre de recettes, il deviendra vite un compagnon indispensable en cuisine.<\/p>\n<h3>Un cuiseur grande capacit\u00e9 pour une cuisson rapide<img fetchpriority=\"high\" decoding=\"async\" alt=\"Cuiseur vapeur MAGIMIX multifonction 11582\" class=\"wy_tableau_gauche\" height=\"270\" src=\"https:\/\/boulanger.scene7.com\/is\/image\/Boulanger\/3519280115825_h_f_l_0?wid=400&amp;hei=270\" width=\"400\"\/><\/h3>\n<p>Le cuiseur vapeur MAGIMIX multifonction 11582 dispose de <b>2 paniers vapeur en inox de 5,5 L<\/b> ainsi qu&rsquo;un couvercle en verre. Ainsi, il poss\u00e8de une capacit\u00e9 maximale de 12,2 L, de quoi pr\u00e9parer de savoureux repas pour une famille enti\u00e8re. Int\u00e9grant un \u00e9cran digital, il est \u00e9galement facile \u00e0 utiliser et \u00e0 programmer.<\/p>\n<p>Il s&rsquo;\u00e9quipe d&rsquo;une <b>r\u00e9sistance ultra puissante<\/b> offrant une diffusion de la vapeur optimale. Gr\u00e2ce \u00e0 lui, vos aliments contiennent <b>2 fois plus de vitamines C<\/b>, en comparaison avec un autocuiseur traditionnel. <\/p>\n<h3>Un appareil multifonction pour r\u00e9ussir toutes vos recettes<img decoding=\"async\" alt=\"Cuiseur vapeur MAGIMIX multifonction 11582\" class=\"wy_tableau_right\" height=\"270\" src=\"https:\/\/boulanger.scene7.com\/is\/image\/Boulanger\/3519280115825_h_f_l_1?wid=400&amp;hei=270\" width=\"400\"\/><\/h3>\n<p>Le cuiseur vapeur MAGIMIX multifonction 11582 vous propose <b>4 programmes de cuisson<\/b> : une cuisson vapeur \u00e0 100 \u00b0C id\u00e9ale pour les viandes, les l\u00e9gumes et les desserts, une cuisson douce \u00e0 80 \u00b0C parfaite pour pr\u00e9server la texture d\u00e9licate du poisson, une fonction de maintien au chaud \u00e0 60 \u00b0C et un programme \u00e0 40 \u00b0C vous permettant de r\u00e9aliser vos yaourts maison. Et pour r\u00e9ussir \u00e0 tous les co\u00fbts la cuisson du riz, ce mod\u00e8le comprend un bol en inox avec couvercle inclus, r\u00e9sistant au chaud et au froid.<\/p>\n<p>D\u00e9veloppez vos comp\u00e9tences culinaires en vous appuyant sur le <b>livre de 50 recettes<\/b> fourni avec l&rsquo;appareil. Avec lui, vous r\u00e9galerez vos convives de l&rsquo;entr\u00e9e au dessert !<\/p>\n<\/p>\n<p><video class=\"s7Video\" controls=\"\" controlslist=\"nodownload\" poster=\"https:\/\/boulanger.scene7.com\/is\/image\/Boulanger\/3519280115825_v_0?scl=1\" preload=\"metadata\" src=\"https:\/\/boulanger.scene7.com\/is\/content\/Boulanger\/3519280115825_v_0\" width=\"100%\"><\/video><\/p>\n<\/div>\n<p><bl-button a11yexpanded=\"false\" arialabel=\"Afficher toute la description\" class=\"read-more__btn\" full=\"false\" link=\"true\"><\/bl-button><\/div>","protected":false},"excerpt":{"rendered":"<div class=\"keypoints\">\n<h3 class=\"keypoints__title\">Les points cl\u00e9s<\/h3>\n<ul role=\"list\">\n<li class=\"keypoints__item\" role=\"listitem\">                                        1.900 W                      <\/li>\n<li class=\"keypoints__item\" role=\"listitem\">                          Capacit\u00e9 totale : 12,20 L &#8211;                                                      2 paniers vapeur en inox de 5,5 L                      <\/li>\n<li class=\"keypoints__item keypoints__item--advantage\" role=\"listitem\"><strong>Le + :<\/strong> Performance des 4 programmes pour cuisiner de l&rsquo;entr\u00e9e au dessert et hauteur ajustable. Grand confort avec \u00e9cran digital, bol riz inox et livre 50 recettes.      <\/li>\n<\/ul>","protected":false},"featured_media":53681,"template":"","meta":{"_glsr_average":0,"_glsr_ranking":0,"_glsr_reviews":0},"product_cat":[399],"product_tag":[395,400,230],"class_list":{"0":"post-100046","1":"product","2":"type-product","3":"status-publish","4":"has-post-thumbnail","6":"product_cat-cuiseur-vapeur","7":"product_tag-cuiseur-mijoteur-cookeo","8":"product_tag-cuiseur-vapeur","9":"product_tag-cuisine-et-cuisson","11":"first","12":"instock","13":"sale","14":"shipping-taxable","15":"purchasable","16":"product-type-simple"},"_links":{"self":[{"href":"https:\/\/electromenagerexpress.com\/en\/wp-json\/wp\/v2\/product\/100046","targetHints":{"allow":["GET"]}}],"collection":[{"href":"https:\/\/electromenagerexpress.com\/en\/wp-json\/wp\/v2\/product"}],"about":[{"href":"https:\/\/electromenagerexpress.com\/en\/wp-json\/wp\/v2\/types\/product"}],"wp:featuredmedia":[{"embeddable":true,"href":"https:\/\/electromenagerexpress.com\/en\/wp-json\/wp\/v2\/media\/53681"}],"wp:attachment":[{"href":"https:\/\/electromenagerexpress.com\/en\/wp-json\/wp\/v2\/media?parent=100046"}],"wp:term":[{"taxonomy":"product_cat","embeddable":true,"href":"https:\/\/electromenagerexpress.com\/en\/wp-json\/wp\/v2\/product_cat?post=100046"},{"taxonomy":"product_tag","embeddable":true,"href":"https:\/\/electromenagerexpress.com\/en\/wp-json\/wp\/v2\/product_tag?post=100046"}],"curies":[{"name":"wp","href":"https:\/\/api.w.org\/{rel}","templated":true}]}}