{"id":100045,"date":"2024-11-28T18:34:24","date_gmt":"2024-11-28T18:34:24","guid":{"rendered":"https:\/\/electromenagerexpress.com\/product\/multicuiseurphilipsair-cooker-series-7000-nx0960-96\/"},"modified":"2024-11-28T18:34:31","modified_gmt":"2024-11-28T18:34:31","slug":"multicuiseurphilipsair-cooker-series-7000-nx0960-96","status":"publish","type":"product","link":"https:\/\/electromenagerexpress.com\/en\/product\/multicuiseurphilipsair-cooker-series-7000-nx0960-96\/","title":{"rendered":"Multicuiseur\t\t\t\t\t\t\tPHILIPS\t\t\t\tAir Cooker S\u00e9ries 7000 NX0960\/96"},"content":{"rendered":"<div class=\"product-features__content\">\n<ul role=\"list\">\n<li class=\"product-features__item\" role=\"listitem\">\n<h3 class=\"product-features__label\">Choisir ce produit pour quels usages ?<\/h3>\n<ul role=\"list\">\n<li class=\"product-features__item-list__item\" role=\"listitem\"><span class=\"is--medium\">Capacit\u00e9 totale :<\/span> 7L, jusqu&rsquo;\u00e0 7 personnes\t\t\t\t\t<\/li>\n<li class=\"product-features__item-list__item\" role=\"listitem\"><span class=\"is--medium\">Cuisiner et mijoter sans surveillance :<\/span> permet la pr\u00e9paration d&rsquo;une grande vari\u00e9t\u00e9 de plats en toute simplicit\u00e9 et s\u00e9curit\u00e9\t\t\t\t\t<\/li>\n<li class=\"product-features__item-list__item\" role=\"listitem\"><span class=\"is--medium\">Id\u00e9al pour cuire :<\/span> un boeuf bourguignon, une blanquette de veau, des cuisses de poulet marin\u00e9es aux \u00e9pices\t\t\t\t\t<\/li>\n<\/ul>\n<\/li>\n<li class=\"product-features__item\" role=\"listitem\">\n<h3 class=\"product-features__label\">Mode(s) de cuisson<\/h3>\n<ul role=\"list\">\n<li class=\"product-features__item-list__item\" role=\"listitem\"><span class=\"is--medium\">Nombre de recettes pr\u00e9-programm\u00e9es :<\/span> 300 recettes pr\u00e9programm\u00e9es, pour une grande diversit\u00e9 de plats faits main (sains, simples, pr\u00e9cis et rapides)\t\t\t\t\t<\/li>\n<li class=\"product-features__item-list__item\" role=\"listitem\"><span class=\"is--medium\">Recettes illimit\u00e9es :<\/span> oui, permet d&rsquo;acc\u00e9der \u00e0 des milliers de recettes \u00e9labor\u00e9es par la marque ou par la communaut\u00e9\t\t\t\t\t<\/li>\n<li class=\"product-features__item-list__item\" role=\"listitem\"><span class=\"is--medium\">Mode manuel :<\/span> oui, permet d&rsquo;ajuster les r\u00e9glages de cuisson selon vos besoins\t\t\t\t\t<\/li>\n<li class=\"product-features__item-list__item\" role=\"listitem\"><span class=\"is--medium\">Personnalisation :<\/span> oui, permet de m\u00e9moriser vos recettes pr\u00e9f\u00e9r\u00e9es et d&rsquo;y acc\u00e9der en un seul clic\t\t\t\t\t<\/li>\n<li class=\"product-features__item-list__item\" role=\"listitem\"><span class=\"is--medium\">Mijoter :<\/span> oui, permet de cuire \u00e0 temp\u00e9rature basse et constante les aliments pendant une p\u00e9riode prolong\u00e9e, id\u00e9al pour les plats mijot\u00e9s et les sauces\t\t\t\t\t<\/li>\n<li class=\"product-features__item-list__item\" role=\"listitem\"><span class=\"is--medium\">R\u00f4tir :<\/span> oui, permet de cuire comme dans four poulet, r\u00f4ti etc&#8230;\t\t\t\t\t<\/li>\n<li class=\"product-features__item-list__item\" role=\"listitem\"><span class=\"is--medium\">Frire sans huile :<\/span> oui, id\u00e9al pour la cuisson sans huile des frites, nuggets, beignets, croquettes\t\t\t\t\t<\/li>\n<li class=\"product-features__item-list__item\" role=\"listitem\"><span class=\"is--medium\">Vapeur :<\/span> oui, en utilisant de la vapeur pour cuire doucement les aliments , ce mode de cuisson permet de pr\u00e9server les nutriments et les saveurs des aliments sans mati\u00e8res grasses\t\t\t\t\t<\/li>\n<li class=\"product-features__item-list__item\" role=\"listitem\"><span class=\"is--medium\">R\u00e9chauffer :<\/span> Oui\t\t\t\t\t<\/li>\n<li class=\"product-features__item-list__item\" role=\"listitem\"><span class=\"is--medium\">Cuire au four et r\u00f4tir: :<\/span> Oui\t\t\t\t\t<\/li>\n<li class=\"product-features__item-list__item\" role=\"listitem\"><span class=\"is--medium\">Maintien au chaud :<\/span> Oui\t\t\t\t\t<\/li>\n<li class=\"product-features__item-list__item\" role=\"listitem\"><span class=\"is--medium\">Cuisson sous pression :<\/span> Non\t\t\t\t\t<\/li>\n<li class=\"product-features__item-list__item\" role=\"listitem\"><span class=\"is--medium\">Cuire au four et r\u00f4tir :<\/span> oui, permet de cuire des gratins,des muffins ou des quiches en \u00e9conomisant du temps et de l&rsquo;espace\t\t\t\t\t<\/li>\n<\/ul>\n<\/li>\n<li class=\"product-features__item\" role=\"listitem\">\n<h3 class=\"product-features__label\">Confort d&rsquo;utilisation<\/h3>\n<ul role=\"list\">\n<li class=\"product-features__item-list__item\" role=\"listitem\"><span class=\"is--medium\">Connect\u00e9 :<\/span> wifi\t\t\t\t\t<\/li>\n<li class=\"product-features__item-list__item\" role=\"listitem\"><span class=\"is--medium\">Le saviez-vous ? :<\/span> les multicuiseurs connect\u00e9s permettent d&rsquo;acc\u00e9der \u00e0 un catalogue d&rsquo;id\u00e9e recettes, des mises \u00e0 jour automatiques mais aussi un contr\u00f4le pr\u00e9cis des param\u00e8tres de cuisson, des recettes aliment\u00e9es en permanence via l&rsquo;appli et la communaut\u00e9\t\t\t\t\t<\/li>\n<li class=\"product-features__item-list__item\" role=\"listitem\"><span class=\"is--medium\">Recette pas \u00e0 pas :<\/span> sur l&rsquo;application gratuite\t\t\t\t\t<\/li>\n<li class=\"product-features__item-list__item\" role=\"listitem\"><span class=\"is--medium\">Ecran tactile :<\/span> Non\t\t\t\t\t<\/li>\n<li class=\"product-features__item-list__item\" role=\"listitem\"><span class=\"is--medium\">Ecran inclinable :<\/span> Non\t\t\t\t\t<\/li>\n<li class=\"product-features__item-list__item\" role=\"listitem\"><span class=\"is--medium\">D\u00e9part diff\u00e9r\u00e9 :<\/span> Oui\t\t\t\t\t<\/li>\n<li class=\"product-features__item-list__item\" role=\"listitem\"><span class=\"is--medium\">Minuterie :<\/span> Oui\t\t\t\t\t<\/li>\n<li class=\"product-features__item-list__item\" role=\"listitem\"><span class=\"is--medium\">Signal sonore de fin de cuisson :<\/span> Oui\t\t\t\t\t<\/li>\n<li class=\"product-features__item-list__item\" role=\"listitem\"><span class=\"is--medium\">Nettoyage de la cuve amovible au lave vaisselle :<\/span> Oui\t\t\t\t\t<\/li>\n<li class=\"product-features__item-list__item\" role=\"listitem\"><span class=\"is--medium\">Couleur :<\/span> Noir\t\t\t\t\t<\/li>\n<\/ul>\n<\/li>\n<li class=\"product-features__item\" role=\"listitem\">\n<h3 class=\"product-features__label\">Accessoires fournis<\/h3>\n<ul role=\"list\">\n<li class=\"product-features__item-list__item\" role=\"listitem\"><span class=\"is--medium\">Grille :<\/span> oui, permet de cuire plusieurs type d&rsquo;aliments simultan\u00e9ment pour un gain de temps et d&rsquo;espace\t\t\t\t\t<\/li>\n<li class=\"product-features__item-list__item\" role=\"listitem\"><span class=\"is--medium\">Panier vapeur :<\/span> oui, permet de cuire sans ajout de mati\u00e8res grasses et de conserver tous les nutriments et les saveurs naturelles\t\t\t\t\t<\/li>\n<li class=\"product-features__item-list__item\" role=\"listitem\"><span class=\"is--medium\">Moule \u00e0 g\u00e2teau :<\/span> permet de cuire des g\u00e2teaux, puddings, et autres desserts de mani\u00e8re pratique et uniforme\t\t\t\t\t<\/li>\n<li class=\"product-features__item-list__item\" role=\"listitem\"><span class=\"is--medium\">Balance :<\/span> Non\t\t\t\t\t<\/li>\n<li class=\"product-features__item-list__item\" role=\"listitem\"><span class=\"is--medium\">Pots de yaourt :<\/span> Non\t\t\t\t\t<\/li>\n<\/ul>\n<\/li>\n<li class=\"product-features__item\" role=\"listitem\">\n<h3 class=\"product-features__label\">Caract\u00e9ristiques de la cuve<\/h3>\n<ul role=\"list\">\n<li class=\"product-features__item-list__item\" role=\"listitem\"><span class=\"is--medium\">Capacit\u00e9 :<\/span> 2,20 L\t\t\t\t\t<\/li>\n<li class=\"product-features__item-list__item\" role=\"listitem\"><span class=\"is--medium\">Capacit\u00e9 utile :<\/span> 7,00 L\t\t\t\t\t<\/li>\n<li class=\"product-features__item-list__item\" role=\"listitem\"><span class=\"is--medium\">Mati\u00e8re :<\/span> En Inox\t\t\t\t\t<\/li>\n<li class=\"product-features__item-list__item\" role=\"listitem\"><span class=\"is--medium\">Graduation :<\/span> Non\t\t\t\t\t<\/li>\n<li class=\"product-features__item-list__item\" role=\"listitem\"><span class=\"is--medium\">Cuve amovible :<\/span> Oui\t\t\t\t\t<\/li>\n<li class=\"product-features__item-list__item\" role=\"listitem\"><span class=\"is--medium\">Cuve anti-adh\u00e9sive :<\/span> Oui\t\t\t\t\t<\/li>\n<\/ul>\n<\/li>\n<li class=\"product-features__item\" role=\"listitem\">\n<h3 class=\"product-features__label\">S\u00e9curit\u00e9<\/h3>\n<ul role=\"list\">\n<li class=\"product-features__item-list__item\" role=\"listitem\"><span class=\"is--medium\">Pieds anti-d\u00e9rapants :<\/span> Oui\t\t\t\t\t<\/li>\n<li class=\"product-features__item-list__item\" role=\"listitem\"><span class=\"is--medium\">Parois froides :<\/span> Oui\t\t\t\t\t<\/li>\n<li class=\"product-features__item-list__item\" role=\"listitem\"><span class=\"is--medium\">Poign\u00e9es froides :<\/span> Non\t\t\t\t\t<\/li>\n<li class=\"product-features__item-list__item\" role=\"listitem\"><span class=\"is--medium\">Arr\u00eat automatique en cas de fonctionnement \u00e0 sec :<\/span> Oui\t\t\t\t\t<\/li>\n<li class=\"product-features__item-list__item\" role=\"listitem\"><span class=\"is--medium\">Dispositif en cas de surpression :<\/span> Oui\t\t\t\t\t<\/li>\n<li class=\"product-features__item-list__item\" role=\"listitem\"><span class=\"is--medium\">Arr\u00eat automatique :<\/span> Oui\t\t\t\t\t<\/li>\n<li class=\"product-features__item-list__item\" role=\"listitem\"><span class=\"is--medium\">Verrouillage enfant :<\/span> Non\t\t\t\t\t<\/li>\n<\/ul>\n<\/li>\n<li class=\"product-features__item\" role=\"listitem\">\n<h3 class=\"product-features__label\">Dimensions<\/h3>\n<ul role=\"list\">\n<li class=\"product-features__item-list__item\" role=\"listitem\"><span class=\"is--medium\">Dimensions l x h x p :<\/span> 38.6 x 47.8 x 30.6 cm\t\t\t\t\t<\/li>\n<li class=\"product-features__item-list__item\" role=\"listitem\"><span class=\"is--medium\">Poids Net :<\/span> 8,17 Kg\t\t\t\t\t<\/li>\n<li class=\"product-features__item-list__item\" role=\"listitem\"><span class=\"is--medium\">Poids Brut :<\/span> 10,27 Kg\t\t\t\t\t<\/li>\n<li class=\"product-features__item-list__item\" role=\"listitem\"><span class=\"is--medium\">Volume (l) :<\/span> 7\t\t\t\t\t<\/li>\n<\/ul>\n<\/li>\n<li class=\"product-features__item\" role=\"listitem\">\n<h3 class=\"product-features__label\">Informations compl\u00e9mentaires<\/h3>\n<ul role=\"list\">\n<li class=\"product-features__item-list__item\" role=\"listitem\"><span class=\"is--medium\">Fabriqu\u00e9 en :<\/span> Chine\t\t\t\t\t<\/li>\n<li class=\"product-features__item-list__item\" role=\"listitem\"><span class=\"is--medium\">Garantie :<\/span> 2 ans\t\t\t\t\t<\/li>\n<li class=\"product-features__item-list__item\" role=\"listitem\"><span class=\"is--medium\">Disponibilit\u00e9 des pi\u00e8ces d\u00e9tach\u00e9es (donn\u00e9es fournisseur) :<\/span> Pendant 11 ans, \u00e0 compter de la date d&rsquo;achat\t\t\t\t\t<\/li>\n<li class=\"product-features__item-list__item\" role=\"listitem\"><span class=\"is--medium\">Garantie constructeur :<\/span> 2 ans\t\t\t\t\t<\/li>\n<li class=\"product-features__item-list__item\" role=\"listitem\"><span class=\"is--medium\">Marque :<\/span> PHILIPS\t\t\t\t\t<\/li>\n<\/ul>\n<\/li>\n<\/ul>\n<\/div>\n<div class=\"product__disclosure-content\">\n<div class=\"js-read-more product-description__content read-more read-more--truncated\" data-read-more-name=\"description\" style=\"max-height: 500px; overflow: hidden;\">\n<h3><img fetchpriority=\"high\" decoding=\"async\" alt=\"Expresso SAGE APPLIANCES Oracle Touch\" class=\"wy_tableau_gauche\" height=\"270\" src=\"https:\/\/boulanger.scene7.com\/is\/image\/Boulanger\/8720389016806_h_f_l_9?wid=400&amp;hei=270\" width=\"400\"\/>R\u00e9v\u00e9lez le meilleur de vos ingr\u00e9dients<\/h3>\n<p>Obtenir une cuisson saine et vraiment savoureuse, c&rsquo;est d\u00e9sormais possible avec le nouvel Air Cooker Philips. Red\u00e9couvrez toutes les saveurs de vos aliments frais pr\u00e9f\u00e9r\u00e9s, en pr\u00e9servant \u00e0 la fois leurs nutriments et en sublimant leur go\u00fbt et leur texture. Les l\u00e9gumes gardent leurs couleurs et leur croquant, le poisson conserve toute sa fra\u00eecheur naturelle et la viande reste d\u00e9licieusement tendre. Vous pouvez \u00e9galement y faire cuire votre pain maison, ainsi que d&rsquo;excellents desserts dignes d&rsquo;un chef. <\/p>\n<p><\/p>\n<h3><img decoding=\"async\" alt=\"Expresso SAGE APPLIANCES Oracle Touch\" class=\"wy_tableau_right\" height=\"270\" src=\"https:\/\/boulanger.scene7.com\/is\/image\/Boulanger\/8720389016806_h_f_l_10?wid=400&amp;hei=270\" width=\"400\"\/>Une nouvelle approche de la cuisson<\/h3>\n<p><strong>Manger sain et savoureux, c&rsquo;est enfin possible<\/strong>. La technologie NutriFlavor vous permet de cr\u00e9er le climat de cuisson id\u00e9al en ajustant temp\u00e9rature, humidit\u00e9 et temps afin de sublimer le go\u00fbt et la texture naturelle de vos ingr\u00e9dients frais, tout en garantissant un apport nutritionnel optimal. <strong>L&rsquo;appli NutriU<\/strong>, l&rsquo;expert culinaire qui vous propose plein d&rsquo;id\u00e9es recette, vous guide tout au long de leur pr\u00e9paration, puis d\u00e9finit automatiquement pour vous les conditions de cuisson id\u00e9ales. Vous pouvez ainsi vous concentrer sur le seul plaisir de cuisiner et d&rsquo;exp\u00e9rimenter, en ayant toute confiance dans le r\u00e9sultat. <strong>Plusieurs modes de cuisson<\/strong>. Variez vos repas et r\u00e9alisez tous vos plats sains pr\u00e9f\u00e9r\u00e9s gr\u00e2ce aux multiples modes de cuisson : Air Steam (=Air &amp; vapeur), Vapeur, Cuisson mijot\u00e9e, Cuisson sous-vide, Cuisson au four, R\u00f4tissage, R\u00e9chauffage, D\u00e9cong\u00e9lation. A vous les l\u00e9gumes bien vifs et croquants, les poissons et fruits de mer au bon go\u00fbt de frais, la viande la plus tendre, les soupes et rago\u00fbts nutritifs, le pain maison croustillant, sans oublier les d\u00e9licieux desserts. <\/p>\n<h3><img decoding=\"async\" alt=\"LA QUALITE ET LA GARANTIE WMF\" class=\"wy_tableau_gauche\" height=\"270\" src=\"https:\/\/boulanger.scene7.com\/is\/image\/Boulanger\/8720389016806_h_f_l_11?wid=400&amp;hei=270\" width=\"400\"\/>Une cuisson 30% plus rapide et 70% d&rsquo;\u00e9conomie d&rsquo;\u00e9nergie**<\/h3>\n<p>Faites des \u00e9conomies sur votre facture d&rsquo;\u00e9nergie et soyez plus \u00e9coresponsable, tout en d\u00e9gustant des plats sains et savoureux. Avec l&rsquo;Air Cooker, vous pr\u00e9servez jusqu&rsquo;\u00e0 90% des nutriments*, faites cuire vos aliments jusqu&rsquo;\u00e0 30% plus vite et \u00e9conomisez jusqu&rsquo;\u00e0 70% d&rsquo;\u00e9nergie**. *Test\u00e9 sur brocoli, poivron, pois gourmands pour 90% de vitamine C, sur le saumon pour 93% d&rsquo;om\u00e9ga 3\/6, et sur le boeuf pour 90% de fer. Mesures de laboratoire sur le r\u00e9glage Air Steam (=Air &amp; vapeur). **Pour la cuisson d&rsquo;un poulet de 180g ou d&rsquo;un saumon de 150g en mode Air Steam \u00e0 160\u00b0, en Humidit\u00e9 Haute, compar\u00e9 \u00e0 une cuisson \u00e0 180\u00b0 dans un four standard de Classe A. Sources : laboratoire interne.<\/p>\n<\/p>\n<p><video class=\"s7Video\" controls=\"\" controlslist=\"nodownload\" poster=\"https:\/\/boulanger.scene7.com\/is\/image\/Boulanger\/8720389016806_v_0?scl=1\" preload=\"metadata\" src=\"https:\/\/boulanger.scene7.com\/is\/content\/Boulanger\/8720389016806_v_0\" width=\"100%\"><\/video><\/p>\n<\/div>\n<p><bl-button a11yexpanded=\"false\" arialabel=\"Afficher toute la description\" class=\"read-more__btn\" full=\"false\" link=\"true\">Voir plus<\/bl-button><\/div>","protected":false},"excerpt":{"rendered":"<div class=\"keypoints\">\n<h3 class=\"keypoints__title\">Les points cl\u00e9s<\/h3>\n<ul role=\"list\">\n<li class=\"keypoints__item\" role=\"listitem\">                          Cuisson traditionnelle &#8211;                                                      Airfry                      <\/li>\n<li class=\"keypoints__item\" role=\"listitem\">                                        7L, jusqu&rsquo;\u00e0 7 personnes                      <\/li>\n<li class=\"keypoints__item\" role=\"listitem\">                                        Connect\u00e9                      <\/li>\n<li class=\"keypoints__item keypoints__item--advantage\" role=\"listitem\"><strong>Le + :<\/strong> 4 accessoires inclus. Combine temps, temp\u00e9rature et humidit\u00e9 pour une cuisson \u00e0 la perfection.      <\/li>\n<\/ul>","protected":false},"featured_media":53662,"template":"","meta":{"_glsr_average":0,"_glsr_ranking":0,"_glsr_reviews":0},"product_cat":[397],"product_tag":[395,230,398],"class_list":{"0":"post-100045","1":"product","2":"type-product","3":"status-publish","4":"has-post-thumbnail","6":"product_cat-multicuiseurs","7":"product_tag-cuiseur-mijoteur-cookeo","8":"product_tag-cuisine-et-cuisson","9":"product_tag-multicuiseurs","11":"first","12":"instock","13":"sale","14":"shipping-taxable","15":"purchasable","16":"product-type-simple"},"_links":{"self":[{"href":"https:\/\/electromenagerexpress.com\/en\/wp-json\/wp\/v2\/product\/100045","targetHints":{"allow":["GET"]}}],"collection":[{"href":"https:\/\/electromenagerexpress.com\/en\/wp-json\/wp\/v2\/product"}],"about":[{"href":"https:\/\/electromenagerexpress.com\/en\/wp-json\/wp\/v2\/types\/product"}],"wp:featuredmedia":[{"embeddable":true,"href":"https:\/\/electromenagerexpress.com\/en\/wp-json\/wp\/v2\/media\/53662"}],"wp:attachment":[{"href":"https:\/\/electromenagerexpress.com\/en\/wp-json\/wp\/v2\/media?parent=100045"}],"wp:term":[{"taxonomy":"product_cat","embeddable":true,"href":"https:\/\/electromenagerexpress.com\/en\/wp-json\/wp\/v2\/product_cat?post=100045"},{"taxonomy":"product_tag","embeddable":true,"href":"https:\/\/electromenagerexpress.com\/en\/wp-json\/wp\/v2\/product_tag?post=100045"}],"curies":[{"name":"wp","href":"https:\/\/api.w.org\/{rel}","templated":true}]}}