{"id":100044,"date":"2024-11-28T18:34:15","date_gmt":"2024-11-28T18:34:15","guid":{"rendered":"https:\/\/electromenagerexpress.com\/product\/multicuiseurninjafoodi-max-smartlid-12-en-1-ol650eu\/"},"modified":"2024-11-28T18:34:22","modified_gmt":"2024-11-28T18:34:22","slug":"multicuiseurninjafoodi-max-smartlid-12-en-1-ol650eu","status":"publish","type":"product","link":"https:\/\/electromenagerexpress.com\/en\/product\/multicuiseurninjafoodi-max-smartlid-12-en-1-ol650eu\/","title":{"rendered":"Multicuiseur\t\t\t\t\t\t\tNINJA\t\t\t\tFoodi Max SmartLid 12-en-1 OL650EU"},"content":{"rendered":"<div class=\"product-features__content\">\n<ul role=\"list\">\n<li class=\"product-features__item\" role=\"listitem\">\n<h3 class=\"product-features__label\">Choisir ce produit pour quels usages ?<\/h3>\n<ul role=\"list\">\n<li class=\"product-features__item-list__item\" role=\"listitem\"><span class=\"is--medium\">Capacit\u00e9 totale :<\/span> 7,5L, jusqu&rsquo;\u00e0 8 personnes\t\t\t\t\t<\/li>\n<li class=\"product-features__item-list__item\" role=\"listitem\"><span class=\"is--medium\">Cuisiner et mijoter sans surveillance :<\/span> permet la pr\u00e9paration d&rsquo;une grande vari\u00e9t\u00e9 de plats en toute simplicit\u00e9 et s\u00e9curit\u00e9\t\t\t\t\t<\/li>\n<li class=\"product-features__item-list__item\" role=\"listitem\"><span class=\"is--medium\">Id\u00e9al pour cuire :<\/span> un boeuf bourguignon, une blanquette de veau, des cuisses de poulet marin\u00e9es aux \u00e9pices\t\t\t\t\t<\/li>\n<\/ul>\n<\/li>\n<li class=\"product-features__item\" role=\"listitem\">\n<h3 class=\"product-features__label\">Mode(s) de cuisson<\/h3>\n<ul role=\"list\">\n<li class=\"product-features__item-list__item\" role=\"listitem\"><span class=\"is--medium\">Recettes illimit\u00e9es :<\/span> oui, permet d&rsquo;acc\u00e9der \u00e0 des milliers de recettes \u00e9labor\u00e9es par la marque ou par la communaut\u00e9\t\t\t\t\t<\/li>\n<li class=\"product-features__item-list__item\" role=\"listitem\"><span class=\"is--medium\">Mode manuel :<\/span> oui, permet d&rsquo;ajuster les r\u00e9glages de cuisson selon vos besoins\t\t\t\t\t<\/li>\n<li class=\"product-features__item-list__item\" role=\"listitem\"><span class=\"is--medium\">Personnalisation :<\/span> oui, permet de m\u00e9moriser vos recettes pr\u00e9f\u00e9r\u00e9es et d&rsquo;y acc\u00e9der en un seul clic\t\t\t\t\t<\/li>\n<li class=\"product-features__item-list__item\" role=\"listitem\"><span class=\"is--medium\">Mijoter :<\/span> oui, permet de cuire \u00e0 temp\u00e9rature basse et constante les aliments pendant une p\u00e9riode prolong\u00e9e, id\u00e9al pour les plats mijot\u00e9s et les sauces\t\t\t\t\t<\/li>\n<li class=\"product-features__item-list__item\" role=\"listitem\"><span class=\"is--medium\">Rissoler :<\/span> oui, permet de dorer et rendre croustillants pommes de terres, viandes ou l\u00e9gumes\t\t\t\t\t<\/li>\n<li class=\"product-features__item-list__item\" role=\"listitem\"><span class=\"is--medium\">R\u00f4tir :<\/span> oui, permet de cuire comme dans four poulet, r\u00f4ti etc&#8230;\t\t\t\t\t<\/li>\n<li class=\"product-features__item-list__item\" role=\"listitem\"><span class=\"is--medium\">Frire sans huile :<\/span> oui, id\u00e9al pour la cuisson sans huile des frites, nuggets, beignets, croquettes\t\t\t\t\t<\/li>\n<li class=\"product-features__item-list__item\" role=\"listitem\"><span class=\"is--medium\">Vapeur :<\/span> oui, en utilisant de la vapeur pour cuire doucement les aliments , ce mode de cuisson permet de pr\u00e9server les nutriments et les saveurs des aliments sans mati\u00e8res grasses\t\t\t\t\t<\/li>\n<li class=\"product-features__item-list__item\" role=\"listitem\"><span class=\"is--medium\">R\u00e9chauffer :<\/span> Oui\t\t\t\t\t<\/li>\n<li class=\"product-features__item-list__item\" role=\"listitem\"><span class=\"is--medium\">Cuire au four et r\u00f4tir: :<\/span> Oui\t\t\t\t\t<\/li>\n<li class=\"product-features__item-list__item\" role=\"listitem\"><span class=\"is--medium\">Maintien au chaud :<\/span> Oui\t\t\t\t\t<\/li>\n<li class=\"product-features__item-list__item\" role=\"listitem\"><span class=\"is--medium\">D\u00e9shydrater :<\/span> oui, permet de concentrer les saveurs et de r\u00e9duire le gaspillage alimentaire\t\t\t\t\t<\/li>\n<li class=\"product-features__item-list__item\" role=\"listitem\"><span class=\"is--medium\">Cuisson sous pression :<\/span> Oui\t\t\t\t\t<\/li>\n<li class=\"product-features__item-list__item\" role=\"listitem\"><span class=\"is--medium\">Cuire au four et r\u00f4tir :<\/span> oui, permet de cuire des gratins,des muffins ou des quiches en \u00e9conomisant du temps et de l&rsquo;espace\t\t\t\t\t<\/li>\n<\/ul>\n<\/li>\n<li class=\"product-features__item\" role=\"listitem\">\n<h3 class=\"product-features__label\">Confort d&rsquo;utilisation<\/h3>\n<ul role=\"list\">\n<li class=\"product-features__item-list__item\" role=\"listitem\"><span class=\"is--medium\">Connect\u00e9 :<\/span> non\t\t\t\t\t<\/li>\n<li class=\"product-features__item-list__item\" role=\"listitem\"><span class=\"is--medium\">Ecran tactile :<\/span> Non\t\t\t\t\t<\/li>\n<li class=\"product-features__item-list__item\" role=\"listitem\"><span class=\"is--medium\">Ecran inclinable :<\/span> Non\t\t\t\t\t<\/li>\n<li class=\"product-features__item-list__item\" role=\"listitem\"><span class=\"is--medium\">D\u00e9part diff\u00e9r\u00e9 :<\/span> Non\t\t\t\t\t<\/li>\n<li class=\"product-features__item-list__item\" role=\"listitem\"><span class=\"is--medium\">Minuterie :<\/span> Oui\t\t\t\t\t<\/li>\n<li class=\"product-features__item-list__item\" role=\"listitem\"><span class=\"is--medium\">Signal sonore de fin de cuisson :<\/span> Oui\t\t\t\t\t<\/li>\n<li class=\"product-features__item-list__item\" role=\"listitem\"><span class=\"is--medium\">Nettoyage de la cuve amovible au lave vaisselle :<\/span> Oui\t\t\t\t\t<\/li>\n<li class=\"product-features__item-list__item\" role=\"listitem\"><span class=\"is--medium\">Couleur :<\/span> Noir\/Inox\t\t\t\t\t<\/li>\n<\/ul>\n<\/li>\n<li class=\"product-features__item\" role=\"listitem\">\n<h3 class=\"product-features__label\">Accessoires fournis<\/h3>\n<ul role=\"list\">\n<li class=\"product-features__item-list__item\" role=\"listitem\"><span class=\"is--medium\">Grille :<\/span> oui, permet de cuire plusieurs type d&rsquo;aliments simultan\u00e9ment pour un gain de temps et d&rsquo;espace\t\t\t\t\t<\/li>\n<li class=\"product-features__item-list__item\" role=\"listitem\"><span class=\"is--medium\">Couvercle de croustillage :<\/span> oui, permet de pr\u00e9parer diff\u00e9rents plats croustillants tels que : frites, nuggets, l\u00e9gumes r\u00f4tis comme dans un four traditionnel\t\t\t\t\t<\/li>\n<li class=\"product-features__item-list__item\" role=\"listitem\"><span class=\"is--medium\">Panier vapeur :<\/span> oui, permet de cuire sans ajout de mati\u00e8res grasses et de conserver tous les nutriments et les saveurs naturelles\t\t\t\t\t<\/li>\n<li class=\"product-features__item-list__item\" role=\"listitem\"><span class=\"is--medium\">Balance :<\/span> Non\t\t\t\t\t<\/li>\n<li class=\"product-features__item-list__item\" role=\"listitem\"><span class=\"is--medium\">Pots de yaourt :<\/span> Non\t\t\t\t\t<\/li>\n<\/ul>\n<\/li>\n<li class=\"product-features__item\" role=\"listitem\">\n<h3 class=\"product-features__label\">Caract\u00e9ristiques de la cuve<\/h3>\n<ul role=\"list\">\n<li class=\"product-features__item-list__item\" role=\"listitem\"><span class=\"is--medium\">Capacit\u00e9 :<\/span> 7,50 L\t\t\t\t\t<\/li>\n<li class=\"product-features__item-list__item\" role=\"listitem\"><span class=\"is--medium\">Capacit\u00e9 utile :<\/span> 7,50 L\t\t\t\t\t<\/li>\n<li class=\"product-features__item-list__item\" role=\"listitem\"><span class=\"is--medium\">Mati\u00e8re :<\/span> En c\u00e9ramique\t\t\t\t\t<\/li>\n<li class=\"product-features__item-list__item\" role=\"listitem\"><span class=\"is--medium\">Graduation :<\/span> Oui\t\t\t\t\t<\/li>\n<li class=\"product-features__item-list__item\" role=\"listitem\"><span class=\"is--medium\">Cuve amovible :<\/span> Oui\t\t\t\t\t<\/li>\n<li class=\"product-features__item-list__item\" role=\"listitem\"><span class=\"is--medium\">Cuve anti-adh\u00e9sive :<\/span> Oui\t\t\t\t\t<\/li>\n<\/ul>\n<\/li>\n<li class=\"product-features__item\" role=\"listitem\">\n<h3 class=\"product-features__label\">S\u00e9curit\u00e9<\/h3>\n<ul role=\"list\">\n<li class=\"product-features__item-list__item\" role=\"listitem\"><span class=\"is--medium\">Pieds anti-d\u00e9rapants :<\/span> Oui\t\t\t\t\t<\/li>\n<li class=\"product-features__item-list__item\" role=\"listitem\"><span class=\"is--medium\">Parois froides :<\/span> Oui\t\t\t\t\t<\/li>\n<li class=\"product-features__item-list__item\" role=\"listitem\"><span class=\"is--medium\">Poign\u00e9es froides :<\/span> Oui\t\t\t\t\t<\/li>\n<li class=\"product-features__item-list__item\" role=\"listitem\"><span class=\"is--medium\">Arr\u00eat automatique en cas de fonctionnement \u00e0 sec :<\/span> Oui\t\t\t\t\t<\/li>\n<li class=\"product-features__item-list__item\" role=\"listitem\"><span class=\"is--medium\">Dispositif en cas de surpression :<\/span> Non\t\t\t\t\t<\/li>\n<li class=\"product-features__item-list__item\" role=\"listitem\"><span class=\"is--medium\">Arr\u00eat automatique :<\/span> Oui\t\t\t\t\t<\/li>\n<li class=\"product-features__item-list__item\" role=\"listitem\"><span class=\"is--medium\">Verrouillage enfant :<\/span> Non\t\t\t\t\t<\/li>\n<\/ul>\n<\/li>\n<li class=\"product-features__item\" role=\"listitem\">\n<h3 class=\"product-features__label\">Dimensions<\/h3>\n<ul role=\"list\">\n<li class=\"product-features__item-list__item\" role=\"listitem\"><span class=\"is--medium\">Dimensions l x h x p :<\/span> 39.1 x 43.8 x 39.8 cm\t\t\t\t\t<\/li>\n<li class=\"product-features__item-list__item\" role=\"listitem\"><span class=\"is--medium\">Poids Net :<\/span> 11,30 Kg\t\t\t\t\t<\/li>\n<li class=\"product-features__item-list__item\" role=\"listitem\"><span class=\"is--medium\">Poids Brut :<\/span> 15,00 Kg\t\t\t\t\t<\/li>\n<li class=\"product-features__item-list__item\" role=\"listitem\"><span class=\"is--medium\">Volume (l) :<\/span> 7.5\t\t\t\t\t<\/li>\n<\/ul>\n<\/li>\n<li class=\"product-features__item\" role=\"listitem\">\n<h3 class=\"product-features__label\">Informations compl\u00e9mentaires<\/h3>\n<ul role=\"list\">\n<li class=\"product-features__item-list__item\" role=\"listitem\"><span class=\"is--medium\">Fabriqu\u00e9 en :<\/span> Chine\t\t\t\t\t<\/li>\n<li class=\"product-features__item-list__item\" role=\"listitem\"><span class=\"is--medium\">Garantie :<\/span> 2 ans\t\t\t\t\t<\/li>\n<li class=\"product-features__item-list__item\" role=\"listitem\"><span class=\"is--medium\">Disponibilit\u00e9 des pi\u00e8ces d\u00e9tach\u00e9es (donn\u00e9es fournisseur) :<\/span> Pendant 2 ans, \u00e0 compter de la date d&rsquo;achat\t\t\t\t\t<\/li>\n<li class=\"product-features__item-list__item\" role=\"listitem\"><span class=\"is--medium\">Garantie constructeur :<\/span> 2 ans\t\t\t\t\t<\/li>\n<li class=\"product-features__item-list__item\" role=\"listitem\"><span class=\"is--medium\">Marque :<\/span> NINJA\t\t\t\t\t<\/li>\n<\/ul>\n<\/li>\n<\/ul>\n<\/div>\n<div class=\"product__disclosure-content\">\n<div class=\"js-read-more product-description__content read-more read-more--truncated\" data-read-more-name=\"description\" style=\"max-height: 500px; overflow: hidden;\">\n<h3 style=\"text-align: center;\">\u00a0 \u00a0 \u00a0 \u00a0 \u00a0 \u00a0 \u00a0 \u00a0 \u00a0 \u00a0 \u00a0 \u00a0 \u00a0 \u00a0 \u00a0 \u00a0 \u00a0 \u00a0 \u00a0 \u00a0 \u00a0 \u00a0 \u00a0 \u00a0 \u00a0 \u00a0 \u00a0 \u00a0 \u00a0 \u00a0 \u00a0 Multicuiseur SmartLid 12-en-1 Ninja Foodi Max OL650EU<\/h3>\n<h3><img fetchpriority=\"high\" decoding=\"async\" alt=\"URL SCENE7\" class=\"wy_tableau_gauche\" height=\"305\" src=\"https:\/\/boulanger.scene7.com\/is\/image\/Boulanger\/0622356249973_h_f_l_1?wid=1000\" width=\"305\"\/>Le multicuiseur qui cuit \u00e0 la vapeur et fait croustiller les plats en m\u00eame temps \u00a0<\/h3>\n<p>\u00a0Acc\u00e9dez \u00e0 <b>12 pro<\/b><b>grammes de cuisson dans un seul appareil, et basculez entre 3\u00a0modes d&rsquo;utilisation gr\u00e2ce au curseur intelligent SmartLid\u00a0:<\/b> Autocuiseur, Friteuse\/Cuiseur et le mode Combi-Vapeur pour cuire \u00e0 la vapeur et faire croustiller les plats en m\u00eame temps.\u00a0 Cette m\u00e9thode de cuisson in\u00e9dite associe la cuisson vapeur \u00e0 la convection naturelle pour des aliments parfaitement cuits, tendres et juteux \u00e0 l&rsquo;int\u00e9rieur, et croustillants \u00e0 l&rsquo;exterieur.<\/p>\n<h3>Une cuisine vari\u00e9e, rapide et saine<\/h3>\n<h3>\u00a0<\/h3>\n<h3>\u00a0<\/h3>\n<p>Les 12 programmes de cuisson fonctionnent avec <b>un seul couvercle<\/b>\u00a0pour plus de simplicit\u00e9 et offrent des possibilit\u00e9s infinies\u00a0: cuire sous pression, frire sans huile, griller, cuire au four, d\u00e9shydrater, saisir\/faire sauter, mijoter, yaourt, cuire \u00e0 la vapeur, repas vapeur, cuire au four &amp; vapeur et frire &amp; vapeur.<br \/>Vous manquez de temps ? La cuisson sous pression permet de <b>cuire jusqu&rsquo;\u00e0 70% plus rapidement<\/b> que les m\u00e9thodes de cuisson traditionnelles.Et pour enfin d\u00e9guster des fritures sans culpabiliser et pr\u00e9parer des plats plus sains, faites confiance \u00e0 la friture sans huile.<\/p>\n<h3>Un format grande capacit\u00e9 et simple d&rsquo;entretien<img decoding=\"async\" alt=\"URL SCENE7\" class=\"wy_tableau_right\" height=\"324\" src=\"https:\/\/boulanger.scene7.com\/is\/image\/Boulanger\/0622356249973_h_f_l_3?wid=1000\" width=\"324\"\/><\/h3>\n<p>Cuisinez des plats complets et r\u00e9galez jusqu&rsquo;\u00e0 6 personnes gr\u00e2ce aux accessoires grande capacit\u00e9\u00a0: une cuve de cuisson amovible de 7,5L pouvant accueillir un poulet de 3kg, un panier Crousti de 4,7L pour cuire jusqu&rsquo;\u00e0 1,8 kg de frites, un plat multi-usage et une grille r\u00e9versible \u00e0 2 niveaux pour cuire vos plats principaux et accompagnements en m\u00eame temps.<\/p>\n<p>Les accessoires ont un rev\u00eatement antiadh\u00e9sif et sont lavables au lave-vaisselle pour plus de simplicit\u00e9.<\/p>\n<p>Envie d&rsquo;inspiration ? Consultez le livret de recettes inclus ou rendez-vous sur le site <b>Cooking Circle<\/b> ( <a href=\"https:\/\/cookingcircle.com\/fr\/\">https:\/\/cookingcircle.com\/fr\/<\/a> ) pour d\u00e9couvrir de d\u00e9licieuses recettes \u00e0 r\u00e9aliser dans\u00a0votre Multicuiseur SmartLid 12-en-1 Ninja\u00a0Foodi MAX OL650EU.<\/p>\n<\/p>\n<\/div>\n<p><bl-button a11yexpanded=\"false\" arialabel=\"Afficher toute la description\" class=\"read-more__btn\" full=\"false\" link=\"true\">Voir plus<\/bl-button><\/div>","protected":false},"excerpt":{"rendered":"<div class=\"keypoints\">\n<h3 class=\"keypoints__title\">Les points cl\u00e9s<\/h3>\n<ul role=\"list\">\n<li class=\"keypoints__item\" role=\"listitem\">                          Cuisson traditionnelle &#8211;                                                      Airfry                      <\/li>\n<li class=\"keypoints__item\" role=\"listitem\">                                        7,5L, jusqu&rsquo;\u00e0 8 personnes                      <\/li>\n<li class=\"keypoints__item\" role=\"listitem\">                                        12 modes de cuisson                      <\/li>\n<li class=\"keypoints__item\" role=\"listitem\">                                        Non connect\u00e9                      <\/li>\n<li class=\"keypoints__item keypoints__item--advantage\" role=\"listitem\"><strong>Le + :<\/strong> Fonction air fryer pour une cuisson sans huiles      <\/li>\n<\/ul>","protected":false},"featured_media":53645,"template":"","meta":{"_glsr_average":0,"_glsr_ranking":0,"_glsr_reviews":0},"product_cat":[397],"product_tag":[395,230,398],"class_list":{"0":"post-100044","1":"product","2":"type-product","3":"status-publish","4":"has-post-thumbnail","6":"product_cat-multicuiseurs","7":"product_tag-cuiseur-mijoteur-cookeo","8":"product_tag-cuisine-et-cuisson","9":"product_tag-multicuiseurs","11":"first","12":"instock","13":"sale","14":"shipping-taxable","15":"purchasable","16":"product-type-simple"},"_links":{"self":[{"href":"https:\/\/electromenagerexpress.com\/en\/wp-json\/wp\/v2\/product\/100044","targetHints":{"allow":["GET"]}}],"collection":[{"href":"https:\/\/electromenagerexpress.com\/en\/wp-json\/wp\/v2\/product"}],"about":[{"href":"https:\/\/electromenagerexpress.com\/en\/wp-json\/wp\/v2\/types\/product"}],"wp:featuredmedia":[{"embeddable":true,"href":"https:\/\/electromenagerexpress.com\/en\/wp-json\/wp\/v2\/media\/53645"}],"wp:attachment":[{"href":"https:\/\/electromenagerexpress.com\/en\/wp-json\/wp\/v2\/media?parent=100044"}],"wp:term":[{"taxonomy":"product_cat","embeddable":true,"href":"https:\/\/electromenagerexpress.com\/en\/wp-json\/wp\/v2\/product_cat?post=100044"},{"taxonomy":"product_tag","embeddable":true,"href":"https:\/\/electromenagerexpress.com\/en\/wp-json\/wp\/v2\/product_tag?post=100044"}],"curies":[{"name":"wp","href":"https:\/\/api.w.org\/{rel}","templated":true}]}}