{"id":100043,"date":"2024-11-28T18:34:06","date_gmt":"2024-11-28T18:34:06","guid":{"rendered":"https:\/\/electromenagerexpress.com\/product\/cookeomoulinexyy5118fb-rouge-spatule\/"},"modified":"2024-11-28T18:34:14","modified_gmt":"2024-11-28T18:34:14","slug":"cookeomoulinexyy5118fb-rouge-spatule","status":"publish","type":"product","link":"https:\/\/electromenagerexpress.com\/en\/product\/cookeomoulinexyy5118fb-rouge-spatule\/","title":{"rendered":"Cookeo\t\t\t\t\t\t\tMOULINEX\t\t\t\tYY5118FB rouge + spatule"},"content":{"rendered":"<div class=\"product-features__content\">\n<ul role=\"list\">\n<li class=\"product-features__item\" role=\"listitem\">\n<h3 class=\"product-features__label\">Choisir ce produit pour quels usages ?<\/h3>\n<ul role=\"list\">\n<li class=\"product-features__item-list__item\" role=\"listitem\"><span class=\"is--medium\">Capacit\u00e9 totale :<\/span> 6L, jusqu&rsquo;\u00e0 6 personnes\t\t\t\t\t<\/li>\n<li class=\"product-features__item-list__item\" role=\"listitem\"><span class=\"is--medium\">Cuisiner, mijoter rapidement sans surveillance :<\/span> permet de pr\u00e9parer une grande vari\u00e9t\u00e9 de plats rapidement et facilement gr\u00e2ce \u00e0 la cuisson sous pression\t\t\t\t\t<\/li>\n<li class=\"product-features__item-list__item\" role=\"listitem\"><span class=\"is--medium\">Id\u00e9al pour cuisiner :<\/span> des pommes de terre en 15mn, un coucous en 30 mn, un risotto en 20 mn\t\t\t\t\t<\/li>\n<\/ul>\n<\/li>\n<li class=\"product-features__item\" role=\"listitem\">\n<h3 class=\"product-features__label\">Mode(s) de cuisson<\/h3>\n<ul role=\"list\">\n<li class=\"product-features__item-list__item\" role=\"listitem\"><span class=\"is--medium\">Nombre de recettes pr\u00e9-programm\u00e9es :<\/span> 180 recettes pr\u00e9programm\u00e9es, pour une grande diversit\u00e9 de plats faits main (sains, simples, pr\u00e9cis et rapides)\t\t\t\t\t<\/li>\n<li class=\"product-features__item-list__item\" role=\"listitem\"><span class=\"is--medium\">Mode manuel :<\/span> oui, permet d&rsquo;ajuster les r\u00e9glages de cuisson selon vos besoins\t\t\t\t\t<\/li>\n<li class=\"product-features__item-list__item\" role=\"listitem\"><span class=\"is--medium\">Personnalisation :<\/span> oui, permet de m\u00e9moriser vos recettes pr\u00e9f\u00e9r\u00e9es et d&rsquo;y acc\u00e9der en un seul clic\t\t\t\t\t<\/li>\n<li class=\"product-features__item-list__item\" role=\"listitem\"><span class=\"is--medium\">Mijoter :<\/span> oui, permet de cuire \u00e0 temp\u00e9rature basse et constante les aliments pendant une p\u00e9riode prolong\u00e9e, id\u00e9al pour les plats mijot\u00e9s et les sauces\t\t\t\t\t<\/li>\n<li class=\"product-features__item-list__item\" role=\"listitem\"><span class=\"is--medium\">Rissoler :<\/span> oui, permet de dorer et rendre croustillants pommes de terres, viandes ou l\u00e9gumes\t\t\t\t\t<\/li>\n<li class=\"product-features__item-list__item\" role=\"listitem\"><span class=\"is--medium\">Vapeur :<\/span> oui, en utilisant de la vapeur pour cuire doucement les aliments , ce mode de cuisson permet de pr\u00e9server les nutriments et les saveurs des aliments sans mati\u00e8res grasses\t\t\t\t\t<\/li>\n<li class=\"product-features__item-list__item\" role=\"listitem\"><span class=\"is--medium\">R\u00e9chauffer :<\/span> Oui\t\t\t\t\t<\/li>\n<li class=\"product-features__item-list__item\" role=\"listitem\"><span class=\"is--medium\">Cuire au four et r\u00f4tir: :<\/span> Non\t\t\t\t\t<\/li>\n<li class=\"product-features__item-list__item\" role=\"listitem\"><span class=\"is--medium\">Maintien au chaud :<\/span> Oui\t\t\t\t\t<\/li>\n<li class=\"product-features__item-list__item\" role=\"listitem\"><span class=\"is--medium\">Cuisson sous pression :<\/span> Oui\t\t\t\t\t<\/li>\n<\/ul>\n<\/li>\n<li class=\"product-features__item\" role=\"listitem\">\n<h3 class=\"product-features__label\">Confort d&rsquo;utilisation<\/h3>\n<ul role=\"list\">\n<li class=\"product-features__item-list__item\" role=\"listitem\"><span class=\"is--medium\">Connect\u00e9 :<\/span> non\t\t\t\t\t<\/li>\n<li class=\"product-features__item-list__item\" role=\"listitem\"><span class=\"is--medium\">Recette pas \u00e0 pas :<\/span> sur \u00e9cran\t\t\t\t\t<\/li>\n<li class=\"product-features__item-list__item\" role=\"listitem\"><span class=\"is--medium\">Ecran tactile :<\/span> Non\t\t\t\t\t<\/li>\n<li class=\"product-features__item-list__item\" role=\"listitem\"><span class=\"is--medium\">Ecran inclinable :<\/span> Non\t\t\t\t\t<\/li>\n<li class=\"product-features__item-list__item\" role=\"listitem\"><span class=\"is--medium\">D\u00e9part diff\u00e9r\u00e9 :<\/span> Oui\t\t\t\t\t<\/li>\n<li class=\"product-features__item-list__item\" role=\"listitem\"><span class=\"is--medium\">Minuterie :<\/span> Oui\t\t\t\t\t<\/li>\n<li class=\"product-features__item-list__item\" role=\"listitem\"><span class=\"is--medium\">Signal sonore de fin de cuisson :<\/span> Oui\t\t\t\t\t<\/li>\n<li class=\"product-features__item-list__item\" role=\"listitem\"><span class=\"is--medium\">Nettoyage de la cuve amovible au lave vaisselle :<\/span> Oui\t\t\t\t\t<\/li>\n<li class=\"product-features__item-list__item\" role=\"listitem\"><span class=\"is--medium\">Couleur :<\/span> Rouge\t\t\t\t\t<\/li>\n<\/ul>\n<\/li>\n<li class=\"product-features__item\" role=\"listitem\">\n<h3 class=\"product-features__label\">Accessoires fournis<\/h3>\n<ul role=\"list\">\n<li class=\"product-features__item-list__item\" role=\"listitem\"><span class=\"is--medium\">Panier vapeur :<\/span> oui, permet de cuire sans ajout de mati\u00e8res grasses et de conserver tous les nutriments et les saveurs naturelles\t\t\t\t\t<\/li>\n<li class=\"product-features__item-list__item\" role=\"listitem\"><span class=\"is--medium\">Balance :<\/span> Non\t\t\t\t\t<\/li>\n<li class=\"product-features__item-list__item\" role=\"listitem\"><span class=\"is--medium\">Pots de yaourt :<\/span> Non\t\t\t\t\t<\/li>\n<\/ul>\n<\/li>\n<li class=\"product-features__item\" role=\"listitem\">\n<h3 class=\"product-features__label\">Caract\u00e9ristiques de la cuve<\/h3>\n<ul role=\"list\">\n<li class=\"product-features__item-list__item\" role=\"listitem\"><span class=\"is--medium\">Capacit\u00e9 :<\/span> 6,00 L\t\t\t\t\t<\/li>\n<li class=\"product-features__item-list__item\" role=\"listitem\"><span class=\"is--medium\">Capacit\u00e9 utile :<\/span> 4,00 L\t\t\t\t\t<\/li>\n<li class=\"product-features__item-list__item\" role=\"listitem\"><span class=\"is--medium\">Mati\u00e8re :<\/span> En c\u00e9ramique\t\t\t\t\t<\/li>\n<li class=\"product-features__item-list__item\" role=\"listitem\"><span class=\"is--medium\">Graduation :<\/span> Non\t\t\t\t\t<\/li>\n<li class=\"product-features__item-list__item\" role=\"listitem\"><span class=\"is--medium\">Cuve amovible :<\/span> Oui\t\t\t\t\t<\/li>\n<li class=\"product-features__item-list__item\" role=\"listitem\"><span class=\"is--medium\">Cuve anti-adh\u00e9sive :<\/span> Oui\t\t\t\t\t<\/li>\n<\/ul>\n<\/li>\n<li class=\"product-features__item\" role=\"listitem\">\n<h3 class=\"product-features__label\">S\u00e9curit\u00e9<\/h3>\n<ul role=\"list\">\n<li class=\"product-features__item-list__item\" role=\"listitem\"><span class=\"is--medium\">Pieds anti-d\u00e9rapants :<\/span> Oui\t\t\t\t\t<\/li>\n<li class=\"product-features__item-list__item\" role=\"listitem\"><span class=\"is--medium\">Parois froides :<\/span> Oui\t\t\t\t\t<\/li>\n<li class=\"product-features__item-list__item\" role=\"listitem\"><span class=\"is--medium\">Poign\u00e9es froides :<\/span> Oui\t\t\t\t\t<\/li>\n<li class=\"product-features__item-list__item\" role=\"listitem\"><span class=\"is--medium\">Arr\u00eat automatique en cas de fonctionnement \u00e0 sec :<\/span> Oui\t\t\t\t\t<\/li>\n<li class=\"product-features__item-list__item\" role=\"listitem\"><span class=\"is--medium\">Dispositif en cas de surpression :<\/span> Oui\t\t\t\t\t<\/li>\n<li class=\"product-features__item-list__item\" role=\"listitem\"><span class=\"is--medium\">Arr\u00eat automatique :<\/span> Oui\t\t\t\t\t<\/li>\n<li class=\"product-features__item-list__item\" role=\"listitem\"><span class=\"is--medium\">Verrouillage enfant :<\/span> Oui\t\t\t\t\t<\/li>\n<\/ul>\n<\/li>\n<li class=\"product-features__item\" role=\"listitem\">\n<h3 class=\"product-features__label\">Dimensions<\/h3>\n<ul role=\"list\">\n<li class=\"product-features__item-list__item\" role=\"listitem\"><span class=\"is--medium\">Dimensions l x h x p :<\/span> 35.4 x 37.5 x 35.5 cm\t\t\t\t\t<\/li>\n<li class=\"product-features__item-list__item\" role=\"listitem\"><span class=\"is--medium\">Poids Net :<\/span> 6,40 Kg\t\t\t\t\t<\/li>\n<li class=\"product-features__item-list__item\" role=\"listitem\"><span class=\"is--medium\">Poids Brut :<\/span> 8,40 Kg\t\t\t\t\t<\/li>\n<li class=\"product-features__item-list__item\" role=\"listitem\"><span class=\"is--medium\">Volume (l) :<\/span> 6\t\t\t\t\t<\/li>\n<\/ul>\n<\/li>\n<li class=\"product-features__item\" role=\"listitem\">\n<h3 class=\"product-features__label\">Informations compl\u00e9mentaires<\/h3>\n<ul role=\"list\">\n<li class=\"product-features__item-list__item\" role=\"listitem\"><span class=\"is--medium\">Fabriqu\u00e9 en :<\/span> Chine\t\t\t\t\t<\/li>\n<li class=\"product-features__item-list__item\" role=\"listitem\"><span class=\"is--medium\">Garantie :<\/span> 2 ans\t\t\t\t\t<\/li>\n<li class=\"product-features__item-list__item\" role=\"listitem\"><span class=\"is--medium\">Disponibilit\u00e9 des pi\u00e8ces d\u00e9tach\u00e9es (donn\u00e9es fournisseur) :<\/span> Pendant 15 ans, \u00e0 compter de la date d&rsquo;achat\t\t\t\t\t<\/li>\n<li class=\"product-features__item-list__item\" role=\"listitem\"><span class=\"is--medium\">Garantie constructeur :<\/span> 2 ans\t\t\t\t\t<\/li>\n<li class=\"product-features__item-list__item\" role=\"listitem\"><span class=\"is--medium\">Marque :<\/span> MOULINEX\t\t\t\t\t<\/li>\n<\/ul>\n<\/li>\n<\/ul>\n<\/div>\n<div class=\"product__disclosure-content\">\n<div class=\"js-read-more product-description__content read-more read-more--truncated\" data-read-more-name=\"description\" style=\"max-height: 500px; overflow: hidden;\">\n<p><center><a href=\"https:\/\/www.boulanger.com\/evenement\/la-boutique-culinaire-seb\/cookeo\"><img fetchpriority=\"high\" decoding=\"async\" alt=\"\" height=\"190\" src=\"https:\/\/boulanger.scene7.com\/is\/image\/Boulanger\/boutiquesebcookeoo_d?wid=1260\" width=\"1260\"\/><\/a><\/center><\/p>\n<p> Pr\u00e9parez des plats faciles et rapides et savourez de nouvelles recettes : laissez-vous guider par Cookeo, votre v\u00e9ritable assistant en cuisine, vous n&rsquo;avez qu&rsquo;\u00e0 choisir parmi les 180 recettes pr\u00e9-enregistr\u00e9es qu&rsquo;il vous propose ! Avec en plus les milliers d&rsquo;autres publi\u00e9es sur l&rsquo;application, vous n&rsquo;\u00eates jamais \u00e0 court d&rsquo;id\u00e9e.<\/p>\n<h3><img decoding=\"async\" class=\"wy_tableau_gauche\" height=\"260\" src=\"https:\/\/boulanger.scene7.com\/is\/image\/Boulanger\/3700342461275_h_z_l_0\" width=\"260\"\/>DES REPAS RAPIDEMENT PR\u00c9PAR\u00c9S ET GUID\u00c9S PAS \u00c0 PAS<\/h3>\n<p>Avec Cookeo+ 180 recettes, le multicuiseur intelligent haute pression de Moulinex, cuisinez <strong>en toute facilit\u00e9<\/strong> : il suffit de suivre les instructions sur son <strong>\u00e9cran LCD intuitif et intelligent<\/strong> qui vous aidera \u00e0 r\u00e9ussir la cuisson de vos plats selon les ingr\u00e9dients, le poids ou le nombre d&rsquo;invit\u00e9s.<\/p>\n<p>Cookeo s&rsquo;occupe de tout : il g\u00e8re la cuisson \u00e0 votre place et il <strong>maintient la pr\u00e9paration au chaud jusqu&rsquo;\u00e0 1h30<\/strong> une fois la recette termin\u00e9e. Avec ses<strong> 6 modes de cuisson dont 1 express<\/strong> si vous \u00eates press\u00e9, vous obtiendrez des r\u00e9sultats parfaits et savoureux. Cuire sous pression, cuire \u00e0 la vapeur, mijoter, dorer, r\u00e9chauffer&#8230;. Il s&rsquo;adapte \u00e0 toutes vos recettes. Et pour encore plus d&rsquo;inspiration, acc\u00e9dez \u00e0 toutes les recettes en<strong> t\u00e9l\u00e9chargeant gratuitement l&rsquo;application Moulinex<\/strong>, vous pourrez m\u00eame y d\u00e9poser vos propres recettes.<br \/>Cookeo fait aussi friteuse sans huile gr\u00e2ce \u00e0 l&rsquo;accessoire compatible EXTRA CRISP (vendu s\u00e9par\u00e9ment)\u00a0; ajoutez du croustillant \u00e0 vos plats\u00a0!<\/p>\n<h3><img decoding=\"async\" class=\"wy_tableau_right\" height=\"275\" src=\"https:\/\/boulanger.scene7.com\/is\/image\/Boulanger\/3700342461275_h_z_l_1\" width=\"275\"\/>UNE UTILISATION VRAIMENT FACILE<\/h3>\n<p><strong>Sa cuve de 6 litres<\/strong> est id\u00e9ale pour pr\u00e9parer des repas au quotidien comme lors d&rsquo;occasions particuli\u00e8res, de 2 \u00e0 6 personnes. Pour une totale libert\u00e9 d&rsquo;esprit, vous pouvez programmer un<strong> d\u00e9part diff\u00e9r\u00e9 jusqu&rsquo;\u00e0 15 heures avant.<\/strong><\/p>\n<p> L&rsquo;utilisation et l&rsquo;entretien du Cooke0 sont tout aussi simples : vous pouvez <strong>ouvrir et fermer son couvercle en un seul geste,<\/strong> tr\u00e8s pratique pour ajouter les ingr\u00e9dients facilement. Apr\u00e8s utilisation, il vous suffit de\u00a0<strong>placer la cuve antiadh\u00e9sive et le panier vapeur au lave-vaisselle<\/strong>\u00a0pour un nettoyage sans effort. Et pour faciliter son transport, la cuve est dot\u00e9e de deux poign\u00e9es.<\/p>\n<p>Enfin, pour vous faciliter encore la cuisine, nous avons <strong>inclus une spatule longue Fresh Kitchen<\/strong>, parfaite pour retourner les aliments, ainsi que pour tous vos besoins culinaires au quotidien.<\/p>\n<h3><img loading=\"lazy\" decoding=\"async\" class=\"wy_tableau_gauche\" height=\"300\" src=\"https:\/\/boulanger.scene7.com\/is\/image\/Boulanger\/3700342461275_h_z_l_2\" width=\"300\"\/>\u00a0 \u00a0<\/h3>\n<h3>UNE UTILISATION EN TOUTE S\u00c9R\u00c9NIT\u00c9, CON\u00c7UE POUR DURER<\/h3>\n<p>Le\u00a0Cookeo+ 180 recettes\u00a0b\u00e9n\u00e9ficie\u00a0d&rsquo;une garantie de 2 ans,\u00a0et\u00a0d&rsquo;une<strong>\u00a0r\u00e9parabilit\u00e9 pendant 15 ans<\/strong> au juste prix.\u00a0Il r\u00e9pond \u00e0 notre\u00a0engagement\u00a0en faveur de \u00a0la protection de l&rsquo;environnement et de diminution\u00a0du gaspillage\u00a0gr\u00e2ce \u00e0 ses pi\u00e8ces disponibles rapidement \u00e0 un prix raisonnable\u00a0aupr\u00e8s de nos\u00a06200 r\u00e9parateurs agr\u00e9\u00e9s dans le monde. Cela nous permet de\u00a0r\u00e9parer pendant\u00a0de nombreuses ann\u00e9es nos produits plut\u00f4t que de les\u00a0\u00e9changer dans le cadre\u00a0de notre engagement \u00e0 prot\u00e9ger l&rsquo;environnement et \u00e0\u00a0r\u00e9duire les d\u00e9chets.?<\/p>\n<\/p>\n<\/div>\n<p><bl-button a11yexpanded=\"false\" arialabel=\"Afficher toute la description\" class=\"read-more__btn\" full=\"false\" link=\"true\">Voir plus<\/bl-button><\/div>","protected":false},"excerpt":{"rendered":"<div class=\"keypoints\">\n<h3 class=\"keypoints__title\">Les points cl\u00e9s<\/h3>\n<ul role=\"list\">\n<li class=\"keypoints__item\" role=\"listitem\">                                        Cuisson rapide sous pression                      <\/li>\n<li class=\"keypoints__item\" role=\"listitem\">                                        6L, jusqu&rsquo;\u00e0 6 personnes                      <\/li>\n<li class=\"keypoints__item\" role=\"listitem\">                                        6 modes de cuisson                      <\/li>\n<li class=\"keypoints__item\" role=\"listitem\">                          180 recettes pas \u00e0 pas &#8211;                                                      Non connect\u00e9                      <\/li>\n<li class=\"keypoints__item keypoints__item--advantage\" role=\"listitem\"><strong>Le + :<\/strong> Polyvalent avec 6 modes de cuisson automatiques, ses 180 recettes programm\u00e9es et la spatule inclus      <\/li>\n<\/ul>","protected":false},"featured_media":53628,"template":"","meta":{"_glsr_average":0,"_glsr_ranking":0,"_glsr_reviews":0},"product_cat":[394],"product_tag":[396,395,230],"class_list":{"0":"post-100043","1":"product","2":"type-product","3":"status-publish","4":"has-post-thumbnail","6":"product_cat-cookeo","7":"product_tag-cookeo","8":"product_tag-cuiseur-mijoteur-cookeo","9":"product_tag-cuisine-et-cuisson","11":"first","12":"instock","13":"sale","14":"shipping-taxable","15":"purchasable","16":"product-type-simple"},"_links":{"self":[{"href":"https:\/\/electromenagerexpress.com\/en\/wp-json\/wp\/v2\/product\/100043","targetHints":{"allow":["GET"]}}],"collection":[{"href":"https:\/\/electromenagerexpress.com\/en\/wp-json\/wp\/v2\/product"}],"about":[{"href":"https:\/\/electromenagerexpress.com\/en\/wp-json\/wp\/v2\/types\/product"}],"wp:featuredmedia":[{"embeddable":true,"href":"https:\/\/electromenagerexpress.com\/en\/wp-json\/wp\/v2\/media\/53628"}],"wp:attachment":[{"href":"https:\/\/electromenagerexpress.com\/en\/wp-json\/wp\/v2\/media?parent=100043"}],"wp:term":[{"taxonomy":"product_cat","embeddable":true,"href":"https:\/\/electromenagerexpress.com\/en\/wp-json\/wp\/v2\/product_cat?post=100043"},{"taxonomy":"product_tag","embeddable":true,"href":"https:\/\/electromenagerexpress.com\/en\/wp-json\/wp\/v2\/product_tag?post=100043"}],"curies":[{"name":"wp","href":"https:\/\/api.w.org\/{rel}","templated":true}]}}