{"id":100039,"date":"2024-11-28T18:33:40","date_gmt":"2024-11-28T18:33:40","guid":{"rendered":"https:\/\/electromenagerexpress.com\/product\/multicuiseurninjacombi-cooker-multicuiseur-four-et-friteuse-sans-huile-12-en-1-sfp700eu\/"},"modified":"2024-11-28T18:33:43","modified_gmt":"2024-11-28T18:33:43","slug":"multicuiseurninjacombi-cooker-multicuiseur-four-et-friteuse-sans-huile-12-en-1-sfp700eu","status":"publish","type":"product","link":"https:\/\/electromenagerexpress.com\/en\/product\/multicuiseurninjacombi-cooker-multicuiseur-four-et-friteuse-sans-huile-12-en-1-sfp700eu\/","title":{"rendered":"Multicuiseur\t\t\t\t\t\t\tNINJA\t\t\t\tCombi Cooker Multicuiseur, four et friteuse sans huile 12-en-1 SFP700EU"},"content":{"rendered":"<div class=\"product-features__content\">\n<ul role=\"list\">\n<li class=\"product-features__item\" role=\"listitem\">\n<h3 class=\"product-features__label\">Choisir ce produit pour quels usages ?<\/h3>\n<ul role=\"list\">\n<li class=\"product-features__item-list__item\" role=\"listitem\"><span class=\"is--medium\">Capacit\u00e9 totale :<\/span> 12,5L, jusqu&rsquo;\u00e0 12 personnes\t\t\t\t\t<\/li>\n<li class=\"product-features__item-list__item\" role=\"listitem\"><span class=\"is--medium\">Cuisiner et mijoter sans surveillance :<\/span> permet la pr\u00e9paration d&rsquo;une grande vari\u00e9t\u00e9 de plats en toute simplicit\u00e9 et s\u00e9curit\u00e9\t\t\t\t\t<\/li>\n<li class=\"product-features__item-list__item\" role=\"listitem\"><span class=\"is--medium\">Id\u00e9al pour cuire :<\/span> un boeuf bourguignon, une blanquette de veau, des cuisses de poulet marin\u00e9es aux \u00e9pices\t\t\t\t\t<\/li>\n<\/ul>\n<\/li>\n<li class=\"product-features__item\" role=\"listitem\">\n<h3 class=\"product-features__label\">Mode(s) de cuisson<\/h3>\n<ul role=\"list\">\n<li class=\"product-features__item-list__item\" role=\"listitem\"><span class=\"is--medium\">Recettes illimit\u00e9es :<\/span> oui, permet d&rsquo;acc\u00e9der \u00e0 des milliers de recettes \u00e9labor\u00e9es par la marque ou par la communaut\u00e9\t\t\t\t\t<\/li>\n<li class=\"product-features__item-list__item\" role=\"listitem\"><span class=\"is--medium\">Mode manuel :<\/span> oui, permet d&rsquo;ajuster les r\u00e9glages de cuisson selon vos besoins\t\t\t\t\t<\/li>\n<li class=\"product-features__item-list__item\" role=\"listitem\"><span class=\"is--medium\">Personnalisation :<\/span> oui, permet de m\u00e9moriser vos recettes pr\u00e9f\u00e9r\u00e9es et d&rsquo;y acc\u00e9der en un seul clic\t\t\t\t\t<\/li>\n<li class=\"product-features__item-list__item\" role=\"listitem\"><span class=\"is--medium\">R\u00f4tir :<\/span> oui, permet de cuire comme dans four poulet, r\u00f4ti etc&#8230;\t\t\t\t\t<\/li>\n<li class=\"product-features__item-list__item\" role=\"listitem\"><span class=\"is--medium\">Frire sans huile :<\/span> oui, id\u00e9al pour la cuisson sans huile des frites, nuggets, beignets, croquettes\t\t\t\t\t<\/li>\n<li class=\"product-features__item-list__item\" role=\"listitem\"><span class=\"is--medium\">Vapeur :<\/span> oui, en utilisant de la vapeur pour cuire doucement les aliments , ce mode de cuisson permet de pr\u00e9server les nutriments et les saveurs des aliments sans mati\u00e8res grasses\t\t\t\t\t<\/li>\n<li class=\"product-features__item-list__item\" role=\"listitem\"><span class=\"is--medium\">R\u00e9chauffer :<\/span> Non\t\t\t\t\t<\/li>\n<li class=\"product-features__item-list__item\" role=\"listitem\"><span class=\"is--medium\">Cuire au four et r\u00f4tir: :<\/span> Oui\t\t\t\t\t<\/li>\n<li class=\"product-features__item-list__item\" role=\"listitem\"><span class=\"is--medium\">Maintien au chaud :<\/span> Oui\t\t\t\t\t<\/li>\n<li class=\"product-features__item-list__item\" role=\"listitem\"><span class=\"is--medium\">Cuire au four et r\u00f4tir :<\/span> oui, permet de cuire des gratins,des muffins ou des quiches en \u00e9conomisant du temps et de l&rsquo;espace\t\t\t\t\t<\/li>\n<\/ul>\n<\/li>\n<li class=\"product-features__item\" role=\"listitem\">\n<h3 class=\"product-features__label\">Confort d&rsquo;utilisation<\/h3>\n<ul role=\"list\">\n<li class=\"product-features__item-list__item\" role=\"listitem\"><span class=\"is--medium\">Connect\u00e9 :<\/span> non\t\t\t\t\t<\/li>\n<li class=\"product-features__item-list__item\" role=\"listitem\"><span class=\"is--medium\">Ecran tactile :<\/span> Non\t\t\t\t\t<\/li>\n<li class=\"product-features__item-list__item\" role=\"listitem\"><span class=\"is--medium\">Ecran inclinable :<\/span> Non\t\t\t\t\t<\/li>\n<li class=\"product-features__item-list__item\" role=\"listitem\"><span class=\"is--medium\">D\u00e9part diff\u00e9r\u00e9 :<\/span> Non\t\t\t\t\t<\/li>\n<li class=\"product-features__item-list__item\" role=\"listitem\"><span class=\"is--medium\">Minuterie :<\/span> Oui\t\t\t\t\t<\/li>\n<li class=\"product-features__item-list__item\" role=\"listitem\"><span class=\"is--medium\">Signal sonore de fin de cuisson :<\/span> Oui\t\t\t\t\t<\/li>\n<li class=\"product-features__item-list__item\" role=\"listitem\"><span class=\"is--medium\">Nettoyage de la cuve amovible au lave vaisselle :<\/span> Oui\t\t\t\t\t<\/li>\n<li class=\"product-features__item-list__item\" role=\"listitem\"><span class=\"is--medium\">Couleur :<\/span> Inox\t\t\t\t\t<\/li>\n<\/ul>\n<\/li>\n<li class=\"product-features__item\" role=\"listitem\">\n<h3 class=\"product-features__label\">Accessoires fournis<\/h3>\n<ul role=\"list\">\n<li class=\"product-features__item-list__item\" role=\"listitem\"><span class=\"is--medium\">Panier vapeur :<\/span> oui, permet de cuire sans ajout de mati\u00e8res grasses et de conserver tous les nutriments et les saveurs naturelles\t\t\t\t\t<\/li>\n<li class=\"product-features__item-list__item\" role=\"listitem\"><span class=\"is--medium\">Balance :<\/span> Non\t\t\t\t\t<\/li>\n<li class=\"product-features__item-list__item\" role=\"listitem\"><span class=\"is--medium\">Pots de yaourt :<\/span> Non\t\t\t\t\t<\/li>\n<\/ul>\n<\/li>\n<li class=\"product-features__item\" role=\"listitem\">\n<h3 class=\"product-features__label\">Caract\u00e9ristiques de la cuve<\/h3>\n<ul role=\"list\">\n<li class=\"product-features__item-list__item\" role=\"listitem\"><span class=\"is--medium\">Capacit\u00e9 :<\/span> 12,50 L\t\t\t\t\t<\/li>\n<li class=\"product-features__item-list__item\" role=\"listitem\"><span class=\"is--medium\">Capacit\u00e9 utile :<\/span> 12,50 L\t\t\t\t\t<\/li>\n<li class=\"product-features__item-list__item\" role=\"listitem\"><span class=\"is--medium\">Mati\u00e8re :<\/span> En acier inoxydable\t\t\t\t\t<\/li>\n<li class=\"product-features__item-list__item\" role=\"listitem\"><span class=\"is--medium\">Graduation :<\/span> Non\t\t\t\t\t<\/li>\n<li class=\"product-features__item-list__item\" role=\"listitem\"><span class=\"is--medium\">Cuve amovible :<\/span> Oui\t\t\t\t\t<\/li>\n<li class=\"product-features__item-list__item\" role=\"listitem\"><span class=\"is--medium\">Cuve anti-adh\u00e9sive :<\/span> Oui\t\t\t\t\t<\/li>\n<\/ul>\n<\/li>\n<li class=\"product-features__item\" role=\"listitem\">\n<h3 class=\"product-features__label\">S\u00e9curit\u00e9<\/h3>\n<ul role=\"list\">\n<li class=\"product-features__item-list__item\" role=\"listitem\"><span class=\"is--medium\">Pieds anti-d\u00e9rapants :<\/span> Non\t\t\t\t\t<\/li>\n<li class=\"product-features__item-list__item\" role=\"listitem\"><span class=\"is--medium\">Parois froides :<\/span> Non\t\t\t\t\t<\/li>\n<li class=\"product-features__item-list__item\" role=\"listitem\"><span class=\"is--medium\">Poign\u00e9es froides :<\/span> Non\t\t\t\t\t<\/li>\n<li class=\"product-features__item-list__item\" role=\"listitem\"><span class=\"is--medium\">Arr\u00eat automatique en cas de fonctionnement \u00e0 sec :<\/span> Non\t\t\t\t\t<\/li>\n<li class=\"product-features__item-list__item\" role=\"listitem\"><span class=\"is--medium\">Dispositif en cas de surpression :<\/span> Non\t\t\t\t\t<\/li>\n<li class=\"product-features__item-list__item\" role=\"listitem\"><span class=\"is--medium\">Arr\u00eat automatique :<\/span> Oui\t\t\t\t\t<\/li>\n<li class=\"product-features__item-list__item\" role=\"listitem\"><span class=\"is--medium\">Verrouillage enfant :<\/span> Non\t\t\t\t\t<\/li>\n<\/ul>\n<\/li>\n<li class=\"product-features__item\" role=\"listitem\">\n<h3 class=\"product-features__label\">Dimensions<\/h3>\n<ul role=\"list\">\n<li class=\"product-features__item-list__item\" role=\"listitem\"><span class=\"is--medium\">Dimensions l x h x p :<\/span> 38 x 40 x 31 cm\t\t\t\t\t<\/li>\n<li class=\"product-features__item-list__item\" role=\"listitem\"><span class=\"is--medium\">Poids Net :<\/span> 12,70 Kg\t\t\t\t\t<\/li>\n<li class=\"product-features__item-list__item\" role=\"listitem\"><span class=\"is--medium\">Poids Brut :<\/span> 14,75 Kg\t\t\t\t\t<\/li>\n<li class=\"product-features__item-list__item\" role=\"listitem\"><span class=\"is--medium\">Volume (l) :<\/span> 3.2\t\t\t\t\t<\/li>\n<\/ul>\n<\/li>\n<li class=\"product-features__item\" role=\"listitem\">\n<h3 class=\"product-features__label\">Informations compl\u00e9mentaires<\/h3>\n<ul role=\"list\">\n<li class=\"product-features__item-list__item\" role=\"listitem\"><span class=\"is--medium\">Fabriqu\u00e9 en :<\/span> Chine\t\t\t\t\t<\/li>\n<li class=\"product-features__item-list__item\" role=\"listitem\"><span class=\"is--medium\">Garantie :<\/span> 2 ans\t\t\t\t\t<\/li>\n<li class=\"product-features__item-list__item\" role=\"listitem\"><span class=\"is--medium\">Disponibilit\u00e9 des pi\u00e8ces d\u00e9tach\u00e9es (donn\u00e9es fournisseur) :<\/span> Pendant 7 ans, \u00e0 compter de la date d&rsquo;achat\t\t\t\t\t<\/li>\n<li class=\"product-features__item-list__item\" role=\"listitem\"><span class=\"is--medium\">Marque :<\/span> NINJA\t\t\t\t\t<\/li>\n<\/ul>\n<\/li>\n<\/ul>\n<\/div>\n<div class=\"product__disclosure-content\">\n<div class=\"js-read-more product-description__content read-more read-more--truncated\" data-read-more-name=\"description\" style=\"max-height: 500px; overflow: hidden;\">\n<div class=\"product__description-content read-more\" style=\"\">\n<p>Multicuiseur NINJA Combi Cooker SFP700EU : La Polyvalence au Service de la Cuisine<\/p>\n<h3> <img fetchpriority=\"high\" decoding=\"async\" ,=\"\" alt=\"Multicuiseur NINJA Combi Cooker SFP700EU\" class=\"wy_tableau_gauche\" height=\"270\" src=\"https:\/\/boulanger.scene7.com\/is\/image\/Boulanger\/0622356282222_h_f_l_0?wid=400&amp;hei=270\" width=\"400\"\/>Une Conception Intelligente pour des Repas Vari\u00e9s                    <\/h3>\n<p>                        Le Multicuiseur NINJA Combi Cooker SFP700EU se pr\u00e9sente comme l&rsquo;alli\u00e9 incontournable des cuisiniers modernes. Avec sa capacit\u00e9 \u00e0 combiner les fonctions de multicuiseur, de four et de friteuse \u00e0 air, cet appareil est un v\u00e9ritable couteau suisse culinaire. Gr\u00e2ce \u00e0 ses deux \u00e9l\u00e9ments chauffants, situ\u00e9s en haut et en bas, ainsi qu&rsquo;\u00e0 son puissant ventilateur de convection, il assure une cuisson et un croustillant parfaits des aliments. L&rsquo;acc\u00e8s est facilit\u00e9 par une large porte, permettant de manipuler les plats ais\u00e9ment \u00e0 tout moment. Que ce soit pour pr\u00e9parer un repas rapide pour huit personnes avec la fonction Combi Meals de 15 minutes ou pour concocter des plats en quantit\u00e9, id\u00e9aux pour une famille de quatre personnes, le NINJA Combi Cooker est l&rsquo;outil de choix pour des repas savoureux et sans tracas.                    <\/p>\n<\/p>\n<h3> <img decoding=\"async\" ,=\"\" alt=\"Multicuiseur NINJA Combi Cooker SFP700EU\" class=\"wy_tableau_right\" height=\"270\" src=\"https:\/\/boulanger.scene7.com\/is\/image\/Boulanger\/0622356282222_h_f_l_1?wid=400&amp;hei=270\" width=\"400\"\/>Fonctionnalit\u00e9s et Accessoires pour une Exp\u00e9rience Culinaire Compl\u00e8te                    <\/h3>\n<p>                        Le SmartSwitch int\u00e9gr\u00e9 au NINJA Combi Cooker SFP700EU permet de passer sans effort du mode multicuiseur au mode Air Fry\/Cooker, optimisant les conditions de cuisson selon le plat pr\u00e9par\u00e9. Cet appareil est parfait pour des repas complets, des r\u00f4tis entiers, des prot\u00e9ines fra\u00eeches ou surgel\u00e9es, des l\u00e9gumes racines, des p\u00e2tes et riz sans \u00e9gouttage, ainsi que pour la panification. Les accessoires inclus, tels que le plateau de cuisson, le Combi Pan et la plaque croustillante, tous antiadh\u00e9sifs, enrichissent les possibilit\u00e9s culinaires et facilitent la pr\u00e9paration de plats diversifi\u00e9s. De plus, le Combi Pan peut servir de plat de service, ajoutant une touche d&rsquo;\u00e9l\u00e9gance \u00e0 la pr\u00e9sentation des repas. Avec le NINJA Combi Cooker, la cuisine devient une exp\u00e9rience \u00e0 la fois simple et raffin\u00e9e.                    <\/p>\n<\/p><\/div>\n<\/p>\n<\/div>\n<p><bl-button a11yexpanded=\"false\" arialabel=\"Afficher toute la description\" class=\"read-more__btn\" full=\"false\" link=\"true\">Voir plus<\/bl-button><\/div>","protected":false},"excerpt":{"rendered":"<div class=\"keypoints\">\n<h3 class=\"keypoints__title\">Les points cl\u00e9s<\/h3>\n<ul role=\"list\">\n<li class=\"keypoints__item\" role=\"listitem\">                          Cuisson traditionnelle &#8211;                                                      Airfry                      <\/li>\n<li class=\"keypoints__item\" role=\"listitem\">                                        12,5L, jusqu&rsquo;\u00e0 12 personnes                      <\/li>\n<li class=\"keypoints__item\" role=\"listitem\">                                        12 modes de cuisson                      <\/li>\n<li class=\"keypoints__item\" role=\"listitem\">                                        Non connect\u00e9                      <\/li>\n<li class=\"keypoints__item keypoints__item--advantage\" role=\"listitem\"><strong>Le + :<\/strong> Pr\u00e9parez des repas complets pour toute la famille en 15mn      <\/li>\n<\/ul>","protected":false},"featured_media":53576,"template":"","meta":{"_glsr_average":0,"_glsr_ranking":0,"_glsr_reviews":0},"product_cat":[397],"product_tag":[395,230,398],"class_list":{"0":"post-100039","1":"product","2":"type-product","3":"status-publish","4":"has-post-thumbnail","6":"product_cat-multicuiseurs","7":"product_tag-cuiseur-mijoteur-cookeo","8":"product_tag-cuisine-et-cuisson","9":"product_tag-multicuiseurs","11":"first","12":"instock","13":"sale","14":"shipping-taxable","15":"purchasable","16":"product-type-simple"},"_links":{"self":[{"href":"https:\/\/electromenagerexpress.com\/en\/wp-json\/wp\/v2\/product\/100039","targetHints":{"allow":["GET"]}}],"collection":[{"href":"https:\/\/electromenagerexpress.com\/en\/wp-json\/wp\/v2\/product"}],"about":[{"href":"https:\/\/electromenagerexpress.com\/en\/wp-json\/wp\/v2\/types\/product"}],"wp:featuredmedia":[{"embeddable":true,"href":"https:\/\/electromenagerexpress.com\/en\/wp-json\/wp\/v2\/media\/53576"}],"wp:attachment":[{"href":"https:\/\/electromenagerexpress.com\/en\/wp-json\/wp\/v2\/media?parent=100039"}],"wp:term":[{"taxonomy":"product_cat","embeddable":true,"href":"https:\/\/electromenagerexpress.com\/en\/wp-json\/wp\/v2\/product_cat?post=100039"},{"taxonomy":"product_tag","embeddable":true,"href":"https:\/\/electromenagerexpress.com\/en\/wp-json\/wp\/v2\/product_tag?post=100039"}],"curies":[{"name":"wp","href":"https:\/\/api.w.org\/{rel}","templated":true}]}}