{"id":100038,"date":"2024-11-28T18:33:30","date_gmt":"2024-11-28T18:33:30","guid":{"rendered":"https:\/\/electromenagerexpress.com\/product\/multicuiseurninjaspeedi-10-en-1-on400eu\/"},"modified":"2024-11-28T18:33:38","modified_gmt":"2024-11-28T18:33:38","slug":"multicuiseurninjaspeedi-10-en-1-on400eu","status":"publish","type":"product","link":"https:\/\/electromenagerexpress.com\/en\/product\/multicuiseurninjaspeedi-10-en-1-on400eu\/","title":{"rendered":"Multicuiseur\t\t\t\t\t\t\tNINJA\t\t\t\tSpeedi 10-en-1 ON400EU"},"content":{"rendered":"<div class=\"product-features__content\">\n<ul role=\"list\">\n<li class=\"product-features__item\" role=\"listitem\">\n<h3 class=\"product-features__label\">Choisir ce produit pour quels usages ?<\/h3>\n<ul role=\"list\">\n<li class=\"product-features__item-list__item\" role=\"listitem\"><span class=\"is--medium\">Capacit\u00e9 totale :<\/span> 5,7L, jusqu&rsquo;\u00e0 6 personnes\t\t\t\t\t<\/li>\n<li class=\"product-features__item-list__item\" role=\"listitem\"><span class=\"is--medium\">Cuisiner et mijoter sans surveillance :<\/span> permet la pr\u00e9paration d&rsquo;une grande vari\u00e9t\u00e9 de plats en toute simplicit\u00e9 et s\u00e9curit\u00e9\t\t\t\t\t<\/li>\n<li class=\"product-features__item-list__item\" role=\"listitem\"><span class=\"is--medium\">Id\u00e9al pour cuire :<\/span> un boeuf bourguignon, une blanquette de veau, des cuisses de poulet marin\u00e9es aux \u00e9pices\t\t\t\t\t<\/li>\n<\/ul>\n<\/li>\n<li class=\"product-features__item\" role=\"listitem\">\n<h3 class=\"product-features__label\">Mode(s) de cuisson<\/h3>\n<ul role=\"list\">\n<li class=\"product-features__item-list__item\" role=\"listitem\"><span class=\"is--medium\">Nombre de recettes pr\u00e9-programm\u00e9es :<\/span> 20 recettes pr\u00e9programm\u00e9es, pour une grande diversit\u00e9 de plats faits main (sains, simples, pr\u00e9cis et rapides)\t\t\t\t\t<\/li>\n<li class=\"product-features__item-list__item\" role=\"listitem\"><span class=\"is--medium\">Recettes illimit\u00e9es :<\/span> oui, permet d&rsquo;acc\u00e9der \u00e0 des milliers de recettes \u00e9labor\u00e9es par la marque ou par la communaut\u00e9\t\t\t\t\t<\/li>\n<li class=\"product-features__item-list__item\" role=\"listitem\"><span class=\"is--medium\">Mode manuel :<\/span> oui, permet d&rsquo;ajuster les r\u00e9glages de cuisson selon vos besoins\t\t\t\t\t<\/li>\n<li class=\"product-features__item-list__item\" role=\"listitem\"><span class=\"is--medium\">Personnalisation :<\/span> oui, permet de m\u00e9moriser vos recettes pr\u00e9f\u00e9r\u00e9es et d&rsquo;y acc\u00e9der en un seul clic\t\t\t\t\t<\/li>\n<li class=\"product-features__item-list__item\" role=\"listitem\"><span class=\"is--medium\">Mijoter :<\/span> oui, permet de cuire \u00e0 temp\u00e9rature basse et constante les aliments pendant une p\u00e9riode prolong\u00e9e, id\u00e9al pour les plats mijot\u00e9s et les sauces\t\t\t\t\t<\/li>\n<li class=\"product-features__item-list__item\" role=\"listitem\"><span class=\"is--medium\">Rissoler :<\/span> oui, permet de dorer et rendre croustillants pommes de terres, viandes ou l\u00e9gumes\t\t\t\t\t<\/li>\n<li class=\"product-features__item-list__item\" role=\"listitem\"><span class=\"is--medium\">R\u00f4tir :<\/span> oui, permet de cuire comme dans four poulet, r\u00f4ti etc&#8230;\t\t\t\t\t<\/li>\n<li class=\"product-features__item-list__item\" role=\"listitem\"><span class=\"is--medium\">Frire sans huile :<\/span> oui, id\u00e9al pour la cuisson sans huile des frites, nuggets, beignets, croquettes\t\t\t\t\t<\/li>\n<li class=\"product-features__item-list__item\" role=\"listitem\"><span class=\"is--medium\">Vapeur :<\/span> oui, en utilisant de la vapeur pour cuire doucement les aliments , ce mode de cuisson permet de pr\u00e9server les nutriments et les saveurs des aliments sans mati\u00e8res grasses\t\t\t\t\t<\/li>\n<li class=\"product-features__item-list__item\" role=\"listitem\"><span class=\"is--medium\">R\u00e9chauffer :<\/span> Oui\t\t\t\t\t<\/li>\n<li class=\"product-features__item-list__item\" role=\"listitem\"><span class=\"is--medium\">Cuire au four et r\u00f4tir: :<\/span> Oui\t\t\t\t\t<\/li>\n<li class=\"product-features__item-list__item\" role=\"listitem\"><span class=\"is--medium\">Maintien au chaud :<\/span> Oui\t\t\t\t\t<\/li>\n<li class=\"product-features__item-list__item\" role=\"listitem\"><span class=\"is--medium\">D\u00e9shydrater :<\/span> oui, permet de concentrer les saveurs et de r\u00e9duire le gaspillage alimentaire\t\t\t\t\t<\/li>\n<li class=\"product-features__item-list__item\" role=\"listitem\"><span class=\"is--medium\">Cuisson sous pression :<\/span> Non\t\t\t\t\t<\/li>\n<li class=\"product-features__item-list__item\" role=\"listitem\"><span class=\"is--medium\">Cuire au four et r\u00f4tir :<\/span> oui, permet de cuire des gratins,des muffins ou des quiches en \u00e9conomisant du temps et de l&rsquo;espace\t\t\t\t\t<\/li>\n<\/ul>\n<\/li>\n<li class=\"product-features__item\" role=\"listitem\">\n<h3 class=\"product-features__label\">Confort d&rsquo;utilisation<\/h3>\n<ul role=\"list\">\n<li class=\"product-features__item-list__item\" role=\"listitem\"><span class=\"is--medium\">Connect\u00e9 :<\/span> non\t\t\t\t\t<\/li>\n<li class=\"product-features__item-list__item\" role=\"listitem\"><span class=\"is--medium\">Ecran tactile :<\/span> Non\t\t\t\t\t<\/li>\n<li class=\"product-features__item-list__item\" role=\"listitem\"><span class=\"is--medium\">Ecran inclinable :<\/span> Non\t\t\t\t\t<\/li>\n<li class=\"product-features__item-list__item\" role=\"listitem\"><span class=\"is--medium\">D\u00e9part diff\u00e9r\u00e9 :<\/span> Oui\t\t\t\t\t<\/li>\n<li class=\"product-features__item-list__item\" role=\"listitem\"><span class=\"is--medium\">Minuterie :<\/span> Oui\t\t\t\t\t<\/li>\n<li class=\"product-features__item-list__item\" role=\"listitem\"><span class=\"is--medium\">Signal sonore de fin de cuisson :<\/span> Oui\t\t\t\t\t<\/li>\n<li class=\"product-features__item-list__item\" role=\"listitem\"><span class=\"is--medium\">Nettoyage de la cuve amovible au lave vaisselle :<\/span> Oui\t\t\t\t\t<\/li>\n<li class=\"product-features__item-list__item\" role=\"listitem\"><span class=\"is--medium\">Couleur :<\/span> Gris\t\t\t\t\t<\/li>\n<\/ul>\n<\/li>\n<li class=\"product-features__item\" role=\"listitem\">\n<h3 class=\"product-features__label\">Accessoires fournis<\/h3>\n<ul role=\"list\">\n<li class=\"product-features__item-list__item\" role=\"listitem\"><span class=\"is--medium\">Couvercle de croustillage :<\/span> oui, permet de pr\u00e9parer diff\u00e9rents plats croustillants tels que : frites, nuggets, l\u00e9gumes r\u00f4tis comme dans un four traditionnel\t\t\t\t\t<\/li>\n<li class=\"product-features__item-list__item\" role=\"listitem\"><span class=\"is--medium\">Panier vapeur :<\/span> oui, permet de cuire sans ajout de mati\u00e8res grasses et de conserver tous les nutriments et les saveurs naturelles\t\t\t\t\t<\/li>\n<li class=\"product-features__item-list__item\" role=\"listitem\"><span class=\"is--medium\">Balance :<\/span> Non\t\t\t\t\t<\/li>\n<li class=\"product-features__item-list__item\" role=\"listitem\"><span class=\"is--medium\">Pots de yaourt :<\/span> Non\t\t\t\t\t<\/li>\n<\/ul>\n<\/li>\n<li class=\"product-features__item\" role=\"listitem\">\n<h3 class=\"product-features__label\">Caract\u00e9ristiques de la cuve<\/h3>\n<ul role=\"list\">\n<li class=\"product-features__item-list__item\" role=\"listitem\"><span class=\"is--medium\">Capacit\u00e9 :<\/span> 5,70 L\t\t\t\t\t<\/li>\n<li class=\"product-features__item-list__item\" role=\"listitem\"><span class=\"is--medium\">Capacit\u00e9 utile :<\/span> 5,70 L\t\t\t\t\t<\/li>\n<li class=\"product-features__item-list__item\" role=\"listitem\"><span class=\"is--medium\">Mati\u00e8re :<\/span> En c\u00e9ramique\t\t\t\t\t<\/li>\n<li class=\"product-features__item-list__item\" role=\"listitem\"><span class=\"is--medium\">Graduation :<\/span> Oui\t\t\t\t\t<\/li>\n<li class=\"product-features__item-list__item\" role=\"listitem\"><span class=\"is--medium\">Cuve amovible :<\/span> Oui\t\t\t\t\t<\/li>\n<li class=\"product-features__item-list__item\" role=\"listitem\"><span class=\"is--medium\">Cuve anti-adh\u00e9sive :<\/span> Oui\t\t\t\t\t<\/li>\n<\/ul>\n<\/li>\n<li class=\"product-features__item\" role=\"listitem\">\n<h3 class=\"product-features__label\">S\u00e9curit\u00e9<\/h3>\n<ul role=\"list\">\n<li class=\"product-features__item-list__item\" role=\"listitem\"><span class=\"is--medium\">Pieds anti-d\u00e9rapants :<\/span> Oui\t\t\t\t\t<\/li>\n<li class=\"product-features__item-list__item\" role=\"listitem\"><span class=\"is--medium\">Parois froides :<\/span> Oui\t\t\t\t\t<\/li>\n<li class=\"product-features__item-list__item\" role=\"listitem\"><span class=\"is--medium\">Poign\u00e9es froides :<\/span> Oui\t\t\t\t\t<\/li>\n<li class=\"product-features__item-list__item\" role=\"listitem\"><span class=\"is--medium\">Arr\u00eat automatique en cas de fonctionnement \u00e0 sec :<\/span> Oui\t\t\t\t\t<\/li>\n<li class=\"product-features__item-list__item\" role=\"listitem\"><span class=\"is--medium\">Dispositif en cas de surpression :<\/span> Oui\t\t\t\t\t<\/li>\n<li class=\"product-features__item-list__item\" role=\"listitem\"><span class=\"is--medium\">Arr\u00eat automatique :<\/span> Oui\t\t\t\t\t<\/li>\n<li class=\"product-features__item-list__item\" role=\"listitem\"><span class=\"is--medium\">Verrouillage enfant :<\/span> Oui\t\t\t\t\t<\/li>\n<\/ul>\n<\/li>\n<li class=\"product-features__item\" role=\"listitem\">\n<h3 class=\"product-features__label\">Dimensions<\/h3>\n<ul role=\"list\">\n<li class=\"product-features__item-list__item\" role=\"listitem\"><span class=\"is--medium\">Dimensions l x h x p :<\/span> 43 x 31 x 31 cm\t\t\t\t\t<\/li>\n<li class=\"product-features__item-list__item\" role=\"listitem\"><span class=\"is--medium\">Poids Net :<\/span> 6,50 Kg\t\t\t\t\t<\/li>\n<li class=\"product-features__item-list__item\" role=\"listitem\"><span class=\"is--medium\">Poids Brut :<\/span> 7,29 Kg\t\t\t\t\t<\/li>\n<li class=\"product-features__item-list__item\" role=\"listitem\"><span class=\"is--medium\">Volume (l) :<\/span> 5.7\t\t\t\t\t<\/li>\n<\/ul>\n<\/li>\n<li class=\"product-features__item\" role=\"listitem\">\n<h3 class=\"product-features__label\">Informations compl\u00e9mentaires<\/h3>\n<ul role=\"list\">\n<li class=\"product-features__item-list__item\" role=\"listitem\"><span class=\"is--medium\">Fabriqu\u00e9 en :<\/span> Chine\t\t\t\t\t<\/li>\n<li class=\"product-features__item-list__item\" role=\"listitem\"><span class=\"is--medium\">Garantie :<\/span> 2 ans\t\t\t\t\t<\/li>\n<li class=\"product-features__item-list__item\" role=\"listitem\"><span class=\"is--medium\">Disponibilit\u00e9 des pi\u00e8ces d\u00e9tach\u00e9es (donn\u00e9es fournisseur) :<\/span> Pendant 2 ans, \u00e0 compter de la date d&rsquo;achat\t\t\t\t\t<\/li>\n<li class=\"product-features__item-list__item\" role=\"listitem\"><span class=\"is--medium\">Garantie constructeur :<\/span> 2 ans\t\t\t\t\t<\/li>\n<li class=\"product-features__item-list__item\" role=\"listitem\"><span class=\"is--medium\">Marque :<\/span> NINJA\t\t\t\t\t<\/li>\n<\/ul>\n<\/li>\n<\/ul>\n<\/div>\n<div class=\"product__disclosure-content\">\n<div class=\"js-read-more product-description__content read-more read-more--truncated\" data-read-more-name=\"description\" style=\"max-height: 500px; overflow: hidden;\">\n<p>Avec le cuiseur NINJA speedi ON400EU, vous pourrez cuisiner pour toute la famille. Cet appareil combine diff\u00e9rents modes de cuisson : vapeur, r\u00f4tisserie ou friture, le tout en simultan\u00e9.<\/p>\n<h3><img fetchpriority=\"high\" decoding=\"async\" ,=\"\" alt=\"Cuiseur NINJA speedi ON400EU\" class=\"wy_tableau_gauche\" height=\"270\" src=\"https:\/\/boulanger.scene7.com\/is\/image\/Boulanger\/0622356264105_h_f_l_0?wid=400&amp;hei=270\" width=\"400\"\/>Un cuiseur extraordinairement rapide et polyvalent<\/h3>\n<p>Cuisinez rapidement d&rsquo;excellents petits plats, m\u00eame en semaine, avec le cuiseur NINJA speedi ON400EU. Sa <b>fonction cuisson rapide<\/b> permet de mitonner vos recettes &#8211; viandes, f\u00e9culents et l\u00e9gumes compris &#8211; en seulement 15 minutes ! Tout cuit en m\u00eame temps dans l&rsquo;appareil.<\/p>\n<p>Le cuiseur NINJA speedi ON400EU combine <b>diff\u00e9rents modes de cuisson<\/b> : cuire sous pression, \u00e0 la vapeur, mijoter, r\u00f4tir \u00e0 l&rsquo;air chaud, cuire au four, d\u00e9shydrater ou maintenir au chaud. Il est tout-en-un et peut m\u00eame remplacer votre four et votre table de cuisson pour vos plats jusqu&rsquo;\u00e0 4 personnes. Vous combinerez le croustillant et la juste cuisson.<\/p>\n<h3><img decoding=\"async\" ,=\"\" alt=\"Cuiseur NINJA speedi ON400EU\" class=\"wy_tableau_right\" height=\"270\" src=\"https:\/\/boulanger.scene7.com\/is\/image\/Boulanger\/0622356264105_h_f_l_1?wid=400&amp;hei=270\" width=\"400\"\/>Friture sans huile et cuisine maison<\/h3>\n<p>Le cuiseur NINJA speedi ON400EU prend soin de votre sant\u00e9 et propose des modes de cuisson sains. Pr\u00e9parez vos l\u00e9gumes \u00e0 la vapeur et simultan\u00e9ment votre poisson frit, sans huile. Optez pour le <b>mode Air Fryer<\/b> qui frit vos aliments avec une diminution de 75 % d&rsquo;huile. <\/p>\n<p>Confectionnez vos recettes habituelles dans le cuiseur NINJA speedi ON400EU ou faites-lui confiance. Il est livr\u00e9 avec <b>un livre de recettes<\/b> pour varier les plaisirs. Vous aurez \u00e9galement acc\u00e8s au blog d\u00e9di\u00e9 pour faire le plein de nouvelles id\u00e9es. Les recettes de ce cuiseur sont toutes d\u00e9crites pas \u00e0 pas. Il vous permettra m\u00eame de r\u00e9aliser des g\u00e2teaux ou des brioches.<\/p>\n<\/p>\n<\/div>\n<p><bl-button a11yexpanded=\"false\" arialabel=\"Afficher toute la description\" class=\"read-more__btn\" full=\"false\" link=\"true\">Voir plus<\/bl-button><\/div>","protected":false},"excerpt":{"rendered":"<div class=\"keypoints\">\n<h3 class=\"keypoints__title\">Les points cl\u00e9s<\/h3>\n<ul role=\"list\">\n<li class=\"keypoints__item\" role=\"listitem\">                          Cuisson traditionnelle &#8211;                                                      Airfry                      <\/li>\n<li class=\"keypoints__item\" role=\"listitem\">                                        5,7L, jusqu&rsquo;\u00e0 6 personnes                      <\/li>\n<li class=\"keypoints__item\" role=\"listitem\">                          20 recettes pas \u00e0 pas &#8211;                                                      Non connect\u00e9                      <\/li>\n<li class=\"keypoints__item keypoints__item--advantage\" role=\"listitem\"><strong>Le + :<\/strong> La technologie Rapid Cook permet de cuire \u00e0 la vapeur et de frire sans huile simultan\u00e9ment      <\/li>\n<\/ul>","protected":false},"featured_media":53557,"template":"","meta":{"_glsr_average":0,"_glsr_ranking":0,"_glsr_reviews":0},"product_cat":[397],"product_tag":[395,230,398],"class_list":{"0":"post-100038","1":"product","2":"type-product","3":"status-publish","4":"has-post-thumbnail","6":"product_cat-multicuiseurs","7":"product_tag-cuiseur-mijoteur-cookeo","8":"product_tag-cuisine-et-cuisson","9":"product_tag-multicuiseurs","11":"first","12":"instock","13":"sale","14":"shipping-taxable","15":"purchasable","16":"product-type-simple"},"_links":{"self":[{"href":"https:\/\/electromenagerexpress.com\/en\/wp-json\/wp\/v2\/product\/100038","targetHints":{"allow":["GET"]}}],"collection":[{"href":"https:\/\/electromenagerexpress.com\/en\/wp-json\/wp\/v2\/product"}],"about":[{"href":"https:\/\/electromenagerexpress.com\/en\/wp-json\/wp\/v2\/types\/product"}],"wp:featuredmedia":[{"embeddable":true,"href":"https:\/\/electromenagerexpress.com\/en\/wp-json\/wp\/v2\/media\/53557"}],"wp:attachment":[{"href":"https:\/\/electromenagerexpress.com\/en\/wp-json\/wp\/v2\/media?parent=100038"}],"wp:term":[{"taxonomy":"product_cat","embeddable":true,"href":"https:\/\/electromenagerexpress.com\/en\/wp-json\/wp\/v2\/product_cat?post=100038"},{"taxonomy":"product_tag","embeddable":true,"href":"https:\/\/electromenagerexpress.com\/en\/wp-json\/wp\/v2\/product_tag?post=100038"}],"curies":[{"name":"wp","href":"https:\/\/api.w.org\/{rel}","templated":true}]}}