{"id":100036,"date":"2024-11-28T18:33:10","date_gmt":"2024-11-28T18:33:10","guid":{"rendered":"https:\/\/electromenagerexpress.com\/product\/cookeomoulinexcookeo-wifi-9-en-1-ce952810\/"},"modified":"2024-11-28T18:33:18","modified_gmt":"2024-11-28T18:33:18","slug":"cookeomoulinexcookeo-wifi-9-en-1-ce952810","status":"publish","type":"product","link":"https:\/\/electromenagerexpress.com\/en\/product\/cookeomoulinexcookeo-wifi-9-en-1-ce952810\/","title":{"rendered":"Cookeo\t\t\t\t\t\t\tMOULINEX\t\t\t\tCookeo Wifi 9-en-1 CE952810"},"content":{"rendered":"<div class=\"product-features__content\">\n<ul role=\"list\">\n<li class=\"product-features__item\" role=\"listitem\">\n<h3 class=\"product-features__label\">Choisir ce produit pour quels usages ?<\/h3>\n<ul role=\"list\">\n<li class=\"product-features__item-list__item\" role=\"listitem\"><span class=\"is--medium\">Capacit\u00e9 totale :<\/span> 6L, jusqu&rsquo;\u00e0 6 personnes\t\t\t\t\t<\/li>\n<li class=\"product-features__item-list__item\" role=\"listitem\"><span class=\"is--medium\">Cuisiner, mijoter rapidement sans surveillance :<\/span> permet de pr\u00e9parer une grande vari\u00e9t\u00e9 de plats rapidement et facilement gr\u00e2ce \u00e0 la cuisson sous pression\t\t\t\t\t<\/li>\n<li class=\"product-features__item-list__item\" role=\"listitem\"><span class=\"is--medium\">Id\u00e9al pour cuisiner :<\/span> des pommes de terre en 15mn, un coucous en 30 mn, un risotto en 20 mn\t\t\t\t\t<\/li>\n<\/ul>\n<\/li>\n<li class=\"product-features__item\" role=\"listitem\">\n<h3 class=\"product-features__label\">Mode(s) de cuisson<\/h3>\n<ul role=\"list\">\n<li class=\"product-features__item-list__item\" role=\"listitem\"><span class=\"is--medium\">Nombre de recettes pr\u00e9-programm\u00e9es :<\/span> 150 recettes pr\u00e9programm\u00e9es, pour une grande diversit\u00e9 de plats faits main (sains, simples, pr\u00e9cis et rapides)\t\t\t\t\t<\/li>\n<li class=\"product-features__item-list__item\" role=\"listitem\"><span class=\"is--medium\">Recettes illimit\u00e9es :<\/span> oui, permet d&rsquo;acc\u00e9der \u00e0 des milliers de recettes \u00e9labor\u00e9es par la marque ou par la communaut\u00e9\t\t\t\t\t<\/li>\n<li class=\"product-features__item-list__item\" role=\"listitem\"><span class=\"is--medium\">Mode manuel :<\/span> oui, permet d&rsquo;ajuster les r\u00e9glages de cuisson selon vos besoins\t\t\t\t\t<\/li>\n<li class=\"product-features__item-list__item\" role=\"listitem\"><span class=\"is--medium\">Personnalisation :<\/span> oui, permet de m\u00e9moriser vos recettes pr\u00e9f\u00e9r\u00e9es et d&rsquo;y acc\u00e9der en un seul clic\t\t\t\t\t<\/li>\n<li class=\"product-features__item-list__item\" role=\"listitem\"><span class=\"is--medium\">Mijoter :<\/span> oui, permet de cuire \u00e0 temp\u00e9rature basse et constante les aliments pendant une p\u00e9riode prolong\u00e9e, id\u00e9al pour les plats mijot\u00e9s et les sauces\t\t\t\t\t<\/li>\n<li class=\"product-features__item-list__item\" role=\"listitem\"><span class=\"is--medium\">Rissoler :<\/span> oui, permet de dorer et rendre croustillants pommes de terres, viandes ou l\u00e9gumes\t\t\t\t\t<\/li>\n<li class=\"product-features__item-list__item\" role=\"listitem\"><span class=\"is--medium\">Vapeur :<\/span> oui, en utilisant de la vapeur pour cuire doucement les aliments , ce mode de cuisson permet de pr\u00e9server les nutriments et les saveurs des aliments sans mati\u00e8res grasses\t\t\t\t\t<\/li>\n<li class=\"product-features__item-list__item\" role=\"listitem\"><span class=\"is--medium\">R\u00e9chauffer :<\/span> Oui\t\t\t\t\t<\/li>\n<li class=\"product-features__item-list__item\" role=\"listitem\"><span class=\"is--medium\">Cuire au four et r\u00f4tir: :<\/span> Non\t\t\t\t\t<\/li>\n<li class=\"product-features__item-list__item\" role=\"listitem\"><span class=\"is--medium\">Maintien au chaud :<\/span> Oui\t\t\t\t\t<\/li>\n<li class=\"product-features__item-list__item\" role=\"listitem\"><span class=\"is--medium\">Cuisson sous pression :<\/span> Oui\t\t\t\t\t<\/li>\n<li class=\"product-features__item-list__item\" role=\"listitem\"><span class=\"is--medium\">Yaourts : :<\/span> Oui\t\t\t\t\t<\/li>\n<li class=\"product-features__item-list__item\" role=\"listitem\"><span class=\"is--medium\">Slow cooking : :<\/span> oui, pour une cuisson lente \u00e0 basse temp\u00e9rature\t\t\t\t\t<\/li>\n<li class=\"product-features__item-list__item\" role=\"listitem\"><span class=\"is--medium\">Slow cooking :<\/span> Oui\t\t\t\t\t<\/li>\n<li class=\"product-features__item-list__item\" role=\"listitem\"><span class=\"is--medium\">Cuisson sous vide : :<\/span> oui, pour une cuisson en sachet immerg\u00e9 \u00e0 basse temp\u00e9rature\t\t\t\t\t<\/li>\n<li class=\"product-features__item-list__item\" role=\"listitem\"><span class=\"is--medium\">Cuisson sous vide :<\/span> Oui\t\t\t\t\t<\/li>\n<\/ul>\n<\/li>\n<li class=\"product-features__item\" role=\"listitem\">\n<h3 class=\"product-features__label\">Confort d&rsquo;utilisation<\/h3>\n<ul role=\"list\">\n<li class=\"product-features__item-list__item\" role=\"listitem\"><span class=\"is--medium\">Connect\u00e9 :<\/span> wifi\t\t\t\t\t<\/li>\n<li class=\"product-features__item-list__item\" role=\"listitem\"><span class=\"is--medium\">Le saviez-vous ? :<\/span> les multicuiseurs connect\u00e9s permettent d&rsquo;acc\u00e9der \u00e0 un catalogue d&rsquo;id\u00e9e recettes, des mises \u00e0 jour automatiques mais aussi un contr\u00f4le pr\u00e9cis des param\u00e8tres de cuisson, des recettes aliment\u00e9es en permanence via l&rsquo;appli et la communaut\u00e9\t\t\t\t\t<\/li>\n<li class=\"product-features__item-list__item\" role=\"listitem\"><span class=\"is--medium\">Recette pas \u00e0 pas :<\/span> sur \u00e9cran\t\t\t\t\t<\/li>\n<li class=\"product-features__item-list__item\" role=\"listitem\"><span class=\"is--medium\">Ecran tactile :<\/span> Non\t\t\t\t\t<\/li>\n<li class=\"product-features__item-list__item\" role=\"listitem\"><span class=\"is--medium\">Ecran inclinable :<\/span> Non\t\t\t\t\t<\/li>\n<li class=\"product-features__item-list__item\" role=\"listitem\"><span class=\"is--medium\">D\u00e9part diff\u00e9r\u00e9 :<\/span> Oui\t\t\t\t\t<\/li>\n<li class=\"product-features__item-list__item\" role=\"listitem\"><span class=\"is--medium\">Minuterie :<\/span> Oui\t\t\t\t\t<\/li>\n<li class=\"product-features__item-list__item\" role=\"listitem\"><span class=\"is--medium\">Signal sonore de fin de cuisson :<\/span> Oui\t\t\t\t\t<\/li>\n<li class=\"product-features__item-list__item\" role=\"listitem\"><span class=\"is--medium\">Nettoyage de la cuve amovible au lave vaisselle :<\/span> Oui\t\t\t\t\t<\/li>\n<li class=\"product-features__item-list__item\" role=\"listitem\"><span class=\"is--medium\">Couleur :<\/span> Noir\t\t\t\t\t<\/li>\n<\/ul>\n<\/li>\n<li class=\"product-features__item\" role=\"listitem\">\n<h3 class=\"product-features__label\">Accessoires fournis<\/h3>\n<ul role=\"list\">\n<li class=\"product-features__item-list__item\" role=\"listitem\"><span class=\"is--medium\">Panier vapeur :<\/span> oui, permet de cuire sans ajout de mati\u00e8res grasses et de conserver tous les nutriments et les saveurs naturelles\t\t\t\t\t<\/li>\n<li class=\"product-features__item-list__item\" role=\"listitem\"><span class=\"is--medium\">Balance :<\/span> Non\t\t\t\t\t<\/li>\n<li class=\"product-features__item-list__item\" role=\"listitem\"><span class=\"is--medium\">Pots de yaourt :<\/span> Non\t\t\t\t\t<\/li>\n<\/ul>\n<\/li>\n<li class=\"product-features__item\" role=\"listitem\">\n<h3 class=\"product-features__label\">Caract\u00e9ristiques de la cuve<\/h3>\n<ul role=\"list\">\n<li class=\"product-features__item-list__item\" role=\"listitem\"><span class=\"is--medium\">Capacit\u00e9 :<\/span> 3,00 L\t\t\t\t\t<\/li>\n<li class=\"product-features__item-list__item\" role=\"listitem\"><span class=\"is--medium\">Capacit\u00e9 utile :<\/span> 3,00 L\t\t\t\t\t<\/li>\n<li class=\"product-features__item-list__item\" role=\"listitem\"><span class=\"is--medium\">Mati\u00e8re :<\/span> En c\u00e9ramique\t\t\t\t\t<\/li>\n<li class=\"product-features__item-list__item\" role=\"listitem\"><span class=\"is--medium\">Graduation :<\/span> Non\t\t\t\t\t<\/li>\n<li class=\"product-features__item-list__item\" role=\"listitem\"><span class=\"is--medium\">Cuve amovible :<\/span> Oui\t\t\t\t\t<\/li>\n<li class=\"product-features__item-list__item\" role=\"listitem\"><span class=\"is--medium\">Cuve anti-adh\u00e9sive :<\/span> Oui\t\t\t\t\t<\/li>\n<\/ul>\n<\/li>\n<li class=\"product-features__item\" role=\"listitem\">\n<h3 class=\"product-features__label\">S\u00e9curit\u00e9<\/h3>\n<ul role=\"list\">\n<li class=\"product-features__item-list__item\" role=\"listitem\"><span class=\"is--medium\">Pieds anti-d\u00e9rapants :<\/span> Oui\t\t\t\t\t<\/li>\n<li class=\"product-features__item-list__item\" role=\"listitem\"><span class=\"is--medium\">Parois froides :<\/span> Oui\t\t\t\t\t<\/li>\n<li class=\"product-features__item-list__item\" role=\"listitem\"><span class=\"is--medium\">Poign\u00e9es froides :<\/span> Oui\t\t\t\t\t<\/li>\n<li class=\"product-features__item-list__item\" role=\"listitem\"><span class=\"is--medium\">Arr\u00eat automatique en cas de fonctionnement \u00e0 sec :<\/span> Oui\t\t\t\t\t<\/li>\n<li class=\"product-features__item-list__item\" role=\"listitem\"><span class=\"is--medium\">Dispositif en cas de surpression :<\/span> Oui\t\t\t\t\t<\/li>\n<li class=\"product-features__item-list__item\" role=\"listitem\"><span class=\"is--medium\">Arr\u00eat automatique :<\/span> Oui\t\t\t\t\t<\/li>\n<li class=\"product-features__item-list__item\" role=\"listitem\"><span class=\"is--medium\">Verrouillage enfant :<\/span> Oui\t\t\t\t\t<\/li>\n<\/ul>\n<\/li>\n<li class=\"product-features__item\" role=\"listitem\">\n<h3 class=\"product-features__label\">Dimensions<\/h3>\n<ul role=\"list\">\n<li class=\"product-features__item-list__item\" role=\"listitem\"><span class=\"is--medium\">Dimensions l x h x p :<\/span> 33 x 32.5 x 36.6 cm\t\t\t\t\t<\/li>\n<li class=\"product-features__item-list__item\" role=\"listitem\"><span class=\"is--medium\">Poids Net :<\/span> 6,50 Kg\t\t\t\t\t<\/li>\n<li class=\"product-features__item-list__item\" role=\"listitem\"><span class=\"is--medium\">Poids Brut :<\/span> 8,80 Kg\t\t\t\t\t<\/li>\n<li class=\"product-features__item-list__item\" role=\"listitem\"><span class=\"is--medium\">Volume (l) :<\/span> 3\t\t\t\t\t<\/li>\n<\/ul>\n<\/li>\n<li class=\"product-features__item\" role=\"listitem\">\n<h3 class=\"product-features__label\">Informations compl\u00e9mentaires<\/h3>\n<ul role=\"list\">\n<li class=\"product-features__item-list__item\" role=\"listitem\"><span class=\"is--medium\">Fabriqu\u00e9 en :<\/span> Chine\t\t\t\t\t<\/li>\n<li class=\"product-features__item-list__item\" role=\"listitem\"><span class=\"is--medium\">Garantie :<\/span> 2 ans\t\t\t\t\t<\/li>\n<li class=\"product-features__item-list__item\" role=\"listitem\"><span class=\"is--medium\">Disponibilit\u00e9 des pi\u00e8ces d\u00e9tach\u00e9es (donn\u00e9es fournisseur) :<\/span> Pendant 15 ans, \u00e0 compter de la date d&rsquo;achat\t\t\t\t\t<\/li>\n<li class=\"product-features__item-list__item\" role=\"listitem\"><span class=\"is--medium\">Marque :<\/span> MOULINEX\t\t\t\t\t<\/li>\n<\/ul>\n<\/li>\n<\/ul>\n<\/div>\n<div class=\"product__disclosure-content\">\n<div class=\"js-read-more product-description__content read-more read-more--truncated\" data-read-more-name=\"description\" style=\"max-height: 500px; overflow: hidden;\">\n<div class=\"product__description-content read-more\" style=\"\">\n<p>Moulinex Cookeo Wifi 9-en-1 CE952810 : La R\u00e9volution Culinaire Connect\u00e9e<\/p>\n<h3> <img fetchpriority=\"high\" decoding=\"async\" ,=\"\" alt=\"Cookeo MOULINEX Cookeo Wifi 9-en-1 CE952810\" class=\"wy_tableau_gauche\" height=\"270\" src=\"https:\/\/boulanger.scene7.com\/is\/image\/Boulanger\/3045387292942_h_f_l_0?wid=400&amp;hei=270\" width=\"400\"\/>Innovation et Polyvalence au Service de la Cuisine                    <\/h3>\n<p>                        Le Cookeo Wifi 9-en-1 CE952810 de Moulinex red\u00e9finit l&rsquo;exp\u00e9rience culinaire avec son approche intelligente et connect\u00e9e. Ce multicuiseur haute pression est un v\u00e9ritable alli\u00e9 dans la pr\u00e9paration de repas rapides et savoureux. Avec ses 9 modes de cuisson, il offre une polyvalence in\u00e9gal\u00e9e, permettant de cuire sous pression, \u00e0 la vapeur, de mijoter, dorer, et bien plus encore. La cuisson sous pression se fait jusqu&rsquo;\u00e0 70 % plus rapidement qu&rsquo;avec des m\u00e9thodes traditionnelles, ce qui repr\u00e9sente un gain de temps consid\u00e9rable pour les utilisateurs. De plus, l&rsquo;accessoire EXTRA CRISP, vendu s\u00e9par\u00e9ment, transforme le Cookeo en une friteuse sans huile, \u00e9largissant encore le spectre des possibilit\u00e9s culinaires.                    <\/p>\n<\/p>\n<h3> <img decoding=\"async\" ,=\"\" alt=\"Cookeo MOULINEX Cookeo Wifi 9-en-1 CE952810\" class=\"wy_tableau_right\" height=\"270\" src=\"https:\/\/boulanger.scene7.com\/is\/image\/Boulanger\/3045387292942_h_f_l_1?wid=400&amp;hei=270\" width=\"400\"\/>Connectivit\u00e9 et Facilit\u00e9 d&rsquo;Utilisation                    <\/h3>\n<p>                        La connectivit\u00e9 Wi-Fi du Cookeo CE952810 ouvre la porte \u00e0 des milliers de recettes accessibles via l&rsquo;application MyMoulinex, offrant une source d&rsquo;inspiration infinie adapt\u00e9e aux go\u00fbts et aux ingr\u00e9dients disponibles. L&rsquo;\u00e9cran couleur intuitif guide l&rsquo;utilisateur \u00e0 travers chaque \u00e9tape de la recette, assurant des r\u00e9sultats parfaits sans n\u00e9cessiter de surveillance. La fonction de d\u00e9part diff\u00e9r\u00e9 et le maintien au chaud automatique apportent une flexibilit\u00e9 suppl\u00e9mentaire dans l&rsquo;organisation des repas. En outre, ce multicuiseur est con\u00e7u pour \u00eatre r\u00e9parable pendant 15 ans, avec un r\u00e9seau mondial de 6200 r\u00e9parateurs, affirmant l&rsquo;engagement de Moulinex envers la durabilit\u00e9 et l&rsquo;\u00e9conomie d&rsquo;\u00e9nergie.                    <\/p>\n<\/p><\/div>\n<\/p>\n<\/div>\n<p><bl-button a11yexpanded=\"false\" arialabel=\"Afficher toute la description\" class=\"read-more__btn\" full=\"false\" link=\"true\">Voir plus<\/bl-button><\/div>","protected":false},"excerpt":{"rendered":"<div class=\"keypoints\">\n<h3 class=\"keypoints__title\">Les points cl\u00e9s<\/h3>\n<ul role=\"list\">\n<li class=\"keypoints__item\" role=\"listitem\">                                        Cuisson rapide sous pression                      <\/li>\n<li class=\"keypoints__item\" role=\"listitem\">                                        6L, jusqu&rsquo;\u00e0 6 personnes                      <\/li>\n<li class=\"keypoints__item\" role=\"listitem\">                                        9 modes de cuisson                      <\/li>\n<li class=\"keypoints__item\" role=\"listitem\">                          150 recettes pas \u00e0 pas &#8211;                                                      Connect\u00e9                      <\/li>\n<li class=\"keypoints__item keypoints__item--advantage\" role=\"listitem\"><strong>Le + :<\/strong> Le multicuiseur rapide et intelligent, avec recettes int\u00e9gr\u00e9eset connexion Wi-Fi      <\/li>\n<\/ul>","protected":false},"featured_media":53518,"template":"","meta":{"_glsr_average":0,"_glsr_ranking":0,"_glsr_reviews":0},"product_cat":[394],"product_tag":[396,395,230],"class_list":{"0":"post-100036","1":"product","2":"type-product","3":"status-publish","4":"has-post-thumbnail","6":"product_cat-cookeo","7":"product_tag-cookeo","8":"product_tag-cuiseur-mijoteur-cookeo","9":"product_tag-cuisine-et-cuisson","11":"first","12":"instock","13":"sale","14":"shipping-taxable","15":"purchasable","16":"product-type-simple"},"_links":{"self":[{"href":"https:\/\/electromenagerexpress.com\/en\/wp-json\/wp\/v2\/product\/100036","targetHints":{"allow":["GET"]}}],"collection":[{"href":"https:\/\/electromenagerexpress.com\/en\/wp-json\/wp\/v2\/product"}],"about":[{"href":"https:\/\/electromenagerexpress.com\/en\/wp-json\/wp\/v2\/types\/product"}],"wp:featuredmedia":[{"embeddable":true,"href":"https:\/\/electromenagerexpress.com\/en\/wp-json\/wp\/v2\/media\/53518"}],"wp:attachment":[{"href":"https:\/\/electromenagerexpress.com\/en\/wp-json\/wp\/v2\/media?parent=100036"}],"wp:term":[{"taxonomy":"product_cat","embeddable":true,"href":"https:\/\/electromenagerexpress.com\/en\/wp-json\/wp\/v2\/product_cat?post=100036"},{"taxonomy":"product_tag","embeddable":true,"href":"https:\/\/electromenagerexpress.com\/en\/wp-json\/wp\/v2\/product_tag?post=100036"}],"curies":[{"name":"wp","href":"https:\/\/api.w.org\/{rel}","templated":true}]}}