{"id":100026,"date":"2024-11-28T18:32:23","date_gmt":"2024-11-28T18:32:23","guid":{"rendered":"https:\/\/electromenagerexpress.com\/product\/four-a-pizza-pelletziipapiana-a-pellets-ardoise\/"},"modified":"2024-11-28T18:32:26","modified_gmt":"2024-11-28T18:32:26","slug":"four-a-pizza-pelletziipapiana-a-pellets-ardoise","status":"publish","type":"product","link":"https:\/\/electromenagerexpress.com\/en\/product\/four-a-pizza-pelletziipapiana-a-pellets-ardoise\/","title":{"rendered":"Four \u00e0 pizza pellet\t\t\t\t\t\t\tZIIPA\t\t\t\tPIANA \u00e0 pellets &#8211; Ardoise"},"content":{"rendered":"<div class=\"product-features__content\">\n<ul role=\"list\">\n<li class=\"product-features__item\" role=\"listitem\">\n<h3 class=\"product-features__label\">Cuisson<\/h3>\n<ul role=\"list\">\n<li class=\"product-features__item-list__item\" role=\"listitem\"><span class=\"is--medium\">Nombre de personnes :<\/span> De 8 \u00e0 12 personnes\t\t\t\t\t<\/li>\n<li class=\"product-features__item-list__item\" role=\"listitem\"><span class=\"is--medium\">Diam\u00e8tre de\/des pizza(s) :<\/span> 31 cm\t\t\t\t\t<\/li>\n<li class=\"product-features__item-list__item\" role=\"listitem\"><span class=\"is--medium\">Temps de cuisson :<\/span> 1 min\t\t\t\t\t<\/li>\n<li class=\"product-features__item-list__item\" role=\"listitem\"><span class=\"is--medium\">Energie :<\/span> Pellet\t\t\t\t\t<\/li>\n<li class=\"product-features__item-list__item\" role=\"listitem\"><span class=\"is--medium\">Thermostat r\u00e9glable :<\/span> Oui\t\t\t\t\t<\/li>\n<li class=\"product-features__item-list__item\" role=\"listitem\"><span class=\"is--medium\">Temp\u00e9rature maximum de cuisson :<\/span> 500\u00b0C\t\t\t\t\t<\/li>\n<li class=\"product-features__item-list__item\" role=\"listitem\"><span class=\"is--medium\">Rapidit\u00e9 de mont\u00e9e en temp\u00e9rature :<\/span> 20 minutes\t\t\t\t\t<\/li>\n<\/ul>\n<\/li>\n<li class=\"product-features__item\" role=\"listitem\">\n<h3 class=\"product-features__label\">Equipement<\/h3>\n<ul role=\"list\">\n<li class=\"product-features__item-list__item\" role=\"listitem\"><span class=\"is--medium\">Nombre de plaques :<\/span> 1 pierre\t\t\t\t\t<\/li>\n<li class=\"product-features__item-list__item\" role=\"listitem\"><span class=\"is--medium\">Thermom\u00e8tre :<\/span> Oui\t\t\t\t\t<\/li>\n<li class=\"product-features__item-list__item\" role=\"listitem\"><span class=\"is--medium\">Minuteur :<\/span> Non\t\t\t\t\t<\/li>\n<li class=\"product-features__item-list__item\" role=\"listitem\"><span class=\"is--medium\">Signal sonore de fin de cuisson :<\/span> Non\t\t\t\t\t<\/li>\n<\/ul>\n<\/li>\n<li class=\"product-features__item\" role=\"listitem\">\n<h3 class=\"product-features__label\">Mati\u00e8re et coloris<\/h3>\n<ul role=\"list\">\n<li class=\"product-features__item-list__item\" role=\"listitem\"><span class=\"is--medium\">De la plaque :<\/span> Pierre \u00e0 pizza en cordi\u00e9rite rotative \u00e0 360\u00b0\t\t\t\t\t<\/li>\n<li class=\"product-features__item-list__item\" role=\"listitem\"><span class=\"is--medium\">De la coque :<\/span> Acier inoxydable\t\t\t\t\t<\/li>\n<li class=\"product-features__item-list__item\" role=\"listitem\"><span class=\"is--medium\">Coloris :<\/span> Gris\t\t\t\t\t<\/li>\n<\/ul>\n<\/li>\n<li class=\"product-features__item\" role=\"listitem\">\n<h3 class=\"product-features__label\">Facilit\u00e9 de nettoyage<\/h3>\n<ul role=\"list\">\n<li class=\"product-features__item-list__item\" role=\"listitem\"><span class=\"is--medium\">Plaque amovible :<\/span> Oui\t\t\t\t\t<\/li>\n<li class=\"product-features__item-list__item\" role=\"listitem\"><span class=\"is--medium\">R\u00e9cup\u00e9rateur de cendres :<\/span> Oui\t\t\t\t\t<\/li>\n<\/ul>\n<\/li>\n<li class=\"product-features__item\" role=\"listitem\">\n<h3 class=\"product-features__label\">Agencement<\/h3>\n<ul role=\"list\">\n<li class=\"product-features__item-list__item\" role=\"listitem\"><span class=\"is--medium\">Mobilit\u00e9 :<\/span> Portable\t\t\t\t\t<\/li>\n<li class=\"product-features__item-list__item\" role=\"listitem\"><span class=\"is--medium\">Poign\u00e9es de transport :<\/span> Non\t\t\t\t\t<\/li>\n<\/ul>\n<\/li>\n<li class=\"product-features__item\" role=\"listitem\">\n<h3 class=\"product-features__label\">S\u00e9curit\u00e9<\/h3>\n<ul role=\"list\">\n<li class=\"product-features__item-list__item\" role=\"listitem\"><span class=\"is--medium\">Poign\u00e9e froide :<\/span> Oui\t\t\t\t\t<\/li>\n<li class=\"product-features__item-list__item\" role=\"listitem\"><span class=\"is--medium\">Parois froides :<\/span> Oui\t\t\t\t\t<\/li>\n<\/ul>\n<\/li>\n<li class=\"product-features__item\" role=\"listitem\">\n<h3 class=\"product-features__label\">Informations compl\u00e9mentaires<\/h3>\n<ul role=\"list\">\n<li class=\"product-features__item-list__item\" role=\"listitem\"><span class=\"is--medium\">Fabriqu\u00e9 en :<\/span> Chine\t\t\t\t\t<\/li>\n<li class=\"product-features__item-list__item\" role=\"listitem\"><span class=\"is--medium\">Disponibilit\u00e9 des pi\u00e8ces d\u00e9tach\u00e9es (donn\u00e9es fournisseur) :<\/span> Pendant 2 ans\t\t\t\t\t<\/li>\n<li class=\"product-features__item-list__item\" role=\"listitem\"><span class=\"is--medium\">R\u00e9f\u00e9rence constructeur :<\/span> PIANA \u00e0 pellets &#8211; Ardoise\t\t\t\t\t<\/li>\n<li class=\"product-features__item-list__item\" role=\"listitem\"><span class=\"is--medium\">Marque :<\/span> ZIIPA\t\t\t\t\t<\/li>\n<\/ul>\n<\/li>\n<li class=\"product-features__item\" role=\"listitem\">\n<h3 class=\"product-features__label\">Dimensions<\/h3>\n<ul role=\"list\">\n<li class=\"product-features__item-list__item\" role=\"listitem\"><span class=\"is--medium\">Dimensions l x h x p :<\/span> 40 x 72.5 x 73 cm\t\t\t\t\t<\/li>\n<li class=\"product-features__item-list__item\" role=\"listitem\"><span class=\"is--medium\">Poids Net (kg) :<\/span> 10\t\t\t\t\t<\/li>\n<\/ul>\n<\/li>\n<\/ul>\n<\/div>\n<div class=\"product__disclosure-content\">\n<div class=\"js-read-more product-description__content read-more read-more--truncated\" data-read-more-name=\"description\" style=\"max-height: 500px; overflow: hidden;\">\n<p>Le four Piana \u00e0 Pellets est id\u00e9al pour r\u00e9aliser de d\u00e9licieuses pizzas maison !<\/p>\n<p>La forme du four a \u00e9t\u00e9 \u00e9tudi\u00e9e pour vous garantir la plus belle des exp\u00e9riences culinaires. Sa pierre r\u00e9fractaire est rotative ce qui vous permet de cuire votre pizza \u00e0 la perfection sans la sortir du four. En plus de vous offrir une cuisson parfaite, votre pizza sera cuite en moins d&rsquo;une minute. Invitez votre famille et vos amis pour partager un instant de dolce vita !<\/p>\n<p>Piana fonctionne avec des pellets de bois alimentaires qui offrent d&rsquo;excellentes performances calorifiques.<\/p>\n<p>Charbon intense, puissante et neutre ce coloris donne du caract\u00e8re au four Piana qui s&rsquo;int\u00e9grera parfaitement dans un ext\u00e9rieur sobre et chic. Le four \u00e0 pizza Piana existe aussi en ardoise, eucalyptus et terracotta.<\/p>\n<p>Les + de Piana <\/p>\n<p>\u2022\tFour compact et innovant,<br \/>\u2022\tPierre r\u00e9fractaire rotative,<br \/>\u2022\tPierre r\u00e9sistante en cordi\u00e9rite,<br \/>\u2022\tChauffe en moins de 20 minutes,<br \/>\u2022\tThermom\u00e8tre int\u00e9gr\u00e9,<br \/>\u2022\tCuisson rapide en 60 secondes top chrono !,<br \/>\u2022\tPieds pliables et format compact,<br \/>\u2022\t4 couleurs pour 4 ambiances diff\u00e9rentes.<\/p>\n<p>Fonctionnalit\u00e9s<\/p>\n<p>\u2022\tSyst\u00e8me de rotation pour une cuisson parfaite : Plus besoin de sortir la pizza du four ! Piana est le seul four compact dot\u00e9 d\u2019un syst\u00e8me innovant avec une pierre r\u00e9fractaire en cordi\u00e9rite ronde. La molette vous permettra de tourner votre pizza pendant la cuisson pour obtenir une pizza cuite de fa\u00e7on homog\u00e8ne.<br \/>\u2022\tPorte amovible : La porte vous permettra d\u2019optimiser le temps de chauffe du four.<br \/>\u2022\tCuisson rapide en 60s : 1 minute, c\u2019est le temps qu\u2019il vous faudra pour obtenir une pizza \u00e0 la cuisson parfaite !<br \/>\u2022\tCombustibles : Pour alimenter votre four, vous aurez le choix : utiliser du bois, des briquettes ou des pellets. Utilisez la trappe qui se situe juste au-dessus du tiroir pour r\u00e9approvisionner votre four pendant la cuisson.<br \/>\u2022\tThermom\u00e8tre int\u00e9gr\u00e9 : Une pizza r\u00e9ussie est une pizza cuite \u00e0 la perfection. Gr\u00e2ce au thermom\u00e8tre int\u00e9gr\u00e9, vous pourrez facilement surveiller la temp\u00e9rature de votre four. Comptez environ 20 minutes pour obtenir la bonne temp\u00e9rature de cuisson : 400\u00b0C.<br \/>\u2022\tPieds pliables et format compact : Pour emporter ou d\u00e9placer votre four comme bon vous semble !<br \/>\u2022\tA chacun sa couleur : Terracotta pour une ambiance boh\u00e8me, eucalyptus pour une ambiance plus zen, ardoise pour une ambiance moderne et charbon pour une couleur plus intense.<\/p>\n<p>Ce que contient la bo\u00eete<\/p>\n<p>\u2022\tFour Piana,<br \/>\u2022\tThermom\u00e8tre int\u00e9gr\u00e9,<br \/>\u2022\tPorte du four en acier,<br \/>\u2022\tChemin\u00e9e,<br \/>\u2022\tTiroir \u00e0 combustible,<br \/>\u2022\tPierre \u00e0 pizza ronde en cordi\u00e9rite,<br \/>\u2022\tCoupe flamme,<br \/>\u2022\tManuel d\u2019utilisation.<\/p>\n<\/div>\n<p><bl-button a11yexpanded=\"false\" arialabel=\"Afficher toute la description\" class=\"read-more__btn\" full=\"false\" link=\"true\"><\/bl-button><\/div>","protected":false},"excerpt":{"rendered":"<div class=\"keypoints\">\n<h3 class=\"keypoints__title\">Les points cl\u00e9s<\/h3>\n<ul role=\"list\">\n<li class=\"keypoints__item\" role=\"listitem\">                                        Le four \u00e0 pizza pour d\u00e9guster des pizzas maison                      <\/li>\n<li class=\"keypoints__item\" role=\"listitem\">                          De 8 \u00e0 12 personnes &#8211;                                                      Portable                      <\/li>\n<li class=\"keypoints__item\" role=\"listitem\">                                        Inox                      <\/li>\n<li class=\"keypoints__item\" role=\"listitem\">                                        Rapidit\u00e9 de mont\u00e9e en temp\u00e9rature : 20 minutes                      <\/li>\n<\/ul>","protected":false},"featured_media":53422,"template":"","meta":{"_glsr_average":0,"_glsr_ranking":0,"_glsr_reviews":0},"product_cat":[390],"product_tag":[230,392,391],"class_list":{"0":"post-100026","1":"product","2":"type-product","3":"status-publish","4":"has-post-thumbnail","6":"product_cat-cuisson-festive","7":"product_tag-cuisine-et-cuisson","8":"product_tag-cuisson-festive","9":"product_tag-petit-appareil-de-cuisson","11":"first","12":"instock","13":"sale","14":"shipping-taxable","15":"purchasable","16":"product-type-simple"},"_links":{"self":[{"href":"https:\/\/electromenagerexpress.com\/en\/wp-json\/wp\/v2\/product\/100026","targetHints":{"allow":["GET"]}}],"collection":[{"href":"https:\/\/electromenagerexpress.com\/en\/wp-json\/wp\/v2\/product"}],"about":[{"href":"https:\/\/electromenagerexpress.com\/en\/wp-json\/wp\/v2\/types\/product"}],"wp:featuredmedia":[{"embeddable":true,"href":"https:\/\/electromenagerexpress.com\/en\/wp-json\/wp\/v2\/media\/53422"}],"wp:attachment":[{"href":"https:\/\/electromenagerexpress.com\/en\/wp-json\/wp\/v2\/media?parent=100026"}],"wp:term":[{"taxonomy":"product_cat","embeddable":true,"href":"https:\/\/electromenagerexpress.com\/en\/wp-json\/wp\/v2\/product_cat?post=100026"},{"taxonomy":"product_tag","embeddable":true,"href":"https:\/\/electromenagerexpress.com\/en\/wp-json\/wp\/v2\/product_tag?post=100026"}],"curies":[{"name":"wp","href":"https:\/\/api.w.org\/{rel}","templated":true}]}}