{"id":100023,"date":"2024-11-28T18:32:10","date_gmt":"2024-11-28T18:32:10","guid":{"rendered":"https:\/\/electromenagerexpress.com\/product\/braseroblumfeldtdiamond-bol-gris-fonce\/"},"modified":"2024-11-28T18:32:12","modified_gmt":"2024-11-28T18:32:12","slug":"braseroblumfeldtdiamond-bol-gris-fonce","status":"publish","type":"product","link":"https:\/\/electromenagerexpress.com\/en\/product\/braseroblumfeldtdiamond-bol-gris-fonce\/","title":{"rendered":"Brasero\t\t\t\t\t\t\tBLUMFELDT\t\t\t\tDiamond Bol &#8211; Gris fonc\u00e9"},"content":{"rendered":"<div class=\"product-features__content\">\n<ul role=\"list\">\n<li class=\"product-features__item\" role=\"listitem\">\n<h3 class=\"product-features__label\">Cuisson<\/h3>\n<ul role=\"list\">\n<li class=\"product-features__item-list__item\" role=\"listitem\"><span class=\"is--medium\">Nombre de personnes :<\/span> De 4 \u00e0 6 personnes\t\t\t\t\t<\/li>\n<li class=\"product-features__item-list__item\" role=\"listitem\"><span class=\"is--medium\">Energie :<\/span> Charbon de bois\t\t\t\t\t<\/li>\n<li class=\"product-features__item-list__item\" role=\"listitem\"><span class=\"is--medium\">Type de cuisson :<\/span> Grill\t\t\t\t\t<\/li>\n<li class=\"product-features__item-list__item\" role=\"listitem\"><span class=\"is--medium\">Clapet d&rsquo;a\u00e9ration :<\/span> Non\t\t\t\t\t<\/li>\n<\/ul>\n<\/li>\n<li class=\"product-features__item\" role=\"listitem\">\n<h3 class=\"product-features__label\">Equipement<\/h3>\n<ul role=\"list\">\n<li class=\"product-features__item-list__item\" role=\"listitem\"><span class=\"is--medium\">Nombre de grilles \/ plaques :<\/span> 2 grilles\t\t\t\t\t<\/li>\n<li class=\"product-features__item-list__item\" role=\"listitem\"><span class=\"is--medium\">Grille :<\/span> Mod\u00e8le simple\t\t\t\t\t<\/li>\n<li class=\"product-features__item-list__item\" role=\"listitem\"><span class=\"is--medium\">Grille maintien au chaud :<\/span> Non\t\t\t\t\t<\/li>\n<li class=\"product-features__item-list__item\" role=\"listitem\"><span class=\"is--medium\">Thermom\u00e8tre :<\/span> Non\t\t\t\t\t<\/li>\n<li class=\"product-features__item-list__item\" role=\"listitem\"><span class=\"is--medium\">Minuteur :<\/span> Non\t\t\t\t\t<\/li>\n<li class=\"product-features__item-list__item\" role=\"listitem\"><span class=\"is--medium\">Crochets de suspension :<\/span> Non\t\t\t\t\t<\/li>\n<\/ul>\n<\/li>\n<li class=\"product-features__item\" role=\"listitem\">\n<h3 class=\"product-features__label\">Mati\u00e8re et coloris<\/h3>\n<ul role=\"list\">\n<li class=\"product-features__item-list__item\" role=\"listitem\"><span class=\"is--medium\">De la surface de cuisson :<\/span> Inox\t\t\t\t\t<\/li>\n<li class=\"product-features__item-list__item\" role=\"listitem\"><span class=\"is--medium\">De la cuve :<\/span> Acier inoxydable\t\t\t\t\t<\/li>\n<li class=\"product-features__item-list__item\" role=\"listitem\"><span class=\"is--medium\">Coloris :<\/span> Noir\t\t\t\t\t<\/li>\n<\/ul>\n<\/li>\n<li class=\"product-features__item\" role=\"listitem\">\n<h3 class=\"product-features__label\">Facilit\u00e9 de nettoyage<\/h3>\n<ul role=\"list\">\n<li class=\"product-features__item-list__item\" role=\"listitem\"><span class=\"is--medium\">Grille\/plaque amovible :<\/span> Oui\t\t\t\t\t<\/li>\n<li class=\"product-features__item-list__item\" role=\"listitem\"><span class=\"is--medium\">Compatible au lave-vaisselle :<\/span> Non\t\t\t\t\t<\/li>\n<li class=\"product-features__item-list__item\" role=\"listitem\"><span class=\"is--medium\">Enti\u00e8rement d\u00e9montable :<\/span> Oui\t\t\t\t\t<\/li>\n<li class=\"product-features__item-list__item\" role=\"listitem\"><span class=\"is--medium\">R\u00e9cup\u00e9ration des cendres :<\/span> Non\t\t\t\t\t<\/li>\n<\/ul>\n<\/li>\n<li class=\"product-features__item\" role=\"listitem\">\n<h3 class=\"product-features__label\">Agencement<\/h3>\n<ul role=\"list\">\n<li class=\"product-features__item-list__item\" role=\"listitem\"><span class=\"is--medium\">Mobilit\u00e9 :<\/span> Sur pieds\t\t\t\t\t<\/li>\n<li class=\"product-features__item-list__item\" role=\"listitem\"><span class=\"is--medium\">Avantage de la mobilit\u00e9 :<\/span> Sur pieds pour lui trouver un espace d\u00e9di\u00e9\t\t\t\t\t<\/li>\n<li class=\"product-features__item-list__item\" role=\"listitem\"><span class=\"is--medium\">Chariot pliable :<\/span> Non\t\t\t\t\t<\/li>\n<li class=\"product-features__item-list__item\" role=\"listitem\"><span class=\"is--medium\">Pieds r\u00e9glables :<\/span> Non\t\t\t\t\t<\/li>\n<li class=\"product-features__item-list__item\" role=\"listitem\"><span class=\"is--medium\">Couvercle :<\/span> Oui\t\t\t\t\t<\/li>\n<li class=\"product-features__item-list__item\" role=\"listitem\"><span class=\"is--medium\">Avantage du couvercle :<\/span> Le couvercle permet une chaleur uniforme et rend vos aliments plus tendre\t\t\t\t\t<\/li>\n<li class=\"product-features__item-list__item\" role=\"listitem\"><span class=\"is--medium\">Pare-vent :<\/span> Non\t\t\t\t\t<\/li>\n<li class=\"product-features__item-list__item\" role=\"listitem\"><span class=\"is--medium\">Tablette de travail :<\/span> Non\t\t\t\t\t<\/li>\n<li class=\"product-features__item-list__item\" role=\"listitem\"><span class=\"is--medium\">Poign\u00e9es de transport :<\/span> Oui\t\t\t\t\t<\/li>\n<li class=\"product-features__item-list__item\" role=\"listitem\"><span class=\"is--medium\">Espace de rangement :<\/span> Non\t\t\t\t\t<\/li>\n<li class=\"product-features__item-list__item\" role=\"listitem\"><span class=\"is--medium\">Montage barbecue\/chariot :<\/span> En kit\u00a0\u00e0 monter soi-m\u00eame\t\t\t\t\t<\/li>\n<\/ul>\n<\/li>\n<li class=\"product-features__item\" role=\"listitem\">\n<h3 class=\"product-features__label\">S\u00e9curit\u00e9<\/h3>\n<ul role=\"list\">\n<li class=\"product-features__item-list__item\" role=\"listitem\"><span class=\"is--medium\">Poign\u00e9e froide :<\/span> Non\t\t\t\t\t<\/li>\n<li class=\"product-features__item-list__item\" role=\"listitem\"><span class=\"is--medium\">Pieds antid\u00e9rapants :<\/span> Oui\t\t\t\t\t<\/li>\n<\/ul>\n<\/li>\n<li class=\"product-features__item\" role=\"listitem\">\n<h3 class=\"product-features__label\">Dimensions<\/h3>\n<ul role=\"list\">\n<li class=\"product-features__item-list__item\" role=\"listitem\"><span class=\"is--medium\">Dimension de la surface de cuisson :<\/span> Diam\u00e8tre 41 cm\t\t\t\t\t<\/li>\n<li class=\"product-features__item-list__item\" role=\"listitem\"><span class=\"is--medium\">Dimensions l x h x p :<\/span> 65 x 51 x 65 cm\t\t\t\t\t<\/li>\n<li class=\"product-features__item-list__item\" role=\"listitem\"><span class=\"is--medium\">Dimension du carton l x h x p :<\/span> 120 x 120 x 80 cm\t\t\t\t\t<\/li>\n<li class=\"product-features__item-list__item\" role=\"listitem\"><span class=\"is--medium\">Poids :<\/span> 17,50 kg\t\t\t\t\t<\/li>\n<\/ul>\n<\/li>\n<li class=\"product-features__item\" role=\"listitem\">\n<h3 class=\"product-features__label\">Informations compl\u00e9mentaires<\/h3>\n<ul role=\"list\">\n<li class=\"product-features__item-list__item\" role=\"listitem\"><span class=\"is--medium\">R\u00e9f\u00e9rence constructeur :<\/span> Diamond Bol &#8211; Gris fonc\u00e9\t\t\t\t\t<\/li>\n<li class=\"product-features__item-list__item\" role=\"listitem\"><span class=\"is--medium\">Marque :<\/span> BLUMFELDT\t\t\t\t\t<\/li>\n<li class=\"product-features__item-list__item\" role=\"listitem\"><span class=\"is--medium\">Disponibilit\u00e9 des pi\u00e8ces d\u00e9tach\u00e9es (donn\u00e9es fournisseur) :<\/span> Non communiqu\u00e9e\t\t\t\t\t<\/li>\n<li class=\"product-features__item-list__item\" role=\"listitem\"><span class=\"is--medium\">Fabriqu\u00e9 en :<\/span> Chine\t\t\t\t\t<\/li>\n<\/ul>\n<\/li>\n<\/ul>\n<\/div>\n<div class=\"product__disclosure-content\">\n<div class=\"js-read-more product-description__content\" data-read-more-name=\"description\" style=\"max-height: 500px; overflow: hidden;\">\n<p>Feu sous un ciel \u00e9toil\u00e9 et plaisir du grill\u00a0: savourez de succulents mets grill\u00e9s en famille et entre amis et vivez l&rsquo;atmosph\u00e8re incomparablement chaleureuse d&rsquo;un feu ouvert avec le <b>barbecue bras\u00e9ro<\/b> <b>blumfeldt <\/b>Diamond.<\/p>\n<p>L&rsquo;imposant <b>bras\u00e9ro<\/b> est fabriqu\u00e9 en MGO (Magnesium Fiberclay) robuste et l\u00e9ger, ainsi que dans une coque en acier de haute qualit\u00e9. Son design particulier en forme pierre pr\u00e9cieuse attire tous les regards et s&rsquo;int\u00e8gre parfaitement dans n&rsquo;importe quelle ambiance de jardin. En posant la grille de cuisson en acier chrom\u00e9, passez d&rsquo;un feu flamboyant au plaisir gustatif en grillant des saucisses, steaks, brochettes de l\u00e9gumes ou m\u00eame du fromage grill\u00e9. La livraison comprend \u00e9galement un pare-\u00e9tincelles pratique qui prot\u00e8ge tous ceux qui se trouvent \u00e0 proximit\u00e9 du feu des \u00e9tincelles incontr\u00f4l\u00e9es. Gr\u00e2ce \u00e0 deux poign\u00e9es lat\u00e9rales, la bras\u00e9ro Diamond <b>avec barbecue<\/b> de <b>blumfeldt<\/b> peut \u00eatre transport\u00e9e et d\u00e9plac\u00e9e \u00e0 tout moment. <\/p>\n<p><b>Top Features:<\/b><\/p>\n<p><b>\u2022 Romantisme en plein air\u00a0:<\/b> bras\u00e9ro en coque d&rsquo;acier et MGO (Fibre d&rsquo;argile de magn\u00e9sium)<br \/><b>\u2022 Le plaisir des grillades\u00a0:<\/b> avec grille en acier chrom\u00e9<br \/><b>\u2022 S\u00fbr\u00a0:<\/b> avec pare-\u00e9tincelles pratique<br \/><b>\u2022 Mobile\u00a0:<\/b> poign\u00e9es pour faciliter le d\u00e9placement<br \/><b>\u2022 Sur\u00e9lev\u00e9\u00a0: <\/b>stable avec une base solide<br \/><b>\u2022 Complet\u00a0:<\/b> avec pare-\u00e9tincelles, foyer en acier, grille \u00e0 charbon, grille de cuisson et bras de pr\u00e9hension<\/p>\n<p><b>Caract\u00e9ristiques:<\/b><\/p>\n<p> \t\u2022 Mat\u00e9riau\u00a0: MGO (Magnesium Fiberclay) &amp; coque en acier<\/p>\n<p> \t\u2022 Avec grille en acier chrom\u00e9<\/p>\n<p> \t\u2022 structure solide et support stable<\/p>\n<p> \t\u2022 pour le bois de chauffage ou le charbon de bois<\/p>\n<p> \t\u2022 Pare-\u00e9tincelles inclus<\/p>\n<p> \t\u2022 avec poign\u00e9es de transport lat\u00e9rales<\/p>\n<p><b>Inclus dans la livraison:<\/b><\/p>\n<p>\u2022 1\u00a0x bras\u00e9ro<br \/>\u2022 1 x grille de cuisson<br \/>\u2022 1 x grille de charbon de bois<br \/>\u2022 1 x pare-\u00e9tincelles<br \/>\u2022 1 x bras de pr\u00e9hension<br \/>\u2022 1 x base du pied<br \/>\u2022 Mode d&#8217;emploi en fran\u00e7ais<\/p>\n<p><b>Dimension:<\/b><\/p>\n<p> \t\u2022 Dimensions\u00a0: environ 65 x 51 x 65\u00a0cm (LxHxP)<\/p>\n<p> \t\u2022 Diam\u00e8tre de la grille de cuisson\u00a0: environ 41\u00a0cm<\/p>\n<p> \t\u2022 Poids\u00a0: env. 17,5\u00a0kg<\/p>\n<\/div>\n<\/div>","protected":false},"excerpt":{"rendered":"<div class=\"keypoints\">\n<h3 class=\"keypoints__title\">Les points cl\u00e9s<\/h3>\n<ul role=\"list\">\n<li class=\"keypoints__item\" role=\"listitem\">                          De 4 \u00e0 6 personnes &#8211;                                                      Sur pieds                      <\/li>\n<li class=\"keypoints__item\" role=\"listitem\">                                        Mati\u00e8re de la cuve : en acier inoxydable                      <\/li>\n<li class=\"keypoints__item\" role=\"listitem\">                          Couvercle &#8211;                                                      Dimension de la surface de cuisson : Diam\u00e8tre 41 cm                      <\/li>\n<\/ul>","protected":false},"featured_media":53398,"template":"","meta":{"_glsr_average":0,"_glsr_ranking":0,"_glsr_reviews":0},"product_cat":[383],"product_tag":[361,384,230],"class_list":{"0":"post-100023","1":"product","2":"type-product","3":"status-publish","4":"has-post-thumbnail","6":"product_cat-brasero","7":"product_tag-barbecue","8":"product_tag-brasero","9":"product_tag-cuisine-et-cuisson","11":"first","12":"instock","13":"sale","14":"shipping-taxable","15":"purchasable","16":"product-type-simple"},"_links":{"self":[{"href":"https:\/\/electromenagerexpress.com\/en\/wp-json\/wp\/v2\/product\/100023","targetHints":{"allow":["GET"]}}],"collection":[{"href":"https:\/\/electromenagerexpress.com\/en\/wp-json\/wp\/v2\/product"}],"about":[{"href":"https:\/\/electromenagerexpress.com\/en\/wp-json\/wp\/v2\/types\/product"}],"wp:featuredmedia":[{"embeddable":true,"href":"https:\/\/electromenagerexpress.com\/en\/wp-json\/wp\/v2\/media\/53398"}],"wp:attachment":[{"href":"https:\/\/electromenagerexpress.com\/en\/wp-json\/wp\/v2\/media?parent=100023"}],"wp:term":[{"taxonomy":"product_cat","embeddable":true,"href":"https:\/\/electromenagerexpress.com\/en\/wp-json\/wp\/v2\/product_cat?post=100023"},{"taxonomy":"product_tag","embeddable":true,"href":"https:\/\/electromenagerexpress.com\/en\/wp-json\/wp\/v2\/product_tag?post=100023"}],"curies":[{"name":"wp","href":"https:\/\/api.w.org\/{rel}","templated":true}]}}