{"id":100021,"date":"2024-11-28T18:31:59","date_gmt":"2024-11-28T18:31:59","guid":{"rendered":"https:\/\/electromenagerexpress.com\/product\/braseroblumfeldtsavage-o605cm\/"},"modified":"2024-11-28T18:32:04","modified_gmt":"2024-11-28T18:32:04","slug":"braseroblumfeldtsavage-o605cm","status":"publish","type":"product","link":"https:\/\/electromenagerexpress.com\/en\/product\/braseroblumfeldtsavage-o605cm\/","title":{"rendered":"Brasero\t\t\t\t\t\t\tBLUMFELDT\t\t\t\tSavage \u00d860,5cm"},"content":{"rendered":"<div class=\"product-features__content\">\n<ul role=\"list\">\n<li class=\"product-features__item\" role=\"listitem\">\n<h3 class=\"product-features__label\">Cuisson<\/h3>\n<ul role=\"list\">\n<li class=\"product-features__item-list__item\" role=\"listitem\"><span class=\"is--medium\">Nombre de personnes :<\/span> De 4 \u00e0 6 personnes\t\t\t\t\t<\/li>\n<li class=\"product-features__item-list__item\" role=\"listitem\"><span class=\"is--medium\">Energie :<\/span> Charbon de bois\t\t\t\t\t<\/li>\n<li class=\"product-features__item-list__item\" role=\"listitem\"><span class=\"is--medium\">Type de cuisson :<\/span> Grill\t\t\t\t\t<\/li>\n<li class=\"product-features__item-list__item\" role=\"listitem\"><span class=\"is--medium\">Clapet d&rsquo;a\u00e9ration :<\/span> Non\t\t\t\t\t<\/li>\n<\/ul>\n<\/li>\n<li class=\"product-features__item\" role=\"listitem\">\n<h3 class=\"product-features__label\">Equipement<\/h3>\n<ul role=\"list\">\n<li class=\"product-features__item-list__item\" role=\"listitem\"><span class=\"is--medium\">Nombre de grilles \/ plaques :<\/span> 2 grilles\t\t\t\t\t<\/li>\n<li class=\"product-features__item-list__item\" role=\"listitem\"><span class=\"is--medium\">Grille :<\/span> Mod\u00e8le simple\t\t\t\t\t<\/li>\n<li class=\"product-features__item-list__item\" role=\"listitem\"><span class=\"is--medium\">Grille maintien au chaud :<\/span> Non\t\t\t\t\t<\/li>\n<li class=\"product-features__item-list__item\" role=\"listitem\"><span class=\"is--medium\">Thermom\u00e8tre :<\/span> Non\t\t\t\t\t<\/li>\n<li class=\"product-features__item-list__item\" role=\"listitem\"><span class=\"is--medium\">Minuteur :<\/span> Non\t\t\t\t\t<\/li>\n<li class=\"product-features__item-list__item\" role=\"listitem\"><span class=\"is--medium\">Crochets de suspension :<\/span> Non\t\t\t\t\t<\/li>\n<\/ul>\n<\/li>\n<li class=\"product-features__item\" role=\"listitem\">\n<h3 class=\"product-features__label\">Mati\u00e8re et coloris<\/h3>\n<ul role=\"list\">\n<li class=\"product-features__item-list__item\" role=\"listitem\"><span class=\"is--medium\">De la surface de cuisson :<\/span> Inox\t\t\t\t\t<\/li>\n<li class=\"product-features__item-list__item\" role=\"listitem\"><span class=\"is--medium\">De la cuve :<\/span> Acier inoxydable\t\t\t\t\t<\/li>\n<li class=\"product-features__item-list__item\" role=\"listitem\"><span class=\"is--medium\">Coloris :<\/span> Cuivre\t\t\t\t\t<\/li>\n<\/ul>\n<\/li>\n<li class=\"product-features__item\" role=\"listitem\">\n<h3 class=\"product-features__label\">Facilit\u00e9 de nettoyage<\/h3>\n<ul role=\"list\">\n<li class=\"product-features__item-list__item\" role=\"listitem\"><span class=\"is--medium\">Grille\/plaque amovible :<\/span> Oui\t\t\t\t\t<\/li>\n<li class=\"product-features__item-list__item\" role=\"listitem\"><span class=\"is--medium\">Compatible au lave-vaisselle :<\/span> Non\t\t\t\t\t<\/li>\n<li class=\"product-features__item-list__item\" role=\"listitem\"><span class=\"is--medium\">Enti\u00e8rement d\u00e9montable :<\/span> Oui\t\t\t\t\t<\/li>\n<li class=\"product-features__item-list__item\" role=\"listitem\"><span class=\"is--medium\">R\u00e9cup\u00e9ration des cendres :<\/span> Non\t\t\t\t\t<\/li>\n<\/ul>\n<\/li>\n<li class=\"product-features__item\" role=\"listitem\">\n<h3 class=\"product-features__label\">Agencement<\/h3>\n<ul role=\"list\">\n<li class=\"product-features__item-list__item\" role=\"listitem\"><span class=\"is--medium\">Mobilit\u00e9 :<\/span> A poser\t\t\t\t\t<\/li>\n<li class=\"product-features__item-list__item\" role=\"listitem\"><span class=\"is--medium\">Avantage de la mobilit\u00e9 :<\/span> A poser sur la table\t\t\t\t\t<\/li>\n<li class=\"product-features__item-list__item\" role=\"listitem\"><span class=\"is--medium\">Chariot pliable :<\/span> Non\t\t\t\t\t<\/li>\n<li class=\"product-features__item-list__item\" role=\"listitem\"><span class=\"is--medium\">Pieds r\u00e9glables :<\/span> Non\t\t\t\t\t<\/li>\n<li class=\"product-features__item-list__item\" role=\"listitem\"><span class=\"is--medium\">Couvercle :<\/span> Non\t\t\t\t\t<\/li>\n<li class=\"product-features__item-list__item\" role=\"listitem\"><span class=\"is--medium\">Pare-vent :<\/span> Non\t\t\t\t\t<\/li>\n<li class=\"product-features__item-list__item\" role=\"listitem\"><span class=\"is--medium\">Tablette de travail :<\/span> Unilat\u00e9rale\t\t\t\t\t<\/li>\n<li class=\"product-features__item-list__item\" role=\"listitem\"><span class=\"is--medium\">Poign\u00e9es de transport :<\/span> Non\t\t\t\t\t<\/li>\n<li class=\"product-features__item-list__item\" role=\"listitem\"><span class=\"is--medium\">Espace de rangement :<\/span> Non\t\t\t\t\t<\/li>\n<li class=\"product-features__item-list__item\" role=\"listitem\"><span class=\"is--medium\">Montage barbecue\/chariot :<\/span> En kit\u00a0\u00e0 monter soi-m\u00eame\t\t\t\t\t<\/li>\n<\/ul>\n<\/li>\n<li class=\"product-features__item\" role=\"listitem\">\n<h3 class=\"product-features__label\">S\u00e9curit\u00e9<\/h3>\n<ul role=\"list\">\n<li class=\"product-features__item-list__item\" role=\"listitem\"><span class=\"is--medium\">Poign\u00e9e froide :<\/span> Non\t\t\t\t\t<\/li>\n<li class=\"product-features__item-list__item\" role=\"listitem\"><span class=\"is--medium\">Pieds antid\u00e9rapants :<\/span> Non\t\t\t\t\t<\/li>\n<\/ul>\n<\/li>\n<li class=\"product-features__item\" role=\"listitem\">\n<h3 class=\"product-features__label\">Dimensions<\/h3>\n<ul role=\"list\">\n<li class=\"product-features__item-list__item\" role=\"listitem\"><span class=\"is--medium\">Dimension de la surface de cuisson :<\/span> Diam\u00e8tre 60 cm\t\t\t\t\t<\/li>\n<li class=\"product-features__item-list__item\" role=\"listitem\"><span class=\"is--medium\">Dimensions l x h x p :<\/span> 60.5 x 34.5 x 60.5 cm\t\t\t\t\t<\/li>\n<li class=\"product-features__item-list__item\" role=\"listitem\"><span class=\"is--medium\">Dimension du carton l x h x p :<\/span> 120 x 120 x 80 cm\t\t\t\t\t<\/li>\n<li class=\"product-features__item-list__item\" role=\"listitem\"><span class=\"is--medium\">Poids :<\/span> 17,10 kg\t\t\t\t\t<\/li>\n<\/ul>\n<\/li>\n<li class=\"product-features__item\" role=\"listitem\">\n<h3 class=\"product-features__label\">Informations compl\u00e9mentaires<\/h3>\n<ul role=\"list\">\n<li class=\"product-features__item-list__item\" role=\"listitem\"><span class=\"is--medium\">R\u00e9f\u00e9rence constructeur :<\/span> Savage \u00d860,5cm\t\t\t\t\t<\/li>\n<li class=\"product-features__item-list__item\" role=\"listitem\"><span class=\"is--medium\">Marque :<\/span> BLUMFELDT\t\t\t\t\t<\/li>\n<li class=\"product-features__item-list__item\" role=\"listitem\"><span class=\"is--medium\">Disponibilit\u00e9 des pi\u00e8ces d\u00e9tach\u00e9es (donn\u00e9es fournisseur) :<\/span> Non communiqu\u00e9e\t\t\t\t\t<\/li>\n<li class=\"product-features__item-list__item\" role=\"listitem\"><span class=\"is--medium\">Fabriqu\u00e9 en :<\/span> Chine\t\t\t\t\t<\/li>\n<\/ul>\n<\/li>\n<\/ul>\n<\/div>\n<div class=\"product__disclosure-content\">\n<div class=\"js-read-more product-description__content read-more read-more--truncated\" data-read-more-name=\"description\" style=\"max-height: 500px; overflow: hidden;\">\n<p><b>Bras\u00e9ro d\u00e9coratif en acier de 60 cm de diam\u00e8tre avec plaque de cuisson.<\/b><\/p>\n<p><b>Structure en acier dans un design de couleur rouille, avec grille de charbon et<br \/>protection contre les intemp\u00e9ries.<\/b><\/p>\n<p><b>Feu ouvert de charbon de bois ou de b\u00fbches sans trace de br\u00fblure ou de trou dans le<br \/>jardin.<\/b><\/p>\n<p> Savourez de succulents mets grill\u00e9s en famille et entre amis et vivez l&rsquo;atmosph\u00e8re<br \/>incomparablement chaleureuse d&rsquo;un feu ouvert sous les \u00e9toiles avec le <b>barbecue<br \/>bras\u00e9ro<\/b><b>blumfeldt <\/b>Savage. <\/p>\n<p>L&rsquo;imposante vasque de 60,5 cm de diam\u00e8tre est enti\u00e8rement fabriqu\u00e9e en acier et sa<br \/>couleur rouille lui donne un aspect particuli\u00e8rement naturel. La structure est<br \/>prot\u00e9g\u00e9e de l&rsquo;eau et du gel et, malgr\u00e9 l&rsquo;\u00e9paisseur du mat\u00e9riau robuste de 3 mm, le<br \/>bras\u00e9ro est relativement l\u00e9ger. Il promet une vue magnifique, en particulier avec<br \/>bois de chauffage, et prot\u00e8ge de mani\u00e8re fiable contre les taches de br\u00fblure et les<br \/>trous dans le jardin. La plaque de cuisson en acier \u00e9maill\u00e9 plac\u00e9e dessus limite<br \/>quelque peu le scintillement du feu, mais la chaleur des braises et les d\u00e9licieuses<br \/>saucisses, steaks ou brochettes de l\u00e9gumes compensent ais\u00e9ment cette perte. La<br \/>livraison comprend \u00e9galement une grille \u00e0 charbon pratique ainsi qu&rsquo;une protection<br \/>r\u00e9sistante contre les intemp\u00e9ries, qui prot\u00e8ge \u00e0 tout moment l&rsquo;appareil 2 en 1 du<br \/>vent et des intemp\u00e9ries.<\/p>\n<p>Le <b>bras\u00e9ro et barbecue <\/b><b>Blumfeldt<\/b> Savage : une atmosph\u00e8re de jardin cr\u00e9pitante et le<br \/>plaisir de d\u00e9licieuses grillades en un. <\/p>\n<p><b>Top Features:<\/b><\/p>\n<p>\u2022 <b>Sous les \u00e9toiles :<\/b> profiter de l&rsquo;atmosph\u00e8re incomparable d&rsquo;un feu ouvert<br \/>\u2022 <b>Mat\u00e9riau de haute qualit\u00e9 : <\/b>Plaque de cuisson \u00e9maill\u00e9e en acier<br \/>\u2022 <b>Nettoyage facile : <\/b>surfaces lisses gr\u00e2ce au rev\u00eatement \u00e9maill\u00e9<br \/>\u2022 <b>Naturel :<\/b> Bras\u00e9ro couleur rouille pour un look rustique<br \/>\u2022 <b>Construction stable : <\/b>gr\u00e2ce \u00e0 une base de support robuste<br \/>\u2022 <b>Protection contre les intemp\u00e9ries incluse :<\/b> prot\u00e8ge la structure du vent et de la<br \/>pluie<br \/>\u2022 <b>Complet : <\/b>avec plaque de cuisson, protection contre les intemp\u00e9ries et grille de<br \/>charbon de bois<\/p>\n<p><b>Caract\u00e9ristiques:<\/b><\/p>\n<p>\u2022 Bras\u00e9ro en acier<br \/>\u2022 structure solide et support stable <br \/>\u2022 s&rsquo;utilise avec du bois de chauffage ou du charbon de bois<br \/>\u2022 Plaque de cuisson avec rev\u00eatement \u00e9maill\u00e9<br \/>\u2022 Diam\u00e8tre du bras\u00e9ro : 60,5 cm<br \/>\u2022 r\u00e9sistant \u00e0 l&rsquo;eau et au gel<\/p>\n<p><b>Inclus dans la livraison:<\/b><\/p>\n<p>\u2022 1 x bras\u00e9ro<br \/>\u2022 1 x plaque de cuisson<br \/>\u2022 1 x grille de charbon de bois<br \/>\u2022 1 x protection contre les intemp\u00e9ries<br \/>\u2022 Mode d&#8217;emploi en fran\u00e7ais<\/p>\n<p><b>Dimensions:<\/b><\/p>\n<p>\u2022 Dimensions : environ 60,5 x 34,5 cm (\u00d8xH)<br \/>\u2022 Diam\u00e8tre de la plaque de cuisson : 59,5 cm<br \/>\u2022 Diam\u00e8tre de la grille de charbon : 30 cm<br \/>\u2022 Poids : env. 17,1 kg<\/p>\n<\/div>\n<p><bl-button a11yexpanded=\"false\" arialabel=\"Afficher toute la description\" class=\"read-more__btn\" full=\"false\" link=\"true\">Voir plus<\/bl-button><\/div>","protected":false},"excerpt":{"rendered":"<div class=\"keypoints\">\n<h3 class=\"keypoints__title\">Les points cl\u00e9s<\/h3>\n<ul role=\"list\">\n<li class=\"keypoints__item\" role=\"listitem\">                          De 4 \u00e0 6 personnes &#8211;                                                      A poser                      <\/li>\n<li class=\"keypoints__item\" role=\"listitem\">                                        Mati\u00e8re de la cuve : en acier inoxydable                      <\/li>\n<li class=\"keypoints__item\" role=\"listitem\">                                        Dimension de la surface de cuisson : Diam\u00e8tre 60 cm                      <\/li>\n<\/ul>","protected":false},"featured_media":53375,"template":"","meta":{"_glsr_average":0,"_glsr_ranking":0,"_glsr_reviews":0},"product_cat":[383],"product_tag":[361,384,230],"class_list":{"0":"post-100021","1":"product","2":"type-product","3":"status-publish","4":"has-post-thumbnail","6":"product_cat-brasero","7":"product_tag-barbecue","8":"product_tag-brasero","9":"product_tag-cuisine-et-cuisson","11":"first","12":"instock","13":"sale","14":"shipping-taxable","15":"purchasable","16":"product-type-simple"},"_links":{"self":[{"href":"https:\/\/electromenagerexpress.com\/en\/wp-json\/wp\/v2\/product\/100021","targetHints":{"allow":["GET"]}}],"collection":[{"href":"https:\/\/electromenagerexpress.com\/en\/wp-json\/wp\/v2\/product"}],"about":[{"href":"https:\/\/electromenagerexpress.com\/en\/wp-json\/wp\/v2\/types\/product"}],"wp:featuredmedia":[{"embeddable":true,"href":"https:\/\/electromenagerexpress.com\/en\/wp-json\/wp\/v2\/media\/53375"}],"wp:attachment":[{"href":"https:\/\/electromenagerexpress.com\/en\/wp-json\/wp\/v2\/media?parent=100021"}],"wp:term":[{"taxonomy":"product_cat","embeddable":true,"href":"https:\/\/electromenagerexpress.com\/en\/wp-json\/wp\/v2\/product_cat?post=100021"},{"taxonomy":"product_tag","embeddable":true,"href":"https:\/\/electromenagerexpress.com\/en\/wp-json\/wp\/v2\/product_tag?post=100021"}],"curies":[{"name":"wp","href":"https:\/\/api.w.org\/{rel}","templated":true}]}}