{"id":100017,"date":"2024-11-28T18:31:48","date_gmt":"2024-11-28T18:31:48","guid":{"rendered":"https:\/\/electromenagerexpress.com\/product\/grille-barbecuevidaxlacier-44-5-x-29-x-110-cm-argent\/"},"modified":"2024-11-28T18:31:48","modified_gmt":"2024-11-28T18:31:48","slug":"grille-barbecuevidaxlacier-44-5-x-29-x-110-cm-argent","status":"publish","type":"product","link":"https:\/\/electromenagerexpress.com\/en\/product\/grille-barbecuevidaxlacier-44-5-x-29-x-110-cm-argent\/","title":{"rendered":"Grille barbecue\t\t\t\t\t\t\tVIDAXL\t\t\t\tAcier 44.5 x 29 x 110 cm Argent"},"content":{"rendered":"<div class=\"product-features__content\">\n<ul role=\"list\">\n<li class=\"product-features__item\" role=\"listitem\">\n<h3 class=\"product-features__label\">Descriptif de l&rsquo;accessoire<\/h3>\n<ul role=\"list\">\n<li class=\"product-features__item-list__item\" role=\"listitem\"><span class=\"is--medium\">Type de produit :<\/span> Grille barbecue\t\t\t\t\t<\/li>\n<li class=\"product-features__item-list__item\" role=\"listitem\"><span class=\"is--medium\">Usage :<\/span> Barbecue\t\t\t\t\t<\/li>\n<li class=\"product-features__item-list__item\" role=\"listitem\"><span class=\"is--medium\">Mati\u00e8re de l&rsquo;accessoire :<\/span> acier galvanis\u00e9\t\t\t\t\t<\/li>\n<\/ul>\n<\/li>\n<li class=\"product-features__item\" role=\"listitem\">\n<h3 class=\"product-features__label\">Compatibilit\u00e9 de l&rsquo;accessoire<\/h3>\n<ul role=\"list\">\n<li class=\"product-features__item-list__item\" role=\"listitem\"><span class=\"is--medium\">Barbecue(s) compatible(s) :<\/span> Non communiqu\u00e9\t\t\t\t\t<\/li>\n<\/ul>\n<\/li>\n<li class=\"product-features__item\" role=\"listitem\">\n<h3 class=\"product-features__label\">Pr\u00e9cautions d&rsquo;utilisation du produit<\/h3>\n<ul role=\"list\">\n<li class=\"product-features__item-list__item\" role=\"listitem\"><span class=\"is--medium\">Conseil de s\u00e9curit\u00e9 :<\/span> Produit non concern\u00e9\t\t\t\t\t<\/li>\n<li class=\"product-features__item-list__item\" role=\"listitem\"><span class=\"is--medium\">Produit canc\u00e9rig\u00e8ne :<\/span> Non\t\t\t\t\t<\/li>\n<li class=\"product-features__item-list__item\" role=\"listitem\"><span class=\"is--medium\">Produit comburant (facilite la combustion) :<\/span> Non\t\t\t\t\t<\/li>\n<li class=\"product-features__item-list__item\" role=\"listitem\"><span class=\"is--medium\">Produit corrosif :<\/span> Non\t\t\t\t\t<\/li>\n<li class=\"product-features__item-list__item\" role=\"listitem\"><span class=\"is--medium\">Produit dangereux en milieu aquatique :<\/span> Non\t\t\t\t\t<\/li>\n<li class=\"product-features__item-list__item\" role=\"listitem\"><span class=\"is--medium\">Produit explosif :<\/span> Non\t\t\t\t\t<\/li>\n<li class=\"product-features__item-list__item\" role=\"listitem\"><span class=\"is--medium\">Produit avec gaz sous pression :<\/span> Non\t\t\t\t\t<\/li>\n<li class=\"product-features__item-list__item\" role=\"listitem\"><span class=\"is--medium\">Produit inflammable :<\/span> Non\t\t\t\t\t<\/li>\n<li class=\"product-features__item-list__item\" role=\"listitem\"><span class=\"is--medium\">Produit toxique :<\/span> Non\t\t\t\t\t<\/li>\n<li class=\"product-features__item-list__item\" role=\"listitem\"><span class=\"is--medium\">Produit toxique et irritant :<\/span> Non\t\t\t\t\t<\/li>\n<\/ul>\n<\/li>\n<li class=\"product-features__item\" role=\"listitem\">\n<h3 class=\"product-features__label\">Dimensions<\/h3>\n<ul role=\"list\">\n<li class=\"product-features__item-list__item\" role=\"listitem\"><span class=\"is--medium\">Dimensions l x h x p :<\/span> 44.5 x 110 x 29 cm\t\t\t\t\t<\/li>\n<\/ul>\n<\/li>\n<li class=\"product-features__item\" role=\"listitem\">\n<h3 class=\"product-features__label\">Informations compl\u00e9mentaires<\/h3>\n<ul role=\"list\">\n<li class=\"product-features__item-list__item\" role=\"listitem\"><span class=\"is--medium\">Fabriqu\u00e9 en :<\/span> Chine\t\t\t\t\t<\/li>\n<li class=\"product-features__item-list__item\" role=\"listitem\"><span class=\"is--medium\">Disponibilit\u00e9 des pi\u00e8ces d\u00e9tach\u00e9es (donn\u00e9es fournisseur) :<\/span> Non communiqu\u00e9e\t\t\t\t\t<\/li>\n<li class=\"product-features__item-list__item\" role=\"listitem\"><span class=\"is--medium\">R\u00e9f\u00e9rence constructeur :<\/span> Acier 44.5 x 29 x 110 cm Argent\t\t\t\t\t<\/li>\n<li class=\"product-features__item-list__item\" role=\"listitem\"><span class=\"is--medium\">Marque :<\/span> VIDAXL\t\t\t\t\t<\/li>\n<\/ul>\n<\/li>\n<li class=\"product-features__item\" role=\"listitem\">\n<h3 class=\"product-features__label\">Facette type de produit<\/h3>\n<ul role=\"list\">\n<li class=\"product-features__item-list__item\" role=\"listitem\"><span class=\"is--medium\">Type de produit :<\/span> Accessoire de cuisine\t\t\t\t\t<\/li>\n<\/ul>\n<\/li>\n<\/ul>\n<\/div>\n<div class=\"product__disclosure-content\">\n<div class=\"js-read-more product-description__content read-more read-more--truncated\" data-read-more-name=\"description\" style=\"max-height: 500px; overflow: hidden;\">\n<p>Utilisez ce fumoir \u00e0 four multifonctionnel avec table pour pr\u00e9parer un festin et profiter d&rsquo;un moment agr\u00e9able en plein air avec votre famille !<\/p>\n<\/p>\n<ul>\n<li>Mat\u00e9riau durable : l&rsquo;acier est un mat\u00e9riau exceptionnellement dur et solide. Il offre robustesse et stabilit\u00e9. La galvanisation offre une meilleure protection contre la rouille et est utile pour les produits qui seront utilis\u00e9s \u00e0 l&rsquo;ext\u00e9rieur.<\/li>\n<li>Grand espace de fumage : le fumoir d&rsquo;ext\u00e9rieur offre beaucoup d&rsquo;espace pour fumer la viande, le poisson, les saucisses, etc. Les crochets et les grilles en forme de S inclus rendent votre barbecue plus pratique.<\/li>\n<li>Fonction indicative : le fumoir est \u00e9quip\u00e9 d&rsquo;un thermom\u00e8tre permettant de v\u00e9rifier la temp\u00e9rature de la chambre. Vous pouvez \u00e9galement garder un oeil sur les aliments \u00e0 l&rsquo;int\u00e9rieur pour assurer une meilleure grillade gr\u00e2ce \u00e0 la vitre du fumoir.<\/li>\n<li>Vis r\u00e9glable : vous pouvez r\u00e9gler la hauteur de la vis noire pour que la table de travail reste stable sur un sol irr\u00e9gulier.<\/li>\n<li>\u00c9tag\u00e8re de rangement : la table dispose de 2 \u00e9tag\u00e8res ouvertes pour que vous puissiez placer la farine, le sucre, les bols \u00e0 m\u00e9langer, les planches \u00e0 d\u00e9couper et d&rsquo;autres fournitures de barbecue bien organis\u00e9es et \u00e0 port\u00e9e de main. Le dessus de table robuste offre un bon support, ce qui rend la table de pr\u00e9paration adapt\u00e9e pour contenir votre fumoir de four.<\/li>\n<\/ul>\n<p>Avertissement\u00a0:<\/p>\n<ul>\n<li>N&rsquo;utilisez pas le barbecue dans un espace confin\u00e9 et\/ou habitable, par exemple dans une maison, une tente, une caravane, un camping-car ou un bateau. Risque d&rsquo;intoxication mortelle au monoxyde de carbone.<\/li>\n<\/ul>\n<\/p>\n<ul>\n<li><strong>Fumoir \u00e0 four :<\/strong><\/li>\n<li>Mat\u00e9riau : acier galvanis\u00e9, verre<\/li>\n<li>Dimensions : 44,5 x 29 x 110 cm (l x P x H)<\/li>\n<li>Dimensions de la fen\u00eatre en verre : 19,5 x 41,5 cm (L x l)<\/li>\n<li>Bol \u00e0 feu, grille et cendrier galvanis\u00e9s<\/li>\n<li>Tiroir avec poign\u00e9e<\/li>\n<li>Pour un usage ext\u00e9rieur<\/li>\n<li><strong>Table pour fumoir \u00e0 four :<\/strong><\/li>\n<li>Mat\u00e9riau : acier galvanis\u00e9<\/li>\n<li>Dimensions : 40 x 28 x 44,5 cm (L x l x H)<\/li>\n<li>L&rsquo;assemblage est requis<\/li>\n<li><strong>La livraison contient :<\/strong><\/li>\n<li>1 x fumoir \u00e0 four<\/li>\n<li>1 x table pour fumoir \u00e0 four<\/li>\n<li>12 x crochet en forme de S<\/li>\n<li>3 x grille<\/li>\n<li>1 kg de copeaux de bois<\/li>\n<li>EAN : 8720845861292<\/li>\n<li>SKU : 3187615<\/li>\n<li>Marque : vidaXL<\/li>\n<\/ul>\n<\/div>\n<p><bl-button a11yexpanded=\"false\" arialabel=\"Afficher toute la description\" class=\"read-more__btn\" full=\"false\" link=\"true\"><\/bl-button><\/div>","protected":false},"excerpt":{"rendered":"<div class=\"keypoints\">\n<h3 class=\"keypoints__title\">Les points cl\u00e9s<\/h3>\n<ul role=\"list\">\n<li class=\"keypoints__item\" role=\"listitem\">                                        Grille barbecue                      <\/li>\n<li class=\"keypoints__item\" role=\"listitem\">                                        Barbecue(s) compatible(s) : Non communiqu\u00e9                      <\/li>\n<\/ul>","protected":false},"featured_media":53359,"template":"","meta":{"_glsr_average":0,"_glsr_ranking":0,"_glsr_reviews":0},"product_cat":[364],"product_tag":[366,365,230],"class_list":{"0":"post-100017","1":"product","2":"type-product","3":"status-publish","4":"has-post-thumbnail","6":"product_cat-accessoire-barbecue-plancha","7":"product_tag-accessoire-barbecue-plancha","8":"product_tag-accessoire-cuisine-et-cuisson","9":"product_tag-cuisine-et-cuisson","11":"first","12":"instock","13":"sale","14":"shipping-taxable","15":"purchasable","16":"product-type-simple"},"_links":{"self":[{"href":"https:\/\/electromenagerexpress.com\/en\/wp-json\/wp\/v2\/product\/100017","targetHints":{"allow":["GET"]}}],"collection":[{"href":"https:\/\/electromenagerexpress.com\/en\/wp-json\/wp\/v2\/product"}],"about":[{"href":"https:\/\/electromenagerexpress.com\/en\/wp-json\/wp\/v2\/types\/product"}],"wp:featuredmedia":[{"embeddable":true,"href":"https:\/\/electromenagerexpress.com\/en\/wp-json\/wp\/v2\/media\/53359"}],"wp:attachment":[{"href":"https:\/\/electromenagerexpress.com\/en\/wp-json\/wp\/v2\/media?parent=100017"}],"wp:term":[{"taxonomy":"product_cat","embeddable":true,"href":"https:\/\/electromenagerexpress.com\/en\/wp-json\/wp\/v2\/product_cat?post=100017"},{"taxonomy":"product_tag","embeddable":true,"href":"https:\/\/electromenagerexpress.com\/en\/wp-json\/wp\/v2\/product_tag?post=100017"}],"curies":[{"name":"wp","href":"https:\/\/api.w.org\/{rel}","templated":true}]}}