{"id":100006,"date":"2024-11-28T18:30:57","date_gmt":"2024-11-28T18:30:57","guid":{"rendered":"https:\/\/electromenagerexpress.com\/product\/four-a-pizza-charbonredfirenoir\/"},"modified":"2024-11-28T18:31:02","modified_gmt":"2024-11-28T18:31:02","slug":"four-a-pizza-charbonredfirenoir","status":"publish","type":"product","link":"https:\/\/electromenagerexpress.com\/en\/product\/four-a-pizza-charbonredfirenoir\/","title":{"rendered":"Four \u00e0 pizza charbon\t\t\t\t\t\t\tREDFIRE\t\t\t\tNoir"},"content":{"rendered":"<div class=\"product-features__content\">\n<ul role=\"list\">\n<li class=\"product-features__item\" role=\"listitem\">\n<h3 class=\"product-features__label\">Cuisson<\/h3>\n<ul role=\"list\">\n<li class=\"product-features__item-list__item\" role=\"listitem\"><span class=\"is--medium\">Nombre de personnes :<\/span> Non communiqu\u00e9\t\t\t\t\t<\/li>\n<li class=\"product-features__item-list__item\" role=\"listitem\"><span class=\"is--medium\">Diam\u00e8tre de\/des pizza(s) :<\/span> 30 cm\t\t\t\t\t<\/li>\n<li class=\"product-features__item-list__item\" role=\"listitem\"><span class=\"is--medium\">Temps de cuisson :<\/span> Non communiqu\u00e9\t\t\t\t\t<\/li>\n<li class=\"product-features__item-list__item\" role=\"listitem\"><span class=\"is--medium\">Energie :<\/span> Charbon de bois\t\t\t\t\t<\/li>\n<li class=\"product-features__item-list__item\" role=\"listitem\"><span class=\"is--medium\">Thermostat r\u00e9glable :<\/span> Oui\t\t\t\t\t<\/li>\n<li class=\"product-features__item-list__item\" role=\"listitem\"><span class=\"is--medium\">Temp\u00e9rature maximum de cuisson :<\/span> Non communiqu\u00e9\t\t\t\t\t<\/li>\n<li class=\"product-features__item-list__item\" role=\"listitem\"><span class=\"is--medium\">Rapidit\u00e9 de mont\u00e9e en temp\u00e9rature :<\/span> Non communiqu\u00e9\t\t\t\t\t<\/li>\n<\/ul>\n<\/li>\n<li class=\"product-features__item\" role=\"listitem\">\n<h3 class=\"product-features__label\">Equipement<\/h3>\n<ul role=\"list\">\n<li class=\"product-features__item-list__item\" role=\"listitem\"><span class=\"is--medium\">Nombre de plaques :<\/span> 1 pierre\t\t\t\t\t<\/li>\n<li class=\"product-features__item-list__item\" role=\"listitem\"><span class=\"is--medium\">Thermom\u00e8tre :<\/span> Oui\t\t\t\t\t<\/li>\n<li class=\"product-features__item-list__item\" role=\"listitem\"><span class=\"is--medium\">Minuteur :<\/span> Non\t\t\t\t\t<\/li>\n<li class=\"product-features__item-list__item\" role=\"listitem\"><span class=\"is--medium\">Signal sonore de fin de cuisson :<\/span> Non\t\t\t\t\t<\/li>\n<\/ul>\n<\/li>\n<li class=\"product-features__item\" role=\"listitem\">\n<h3 class=\"product-features__label\">Mati\u00e8re et coloris<\/h3>\n<ul role=\"list\">\n<li class=\"product-features__item-list__item\" role=\"listitem\"><span class=\"is--medium\">De la plaque :<\/span> Non communiqu\u00e9\t\t\t\t\t<\/li>\n<li class=\"product-features__item-list__item\" role=\"listitem\"><span class=\"is--medium\">De la coque :<\/span> Acier\t\t\t\t\t<\/li>\n<li class=\"product-features__item-list__item\" role=\"listitem\"><span class=\"is--medium\">Coloris :<\/span> Noir\t\t\t\t\t<\/li>\n<\/ul>\n<\/li>\n<li class=\"product-features__item\" role=\"listitem\">\n<h3 class=\"product-features__label\">Facilit\u00e9 de nettoyage<\/h3>\n<ul role=\"list\">\n<li class=\"product-features__item-list__item\" role=\"listitem\"><span class=\"is--medium\">Plaque amovible :<\/span> Oui\t\t\t\t\t<\/li>\n<\/ul>\n<\/li>\n<li class=\"product-features__item\" role=\"listitem\">\n<h3 class=\"product-features__label\">Agencement<\/h3>\n<ul role=\"list\">\n<li class=\"product-features__item-list__item\" role=\"listitem\"><span class=\"is--medium\">Mobilit\u00e9 :<\/span> Sur pied ou \u00e0 poser\t\t\t\t\t<\/li>\n<li class=\"product-features__item-list__item\" role=\"listitem\"><span class=\"is--medium\">Poign\u00e9es de transport :<\/span> Non\t\t\t\t\t<\/li>\n<\/ul>\n<\/li>\n<li class=\"product-features__item\" role=\"listitem\">\n<h3 class=\"product-features__label\">S\u00e9curit\u00e9<\/h3>\n<ul role=\"list\">\n<li class=\"product-features__item-list__item\" role=\"listitem\"><span class=\"is--medium\">Poign\u00e9e froide :<\/span> Non\t\t\t\t\t<\/li>\n<li class=\"product-features__item-list__item\" role=\"listitem\"><span class=\"is--medium\">Parois froides :<\/span> Non\t\t\t\t\t<\/li>\n<\/ul>\n<\/li>\n<li class=\"product-features__item\" role=\"listitem\">\n<h3 class=\"product-features__label\">Informations compl\u00e9mentaires<\/h3>\n<ul role=\"list\">\n<li class=\"product-features__item-list__item\" role=\"listitem\"><span class=\"is--medium\">Fabriqu\u00e9 en :<\/span> Pays-Bas\t\t\t\t\t<\/li>\n<li class=\"product-features__item-list__item\" role=\"listitem\"><span class=\"is--medium\">Disponibilit\u00e9 des pi\u00e8ces d\u00e9tach\u00e9es (donn\u00e9es fournisseur) :<\/span> Non communiqu\u00e9e\t\t\t\t\t<\/li>\n<li class=\"product-features__item-list__item\" role=\"listitem\"><span class=\"is--medium\">R\u00e9f\u00e9rence constructeur :<\/span> Noir\t\t\t\t\t<\/li>\n<li class=\"product-features__item-list__item\" role=\"listitem\"><span class=\"is--medium\">Marque :<\/span> REDFIRE\t\t\t\t\t<\/li>\n<\/ul>\n<\/li>\n<\/ul>\n<\/div>\n<div class=\"product__disclosure-content\">\n<div class=\"js-read-more product-description__content read-more read-more--truncated\" data-read-more-name=\"description\" style=\"max-height: 500px; overflow: hidden;\">\n<p>Avec le four \u00e0 pizza d&rsquo;ext\u00e9rieur de la marque BBGRILL, vous disposez d&rsquo;une solution tout-en-un pour votre jardin ou votre terrasse. Ce four \u00e0 pizza br\u00fble \u00e0 la fois du bois et du charbon de bois comme combustible pour pr\u00e9parer les plats les plus savoureux.<\/p>\n<p>\u00a0<\/p>\n<p>Le four \u00e0 pizza dispose d&rsquo;une grille de barbecue chrom\u00e9e (48 x 35 cm) sur le dessus. Lorsque vous utilisez la pierre \u00e0 pizza standard, vous pouvez cuire les pizzas italiennes les plus savoureuses, fra\u00eeches et authentiques, et sans la pierre, vous pouvez simplement griller votre viande de la mani\u00e8re classique d&rsquo;un barbecue. Vous pouvez facilement garder un oeil sur le processus de grillage gr\u00e2ce au thermom\u00e8tre qui montre la temp\u00e9rature int\u00e9rieure. En ajustant la chemin\u00e9e et l&rsquo;\u00e9vent inf\u00e9rieur, vous pouvez r\u00e9gler la temp\u00e9rature. Vous pouvez facilement d\u00e9placer le four \u00e0 pizza Lorenzo de la marque BBGRILL \u00e0 un autre endroit gr\u00e2ce aux roues int\u00e9gr\u00e9es. Pour am\u00e9liorer pleinement sa multifonctionnalit\u00e9, le four peut \u00e9galement \u00eatre utilis\u00e9 comme foyer en ouvrant la partie inf\u00e9rieure.<\/p>\n<p>\u00a0<\/p>\n<p>La livraison contient un four \u00e0 pizza, une grille de gril et une pierre \u00e0 pizza assortie. Pour prolonger la dur\u00e9e de vie du four et conserver son aspect neuf, nous vous recommandons fortement d&rsquo;utiliser une housse de protection.<\/p>\n<\/p>\n<ul>\n<li>Couleur : noir<\/li>\n<li>Mat\u00e9riau : Acier<\/li>\n<li>Dimensions : 51 x 38 x 155 cm (L x l x H)<\/li>\n<li>Dimensions : 50 x 37 cm (L x l)<\/li>\n<li>Dimensions de la pierre \u00e0 pizza : 30 x 30 cm (L x l)<\/li>\n<li>Dimensions du grille de gril : 48 x 35 (L x l)<\/li>\n<li>Avec thermom\u00e8tre<\/li>\n<li>Ventilateur de chemin\u00e9e et de fond r\u00e9glable pour le contr\u00f4le de la temp\u00e9rature<\/li>\n<li>Avec roulettes amovibles<\/li>\n<li>Le bois et le charbon peuvent \u00eatre utilis\u00e9s<\/li>\n<li>La livraison comprend un four \u00e0 pizza, un gril de cuisson et une pierre \u00e0 pizza<\/li>\n<li>Astuce : Pour am\u00e9liorer la dur\u00e9e de vie du four, une housse de protection est recommand\u00e9e<\/li>\n<li>EAN: 8718801855416<\/li>\n<li>SKU: 411814<\/li>\n<li>Brand: RedFire<\/li>\n<\/ul>\n<\/div>\n<p><bl-button a11yexpanded=\"false\" arialabel=\"Afficher toute la description\" class=\"read-more__btn\" full=\"false\" link=\"true\"><\/bl-button><\/div>","protected":false},"excerpt":{"rendered":"<div class=\"keypoints\">\n<h3 class=\"keypoints__title\">Les points cl\u00e9s<\/h3>\n<ul role=\"list\">\n<li class=\"keypoints__item\" role=\"listitem\">                                        Le four \u00e0 pizza pour d\u00e9guster des pizzas maison                      <\/li>\n<li class=\"keypoints__item\" role=\"listitem\">                          Non communiqu\u00e9 &#8211;                                                      Sur pied ou \u00e0 poser                      <\/li>\n<li class=\"keypoints__item\" role=\"listitem\">                                        Acier                      <\/li>\n<li class=\"keypoints__item\" role=\"listitem\">                                        Rapidit\u00e9 de mont\u00e9e en temp\u00e9rature : Non communiqu\u00e9                      <\/li>\n<\/ul>","protected":false},"featured_media":53266,"template":"","meta":{"_glsr_average":0,"_glsr_ranking":0,"_glsr_reviews":0},"product_cat":[390],"product_tag":[230,392,391],"class_list":{"0":"post-100006","1":"product","2":"type-product","3":"status-publish","4":"has-post-thumbnail","6":"product_cat-cuisson-festive","7":"product_tag-cuisine-et-cuisson","8":"product_tag-cuisson-festive","9":"product_tag-petit-appareil-de-cuisson","11":"first","12":"instock","13":"sale","14":"shipping-taxable","15":"purchasable","16":"product-type-simple"},"_links":{"self":[{"href":"https:\/\/electromenagerexpress.com\/en\/wp-json\/wp\/v2\/product\/100006","targetHints":{"allow":["GET"]}}],"collection":[{"href":"https:\/\/electromenagerexpress.com\/en\/wp-json\/wp\/v2\/product"}],"about":[{"href":"https:\/\/electromenagerexpress.com\/en\/wp-json\/wp\/v2\/types\/product"}],"wp:featuredmedia":[{"embeddable":true,"href":"https:\/\/electromenagerexpress.com\/en\/wp-json\/wp\/v2\/media\/53266"}],"wp:attachment":[{"href":"https:\/\/electromenagerexpress.com\/en\/wp-json\/wp\/v2\/media?parent=100006"}],"wp:term":[{"taxonomy":"product_cat","embeddable":true,"href":"https:\/\/electromenagerexpress.com\/en\/wp-json\/wp\/v2\/product_cat?post=100006"},{"taxonomy":"product_tag","embeddable":true,"href":"https:\/\/electromenagerexpress.com\/en\/wp-json\/wp\/v2\/product_tag?post=100006"}],"curies":[{"name":"wp","href":"https:\/\/api.w.org\/{rel}","templated":true}]}}