{"id":100003,"date":"2024-11-28T18:30:50","date_gmt":"2024-11-28T18:30:50","guid":{"rendered":"https:\/\/electromenagerexpress.com\/product\/tourne-broche-barbecueweberpour-weber-q-series-300-et-3000\/"},"modified":"2024-11-28T18:30:50","modified_gmt":"2024-11-28T18:30:50","slug":"tourne-broche-barbecueweberpour-weber-q-series-300-et-3000","status":"publish","type":"product","link":"https:\/\/electromenagerexpress.com\/en\/product\/tourne-broche-barbecueweberpour-weber-q-series-300-et-3000\/","title":{"rendered":"Tourne broche barbecue\t\t\t\t\t\t\tWEBER\t\t\t\tpour Weber Q series 300 et 3000"},"content":{"rendered":"<div class=\"product-features__content\">\n<ul role=\"list\">\n<li class=\"product-features__item\" role=\"listitem\">\n<h3 class=\"product-features__label\">Descriptif de l&rsquo;accessoire<\/h3>\n<ul role=\"list\">\n<li class=\"product-features__item-list__item\" role=\"listitem\"><span class=\"is--medium\">Type de produit :<\/span> Tourne broche barbecue\t\t\t\t\t<\/li>\n<li class=\"product-features__item-list__item\" role=\"listitem\"><span class=\"is--medium\">Usage :<\/span> Id\u00e9al pour cuire les viandes et les volailles et obtenir des aliments dor\u00e9s et savoureux\t\t\t\t\t<\/li>\n<\/ul>\n<\/li>\n<li class=\"product-features__item\" role=\"listitem\">\n<h3 class=\"product-features__label\">Compatibilit\u00e9 de l&rsquo;accessoire<\/h3>\n<ul role=\"list\">\n<li class=\"product-features__item-list__item\" role=\"listitem\"><span class=\"is--medium\">Barbecue(s) compatible(s) :<\/span> Q 3000\t\t\t\t\t<\/li>\n<\/ul>\n<\/li>\n<li class=\"product-features__item\" role=\"listitem\">\n<h3 class=\"product-features__label\">Informations compl\u00e9mentaires<\/h3>\n<ul role=\"list\">\n<li class=\"product-features__item-list__item\" role=\"listitem\"><span class=\"is--medium\">Fabriqu\u00e9 en :<\/span> Chine\t\t\t\t\t<\/li>\n<li class=\"product-features__item-list__item\" role=\"listitem\"><span class=\"is--medium\">Disponibilit\u00e9 des pi\u00e8ces d\u00e9tach\u00e9es (donn\u00e9es fournisseur) :<\/span> Non concern\u00e9\t\t\t\t\t<\/li>\n<li class=\"product-features__item-list__item\" role=\"listitem\"><span class=\"is--medium\">R\u00e9f\u00e9rence constructeur :<\/span> pour Weber Q series 300 et 3000\t\t\t\t\t<\/li>\n<li class=\"product-features__item-list__item\" role=\"listitem\"><span class=\"is--medium\">Marque :<\/span> WEBER\t\t\t\t\t<\/li>\n<\/ul>\n<\/li>\n<li class=\"product-features__item\" role=\"listitem\">\n<h3 class=\"product-features__label\">Facette type de produit<\/h3>\n<ul role=\"list\">\n<li class=\"product-features__item-list__item\" role=\"listitem\"><span class=\"is--medium\">Type de produit :<\/span> Accessoire de cuisine\t\t\t\t\t<\/li>\n<\/ul>\n<\/li>\n<\/ul>\n<\/div>\n<div class=\"product__disclosure-content\">\n<div class=\"js-read-more product-description__content read-more read-more--truncated\" data-read-more-name=\"description\" style=\"max-height: 500px; overflow: hidden;\">\n<h2><center><u>Accessoire Barbecue<\/u><\/center><\/h2>\n<h2><center><u>WEBER Rotissoire pour Weber Q serie<\/u><\/center><\/h2>\n<p style=\"font-size:medium;text-align:justify;color:#525252\">Afin de compl\u00e9ter les fonctionnalit\u00e9s d&rsquo;un barbecue \u00e0 gaz Weber, cette r\u00f4tissoire en inox offre la solidit\u00e9 et la performance. Elle permet d&rsquo;obtenir des mets dor\u00e9s et go\u00fbteux. L&rsquo;autre avantage de cet ustensile r\u00e9side dans la simplicit\u00e9 de son maniement et de son entretien. La r\u00f4tissoire pour la s\u00e9rie des barbecues Weber Q garantit une cuisson originale et parfaitement ma\u00eetris\u00e9e.<\/p>\n<h3 style=\"clear:both;\">\n<p style=\"font-size:large ;color:#098da7;\">Un accessoire tr\u00e8s pratique<\/p>\n<\/h3>\n<p style=\"font-size:medium;text-align:justify;color:#525252\">L&rsquo;arbre de la r\u00f4tissoire s&rsquo;installe facilement. Il convient d&rsquo;y pr\u00e9senter efficacement la pi\u00e8ce \u00e0 r\u00f4tir. C&rsquo;est l\u00e0 l&rsquo;unique attention \u00e0 apporter \u00e0 la pr\u00e9paration de la cuisson. C&rsquo;est un appareil tr\u00e8s complet puisqu&rsquo;il contient une broche et un moteur \u00e9lectrique. La mati\u00e8re qui compose cette r\u00f4tissoire est <b>l&rsquo;inox<\/b>. Elle se nettoie donc facilement \u00e0 l&rsquo;aide d&rsquo;une eau savonneuse et d&rsquo;un chiffon doux. De plus, pour assurer un maximum de confort \u00e0 l&rsquo;utilisateur, cette r\u00f4tissoire est \u00e9quip\u00e9e d&rsquo;une protection anti-chaleur en acier inoxydable. C&rsquo;est aussi un ustensile tr\u00e8s pratique car il se range ais\u00e9ment dans son support repliable. C&rsquo;est donc un outil compl\u00e9mentaire aux barbecues Weber de la s\u00e9rie Q 300, pour les mod\u00e8les Q 300 et Q 320.<\/p>\n<h3 style=\"clear:both;\">\n<p style=\"font-size:large ;color:#098da7;\">Une cuisson originale<\/p>\n<\/h3>\n<p style=\"font-size:medium;text-align:justify;color :#525252\">Cette r\u00f4tissoire permet d&rsquo;obtenir des poulets dor\u00e9s et savoureux. En cuisson directe, c&rsquo;est-\u00e0-dire avec un couvercle de barbecue ouvert, l&rsquo;arbre de la r\u00f4tissoire \u00e9vite ainsi \u00e0 la viande de br\u00fbler. Il est conseill\u00e9 d&rsquo;humecter les aliments tout au long de leur cuisson pour obtenir des mets d\u00e9licatement onctueux. Constitu\u00e9e d&rsquo;inox, la r\u00f4tissoire se nettoie parfaitement, ce qui ne laisse jamais de go\u00fbt ou de traces de cuisson sur l&rsquo;arbre. La volaille et les viandes \u00e0 embrocher perdent toute leur graisse pour ne conserver que l&rsquo;essentiel de leurs qualit\u00e9s nutritionnelles. C&rsquo;est donc une option de cuisson originale et primordiale pour tous les gourmets et tous les gourmands soucieux de manger une nourriture saine.<\/p>\n<\/p>\n<\/div>\n<p><bl-button a11yexpanded=\"false\" arialabel=\"Afficher toute la description\" class=\"read-more__btn\" full=\"false\" link=\"true\"><\/bl-button><\/div>","protected":false},"excerpt":{"rendered":"<div class=\"keypoints\">\n<h3 class=\"keypoints__title\">Les points cl\u00e9s<\/h3>\n<ul role=\"list\">\n<li class=\"keypoints__item\" role=\"listitem\">                                        Tourne broche barbecue                      <\/li>\n<li class=\"keypoints__item\" role=\"listitem\">                                        Barbecue(s) compatible(s) : Q 3000                      <\/li>\n<\/ul>","protected":false},"featured_media":53256,"template":"","meta":{"_glsr_average":0,"_glsr_ranking":0,"_glsr_reviews":0},"product_cat":[364],"product_tag":[366,365,230],"class_list":{"0":"post-100003","1":"product","2":"type-product","3":"status-publish","4":"has-post-thumbnail","6":"product_cat-accessoire-barbecue-plancha","7":"product_tag-accessoire-barbecue-plancha","8":"product_tag-accessoire-cuisine-et-cuisson","9":"product_tag-cuisine-et-cuisson","11":"first","12":"instock","13":"sale","14":"shipping-taxable","15":"purchasable","16":"product-type-simple"},"_links":{"self":[{"href":"https:\/\/electromenagerexpress.com\/en\/wp-json\/wp\/v2\/product\/100003","targetHints":{"allow":["GET"]}}],"collection":[{"href":"https:\/\/electromenagerexpress.com\/en\/wp-json\/wp\/v2\/product"}],"about":[{"href":"https:\/\/electromenagerexpress.com\/en\/wp-json\/wp\/v2\/types\/product"}],"wp:featuredmedia":[{"embeddable":true,"href":"https:\/\/electromenagerexpress.com\/en\/wp-json\/wp\/v2\/media\/53256"}],"wp:attachment":[{"href":"https:\/\/electromenagerexpress.com\/en\/wp-json\/wp\/v2\/media?parent=100003"}],"wp:term":[{"taxonomy":"product_cat","embeddable":true,"href":"https:\/\/electromenagerexpress.com\/en\/wp-json\/wp\/v2\/product_cat?post=100003"},{"taxonomy":"product_tag","embeddable":true,"href":"https:\/\/electromenagerexpress.com\/en\/wp-json\/wp\/v2\/product_tag?post=100003"}],"curies":[{"name":"wp","href":"https:\/\/api.w.org\/{rel}","templated":true}]}}