{"id":129666,"date":"2025-01-26T10:50:46","date_gmt":"2025-01-26T10:50:46","guid":{"rendered":"https:\/\/electromenagerexpress.com\/?page_id=129666"},"modified":"2026-03-30T13:50:35","modified_gmt":"2026-03-30T13:50:35","slug":"nos-produits","status":"publish","type":"page","link":"https:\/\/electromenagerexpress.com\/en\/nos-produits\/","title":{"rendered":"Nos produits"},"content":{"rendered":"<div data-elementor-type=\"wp-page\" data-elementor-id=\"129666\" class=\"elementor elementor-129666\" data-elementor-post-type=\"page\">\n\t\t\t\t<div class=\"elementor-element elementor-element-405f173 e-flex e-con-boxed e-con e-parent\" data-id=\"405f173\" data-element_type=\"container\">\n\t\t\t\t\t<div class=\"e-con-inner\">\n\t\t<div class=\"elementor-element elementor-element-ec091db e-con-full e-flex e-con e-child\" data-id=\"ec091db\" data-element_type=\"container\">\n\t\t\t\t<div class=\"elementor-element elementor-element-8ae8c1c elementor-widget elementor-widget-image\" data-id=\"8ae8c1c\" data-element_type=\"widget\" data-widget_type=\"image.default\">\n\t\t\t\t<div class=\"elementor-widget-container\">\n\t\t\t\t\t\t\t\t\t\t\t\t\t\t\t\t<a href=\"https:\/\/electromenagerexpress.com\/en\/product-category\/gros-electromenager\/four-encastrable\/\">\n\t\t\t\t\t\t\t<img fetchpriority=\"high\" decoding=\"async\" width=\"300\" height=\"300\" src=\"https:\/\/electromenagerexpress.com\/wp-content\/uploads\/2025\/01\/D-5163-300x300-1.webp\" class=\"attachment-large size-large wp-image-129671\" alt=\"\" srcset=\"https:\/\/electromenagerexpress.com\/wp-content\/uploads\/2025\/01\/D-5163-300x300-1.webp 300w, https:\/\/electromenagerexpress.com\/wp-content\/uploads\/2025\/01\/D-5163-300x300-1-100x100.webp 100w, https:\/\/electromenagerexpress.com\/wp-content\/uploads\/2025\/01\/D-5163-300x300-1-150x150.webp 150w\" sizes=\"(max-width: 300px) 100vw, 300px\" \/>\t\t\t\t\t\t\t\t<\/a>\n\t\t\t\t\t\t\t\t\t\t\t\t\t\t\t<\/div>\n\t\t\t\t<\/div>\n\t\t\t\t<div class=\"elementor-element elementor-element-09f03d4 elementor-widget elementor-widget-heading\" data-id=\"09f03d4\" data-element_type=\"widget\" data-widget_type=\"heading.default\">\n\t\t\t\t<div class=\"elementor-widget-container\">\n\t\t\t\t\t<h4 class=\"elementor-heading-title elementor-size-default\"><a href=\"https:\/\/electromenagerexpress.com\/en\/product-category\/gros-electromenager\/four-encastrable\/\">Four encastrable<\/a><\/h4>\t\t\t\t<\/div>\n\t\t\t\t<\/div>\n\t\t\t\t<\/div>\n\t\t<div class=\"elementor-element elementor-element-4e32a3c e-con-full e-flex e-con e-child\" data-id=\"4e32a3c\" data-element_type=\"container\">\n\t\t\t\t<div class=\"elementor-element elementor-element-bc57cae elementor-widget elementor-widget-image\" data-id=\"bc57cae\" data-element_type=\"widget\" data-widget_type=\"image.default\">\n\t\t\t\t<div class=\"elementor-widget-container\">\n\t\t\t\t\t\t\t\t\t\t\t\t\t\t\t\t<a href=\"https:\/\/electromenagerexpress.com\/en\/product-category\/gros-electromenager\/cave-a-vin\/cave-de-vieillissement\/\">\n\t\t\t\t\t\t\t<img decoding=\"async\" width=\"300\" height=\"300\" src=\"https:\/\/electromenagerexpress.com\/wp-content\/uploads\/2025\/01\/D-10475-300x300-1.webp\" class=\"attachment-large size-large wp-image-129669\" alt=\"\" srcset=\"https:\/\/electromenagerexpress.com\/wp-content\/uploads\/2025\/01\/D-10475-300x300-1.webp 300w, https:\/\/electromenagerexpress.com\/wp-content\/uploads\/2025\/01\/D-10475-300x300-1-100x100.webp 100w, https:\/\/electromenagerexpress.com\/wp-content\/uploads\/2025\/01\/D-10475-300x300-1-150x150.webp 150w\" sizes=\"(max-width: 300px) 100vw, 300px\" \/>\t\t\t\t\t\t\t\t<\/a>\n\t\t\t\t\t\t\t\t\t\t\t\t\t\t\t<\/div>\n\t\t\t\t<\/div>\n\t\t\t\t<div class=\"elementor-element elementor-element-dac3d55 elementor-widget elementor-widget-heading\" data-id=\"dac3d55\" data-element_type=\"widget\" data-widget_type=\"heading.default\">\n\t\t\t\t<div class=\"elementor-widget-container\">\n\t\t\t\t\t<h4 class=\"elementor-heading-title elementor-size-default\"><a href=\"https:\/\/electromenagerexpress.com\/en\/product-category\/gros-electromenager\/cave-a-vin\/cave-de-vieillissement\/\">Cave \u00e0 vin<\/a><\/h4>\t\t\t\t<\/div>\n\t\t\t\t<\/div>\n\t\t\t\t<\/div>\n\t\t<div class=\"elementor-element elementor-element-b5b7ea2 e-con-full e-flex e-con e-child\" data-id=\"b5b7ea2\" data-element_type=\"container\">\n\t\t\t\t<div class=\"elementor-element elementor-element-4e6b909 elementor-widget elementor-widget-image\" data-id=\"4e6b909\" data-element_type=\"widget\" data-widget_type=\"image.default\">\n\t\t\t\t<div class=\"elementor-widget-container\">\n\t\t\t\t\t\t\t\t\t\t\t\t\t\t\t\t<a href=\"https:\/\/electromenagerexpress.com\/en\/product-category\/gros-electromenager\/hotte-aspirante\/\">\n\t\t\t\t\t\t\t<img decoding=\"async\" width=\"300\" height=\"300\" src=\"https:\/\/electromenagerexpress.com\/wp-content\/uploads\/2025\/01\/D-7495-300x300-1.webp\" class=\"attachment-large size-large wp-image-129672\" alt=\"\" srcset=\"https:\/\/electromenagerexpress.com\/wp-content\/uploads\/2025\/01\/D-7495-300x300-1.webp 300w, https:\/\/electromenagerexpress.com\/wp-content\/uploads\/2025\/01\/D-7495-300x300-1-100x100.webp 100w, https:\/\/electromenagerexpress.com\/wp-content\/uploads\/2025\/01\/D-7495-300x300-1-150x150.webp 150w\" sizes=\"(max-width: 300px) 100vw, 300px\" \/>\t\t\t\t\t\t\t\t<\/a>\n\t\t\t\t\t\t\t\t\t\t\t\t\t\t\t<\/div>\n\t\t\t\t<\/div>\n\t\t\t\t<div class=\"elementor-element elementor-element-5a7e972 elementor-widget elementor-widget-heading\" data-id=\"5a7e972\" data-element_type=\"widget\" data-widget_type=\"heading.default\">\n\t\t\t\t<div class=\"elementor-widget-container\">\n\t\t\t\t\t<h4 class=\"elementor-heading-title elementor-size-default\"><a href=\"https:\/\/electromenagerexpress.com\/en\/product-category\/gros-electromenager\/hotte-aspirante\/\">Hotte aspirante<\/a><\/h4>\t\t\t\t<\/div>\n\t\t\t\t<\/div>\n\t\t\t\t<\/div>\n\t\t<div class=\"elementor-element elementor-element-d87df24 e-con-full e-flex e-con e-child\" data-id=\"d87df24\" data-element_type=\"container\">\n\t\t\t\t<div class=\"elementor-element elementor-element-6153d4b elementor-widget elementor-widget-image\" data-id=\"6153d4b\" data-element_type=\"widget\" data-widget_type=\"image.default\">\n\t\t\t\t<div class=\"elementor-widget-container\">\n\t\t\t\t\t\t\t\t\t\t\t\t\t\t\t\t<a href=\"https:\/\/electromenagerexpress.com\/en\/product-category\/gros-electromenager\/lave-linge\/lave-linge-hublot\/\">\n\t\t\t\t\t\t\t<img loading=\"lazy\" decoding=\"async\" width=\"300\" height=\"300\" src=\"https:\/\/electromenagerexpress.com\/wp-content\/uploads\/2025\/01\/D-1004-300x300-1.webp\" class=\"attachment-large size-large wp-image-129673\" alt=\"\" srcset=\"https:\/\/electromenagerexpress.com\/wp-content\/uploads\/2025\/01\/D-1004-300x300-1.webp 300w, https:\/\/electromenagerexpress.com\/wp-content\/uploads\/2025\/01\/D-1004-300x300-1-100x100.webp 100w, https:\/\/electromenagerexpress.com\/wp-content\/uploads\/2025\/01\/D-1004-300x300-1-150x150.webp 150w\" sizes=\"(max-width: 300px) 100vw, 300px\" \/>\t\t\t\t\t\t\t\t<\/a>\n\t\t\t\t\t\t\t\t\t\t\t\t\t\t\t<\/div>\n\t\t\t\t<\/div>\n\t\t\t\t<div class=\"elementor-element elementor-element-29ddaf6 elementor-widget elementor-widget-heading\" data-id=\"29ddaf6\" data-element_type=\"widget\" data-widget_type=\"heading.default\">\n\t\t\t\t<div class=\"elementor-widget-container\">\n\t\t\t\t\t<h4 class=\"elementor-heading-title elementor-size-default\"><a href=\"https:\/\/electromenagerexpress.com\/en\/product-category\/gros-electromenager\/lave-linge\/lave-linge-hublot\/\">Lave-linge<\/a><\/h4>\t\t\t\t<\/div>\n\t\t\t\t<\/div>\n\t\t\t\t<\/div>\n\t\t\t\t\t<\/div>\n\t\t\t\t<\/div>\n\t\t<div class=\"elementor-element elementor-element-0264bc3 e-flex e-con-boxed e-con e-parent\" data-id=\"0264bc3\" data-element_type=\"container\">\n\t\t\t\t\t<div class=\"e-con-inner\">\n\t\t<div class=\"elementor-element elementor-element-8ec3293 e-con-full e-flex e-con e-child\" data-id=\"8ec3293\" data-element_type=\"container\">\n\t\t\t\t<div class=\"elementor-element elementor-element-4633fc4 elementor-widget elementor-widget-image\" data-id=\"4633fc4\" data-element_type=\"widget\" data-widget_type=\"image.default\">\n\t\t\t\t<div class=\"elementor-widget-container\">\n\t\t\t\t\t\t\t\t\t\t\t\t\t\t\t\t<a href=\"https:\/\/electromenagerexpress.com\/en\/product-category\/cuisine-et-cuisson\/micro-ondes\/micro-ondes-encastrable\/\">\n\t\t\t\t\t\t\t<img loading=\"lazy\" decoding=\"async\" width=\"300\" height=\"300\" src=\"https:\/\/electromenagerexpress.com\/wp-content\/uploads\/2025\/01\/D-9317-300x300-1.webp\" class=\"attachment-large size-large wp-image-129668\" alt=\"\" srcset=\"https:\/\/electromenagerexpress.com\/wp-content\/uploads\/2025\/01\/D-9317-300x300-1.webp 300w, https:\/\/electromenagerexpress.com\/wp-content\/uploads\/2025\/01\/D-9317-300x300-1-100x100.webp 100w, https:\/\/electromenagerexpress.com\/wp-content\/uploads\/2025\/01\/D-9317-300x300-1-150x150.webp 150w\" sizes=\"(max-width: 300px) 100vw, 300px\" \/>\t\t\t\t\t\t\t\t<\/a>\n\t\t\t\t\t\t\t\t\t\t\t\t\t\t\t<\/div>\n\t\t\t\t<\/div>\n\t\t\t\t<div class=\"elementor-element elementor-element-642903d elementor-widget elementor-widget-heading\" data-id=\"642903d\" data-element_type=\"widget\" data-widget_type=\"heading.default\">\n\t\t\t\t<div class=\"elementor-widget-container\">\n\t\t\t\t\t<h4 class=\"elementor-heading-title elementor-size-default\"><a href=\"https:\/\/electromenagerexpress.com\/en\/product-category\/cuisine-et-cuisson\/micro-ondes\/micro-ondes-encastrable\/\">Micro-onde<\/a><\/h4>\t\t\t\t<\/div>\n\t\t\t\t<\/div>\n\t\t\t\t<\/div>\n\t\t<div class=\"elementor-element elementor-element-0303131 e-con-full e-flex e-con e-child\" data-id=\"0303131\" data-element_type=\"container\">\n\t\t\t\t<div class=\"elementor-element elementor-element-7efec83 elementor-widget elementor-widget-image\" data-id=\"7efec83\" data-element_type=\"widget\" data-widget_type=\"image.default\">\n\t\t\t\t<div class=\"elementor-widget-container\">\n\t\t\t\t\t\t\t\t\t\t\t\t\t\t\t\t<a href=\"https:\/\/electromenagerexpress.com\/en\/product-category\/gros-electromenager\/congelateur\/congelateur-armoire\/\">\n\t\t\t\t\t\t\t<img loading=\"lazy\" decoding=\"async\" width=\"300\" height=\"300\" src=\"https:\/\/electromenagerexpress.com\/wp-content\/uploads\/2025\/01\/D-10950-300x300-1.webp\" class=\"attachment-large size-large wp-image-129670\" alt=\"\" srcset=\"https:\/\/electromenagerexpress.com\/wp-content\/uploads\/2025\/01\/D-10950-300x300-1.webp 300w, https:\/\/electromenagerexpress.com\/wp-content\/uploads\/2025\/01\/D-10950-300x300-1-100x100.webp 100w, https:\/\/electromenagerexpress.com\/wp-content\/uploads\/2025\/01\/D-10950-300x300-1-150x150.webp 150w\" sizes=\"(max-width: 300px) 100vw, 300px\" \/>\t\t\t\t\t\t\t\t<\/a>\n\t\t\t\t\t\t\t\t\t\t\t\t\t\t\t<\/div>\n\t\t\t\t<\/div>\n\t\t\t\t<div class=\"elementor-element elementor-element-97d4069 elementor-widget elementor-widget-heading\" data-id=\"97d4069\" data-element_type=\"widget\" data-widget_type=\"heading.default\">\n\t\t\t\t<div class=\"elementor-widget-container\">\n\t\t\t\t\t<h4 class=\"elementor-heading-title elementor-size-default\"><a href=\"https:\/\/electromenagerexpress.com\/en\/product-category\/gros-electromenager\/congelateur\/congelateur-armoire\/\">Cong\u00e9lateur<\/a><\/h4>\t\t\t\t<\/div>\n\t\t\t\t<\/div>\n\t\t\t\t<\/div>\n\t\t<div class=\"elementor-element elementor-element-fd411ee e-con-full e-flex e-con e-child\" data-id=\"fd411ee\" data-element_type=\"container\">\n\t\t\t\t<div class=\"elementor-element elementor-element-1951246 elementor-widget elementor-widget-image\" data-id=\"1951246\" data-element_type=\"widget\" data-widget_type=\"image.default\">\n\t\t\t\t<div class=\"elementor-widget-container\">\n\t\t\t\t\t\t\t\t\t\t\t\t\t\t\t\t<a href=\"https:\/\/electromenagerexpress.com\/en\/product-category\/gros-electromenager\/piano-de-cuisson-cuisiniere\/cuisiniere-vitroceramique\/\">\n\t\t\t\t\t\t\t<img loading=\"lazy\" decoding=\"async\" width=\"300\" height=\"300\" src=\"https:\/\/electromenagerexpress.com\/wp-content\/uploads\/2025\/01\/D-8318-300x300-1.webp\" class=\"attachment-large size-large wp-image-129676\" alt=\"\" srcset=\"https:\/\/electromenagerexpress.com\/wp-content\/uploads\/2025\/01\/D-8318-300x300-1.webp 300w, https:\/\/electromenagerexpress.com\/wp-content\/uploads\/2025\/01\/D-8318-300x300-1-100x100.webp 100w, https:\/\/electromenagerexpress.com\/wp-content\/uploads\/2025\/01\/D-8318-300x300-1-150x150.webp 150w\" sizes=\"(max-width: 300px) 100vw, 300px\" \/>\t\t\t\t\t\t\t\t<\/a>\n\t\t\t\t\t\t\t\t\t\t\t\t\t\t\t<\/div>\n\t\t\t\t<\/div>\n\t\t\t\t<div class=\"elementor-element elementor-element-82f6f22 elementor-widget elementor-widget-heading\" data-id=\"82f6f22\" data-element_type=\"widget\" data-widget_type=\"heading.default\">\n\t\t\t\t<div class=\"elementor-widget-container\">\n\t\t\t\t\t<h4 class=\"elementor-heading-title elementor-size-default\"><a href=\"https:\/\/electromenagerexpress.com\/en\/product-category\/gros-electromenager\/piano-de-cuisson-cuisiniere\/cuisiniere-vitroceramique\/\">Cuisini\u00e8re<\/a><\/h4>\t\t\t\t<\/div>\n\t\t\t\t<\/div>\n\t\t\t\t<\/div>\n\t\t<div class=\"elementor-element elementor-element-42e64b7 e-con-full e-flex e-con e-child\" data-id=\"42e64b7\" data-element_type=\"container\">\n\t\t\t\t<div class=\"elementor-element elementor-element-97b3d51 elementor-widget elementor-widget-image\" data-id=\"97b3d51\" data-element_type=\"widget\" data-widget_type=\"image.default\">\n\t\t\t\t<div class=\"elementor-widget-container\">\n\t\t\t\t\t\t\t\t\t\t\t\t\t\t\t\t<a href=\"https:\/\/electromenagerexpress.com\/en\/product-category\/gros-electromenager\/plaque-de-cuisson\/plaque-induction\/\">\n\t\t\t\t\t\t\t<img loading=\"lazy\" decoding=\"async\" width=\"300\" height=\"300\" src=\"https:\/\/electromenagerexpress.com\/wp-content\/uploads\/2025\/01\/D-6564-300x300-1.webp\" class=\"attachment-large size-large wp-image-129677\" alt=\"\" srcset=\"https:\/\/electromenagerexpress.com\/wp-content\/uploads\/2025\/01\/D-6564-300x300-1.webp 300w, https:\/\/electromenagerexpress.com\/wp-content\/uploads\/2025\/01\/D-6564-300x300-1-100x100.webp 100w, https:\/\/electromenagerexpress.com\/wp-content\/uploads\/2025\/01\/D-6564-300x300-1-150x150.webp 150w\" sizes=\"(max-width: 300px) 100vw, 300px\" \/>\t\t\t\t\t\t\t\t<\/a>\n\t\t\t\t\t\t\t\t\t\t\t\t\t\t\t<\/div>\n\t\t\t\t<\/div>\n\t\t\t\t<div class=\"elementor-element elementor-element-31268cf elementor-widget elementor-widget-heading\" data-id=\"31268cf\" data-element_type=\"widget\" data-widget_type=\"heading.default\">\n\t\t\t\t<div class=\"elementor-widget-container\">\n\t\t\t\t\t<h4 class=\"elementor-heading-title elementor-size-default\"><a href=\"https:\/\/electromenagerexpress.com\/en\/product-category\/gros-electromenager\/plaque-de-cuisson\/plaque-induction\/\">Plaque de cuisson<\/a><\/h4>\t\t\t\t<\/div>\n\t\t\t\t<\/div>\n\t\t\t\t<\/div>\n\t\t\t\t\t<\/div>\n\t\t\t\t<\/div>\n\t\t<div class=\"elementor-element elementor-element-330c243 e-flex e-con-boxed e-con e-parent\" data-id=\"330c243\" data-element_type=\"container\">\n\t\t\t\t\t<div class=\"e-con-inner\">\n\t\t<div class=\"elementor-element elementor-element-9205aee e-con-full e-flex e-con e-child\" data-id=\"9205aee\" data-element_type=\"container\">\n\t\t\t\t<div class=\"elementor-element elementor-element-d90acf1 elementor-widget elementor-widget-image\" data-id=\"d90acf1\" data-element_type=\"widget\" data-widget_type=\"image.default\">\n\t\t\t\t<div class=\"elementor-widget-container\">\n\t\t\t\t\t\t\t\t\t\t\t\t\t\t\t\t<a href=\"https:\/\/electromenagerexpress.com\/en\/product-category\/gros-electromenager\/refrigerateur\/refrigerateur-congelateur\/\">\n\t\t\t\t\t\t\t<img loading=\"lazy\" decoding=\"async\" width=\"300\" height=\"300\" src=\"https:\/\/electromenagerexpress.com\/wp-content\/uploads\/2025\/01\/D-3261-300x300-1.webp\" class=\"attachment-large size-large wp-image-129678\" alt=\"\" srcset=\"https:\/\/electromenagerexpress.com\/wp-content\/uploads\/2025\/01\/D-3261-300x300-1.webp 300w, https:\/\/electromenagerexpress.com\/wp-content\/uploads\/2025\/01\/D-3261-300x300-1-100x100.webp 100w, https:\/\/electromenagerexpress.com\/wp-content\/uploads\/2025\/01\/D-3261-300x300-1-150x150.webp 150w\" sizes=\"(max-width: 300px) 100vw, 300px\" \/>\t\t\t\t\t\t\t\t<\/a>\n\t\t\t\t\t\t\t\t\t\t\t\t\t\t\t<\/div>\n\t\t\t\t<\/div>\n\t\t\t\t<div class=\"elementor-element elementor-element-5a2e581 elementor-widget elementor-widget-heading\" data-id=\"5a2e581\" data-element_type=\"widget\" data-widget_type=\"heading.default\">\n\t\t\t\t<div class=\"elementor-widget-container\">\n\t\t\t\t\t<h4 class=\"elementor-heading-title elementor-size-default\"><a href=\"https:\/\/electromenagerexpress.com\/en\/product-category\/gros-electromenager\/refrigerateur\/refrigerateur-congelateur\/\">R\u00e9frig\u00e9rateur<\/a><\/h4>\t\t\t\t<\/div>\n\t\t\t\t<\/div>\n\t\t\t\t<\/div>\n\t\t<div class=\"elementor-element elementor-element-fb8b8e7 e-con-full e-flex e-con e-child\" data-id=\"fb8b8e7\" data-element_type=\"container\">\n\t\t\t\t<div class=\"elementor-element elementor-element-31fb805 elementor-widget elementor-widget-image\" data-id=\"31fb805\" data-element_type=\"widget\" data-widget_type=\"image.default\">\n\t\t\t\t<div class=\"elementor-widget-container\">\n\t\t\t\t\t\t\t\t\t\t\t\t\t\t\t\t<a href=\"https:\/\/electromenagerexpress.com\/en\/product-category\/gros-electromenager\/seche-linge\/seche-linge-pompe-a-chaleur\/\">\n\t\t\t\t\t\t\t<img loading=\"lazy\" decoding=\"async\" width=\"300\" height=\"300\" src=\"https:\/\/electromenagerexpress.com\/wp-content\/uploads\/2025\/01\/D-10697-300x300-1.webp\" class=\"attachment-large size-large wp-image-129679\" alt=\"\" srcset=\"https:\/\/electromenagerexpress.com\/wp-content\/uploads\/2025\/01\/D-10697-300x300-1.webp 300w, https:\/\/electromenagerexpress.com\/wp-content\/uploads\/2025\/01\/D-10697-300x300-1-100x100.webp 100w, https:\/\/electromenagerexpress.com\/wp-content\/uploads\/2025\/01\/D-10697-300x300-1-150x150.webp 150w\" sizes=\"(max-width: 300px) 100vw, 300px\" \/>\t\t\t\t\t\t\t\t<\/a>\n\t\t\t\t\t\t\t\t\t\t\t\t\t\t\t<\/div>\n\t\t\t\t<\/div>\n\t\t\t\t<div class=\"elementor-element elementor-element-07ec094 elementor-widget elementor-widget-heading\" data-id=\"07ec094\" data-element_type=\"widget\" data-widget_type=\"heading.default\">\n\t\t\t\t<div class=\"elementor-widget-container\">\n\t\t\t\t\t<h4 class=\"elementor-heading-title elementor-size-default\"><a href=\"https:\/\/electromenagerexpress.com\/en\/product-category\/gros-electromenager\/seche-linge\/seche-linge-pompe-a-chaleur\/\">S\u00e8che-linge<\/a><\/h4>\t\t\t\t<\/div>\n\t\t\t\t<\/div>\n\t\t\t\t<\/div>\n\t\t<div class=\"elementor-element elementor-element-1c5ec0e e-con-full e-flex e-con e-child\" data-id=\"1c5ec0e\" data-element_type=\"container\">\n\t\t\t\t<div class=\"elementor-element elementor-element-3ea2dbc elementor-widget elementor-widget-image\" data-id=\"3ea2dbc\" data-element_type=\"widget\" data-widget_type=\"image.default\">\n\t\t\t\t<div class=\"elementor-widget-container\">\n\t\t\t\t\t\t\t\t\t\t\t\t\t\t\t\t<a href=\"https:\/\/electromenagerexpress.com\/en\/product-category\/gros-electromenager\/lave-vaisselle\/lave-vaisselle-encastrable\/\">\n\t\t\t\t\t\t\t<img loading=\"lazy\" decoding=\"async\" width=\"300\" height=\"300\" src=\"https:\/\/electromenagerexpress.com\/wp-content\/uploads\/2025\/01\/D-1526-300x300-1.webp\" class=\"attachment-large size-large wp-image-129674\" alt=\"\" srcset=\"https:\/\/electromenagerexpress.com\/wp-content\/uploads\/2025\/01\/D-1526-300x300-1.webp 300w, https:\/\/electromenagerexpress.com\/wp-content\/uploads\/2025\/01\/D-1526-300x300-1-100x100.webp 100w, https:\/\/electromenagerexpress.com\/wp-content\/uploads\/2025\/01\/D-1526-300x300-1-150x150.webp 150w\" sizes=\"(max-width: 300px) 100vw, 300px\" \/>\t\t\t\t\t\t\t\t<\/a>\n\t\t\t\t\t\t\t\t\t\t\t\t\t\t\t<\/div>\n\t\t\t\t<\/div>\n\t\t\t\t<div class=\"elementor-element elementor-element-432a4af elementor-widget elementor-widget-heading\" data-id=\"432a4af\" data-element_type=\"widget\" data-widget_type=\"heading.default\">\n\t\t\t\t<div class=\"elementor-widget-container\">\n\t\t\t\t\t<h4 class=\"elementor-heading-title elementor-size-default\"><a href=\"https:\/\/electromenagerexpress.com\/en\/product-category\/gros-electromenager\/lave-vaisselle\/lave-vaisselle-encastrable\/\">Lave-vaisselle<\/a><\/h4>\t\t\t\t<\/div>\n\t\t\t\t<\/div>\n\t\t\t\t<\/div>\n\t\t<div class=\"elementor-element elementor-element-48f79b5 e-con-full e-flex e-con e-child\" data-id=\"48f79b5\" data-element_type=\"container\">\n\t\t\t\t<div class=\"elementor-element elementor-element-6852339 elementor-widget elementor-widget-image\" data-id=\"6852339\" data-element_type=\"widget\" data-widget_type=\"image.default\">\n\t\t\t\t<div class=\"elementor-widget-container\">\n\t\t\t\t\t\t\t\t\t\t\t\t\t\t\t\t<a href=\"https:\/\/electromenagerexpress.com\/en\/product-category\/cuisine-et-cuisson\/machine-a-cafe\/machine-a-cafe-a-grain\/\">\n\t\t\t\t\t\t\t<img loading=\"lazy\" decoding=\"async\" width=\"300\" height=\"300\" src=\"https:\/\/electromenagerexpress.com\/wp-content\/uploads\/2025\/01\/D-10661-300x300-1.webp\" class=\"attachment-large size-large wp-image-129675\" alt=\"\" srcset=\"https:\/\/electromenagerexpress.com\/wp-content\/uploads\/2025\/01\/D-10661-300x300-1.webp 300w, https:\/\/electromenagerexpress.com\/wp-content\/uploads\/2025\/01\/D-10661-300x300-1-100x100.webp 100w, https:\/\/electromenagerexpress.com\/wp-content\/uploads\/2025\/01\/D-10661-300x300-1-150x150.webp 150w\" sizes=\"(max-width: 300px) 100vw, 300px\" \/>\t\t\t\t\t\t\t\t<\/a>\n\t\t\t\t\t\t\t\t\t\t\t\t\t\t\t<\/div>\n\t\t\t\t<\/div>\n\t\t\t\t<div class=\"elementor-element elementor-element-c3b5ee5 elementor-widget elementor-widget-heading\" data-id=\"c3b5ee5\" data-element_type=\"widget\" data-widget_type=\"heading.default\">\n\t\t\t\t<div class=\"elementor-widget-container\">\n\t\t\t\t\t<h4 class=\"elementor-heading-title elementor-size-default\"><a href=\"https:\/\/electromenagerexpress.com\/en\/product-category\/cuisine-et-cuisson\/machine-a-cafe\/machine-a-cafe-a-grain\/\">Machine \u00e0 caf\u00e9 encastrable<\/a><\/h4>\t\t\t\t<\/div>\n\t\t\t\t<\/div>\n\t\t\t\t<\/div>\n\t\t\t\t\t<\/div>\n\t\t\t\t<\/div>\n\t\t\t\t<\/div>","protected":false},"excerpt":{"rendered":"<p>Four encastrable Cave \u00e0 vin Hotte aspirante Lave-linge Micro-onde Cong\u00e9lateur Cuisini\u00e8re Plaque de cuisson R\u00e9frig\u00e9rateur S\u00e8che-linge Lave-vaisselle Machine \u00e0 caf\u00e9 encastrable<\/p>","protected":false},"author":3,"featured_media":0,"parent":0,"menu_order":0,"comment_status":"closed","ping_status":"closed","template":"","meta":{"_glsr_average":0,"_glsr_ranking":0,"_glsr_reviews":0,"footnotes":""},"class_list":["post-129666","page","type-page","status-publish","hentry"],"_links":{"self":[{"href":"https:\/\/electromenagerexpress.com\/en\/wp-json\/wp\/v2\/pages\/129666","targetHints":{"allow":["GET"]}}],"collection":[{"href":"https:\/\/electromenagerexpress.com\/en\/wp-json\/wp\/v2\/pages"}],"about":[{"href":"https:\/\/electromenagerexpress.com\/en\/wp-json\/wp\/v2\/types\/page"}],"author":[{"embeddable":true,"href":"https:\/\/electromenagerexpress.com\/en\/wp-json\/wp\/v2\/users\/3"}],"replies":[{"embeddable":true,"href":"https:\/\/electromenagerexpress.com\/en\/wp-json\/wp\/v2\/comments?post=129666"}],"version-history":[{"count":25,"href":"https:\/\/electromenagerexpress.com\/en\/wp-json\/wp\/v2\/pages\/129666\/revisions"}],"predecessor-version":[{"id":129703,"href":"https:\/\/electromenagerexpress.com\/en\/wp-json\/wp\/v2\/pages\/129666\/revisions\/129703"}],"wp:attachment":[{"href":"https:\/\/electromenagerexpress.com\/en\/wp-json\/wp\/v2\/media?parent=129666"}],"curies":[{"name":"wp","href":"https:\/\/api.w.org\/{rel}","templated":true}]}}