{"id":129575,"date":"2025-01-26T08:59:52","date_gmt":"2025-01-26T08:59:52","guid":{"rendered":"https:\/\/electromenagerexpress.com\/?page_id=129575"},"modified":"2026-03-30T13:50:35","modified_gmt":"2026-03-30T13:50:35","slug":"mentions-legales","status":"publish","type":"page","link":"https:\/\/electromenagerexpress.com\/en\/mentions-legales\/","title":{"rendered":"Mentions L\u00e9gales"},"content":{"rendered":"<div data-elementor-type=\"wp-page\" data-elementor-id=\"129575\" class=\"elementor elementor-129575\" data-elementor-post-type=\"page\">\n\t\t\t\t<div class=\"elementor-element elementor-element-c4cc300 e-flex e-con-boxed e-con e-parent\" data-id=\"c4cc300\" data-element_type=\"container\">\n\t\t\t\t\t<div class=\"e-con-inner\">\n\t\t\t\t<div class=\"elementor-element elementor-element-f4a7962 elementor-widget elementor-widget-text-editor\" data-id=\"f4a7962\" data-element_type=\"widget\" data-widget_type=\"text-editor.default\">\n\t\t\t\t<div class=\"elementor-widget-container\">\n\t\t\t\t\t\t\t\t\t<p data-pm-slice=\"1 1 []\"><strong>ELECTRO EXPRESS est une marque de l&rsquo;entreprise fran\u00e7aise STRATO<\/strong>. <br \/>Ce site est par cons\u00e9quent administr\u00e9 et g\u00e9r\u00e9 par l&rsquo;entreprise STRATO.<\/p><p><strong>SIREN : <\/strong>904134186<strong><br \/>SIRET :<\/strong> 904 134 186 00025<br \/><strong>Num\u00e9ro de TVA intracommunautaire :<\/strong> FR0990413418<br \/><strong>Email :<\/strong> <a>contact@electromenagerexpress.com<\/a><br \/><strong>T\u00e9l\u00e9phone : <\/strong>07 56 85 87 53<strong><br \/><\/strong><\/p><p><strong>Propri\u00e9t\u00e9 intellectuelle :<\/strong> L\u2019ensemble du contenu publi\u00e9 sur le site <strong>\u00a0ELECTRO EXPRESS<\/strong>\u00a0(textes, images, vid\u00e9os, logos, \u00e9l\u00e9ments graphiques, etc.) est prot\u00e9g\u00e9 par les lois en vigueur sur la propri\u00e9t\u00e9 intellectuelle et reste la propri\u00e9t\u00e9 exclusive de <strong>STRATO<\/strong>, sauf mention contraire. <br \/>Toute reproduction, modification, distribution ou exploitation sans autorisation pr\u00e9alable est interdite. <br \/>Les marques, logos et autres \u00e9l\u00e9ments distinctifs pr\u00e9sents sur le site sont \u00e9galement prot\u00e9g\u00e9s par les droits de propri\u00e9t\u00e9 intellectuelle. <br \/>Toute utilisation, reproduction ou imitation, totale ou partielle, sans autorisation expresse et pr\u00e9alable de <strong>STRATO<\/strong> est strictement interdite.<\/p><p><strong>Protection des donn\u00e9es personnelles :<\/strong> Conform\u00e9ment au <strong>R\u00e8glement G\u00e9n\u00e9ral sur la Protection des Donn\u00e9es (RGPD)<\/strong> et \u00e0 la <strong>loi Informatique et Libert\u00e9s<\/strong>, les informations personnelles collect\u00e9es sur le site sont trait\u00e9es dans le respect des r\u00e8gles de confidentialit\u00e9. <br \/>L\u2019utilisateur dispose d\u2019un droit d\u2019acc\u00e8s, de rectification et de suppression des donn\u00e9es personnelles le concernant en contactant <a><strong>contact@electromenagerexpress.com<\/strong><\/a>. Ces donn\u00e9es sont collect\u00e9es dans le but de fournir un service optimal aux clients et utilisateurs du site.<br \/>Les donn\u00e9es collect\u00e9es ne seront ni vendues, ni lou\u00e9es \u00e0 des tiers sans l\u2019accord explicite des utilisateurs concern\u00e9s.<\/p><p><strong>Cookies :<\/strong> Le site <strong>\u00a0ELECTRO EXPRESS<\/strong>\u00a0utilise des cookies pour am\u00e9liorer l\u2019exp\u00e9rience utilisateur et proposer des services adapt\u00e9s. <br \/>L\u2019utilisateur peut \u00e0 tout moment configurer ses pr\u00e9f\u00e9rences en mati\u00e8re de cookies depuis les param\u00e8tres de son navigateur.<br \/>Ces cookies permettent de stocker des informations sur les pr\u00e9f\u00e9rences des visiteurs, d\u2019analyser l\u2019audience du site et d\u2019optimiser son fonctionnement. Certains cookies peuvent \u00eatre n\u00e9cessaires pour le bon fonctionnement du site et ne peuvent \u00eatre d\u00e9sactiv\u00e9s.<\/p><p><strong>Responsabilit\u00e9 :<\/strong> <strong>STRATO<\/strong> s\u2019efforce d\u2019assurer l\u2019exactitude des informations publi\u00e9es sur le site. <br \/>Toutefois, la responsabilit\u00e9 de <strong>STRATO<\/strong> ne saurait \u00eatre engag\u00e9e en cas d\u2019erreurs, d\u2019omissions ou d\u2019indisponibilit\u00e9 du site. L\u2019utilisateur est invit\u00e9 \u00e0 v\u00e9rifier les informations et \u00e0 signaler toute erreur \u00e9ventuelle via <a><strong>contact@electromenagerexpress.com<\/strong><\/a>. <br \/>En aucun cas <strong>STRATO<\/strong> ne pourra \u00eatre tenue responsable des dommages directs ou indirects r\u00e9sultant de l\u2019utilisation du site, y compris en cas d\u2019interruptions de service, de pertes de donn\u00e9es ou de tout autre probl\u00e8me technique ind\u00e9pendant de sa volont\u00e9.<\/p><p><strong>Conditions g\u00e9n\u00e9rales d\u2019utilisation :<\/strong> L\u2019acc\u00e8s et l\u2019utilisation du site <strong>\u00a0ELECTRO EXPRESS <\/strong>\u00a0impliquent l\u2019acceptation sans r\u00e9serve des pr\u00e9sentes mentions l\u00e9gales et des conditions g\u00e9n\u00e9rales d\u2019utilisation. Ces conditions peuvent \u00eatre modifi\u00e9es \u00e0 tout moment par <strong>STRATO<\/strong>, sans pr\u00e9avis. <br \/>Il appartient \u00e0 l\u2019utilisateur de consulter r\u00e9guli\u00e8rement cette page pour se tenir inform\u00e9 des \u00e9ventuelles mises \u00e0 jour.<\/p><p><strong>Droit applicable et juridiction comp\u00e9tente :<\/strong> Les pr\u00e9sentes mentions l\u00e9gales sont r\u00e9gies par le droit fran\u00e7ais. <br \/>En cas de litige, les tribunaux comp\u00e9tents seront ceux du ressort du <strong>Tribunal de Commerce de \u00a0Nantes<\/strong>. <br \/>Tout diff\u00e9rend portant sur l\u2019interpr\u00e9tation ou l\u2019ex\u00e9cution des pr\u00e9sentes mentions l\u00e9gales devra faire l\u2019objet d\u2019une tentative de r\u00e8glement amiable avant toute action en justice.<\/p>\t\t\t\t\t\t\t\t<\/div>\n\t\t\t\t<\/div>\n\t\t\t\t\t<\/div>\n\t\t\t\t<\/div>\n\t\t\t\t<\/div>","protected":false},"excerpt":{"rendered":"<p>ELECTRO EXPRESS est une marque de l&rsquo;entreprise fran\u00e7aise STRATO. Ce site est par cons\u00e9quent administr\u00e9 et g\u00e9r\u00e9 par l&rsquo;entreprise STRATO. SIREN : 904134186SIRET : 904 134 186 00025Num\u00e9ro de TVA intracommunautaire : FR0990413418Email : contact@electromenagerexpress.comT\u00e9l\u00e9phone : 07 56 85 87 53 Propri\u00e9t\u00e9 intellectuelle : L\u2019ensemble du contenu publi\u00e9 sur le site \u00a0ELECTRO EXPRESS\u00a0(textes, images, vid\u00e9os, [&hellip;]<\/p>","protected":false},"author":3,"featured_media":0,"parent":0,"menu_order":0,"comment_status":"closed","ping_status":"closed","template":"","meta":{"_glsr_average":0,"_glsr_ranking":0,"_glsr_reviews":0,"footnotes":""},"class_list":["post-129575","page","type-page","status-publish","hentry"],"_links":{"self":[{"href":"https:\/\/electromenagerexpress.com\/en\/wp-json\/wp\/v2\/pages\/129575","targetHints":{"allow":["GET"]}}],"collection":[{"href":"https:\/\/electromenagerexpress.com\/en\/wp-json\/wp\/v2\/pages"}],"about":[{"href":"https:\/\/electromenagerexpress.com\/en\/wp-json\/wp\/v2\/types\/page"}],"author":[{"embeddable":true,"href":"https:\/\/electromenagerexpress.com\/en\/wp-json\/wp\/v2\/users\/3"}],"replies":[{"embeddable":true,"href":"https:\/\/electromenagerexpress.com\/en\/wp-json\/wp\/v2\/comments?post=129575"}],"version-history":[{"count":49,"href":"https:\/\/electromenagerexpress.com\/en\/wp-json\/wp\/v2\/pages\/129575\/revisions"}],"predecessor-version":[{"id":131686,"href":"https:\/\/electromenagerexpress.com\/en\/wp-json\/wp\/v2\/pages\/129575\/revisions\/131686"}],"wp:attachment":[{"href":"https:\/\/electromenagerexpress.com\/en\/wp-json\/wp\/v2\/media?parent=129575"}],"curies":[{"name":"wp","href":"https:\/\/api.w.org\/{rel}","templated":true}]}}